{"id":75,"date":"2024-11-25T09:58:16","date_gmt":"2024-11-25T12:58:16","guid":{"rendered":"https:\/\/agrarias.ufpr.br\/dmv\/?page_id=75"},"modified":"2026-03-18T14:16:06","modified_gmt":"2026-03-18T17:16:06","slug":"concursos-testes-seletivos","status":"publish","type":"page","link":"https:\/\/agrarias.ufpr.br\/dmv\/concursos-testes-seletivos\/","title":{"rendered":"Concursos\/Testes Seletivos"},"content":{"rendered":"\n<p><strong>Teste Seletivo para Professor Substituto do Departamento de Medicina<\/strong> <strong>Veterin\u00e1ria<\/strong><br>\u00c1rea de Conhecimento:&nbsp;Ecologia e Medicina da Conserva\u00e7\u00e3o<br><strong>Per\u00edodo das inscri\u00e7\u00f5es:&nbsp;31\/03\/2025 a 04\/04\/2025<\/strong><\/p>\n\n\n\n<p>28\/03\/2025 \u2013&nbsp;<a href=\"https:\/\/agrarias.ufpr.br\/dmv\/wp-content\/uploads\/sites\/53\/2025\/04\/edital-101-25.pdf\">Edital n\u00ba 101\/25 \u2013 PROGEPE<\/a><\/p>\n\n\n\n<p>11\/04\/2025 \u2013&nbsp;<a href=\"https:\/\/agrarias.ufpr.br\/dmv\/wp-content\/uploads\/sites\/53\/2025\/04\/sei_7686227_edital_01-1.pdf\">Edital n\u00ba 1\/2025 &#8211; Homologa\u00e7\u00e3o de Inscri\u00e7\u00f5es<\/a><\/p>\n\n\n\n<p>11\/04\/2025 \u2013&nbsp;<a href=\"https:\/\/agrarias.ufpr.br\/dmv\/wp-content\/uploads\/sites\/53\/2025\/04\/sei_7686441_edital_02-1.pdf\">Edital n\u00ba 2\/2025 &#8211; Cronograma e Crit\u00e9rios para a Avalia\u00e7\u00e3o das Provas<\/a><\/p>\n\n\n\n<p>11\/04\/2025 \u2013&nbsp;<a href=\"https:\/\/agrarias.ufpr.br\/dmv\/wp-content\/uploads\/sites\/53\/2025\/04\/sei_7728135_edital_03-1.pdf\">Edital n\u00ba 3\/2025<\/a><\/p>\n\n\n\n<p>12\/04\/2025 \u2013&nbsp;<a href=\"https:\/\/agrarias.ufpr.br\/dmv\/wp-content\/uploads\/sites\/53\/2025\/04\/sei_7730172_edital_04.pdf\">Edital n\u00ba 4\/2025<\/a><\/p>\n\n\n\n<p><\/p>\n\n\n\n<p><\/p>\n\n\n\n<p><\/p>\n\n\n\n<p><strong>Concurso&nbsp;para Professor Adjunto A N\u00edvel 1 do Departamento de Medicina<\/strong> <strong>Veterin\u00e1ria<\/strong><br>\u00c1rea de Conhecimento:&nbsp;Doen\u00e7as das Aves&nbsp;Dom\u00e9sticas<br><strong>Per\u00edodo das inscri\u00e7\u00f5es:&nbsp;04\/11\/2024 a 03\/12\/2024<\/strong><\/p>\n\n\n\n<p class=\"has-text-align-left\">13\/11\/2024 \u2013&nbsp;<a href=\"https:\/\/agrarias.ufpr.br\/wp-content\/uploads\/2024\/11\/EDITAL_360.24_DOENCAS_DAS_AVES_DMV.pdf\">Edital n\u00ba 360\/24 \u2013 PROGEPE<\/a><\/p>\n\n\n\n<p class=\"has-text-align-left\">13\/11\/2024 \u2013&nbsp;<a href=\"https:\/\/agrarias.ufpr.br\/wp-content\/uploads\/2024\/11\/PROGRAMA_CONCURSO_DMV_DOENCAS_DAS_AVES.pdf\">Programa Concurso P\u00fablico \u2013 DMV<\/a><\/p>\n\n\n\n<p class=\"has-text-align-left\">22\/11\/2024 \u2013&nbsp;<a href=\"https:\/\/agrarias.ufpr.br\/wp-content\/uploads\/2024\/11\/Edital_22.2024___Isencao_Taxa_Concurso_DMV.pdf\">Edital 22\/2024 \u2013 AG \u2013 Isen\u00e7\u00e3o Taxa de Inscri\u00e7\u00e3o<\/a><\/p>\n\n\n\n<p class=\"has-text-align-left\">12\/12\/2024 \u2013&nbsp;<a href=\"https:\/\/agrarias.ufpr.br\/wp-content\/uploads\/2024\/12\/SEI_7356724_Edital_1.pdf\">Edital Aprecia\u00e7\u00e3o e Homologa\u00e7\u00e3o de Inscri\u00e7\u00f5es<\/a><\/p>\n\n\n\n<p class=\"has-text-align-left\">18\/12\/2024 \u2013&nbsp;<a href=\"https:\/\/agrarias.ufpr.br\/wp-content\/uploads\/2024\/12\/SEI_7356724_Edital_1.pdf\">Edital n\u00ba 25\/2024-AG \u2013 Resposta ao pedido de recurso quanto \u00e0 homologa\u00e7\u00e3o das inscri\u00e7\u00f5es<\/a><\/p>\n\n\n\n<p class=\"has-text-align-left\">07\/03\/2025 \u2013&nbsp;<a href=\"https:\/\/agrarias.ufpr.br\/wp-content\/uploads\/2025\/03\/SEI_7546901_Portaria_9_2025___AG.pdf\">Portaria n\u00ba 9\/2025-AG \u2013 Banca Examinadora<\/a><\/p>\n\n\n\n<p>07\/03\/2025 \u2013 <a href=\"https:\/\/agrarias.ufpr.br\/dmv\/wp-content\/uploads\/sites\/53\/2025\/03\/cronograma-concurso-doencas-das-aves.pdf\">Previs\u00e3o de Cronograma e Crit\u00e9rios para a Avalia\u00e7\u00e3o das Provas<\/a><\/p>\n\n\n\n<p>17\/03\/2025 &#8211; <a href=\"https:\/\/agrarias.ufpr.br\/dmv\/wp-content\/uploads\/sites\/53\/2025\/03\/retificacao-de-horario-do-cronograma.pdf\">Edital &#8211; Retifica\u00e7\u00e3o de Hor\u00e1rio do Cronograma<\/a><\/p>\n\n\n\n<p>17\/03\/2025 &#8211; 17:45 &#8211; <a href=\"https:\/\/agrarias.ufpr.br\/dmv\/wp-content\/uploads\/sites\/53\/2025\/03\/whatsapp-image-2025-03-17-at-17-41-42.jpeg\">Edital Resultado Prova Escrita<\/a><\/p>\n\n\n\n<p>17\/03\/2025 &#8211; 17:45 &#8211; <a href=\"https:\/\/agrarias.ufpr.br\/dmv\/wp-content\/uploads\/sites\/53\/2025\/03\/whatsapp-image-2025-03-17-at-17-41-43.jpeg\">Edital Hor\u00e1rio para Sorteio de Pontos Prova Did\u00e1tica<\/a><\/p>\n\n\n\n<p>19\/03\/2025 &#8211; 16:35 &#8211; <a href=\"https:\/\/agrarias.ufpr.br\/dmv\/wp-content\/uploads\/sites\/53\/2025\/03\/edital-resultado-da-prova-didatica.pdf\">Edital Resultado da Prova Did\u00e1tica<\/a><\/p>\n\n\n\n<p>19\/03\/2025 &#8211; 16:35 &#8211; <a href=\"https:\/\/agrarias.ufpr.br\/dmv\/wp-content\/uploads\/sites\/53\/2025\/03\/edital-horarios-para-defesa-de-curriculo.pdf\">Edital Hor\u00e1rio para Defesa de Curr\u00edculo<\/a><\/p>\n\n\n\n<p>20\/03\/2025 &#8211; 15:33 &#8211; <a href=\"https:\/\/agrarias.ufpr.br\/dmv\/wp-content\/uploads\/sites\/53\/2025\/03\/alteracao-de-horario-da-sessao-publica-de-divulgacao-de-notas-e-parecer-conclusivo.pdf\">Altera\u00e7\u00e3o de Hor\u00e1rio da Sess\u00e3o P\u00fablica de Divulga\u00e7\u00e3o de Notas e Parecer Conclusivo<\/a><\/p>\n\n\n\n<p>21\/03\/2025 &#8211; 14:30 &#8211; <a href=\"https:\/\/agrarias.ufpr.br\/dmv\/wp-content\/uploads\/sites\/53\/2025\/03\/resultado-final.pdf\">Edital Resultado Final<\/a><\/p>\n\n\n\n<hr class=\"wp-block-separator has-alpha-channel-opacity is-style-wide\"\/>\n\n\n\n<p><strong>Teste Seletivo para Professor Substituto \u2013 Departamento Medicina Veterin\u00e1ria<\/strong><\/p>\n\n\n\n<p>\u00c1rea de Conhecimento: Medicina Veterin\u00e1ria<\/p>\n\n\n\n<p>Mat\u00e9ria Espec\u00edfica: Doen\u00e7a das Aves Dom\u00e9sticas<\/p>\n\n\n\n<p><strong>Per\u00edodo das Inscri\u00e7\u00f5es: 21\/10\/2024 at\u00e9 28\/10\/2024<\/strong><\/p>\n\n\n\n<p>Regime de Trabalho \u2013&nbsp; 40 (quarenta) \u2013 horas semanais<\/p>\n\n\n\n<p>18\/10\/2024 \u2013&nbsp;<a href=\"https:\/\/agrarias.ufpr.br\/wp-content\/uploads\/2024\/10\/EDITAL_DOENCAS_DAS_AVES_18.10.24.pdf\">Edital N\u00ba 348\/2024-PROGEPE<\/a><\/p>\n\n\n\n<p>21\/10\/2024 \u2013&nbsp;<a href=\"https:\/\/agrarias.ufpr.br\/wp-content\/uploads\/2024\/10\/PROGRAMA_TESTE_SELETIVO_DMV_DOENCAS_DAS_AVES.pdf\">Programa do Teste Seletivo<\/a><\/p>\n\n\n\n<p>30\/10\/2024 \u2013&nbsp;<a href=\"https:\/\/agrarias.ufpr.br\/wp-content\/uploads\/2024\/10\/EDITAL-No1.2024_DOENCAS_DAS_AVES.pdf\">Edital N\u00ba1\/2024 \u2013 DMV \u2013 Homologa\u00e7\u00e3o das Inscri\u00e7\u00f5es<\/a><\/p>\n\n\n\n<p>31\/10\/2024 \u2013&nbsp;<a href=\"https:\/\/agrarias.ufpr.br\/wp-content\/uploads\/2024\/10\/EDITAL_3.2024_DMV_doencas_aves_domesticas.pdf\">Edital n\u00ba3\/2024 \u2013 DMV \u2013 Cronograma de lista de pontos<\/a><\/p>\n\n\n\n<p>04\/11\/2024 \u2013&nbsp;<a href=\"https:\/\/agrarias.ufpr.br\/wp-content\/uploads\/2024\/11\/ATA-ABERTURA-TESTE-SELETIVO_DOENCAS-DAS-AVES.pdf\">ATA de Abertura do Teste Seletivo \u2013 SEI&nbsp;7231379<\/a><\/p>\n\n\n\n<p>04\/11\/2024 \u2013&nbsp;<a href=\"https:\/\/agrarias.ufpr.br\/wp-content\/uploads\/2024\/11\/ATA-AVALIACAO-CURRICULO_DOENCAS-DAS-AVES.pdf\">ATA de Avalia\u00e7\u00e3o Curr\u00edculo \u2013 SEI&nbsp;7231916<\/a><\/p>\n\n\n\n<p>07\/11\/2024 \u2013&nbsp;<a href=\"https:\/\/agrarias.ufpr.br\/wp-content\/uploads\/2024\/11\/ata-sorteio-ponto-prova-didatica_doencas-das-aves_DMV.pdf\">Ata de Reuni\u00e3o sorteio do ponto da prova did\u00e1tica (7238729)<\/a><\/p>\n\n\n\n<p>07\/11\/2024 \u2013&nbsp;<a href=\"https:\/\/agrarias.ufpr.br\/wp-content\/uploads\/2024\/11\/Ata-de-Reuniao-encerramento-do-teste-seletivo_doencas-das-aves_DMV.pdf\">Ata de Reuni\u00e3o encerramento do teste seletivo (7238782)<\/a><\/p>\n\n\n\n<p>07\/11\/2024 \u2013&nbsp;<a href=\"https:\/\/agrarias.ufpr.br\/wp-content\/uploads\/2024\/11\/lista-abertura-teste-seletivo_doencas-das-aves_DMV.pdf\">Lista presen\u00e7a abertura do teste seletivo (7239359)<\/a><\/p>\n\n\n\n<p>07\/11\/2024 \u2013&nbsp;<a href=\"https:\/\/agrarias.ufpr.br\/wp-content\/uploads\/2024\/11\/lista-sorteio-ponto-prova-didatica_doencasdas-aves_DMV.pdf\">Lista presen\u00e7a sorteio ponto prova did\u00e1tica (7239364)<\/a><\/p>\n","protected":false},"excerpt":{"rendered":"<p>Teste Seletivo para Professor Substituto do Departamento de Medicina Veterin\u00e1ria\u00c1rea de Conhecimento:&nbsp;Ecologia e Medicina da Conserva\u00e7\u00e3oPer\u00edodo das inscri\u00e7\u00f5es:&nbsp;31\/03\/2025 a 04\/04\/2025 28\/03\/2025 \u2013&nbsp;Edital n\u00ba 101\/25 \u2013 PROGEPE 11\/04\/2025 \u2013&nbsp;Edital n\u00ba 1\/2025 &#8211; Homologa\u00e7\u00e3o de Inscri\u00e7\u00f5es 11\/04\/2025 \u2013&nbsp;Edital n\u00ba 2\/2025 &#8211; Cronograma e Crit\u00e9rios para a Avalia\u00e7\u00e3o das Provas 11\/04\/2025 \u2013&nbsp;Edital n\u00ba 3\/2025 12\/04\/2025 \u2013&nbsp;Edital n\u00ba 4\/2025 [&hellip;]<\/p>\n","protected":false},"author":3,"featured_media":0,"parent":0,"menu_order":0,"comment_status":"closed","ping_status":"closed","template":"","meta":{"footnotes":""},"class_list":["post-75","page","type-page","status-publish","hentry"],"_links":{"self":[{"href":"https:\/\/agrarias.ufpr.br\/dmv\/wp-json\/wp\/v2\/pages\/75","targetHints":{"allow":["GET"]}}],"collection":[{"href":"https:\/\/agrarias.ufpr.br\/dmv\/wp-json\/wp\/v2\/pages"}],"about":[{"href":"https:\/\/agrarias.ufpr.br\/dmv\/wp-json\/wp\/v2\/types\/page"}],"author":[{"embeddable":true,"href":"https:\/\/agrarias.ufpr.br\/dmv\/wp-json\/wp\/v2\/users\/3"}],"replies":[{"embeddable":true,"href":"https:\/\/agrarias.ufpr.br\/dmv\/wp-json\/wp\/v2\/comments?post=75"}],"version-history":[{"count":28,"href":"https:\/\/agrarias.ufpr.br\/dmv\/wp-json\/wp\/v2\/pages\/75\/revisions"}],"predecessor-version":[{"id":593,"href":"https:\/\/agrarias.ufpr.br\/dmv\/wp-json\/wp\/v2\/pages\/75\/revisions\/593"}],"wp:attachment":[{"href":"https:\/\/agrarias.ufpr.br\/dmv\/wp-json\/wp\/v2\/media?parent=75"}],"curies":[{"name":"wp","href":"https:\/\/api.w.org\/{rel}","templated":true}]}}