{"id":12,"date":"2024-10-15T14:49:00","date_gmt":"2024-10-15T17:49:00","guid":{"rendered":"https:\/\/agrarias.ufpr.br\/dmv\/?page_id=12"},"modified":"2025-02-06T15:24:07","modified_gmt":"2025-02-06T18:24:07","slug":"apresentacao","status":"publish","type":"page","link":"https:\/\/agrarias.ufpr.br\/dmv\/apresentacao\/","title":{"rendered":"APRESENTA\u00c7\u00c3O"},"content":{"rendered":"\n<p>O Departamento de Medicina Veterin\u00e1ria est\u00e1 inserido no Setor de Ci\u00eancias Agr\u00e1rias da Universidade Federal do Paran\u00e1 (UFPR). Os servidores docentes e t\u00e9cnicos-administrativos do Departamento atuam no Curso de Medicina Veterin\u00e1ria, no Programa de P\u00f3s-gradua\u00e7\u00e3o em Ci\u00eancias Veterin\u00e1rias, no Hospital Veterin\u00e1rio e em diversos laborat\u00f3rios e projetos de extens\u00e3o.<\/p>\n\n\n\n<p>O Departamento visa \u00e0 forma\u00e7\u00e3o de profissionais capacitados para atuar em diversas \u00e1reas da medicina veterin\u00e1ria, sendo respons\u00e1vel pelos eixos de Sa\u00fade P\u00fablica e Alimentos, Ci\u00eancias Cl\u00ednicas e Diagn\u00f3sticas, Doen\u00e7as Transmiss\u00edveis, Sanidade de Rebanhos e Legisla\u00e7\u00e3o Veterin\u00e1ria no Curso de Medicina Veterin\u00e1ria.<\/p>\n\n\n\n<p>No Departamento atuam docentes de diversas especialidades como anestesiologia, biologia molecular, cardiologia, cl\u00ednica m\u00e9dica e cir\u00fargica de grandes animais, cl\u00ednica m\u00e9dica e cir\u00fargica de pequenos animais, diagn\u00f3stico por imagem, doen\u00e7as infecciosas, doen\u00e7as parasit\u00e1rias, fisiatria, inspe\u00e7\u00e3o e tecnologia de produtos de origem animal, medicina zool\u00f3gica, microbiologia, obstetr\u00edcia, odontologia, oftalmologia, patologia, patologia cl\u00ednica e reprodu\u00e7\u00e3o. A atua\u00e7\u00e3o desses docentes fornece uma base s\u00f3lida nas ci\u00eancias aplicadas, preparando os estudantes para os desafios da profiss\u00e3o.<\/p>\n","protected":false},"excerpt":{"rendered":"<p>O Departamento de Medicina Veterin\u00e1ria est\u00e1 inserido no Setor de Ci\u00eancias Agr\u00e1rias da Universidade Federal do Paran\u00e1 (UFPR). Os servidores docentes e t\u00e9cnicos-administrativos do Departamento atuam no Curso de Medicina Veterin\u00e1ria, no Programa de P\u00f3s-gradua\u00e7\u00e3o em Ci\u00eancias Veterin\u00e1rias, no Hospital Veterin\u00e1rio e em diversos laborat\u00f3rios e projetos de extens\u00e3o. O Departamento visa \u00e0 forma\u00e7\u00e3o de [&hellip;]<\/p>\n","protected":false},"author":3,"featured_media":0,"parent":0,"menu_order":0,"comment_status":"closed","ping_status":"closed","template":"","meta":{"footnotes":""},"class_list":["post-12","page","type-page","status-publish","hentry"],"_links":{"self":[{"href":"https:\/\/agrarias.ufpr.br\/dmv\/wp-json\/wp\/v2\/pages\/12","targetHints":{"allow":["GET"]}}],"collection":[{"href":"https:\/\/agrarias.ufpr.br\/dmv\/wp-json\/wp\/v2\/pages"}],"about":[{"href":"https:\/\/agrarias.ufpr.br\/dmv\/wp-json\/wp\/v2\/types\/page"}],"author":[{"embeddable":true,"href":"https:\/\/agrarias.ufpr.br\/dmv\/wp-json\/wp\/v2\/users\/3"}],"replies":[{"embeddable":true,"href":"https:\/\/agrarias.ufpr.br\/dmv\/wp-json\/wp\/v2\/comments?post=12"}],"version-history":[{"count":2,"href":"https:\/\/agrarias.ufpr.br\/dmv\/wp-json\/wp\/v2\/pages\/12\/revisions"}],"predecessor-version":[{"id":87,"href":"https:\/\/agrarias.ufpr.br\/dmv\/wp-json\/wp\/v2\/pages\/12\/revisions\/87"}],"wp:attachment":[{"href":"https:\/\/agrarias.ufpr.br\/dmv\/wp-json\/wp\/v2\/media?parent=12"}],"curies":[{"name":"wp","href":"https:\/\/api.w.org\/{rel}","templated":true}]}}