{"id":5529,"date":"2021-07-13T19:58:59","date_gmt":"2021-07-13T19:58:59","guid":{"rendered":"https:\/\/agrarias.ufpr.br\/detf\/?page_id=5529"},"modified":"2021-07-13T20:00:21","modified_gmt":"2021-07-13T20:00:21","slug":"atividades-administrativas-exercidas-por-membros-do-detf","status":"publish","type":"page","link":"https:\/\/agrarias.ufpr.br\/detf\/atividades-administrativas-exercidas-por-membros-do-detf\/","title":{"rendered":"Atividades Administrativas Exercidas Por Membros Do Detf"},"content":{"rendered":"<p>ATIVIDADES ADMINSTRATIVAS EXERC\u00cdDAS POR MEMBROS DO DETF<\/p>\n<p>&nbsp;<\/p>\n<p>Atividades administrativas realizadas pelos professores do departamento mostradas na tabela 4.<\/p>\n<p>&nbsp;<\/p>\n<p>Tabela 4 -Atividades administrativas realizadas pelos profs do DETF. Cargos eletivos, nomeados por portaria de org\u00e3os superiores, representa\u00e7\u00f5es no setor e cargos designados pela plen\u00e1ria departamental<\/p>\n<p><img loading=\"lazy\" decoding=\"async\" class=\"alignnone size-full wp-image-5530\" src=\"https:\/\/agrarias.ufpr.br\/detf\/wp-content\/uploads\/sites\/34\/2021\/07\/tabela5.jpg\" alt=\"\" width=\"818\" height=\"956\" srcset=\"https:\/\/agrarias.ufpr.br\/detf\/wp-content\/uploads\/sites\/34\/2021\/07\/tabela5.jpg 818w, https:\/\/agrarias.ufpr.br\/detf\/wp-content\/uploads\/sites\/34\/2021\/07\/tabela5-257x300.jpg 257w, https:\/\/agrarias.ufpr.br\/detf\/wp-content\/uploads\/sites\/34\/2021\/07\/tabela5-768x898.jpg 768w, https:\/\/agrarias.ufpr.br\/detf\/wp-content\/uploads\/sites\/34\/2021\/07\/tabela5-250x292.jpg 250w, https:\/\/agrarias.ufpr.br\/detf\/wp-content\/uploads\/sites\/34\/2021\/07\/tabela5-103x120.jpg 103w\" sizes=\"auto, (max-width: 818px) 100vw, 818px\" \/><\/p>\n<p><img loading=\"lazy\" decoding=\"async\" class=\"alignnone size-full wp-image-5531\" src=\"https:\/\/agrarias.ufpr.br\/detf\/wp-content\/uploads\/sites\/34\/2021\/07\/tabela6.jpg\" alt=\"\" width=\"687\" height=\"360\" srcset=\"https:\/\/agrarias.ufpr.br\/detf\/wp-content\/uploads\/sites\/34\/2021\/07\/tabela6.jpg 687w, https:\/\/agrarias.ufpr.br\/detf\/wp-content\/uploads\/sites\/34\/2021\/07\/tabela6-300x157.jpg 300w, https:\/\/agrarias.ufpr.br\/detf\/wp-content\/uploads\/sites\/34\/2021\/07\/tabela6-250x131.jpg 250w, https:\/\/agrarias.ufpr.br\/detf\/wp-content\/uploads\/sites\/34\/2021\/07\/tabela6-160x84.jpg 160w\" sizes=\"auto, (max-width: 687px) 100vw, 687px\" \/><\/p>\n","protected":false},"excerpt":{"rendered":"<p>ATIVIDADES ADMINSTRATIVAS EXERC\u00cdDAS POR MEMBROS DO DETF &nbsp; Atividades administrativas realizadas pelos professores do departamento mostradas na tabela 4. &nbsp; Tabela 4 -Atividades administrativas realizadas pelos profs do DETF. Cargos eletivos, nomeados por portaria de org\u00e3os superiores, representa\u00e7\u00f5es no setor e cargos designados pela plen\u00e1ria departamental<\/p>\n","protected":false},"author":3,"featured_media":0,"parent":0,"menu_order":0,"comment_status":"closed","ping_status":"closed","template":"","meta":{"footnotes":""},"class_list":["post-5529","page","type-page","status-publish","hentry"],"_links":{"self":[{"href":"https:\/\/agrarias.ufpr.br\/detf\/wp-json\/wp\/v2\/pages\/5529","targetHints":{"allow":["GET"]}}],"collection":[{"href":"https:\/\/agrarias.ufpr.br\/detf\/wp-json\/wp\/v2\/pages"}],"about":[{"href":"https:\/\/agrarias.ufpr.br\/detf\/wp-json\/wp\/v2\/types\/page"}],"author":[{"embeddable":true,"href":"https:\/\/agrarias.ufpr.br\/detf\/wp-json\/wp\/v2\/users\/3"}],"replies":[{"embeddable":true,"href":"https:\/\/agrarias.ufpr.br\/detf\/wp-json\/wp\/v2\/comments?post=5529"}],"version-history":[{"count":2,"href":"https:\/\/agrarias.ufpr.br\/detf\/wp-json\/wp\/v2\/pages\/5529\/revisions"}],"predecessor-version":[{"id":5533,"href":"https:\/\/agrarias.ufpr.br\/detf\/wp-json\/wp\/v2\/pages\/5529\/revisions\/5533"}],"wp:attachment":[{"href":"https:\/\/agrarias.ufpr.br\/detf\/wp-json\/wp\/v2\/media?parent=5529"}],"curies":[{"name":"wp","href":"https:\/\/api.w.org\/{rel}","templated":true}]}}