{"id":5522,"date":"2021-07-13T19:47:22","date_gmt":"2021-07-13T19:47:22","guid":{"rendered":"https:\/\/agrarias.ufpr.br\/detf\/?page_id=5522"},"modified":"2021-07-13T19:49:35","modified_gmt":"2021-07-13T19:49:35","slug":"atividades-de-extensao","status":"publish","type":"page","link":"https:\/\/agrarias.ufpr.br\/detf\/atividades-de-extensao\/","title":{"rendered":"Atividades De Extens\u00e3o"},"content":{"rendered":"<p>ATIVIDADES DE EXTENS\u00c3O<\/p>\n<p><strong>&nbsp;<\/strong><\/p>\n<p>O departamento apresenta 4 projetos de extens\u00e3o, com apenas 4 docentes coordenando atividades extensionistas. Na tabela 3 tem o resumo dos docentes com com carga hor\u00e1ria em projetos de extens\u00e3o.<\/p>\n<p>&nbsp;<\/p>\n<p>Tabela 3- Carga hor\u00e1ria estimada em projetos de extens\u00e3o<\/p>\n<p><img loading=\"lazy\" decoding=\"async\" class=\"alignnone size-full wp-image-5526\" src=\"https:\/\/agrarias.ufpr.br\/detf\/wp-content\/uploads\/sites\/34\/2021\/07\/Imagem9m.png\" alt=\"\" width=\"485\" height=\"130\" srcset=\"https:\/\/agrarias.ufpr.br\/detf\/wp-content\/uploads\/sites\/34\/2021\/07\/Imagem9m.png 485w, https:\/\/agrarias.ufpr.br\/detf\/wp-content\/uploads\/sites\/34\/2021\/07\/Imagem9m-300x80.png 300w, https:\/\/agrarias.ufpr.br\/detf\/wp-content\/uploads\/sites\/34\/2021\/07\/Imagem9m-250x67.png 250w, https:\/\/agrarias.ufpr.br\/detf\/wp-content\/uploads\/sites\/34\/2021\/07\/Imagem9m-160x43.png 160w\" sizes=\"auto, (max-width: 485px) 100vw, 485px\" \/><\/p>\n<p>Na figura 1 temos um diagrama de Venn que mostra a distribui\u00e7\u00e3o da atua\u00e7\u00e3o dos professores do departamento.<\/p>\n<p><img loading=\"lazy\" decoding=\"async\" class=\"alignnone size-full wp-image-5524\" src=\"https:\/\/agrarias.ufpr.br\/detf\/wp-content\/uploads\/sites\/34\/2021\/07\/Imagem2.png\" alt=\"\" width=\"279\" height=\"241\" srcset=\"https:\/\/agrarias.ufpr.br\/detf\/wp-content\/uploads\/sites\/34\/2021\/07\/Imagem2.png 279w, https:\/\/agrarias.ufpr.br\/detf\/wp-content\/uploads\/sites\/34\/2021\/07\/Imagem2-250x216.png 250w, https:\/\/agrarias.ufpr.br\/detf\/wp-content\/uploads\/sites\/34\/2021\/07\/Imagem2-139x120.png 139w\" sizes=\"auto, (max-width: 279px) 100vw, 279px\" \/><\/p>\n<p>Figura 1- Distribui\u00e7\u00e3o da atua\u00e7\u00e3o dos docentes no trin\u00f4mio Ensino-Pesquisa-Extens\u00e3o<\/p>\n<p>&nbsp;<\/p>\n<p>&nbsp;<\/p>\n<p>&nbsp;<\/p>\n","protected":false},"excerpt":{"rendered":"<p>ATIVIDADES DE EXTENS\u00c3O &nbsp; O departamento apresenta 4 projetos de extens\u00e3o, com apenas 4 docentes coordenando atividades extensionistas. Na tabela 3 tem o resumo dos docentes com com carga hor\u00e1ria em projetos de extens\u00e3o. &nbsp; Tabela 3- Carga hor\u00e1ria estimada em projetos de extens\u00e3o Na figura 1 temos um diagrama de Venn que mostra a [&hellip;]<\/p>\n","protected":false},"author":3,"featured_media":0,"parent":0,"menu_order":0,"comment_status":"closed","ping_status":"closed","template":"","meta":{"footnotes":""},"class_list":["post-5522","page","type-page","status-publish","hentry"],"_links":{"self":[{"href":"https:\/\/agrarias.ufpr.br\/detf\/wp-json\/wp\/v2\/pages\/5522","targetHints":{"allow":["GET"]}}],"collection":[{"href":"https:\/\/agrarias.ufpr.br\/detf\/wp-json\/wp\/v2\/pages"}],"about":[{"href":"https:\/\/agrarias.ufpr.br\/detf\/wp-json\/wp\/v2\/types\/page"}],"author":[{"embeddable":true,"href":"https:\/\/agrarias.ufpr.br\/detf\/wp-json\/wp\/v2\/users\/3"}],"replies":[{"embeddable":true,"href":"https:\/\/agrarias.ufpr.br\/detf\/wp-json\/wp\/v2\/comments?post=5522"}],"version-history":[{"count":3,"href":"https:\/\/agrarias.ufpr.br\/detf\/wp-json\/wp\/v2\/pages\/5522\/revisions"}],"predecessor-version":[{"id":5527,"href":"https:\/\/agrarias.ufpr.br\/detf\/wp-json\/wp\/v2\/pages\/5522\/revisions\/5527"}],"wp:attachment":[{"href":"https:\/\/agrarias.ufpr.br\/detf\/wp-json\/wp\/v2\/media?parent=5522"}],"curies":[{"name":"wp","href":"https:\/\/api.w.org\/{rel}","templated":true}]}}