{"id":5516,"date":"2021-07-13T19:45:22","date_gmt":"2021-07-13T19:45:22","guid":{"rendered":"https:\/\/agrarias.ufpr.br\/detf\/?page_id=5516"},"modified":"2021-07-13T19:47:00","modified_gmt":"2021-07-13T19:47:00","slug":"atividades-de-pesquisa","status":"publish","type":"page","link":"https:\/\/agrarias.ufpr.br\/detf\/atividades-de-pesquisa\/","title":{"rendered":"Atividades De Pesquisa"},"content":{"rendered":"<p>&nbsp;<\/p>\n<p>Baixo n\u00famero de projetos de pesquisas cadastrados e baixo n\u00famero de pesquisas financiadas, sendo 17 cadastrados no Siga, no total de 38 registrados no curr\u00edculos lattes dos docentes, sendo que, 9 possuem financiamento.<\/p>\n<p>Dos 23 docentes do DETF, apenas 8 t\u00eam orientadores no PPGEF, e a maior parte dos artigos cient\u00edficos s\u00e3o qualis \u201cB\u201d, na m\u00e9dia de 4\/docentes.<\/p>\n<p>Na tabela 2 mostra o n\u00famero de projetos de pesquisa registrados no Siga e nos Curr\u00edculos dos docentes<\/p>\n<p>&nbsp;<\/p>\n<p>Tabela 2- Projetos registrados pelos docentes do DETF nas plataformas Siga e Lattes<\/p>\n<p><img loading=\"lazy\" decoding=\"async\" class=\"alignnone size-full wp-image-5520\" src=\"https:\/\/agrarias.ufpr.br\/detf\/wp-content\/uploads\/sites\/34\/2021\/07\/4.png\" alt=\"\" width=\"587\" height=\"382\" srcset=\"https:\/\/agrarias.ufpr.br\/detf\/wp-content\/uploads\/sites\/34\/2021\/07\/4.png 587w, https:\/\/agrarias.ufpr.br\/detf\/wp-content\/uploads\/sites\/34\/2021\/07\/4-300x195.png 300w, https:\/\/agrarias.ufpr.br\/detf\/wp-content\/uploads\/sites\/34\/2021\/07\/4-250x163.png 250w, https:\/\/agrarias.ufpr.br\/detf\/wp-content\/uploads\/sites\/34\/2021\/07\/4-160x104.png 160w\" sizes=\"auto, (max-width: 587px) 100vw, 587px\" \/><\/p>\n","protected":false},"excerpt":{"rendered":"<p>&nbsp; Baixo n\u00famero de projetos de pesquisas cadastrados e baixo n\u00famero de pesquisas financiadas, sendo 17 cadastrados no Siga, no total de 38 registrados no curr\u00edculos lattes dos docentes, sendo que, 9 possuem financiamento. Dos 23 docentes do DETF, apenas 8 t\u00eam orientadores no PPGEF, e a maior parte dos artigos cient\u00edficos s\u00e3o qualis \u201cB\u201d, [&hellip;]<\/p>\n","protected":false},"author":3,"featured_media":0,"parent":0,"menu_order":0,"comment_status":"closed","ping_status":"closed","template":"","meta":{"footnotes":""},"class_list":["post-5516","page","type-page","status-publish","hentry"],"_links":{"self":[{"href":"https:\/\/agrarias.ufpr.br\/detf\/wp-json\/wp\/v2\/pages\/5516","targetHints":{"allow":["GET"]}}],"collection":[{"href":"https:\/\/agrarias.ufpr.br\/detf\/wp-json\/wp\/v2\/pages"}],"about":[{"href":"https:\/\/agrarias.ufpr.br\/detf\/wp-json\/wp\/v2\/types\/page"}],"author":[{"embeddable":true,"href":"https:\/\/agrarias.ufpr.br\/detf\/wp-json\/wp\/v2\/users\/3"}],"replies":[{"embeddable":true,"href":"https:\/\/agrarias.ufpr.br\/detf\/wp-json\/wp\/v2\/comments?post=5516"}],"version-history":[{"count":3,"href":"https:\/\/agrarias.ufpr.br\/detf\/wp-json\/wp\/v2\/pages\/5516\/revisions"}],"predecessor-version":[{"id":5521,"href":"https:\/\/agrarias.ufpr.br\/detf\/wp-json\/wp\/v2\/pages\/5516\/revisions\/5521"}],"wp:attachment":[{"href":"https:\/\/agrarias.ufpr.br\/detf\/wp-json\/wp\/v2\/media?parent=5516"}],"curies":[{"name":"wp","href":"https:\/\/api.w.org\/{rel}","templated":true}]}}