{"id":5504,"date":"2021-07-13T19:43:06","date_gmt":"2021-07-13T19:43:06","guid":{"rendered":"https:\/\/agrarias.ufpr.br\/detf\/?page_id=5504"},"modified":"2021-07-13T19:44:14","modified_gmt":"2021-07-13T19:44:14","slug":"posgrad","status":"publish","type":"page","link":"https:\/\/agrarias.ufpr.br\/detf\/posgrad\/","title":{"rendered":"O Ensino De P\u00f3s-Gradua\u00e7\u00e3o"},"content":{"rendered":"<p><strong>&nbsp;<\/strong>Atuam na p\u00f3s-gradua\u00e7\u00e3o 9 professores permanentes do programa e 5 como colaboradores. A tabela 1 mostra os docentes que aturam na p\u00f3s-gradua\u00e7\u00e3o entre&nbsp; 2018-2019.<\/p>\n<p>Tabela 1 \u2013 Conjunto de disciplinas ofertadas na P\u00f3s-gradua\u00e7\u00e3o em Engenharia Florestal discriminado por docente entre 2018 e 2019<\/p>\n<p><img loading=\"lazy\" decoding=\"async\" class=\"alignnone size-full wp-image-5512\" src=\"https:\/\/agrarias.ufpr.br\/detf\/wp-content\/uploads\/sites\/34\/2021\/07\/imagemtab2.png\" alt=\"\" width=\"926\" height=\"514\" srcset=\"https:\/\/agrarias.ufpr.br\/detf\/wp-content\/uploads\/sites\/34\/2021\/07\/imagemtab2.png 926w, https:\/\/agrarias.ufpr.br\/detf\/wp-content\/uploads\/sites\/34\/2021\/07\/imagemtab2-300x167.png 300w, https:\/\/agrarias.ufpr.br\/detf\/wp-content\/uploads\/sites\/34\/2021\/07\/imagemtab2-768x426.png 768w, https:\/\/agrarias.ufpr.br\/detf\/wp-content\/uploads\/sites\/34\/2021\/07\/imagemtab2-250x139.png 250w, https:\/\/agrarias.ufpr.br\/detf\/wp-content\/uploads\/sites\/34\/2021\/07\/imagemtab2-160x89.png 160w\" sizes=\"auto, (max-width: 926px) 100vw, 926px\" \/><\/p>\n","protected":false},"excerpt":{"rendered":"<p>&nbsp;Atuam na p\u00f3s-gradua\u00e7\u00e3o 9 professores permanentes do programa e 5 como colaboradores. A tabela 1 mostra os docentes que aturam na p\u00f3s-gradua\u00e7\u00e3o entre&nbsp; 2018-2019. Tabela 1 \u2013 Conjunto de disciplinas ofertadas na P\u00f3s-gradua\u00e7\u00e3o em Engenharia Florestal discriminado por docente entre 2018 e 2019<\/p>\n","protected":false},"author":3,"featured_media":0,"parent":0,"menu_order":0,"comment_status":"closed","ping_status":"closed","template":"","meta":{"footnotes":""},"class_list":["post-5504","page","type-page","status-publish","hentry"],"_links":{"self":[{"href":"https:\/\/agrarias.ufpr.br\/detf\/wp-json\/wp\/v2\/pages\/5504","targetHints":{"allow":["GET"]}}],"collection":[{"href":"https:\/\/agrarias.ufpr.br\/detf\/wp-json\/wp\/v2\/pages"}],"about":[{"href":"https:\/\/agrarias.ufpr.br\/detf\/wp-json\/wp\/v2\/types\/page"}],"author":[{"embeddable":true,"href":"https:\/\/agrarias.ufpr.br\/detf\/wp-json\/wp\/v2\/users\/3"}],"replies":[{"embeddable":true,"href":"https:\/\/agrarias.ufpr.br\/detf\/wp-json\/wp\/v2\/comments?post=5504"}],"version-history":[{"count":3,"href":"https:\/\/agrarias.ufpr.br\/detf\/wp-json\/wp\/v2\/pages\/5504\/revisions"}],"predecessor-version":[{"id":5515,"href":"https:\/\/agrarias.ufpr.br\/detf\/wp-json\/wp\/v2\/pages\/5504\/revisions\/5515"}],"wp:attachment":[{"href":"https:\/\/agrarias.ufpr.br\/detf\/wp-json\/wp\/v2\/media?parent=5504"}],"curies":[{"name":"wp","href":"https:\/\/api.w.org\/{rel}","templated":true}]}}