{"id":5502,"date":"2021-07-13T19:32:00","date_gmt":"2021-07-13T19:32:00","guid":{"rendered":"https:\/\/agrarias.ufpr.br\/detf\/?page_id=5502"},"modified":"2021-07-13T19:38:15","modified_gmt":"2021-07-13T19:38:15","slug":"ensino-de-graduacao","status":"publish","type":"page","link":"https:\/\/agrarias.ufpr.br\/detf\/ensino-de-graduacao\/","title":{"rendered":"Ensino de  Gradua\u00e7\u00e3o"},"content":{"rendered":"<p>&nbsp;<\/p>\n<p>Situa\u00e7\u00e3o dos professores na gradua\u00e7\u00e3o mostrada no gr\u00e1fico 1, ondem est\u00e3o resumidas as informa\u00e7\u00f5es coletadas pela subcomiss\u00e3o entre os anos de 2018\/20.<\/p>\n<p>&nbsp;<\/p>\n<p>Gr\u00e1fico&nbsp; 1- Carga hor\u00e1ria m\u00e9dia por docente DETF, entre 2018-2020 em rela\u00e7\u00e3o a m\u00e9dia semanal do departamento.<\/p>\n<p><img loading=\"lazy\" decoding=\"async\" class=\"alignnone size-full wp-image-5493\" src=\"https:\/\/agrarias.ufpr.br\/detf\/wp-content\/uploads\/sites\/34\/2021\/07\/Imagem1.png\" alt=\"\" width=\"869\" height=\"950\"><\/p>\n","protected":false},"excerpt":{"rendered":"<p>&nbsp; Situa\u00e7\u00e3o dos professores na gradua\u00e7\u00e3o mostrada no gr\u00e1fico 1, ondem est\u00e3o resumidas as informa\u00e7\u00f5es coletadas pela subcomiss\u00e3o entre os anos de 2018\/20. &nbsp; Gr\u00e1fico&nbsp; 1- Carga hor\u00e1ria m\u00e9dia por docente DETF, entre 2018-2020 em rela\u00e7\u00e3o a m\u00e9dia semanal do departamento.<\/p>\n","protected":false},"author":3,"featured_media":0,"parent":0,"menu_order":0,"comment_status":"closed","ping_status":"closed","template":"","meta":{"footnotes":""},"class_list":["post-5502","page","type-page","status-publish","hentry"],"_links":{"self":[{"href":"https:\/\/agrarias.ufpr.br\/detf\/wp-json\/wp\/v2\/pages\/5502","targetHints":{"allow":["GET"]}}],"collection":[{"href":"https:\/\/agrarias.ufpr.br\/detf\/wp-json\/wp\/v2\/pages"}],"about":[{"href":"https:\/\/agrarias.ufpr.br\/detf\/wp-json\/wp\/v2\/types\/page"}],"author":[{"embeddable":true,"href":"https:\/\/agrarias.ufpr.br\/detf\/wp-json\/wp\/v2\/users\/3"}],"replies":[{"embeddable":true,"href":"https:\/\/agrarias.ufpr.br\/detf\/wp-json\/wp\/v2\/comments?post=5502"}],"version-history":[{"count":3,"href":"https:\/\/agrarias.ufpr.br\/detf\/wp-json\/wp\/v2\/pages\/5502\/revisions"}],"predecessor-version":[{"id":5507,"href":"https:\/\/agrarias.ufpr.br\/detf\/wp-json\/wp\/v2\/pages\/5502\/revisions\/5507"}],"wp:attachment":[{"href":"https:\/\/agrarias.ufpr.br\/detf\/wp-json\/wp\/v2\/media?parent=5502"}],"curies":[{"name":"wp","href":"https:\/\/api.w.org\/{rel}","templated":true}]}}