{"id":5452,"date":"2021-07-13T15:18:53","date_gmt":"2021-07-13T15:18:53","guid":{"rendered":"https:\/\/agrarias.ufpr.br\/detf\/?page_id=5452"},"modified":"2021-07-13T18:42:18","modified_gmt":"2021-07-13T18:42:18","slug":"atendimento-do-departamento","status":"publish","type":"page","link":"https:\/\/agrarias.ufpr.br\/detf\/atendimento-do-departamento\/","title":{"rendered":"Atendimento do Departamento"},"content":{"rendered":"<p>Atualmente o DETF atende os de gradua\u00e7\u00e3o Eng. Industrial Madeireira, Engenharia Florestal, Agronomia, Engenharia Qu\u00edmica, Engenharia de Produ\u00e7\u00e3o e Lutheria, com 72 disciplinas, distribui\u0301das em 235 turmas e perfazendo um nu\u0301mero total de 3909 matri\u0301culas aos estudantes atendidos.<\/p>\n<p>Contribui de forma expressiva junto a\u0300s matrizes curriculares dos Cursos de Engenharia Florestal e Engenharia Industrial Madeireira, prestando servi\u00e7os a mais de 600 estudantes de graduac\u0327a\u0303o de forma direta.<\/p>\n<p>A carga hor\u00e1ria m\u00e9dia semanal dos docentes foi de 11,4 horas\/semana somente com aulas na gradua\u00e7\u00e3o, sendo que cada docente do departamento \u00e9 respons\u00e1vel por em m\u00e9dia 3 disciplinas por semestre.<\/p>\n<p>O departamento possui atualmente registrados na plataforma SIGA\/UFPR 17 projetos de pesquisa e mais 21 projetos registrados pelo antigo sistema banpesq, totalizando 38, em m\u00e9dia cada docente \u00e9 respons\u00e1vel por 1,6 projetos dedicando 3,6h\/semana a pesquisa, em m\u00e9dia.<\/p>\n<p>Atualmente, existem 5 projetos de extens\u00e3o coordenados por professores do departamento, cada coordenador dedica aproximadamente 2horas\/semana as atividades de extens\u00e3o.<\/p>\n<p>O departamento ainda conta docentes que exercem cargos tanto a administra\u00e7\u00e3o superior, bem como atividades administrativas junto ao setor de ci\u00eancias Agr\u00e1rias. S\u00e3o elas: &nbsp;a representa\u00e7\u00e3o do grupo Pet Madeireira; a coordena\u00e7\u00e3o do NTe; acompanhamento das atividades da empresa j\u00fanior Valor Madeireiro; coordena\u00e7\u00e3o do curso de Engenharia Industrial Madeireira; presid\u00eancia do comit\u00ea setorial de extens\u00e3o; coordena\u00e7\u00e3o das atividades de extens\u00e3o junto a pr\u00f3-reitoria; representa\u00e7\u00e3o junto aos comit\u00eas superiores; vice chefia do setor de ci\u00eancias agr\u00e1rias; e vice-reitoria da universidade.<\/p>\n","protected":false},"excerpt":{"rendered":"<p>Atualmente o DETF atende os de gradua\u00e7\u00e3o Eng. Industrial Madeireira, Engenharia Florestal, Agronomia, Engenharia Qu\u00edmica, Engenharia de Produ\u00e7\u00e3o e Lutheria, com 72 disciplinas, distribui\u0301das em 235 turmas e perfazendo um nu\u0301mero total de 3909 matri\u0301culas aos estudantes atendidos. Contribui de forma expressiva junto a\u0300s matrizes curriculares dos Cursos de Engenharia Florestal e Engenharia Industrial Madeireira, [&hellip;]<\/p>\n","protected":false},"author":3,"featured_media":0,"parent":0,"menu_order":0,"comment_status":"closed","ping_status":"closed","template":"","meta":{"footnotes":""},"class_list":["post-5452","page","type-page","status-publish","hentry"],"_links":{"self":[{"href":"https:\/\/agrarias.ufpr.br\/detf\/wp-json\/wp\/v2\/pages\/5452","targetHints":{"allow":["GET"]}}],"collection":[{"href":"https:\/\/agrarias.ufpr.br\/detf\/wp-json\/wp\/v2\/pages"}],"about":[{"href":"https:\/\/agrarias.ufpr.br\/detf\/wp-json\/wp\/v2\/types\/page"}],"author":[{"embeddable":true,"href":"https:\/\/agrarias.ufpr.br\/detf\/wp-json\/wp\/v2\/users\/3"}],"replies":[{"embeddable":true,"href":"https:\/\/agrarias.ufpr.br\/detf\/wp-json\/wp\/v2\/comments?post=5452"}],"version-history":[{"count":2,"href":"https:\/\/agrarias.ufpr.br\/detf\/wp-json\/wp\/v2\/pages\/5452\/revisions"}],"predecessor-version":[{"id":5492,"href":"https:\/\/agrarias.ufpr.br\/detf\/wp-json\/wp\/v2\/pages\/5452\/revisions\/5492"}],"wp:attachment":[{"href":"https:\/\/agrarias.ufpr.br\/detf\/wp-json\/wp\/v2\/media?parent=5452"}],"curies":[{"name":"wp","href":"https:\/\/api.w.org\/{rel}","templated":true}]}}