{"id":5450,"date":"2021-07-13T15:18:26","date_gmt":"2021-07-13T15:18:26","guid":{"rendered":"https:\/\/agrarias.ufpr.br\/detf\/?page_id=5450"},"modified":"2021-07-13T18:41:06","modified_gmt":"2021-07-13T18:41:06","slug":"composicao-do-departamento","status":"publish","type":"page","link":"https:\/\/agrarias.ufpr.br\/detf\/composicao-do-departamento\/","title":{"rendered":"Composi\u00e7\u00e3o do Departamento"},"content":{"rendered":"<p>O departamento \u00e9 formado por um grupo de 23 professores e 8 t\u00e9cnicos administrativos. Na sua composi\u00e7\u00e3o h\u00e1 5 professoras e 16 professores, a m\u00e9dia de idade dos docentes \u00e9 de 50 anos, e o tempo de doc\u00eancia na ufpr \u00e9 de em m\u00e9dia 16 anos, os t\u00e9cnicos tem por volta de 41 anos de idade e trabalham da UFPR a mais ou menos 9,5 anos.<\/p>\n<p>&nbsp;<\/p>\n<p>Composi\u00e7\u00e3o do corpo docente e idade dos integrantes do quadro do departamento<\/p>\n<p><img loading=\"lazy\" decoding=\"async\" class=\"alignnone size-full wp-image-5489\" src=\"https:\/\/agrarias.ufpr.br\/detf\/wp-content\/uploads\/sites\/34\/2021\/07\/Imagem8.png\" alt=\"\" width=\"600\" height=\"718\"><\/p>\n","protected":false},"excerpt":{"rendered":"<p>O departamento \u00e9 formado por um grupo de 23 professores e 8 t\u00e9cnicos administrativos. Na sua composi\u00e7\u00e3o h\u00e1 5 professoras e 16 professores, a m\u00e9dia de idade dos docentes \u00e9 de 50 anos, e o tempo de doc\u00eancia na ufpr \u00e9 de em m\u00e9dia 16 anos, os t\u00e9cnicos tem por volta de 41 anos de [&hellip;]<\/p>\n","protected":false},"author":3,"featured_media":0,"parent":0,"menu_order":0,"comment_status":"closed","ping_status":"closed","template":"","meta":{"footnotes":""},"class_list":["post-5450","page","type-page","status-publish","hentry"],"_links":{"self":[{"href":"https:\/\/agrarias.ufpr.br\/detf\/wp-json\/wp\/v2\/pages\/5450","targetHints":{"allow":["GET"]}}],"collection":[{"href":"https:\/\/agrarias.ufpr.br\/detf\/wp-json\/wp\/v2\/pages"}],"about":[{"href":"https:\/\/agrarias.ufpr.br\/detf\/wp-json\/wp\/v2\/types\/page"}],"author":[{"embeddable":true,"href":"https:\/\/agrarias.ufpr.br\/detf\/wp-json\/wp\/v2\/users\/3"}],"replies":[{"embeddable":true,"href":"https:\/\/agrarias.ufpr.br\/detf\/wp-json\/wp\/v2\/comments?post=5450"}],"version-history":[{"count":3,"href":"https:\/\/agrarias.ufpr.br\/detf\/wp-json\/wp\/v2\/pages\/5450\/revisions"}],"predecessor-version":[{"id":5491,"href":"https:\/\/agrarias.ufpr.br\/detf\/wp-json\/wp\/v2\/pages\/5450\/revisions\/5491"}],"wp:attachment":[{"href":"https:\/\/agrarias.ufpr.br\/detf\/wp-json\/wp\/v2\/media?parent=5450"}],"curies":[{"name":"wp","href":"https:\/\/api.w.org\/{rel}","templated":true}]}}