{"id":5448,"date":"2021-07-13T15:17:50","date_gmt":"2021-07-13T15:17:50","guid":{"rendered":"https:\/\/agrarias.ufpr.br\/detf\/?page_id=5448"},"modified":"2021-07-13T17:14:53","modified_gmt":"2021-07-13T17:14:53","slug":"missao","status":"publish","type":"page","link":"https:\/\/agrarias.ufpr.br\/detf\/missao\/","title":{"rendered":"Miss\u00e3o"},"content":{"rendered":"<p>Os funcion\u00e1rios pertencentes ao Departamento de Engenharia e Tecnologia Florestal t\u00eam como miss\u00e3o conduzir seus encontros com os alunos de forma que as mesmas se tornem experi\u00eancias transformadoras na vida dos acad\u00eamicos. Buscando encontros entre professores e alunos n\u00e3o sejam momentos de palestra onde um interlocutor transmita todo os conte\u00fados de forma unilateral, mas ocasi\u00f5es de troca de experi\u00eancias e habilidades de livre express\u00e3o do pensamento de ambas as partes a fim de produzir efeitos vividos e duradouros que transcendam as barreiras temporais e ampliem a vis\u00e3o cient\u00edfica e moral de docentes e discentes.<\/p>\n","protected":false},"excerpt":{"rendered":"<p>Os funcion\u00e1rios pertencentes ao Departamento de Engenharia e Tecnologia Florestal t\u00eam como miss\u00e3o conduzir seus encontros com os alunos de forma que as mesmas se tornem experi\u00eancias transformadoras na vida dos acad\u00eamicos. Buscando encontros entre professores e alunos n\u00e3o sejam momentos de palestra onde um interlocutor transmita todo os conte\u00fados de forma unilateral, mas ocasi\u00f5es [&hellip;]<\/p>\n","protected":false},"author":3,"featured_media":0,"parent":0,"menu_order":0,"comment_status":"closed","ping_status":"closed","template":"","meta":{"footnotes":""},"class_list":["post-5448","page","type-page","status-publish","hentry"],"_links":{"self":[{"href":"https:\/\/agrarias.ufpr.br\/detf\/wp-json\/wp\/v2\/pages\/5448","targetHints":{"allow":["GET"]}}],"collection":[{"href":"https:\/\/agrarias.ufpr.br\/detf\/wp-json\/wp\/v2\/pages"}],"about":[{"href":"https:\/\/agrarias.ufpr.br\/detf\/wp-json\/wp\/v2\/types\/page"}],"author":[{"embeddable":true,"href":"https:\/\/agrarias.ufpr.br\/detf\/wp-json\/wp\/v2\/users\/3"}],"replies":[{"embeddable":true,"href":"https:\/\/agrarias.ufpr.br\/detf\/wp-json\/wp\/v2\/comments?post=5448"}],"version-history":[{"count":2,"href":"https:\/\/agrarias.ufpr.br\/detf\/wp-json\/wp\/v2\/pages\/5448\/revisions"}],"predecessor-version":[{"id":5460,"href":"https:\/\/agrarias.ufpr.br\/detf\/wp-json\/wp\/v2\/pages\/5448\/revisions\/5460"}],"wp:attachment":[{"href":"https:\/\/agrarias.ufpr.br\/detf\/wp-json\/wp\/v2\/media?parent=5448"}],"curies":[{"name":"wp","href":"https:\/\/api.w.org\/{rel}","templated":true}]}}