{"id":5285,"date":"2012-11-14T13:27:04","date_gmt":"2012-11-14T13:27:04","guid":{"rendered":"http:\/\/localhost\/\/?page_id=72"},"modified":"2012-11-14T13:27:04","modified_gmt":"2012-11-14T13:27:04","slug":"publicacoes","status":"publish","type":"page","link":"https:\/\/agrarias.ufpr.br\/detf\/publicacoes\/","title":{"rendered":"Publica\u00e7\u00f5es\/Artigos"},"content":{"rendered":"<p><span style=\"color: #0000ff\"><strong>Revistas T\u00e9cnico\/Cient\u00edficas<\/strong><\/span><\/p>\n<p><span style=\"color: #ff0000\"><strong>ARCHIVES OF VETERINARY SCIENCE<\/strong><\/span><br \/>\nPrograma de P\u00f3s-Gradua\u00e7\u00e3o em Medicina Veterin\u00e1ria<br \/>\nPrograma de P\u00f3s-Gradua\u00e7\u00e3o em Zootecnia<br \/>\nISSN 1517-784X<br \/>\nEditor: Prof. Ant\u00f4nio Waldir C. da Silva<br \/>\nTelefone: (41)3350-5619<br \/>\nE-mail: <a href=\"mailto:waldirsilva@ufpr.br\">waldirsilva@ufpr.br<\/a><br \/>\n<a href=\"http:\/\/ojs.c3sl.ufpr.br\/ojs2\/index.php\/veterinary\">http:\/\/ojs.c3sl.ufpr.br\/ojs2\/index.php\/veterinary<\/a><\/p>\n<p><span style=\"color: #ff0000\"><strong>SCIENTIA AGR\u00c1RIA<\/strong><\/span><br \/>\nPrograma de P\u00f3s-Gradua\u00e7\u00e3o em Agronomia<br \/>\nISSN 1519-1125 (impressa) 1983-2443 (eletr\u00f4nica)<br \/>\nEditor: Prof. Dr. Samir Paulo Jasper<br \/>\nTelefone: (41) 3350-5685<br \/>\nE-mail: <a href=\"mailto:sciagr@ufpr.br\">sciagr@ufpr.br<\/a><br \/>\n<u><a href=\"http:\/\/ojs.c3sl.ufpr.br\/ojs2\/index.php\/agraria\">http:\/\/ojs.c3sl.ufpr.br\/ojs2\/index.php\/agraria<\/a><\/u><\/p>\n<p><span style=\"color: #ff0000\"><strong>REVISTA FLORESTA<\/strong><\/span><br \/>\nPrograma de P\u00f3s-Gradua\u00e7\u00e3o em Engenharia Florestal<br \/>\nISSN 0015-3826 (impressa) 0015-3826 (eletr\u00f4nica)<br \/>\nProf. Dr. Setsuo Iwaikiri<br \/>\nTelefone: (41) 3360-4219<br \/>\nE-mail: <a href=\"mailto:revista_floresta@ufr.br\">revista_floresta@ufr.br<\/a><br \/>\n<a href=\"http:\/\/ojs.c3sl.ufpr.br\/ojs2\/index.php\/floresta\">http:\/\/ojs.c3sl.ufpr.br\/ojs2\/index.php\/floresta<\/a><\/p>\n","protected":false},"excerpt":{"rendered":"<p>Revistas T\u00e9cnico\/Cient\u00edficas ARCHIVES OF VETERINARY SCIENCE Programa de P\u00f3s-Gradua\u00e7\u00e3o em Medicina Veterin\u00e1ria Programa de P\u00f3s-Gradua\u00e7\u00e3o em Zootecnia ISSN 1517-784X Editor: Prof. Ant\u00f4nio Waldir C. da Silva Telefone: (41)3350-5619 E-mail: waldirsilva@ufpr.br http:\/\/ojs.c3sl.ufpr.br\/ojs2\/index.php\/veterinary SCIENTIA AGR\u00c1RIA Programa de P\u00f3s-Gradua\u00e7\u00e3o em Agronomia ISSN 1519-1125 (impressa) 1983-2443 (eletr\u00f4nica) Editor: Prof. Dr. Samir Paulo Jasper Telefone: (41) 3350-5685 E-mail: sciagr@ufpr.br http:\/\/ojs.c3sl.ufpr.br\/ojs2\/index.php\/agraria [&hellip;]<\/p>\n","protected":false},"author":3,"featured_media":0,"parent":0,"menu_order":0,"comment_status":"open","ping_status":"open","template":"","meta":{"footnotes":""},"class_list":["post-5285","page","type-page","status-publish","hentry"],"_links":{"self":[{"href":"https:\/\/agrarias.ufpr.br\/detf\/wp-json\/wp\/v2\/pages\/5285","targetHints":{"allow":["GET"]}}],"collection":[{"href":"https:\/\/agrarias.ufpr.br\/detf\/wp-json\/wp\/v2\/pages"}],"about":[{"href":"https:\/\/agrarias.ufpr.br\/detf\/wp-json\/wp\/v2\/types\/page"}],"author":[{"embeddable":true,"href":"https:\/\/agrarias.ufpr.br\/detf\/wp-json\/wp\/v2\/users\/3"}],"replies":[{"embeddable":true,"href":"https:\/\/agrarias.ufpr.br\/detf\/wp-json\/wp\/v2\/comments?post=5285"}],"version-history":[{"count":0,"href":"https:\/\/agrarias.ufpr.br\/detf\/wp-json\/wp\/v2\/pages\/5285\/revisions"}],"wp:attachment":[{"href":"https:\/\/agrarias.ufpr.br\/detf\/wp-json\/wp\/v2\/media?parent=5285"}],"curies":[{"name":"wp","href":"https:\/\/api.w.org\/{rel}","templated":true}]}}