{"id":5284,"date":"2012-11-14T13:22:50","date_gmt":"2012-11-14T13:22:50","guid":{"rendered":"http:\/\/localhost\/\/?page_id=56"},"modified":"2012-11-14T13:22:50","modified_gmt":"2012-11-14T13:22:50","slug":"concursos","status":"publish","type":"page","link":"https:\/\/agrarias.ufpr.br\/detf\/concursos\/","title":{"rendered":"Concursos"},"content":{"rendered":"<p><span style=\"color: #339966\"><strong><span style=\"text-decoration: underline\">Normas e regulamentos<\/span><\/strong><\/span><\/p>\n<p><a href=\"http:\/\/localhost\/wp-content\/uploads\/2012\/11\/DECRETO-n\u00ba-6944.pdf\">Decreto-n\u00ba-6944 de 21 de AGOSTO de 2009 &#8211; <\/a>Estabelece medidas organizacionais para o aprimoramento da administra\u00e7\u00e3o p\u00fablica federal direta, aut\u00e1rquica e fundacional, disp\u00f5e sobre normas gerais relativas a concursos p\u00fablicos, organiza sob a forma de sistema as atividades de organiza\u00e7\u00e3o e inova\u00e7\u00e3o institucional do Governo Federal, e d\u00e1 outras provid\u00eancias.<\/p>\n<p><strong>Professor substituto<\/strong><\/p>\n<p><a href=\"http:\/\/localhost\/wp-content\/uploads\/2012\/11\/resolucao_cepe_92-06.pdf\">Resolu\u00e7\u00e3o_92\/06- CEPE &#8211; <\/a>Estabelece normas para contrata\u00e7\u00e3o de professor substituto na Universidade Federal do Paran\u00e1.<\/p>\n<p><a href=\"http:\/\/localhost\/wp-content\/uploads\/2012\/11\/resolucao_cepe_04-09.pdf\">Resolu\u00e7\u00e3o 04\/09-CEPE &#8211; <\/a>Altera a al\u00ednea \u201cf\u201d do art. 4\u00ba da Resolu\u00e7\u00e3o n\u00ba 92\/06-CEPE que estabelece normas para contrata\u00e7\u00e3o de professor substituto na Universidade Federal do Paran\u00e1.<\/p>\n<div><a href=\"http:\/\/localhost\/wp-content\/uploads\/2012\/11\/resolucao_cepe_11032013-756.pdf\">Resolu\u00e7\u00e3o 04\/13-CEPE<\/a> &#8211; Altera a Resolu\u00e7\u00e3o 92\/06-CEPE que estabelece normas para contrata\u00e7\u00e3o de professor substituto na Universidade Federal do Paran\u00e1.<\/div>\n<div><strong>Carreira do magist\u00e9rio superior<\/strong><\/div>\n<div><a href=\"http:\/\/localhost\/wp-content\/uploads\/2012\/11\/cepe66A16.pdf\">Resolu\u00e7\u00e3o 66a\/16-CEPE &#8211; <\/a>Estabelece normas de concurso p\u00fablico para a carreira do magist\u00e9rio superior na Universidade Federal do Paran\u00e1, complementares \u00e0s do Estatuto e Regimento Geral.<\/div>\n<div><a href=\"http:\/\/localhost\/wp-content\/uploads\/2012\/11\/cepe7016-1.pdf\">Resolu\u00e7\u00e3o 70\/16- CEPE &#8211; <\/a>Complementa a Resolu\u00e7\u00e3o n\u00ba 66\/16-CEPE que estabelece normas de concurso p\u00fablico para a carreira do magist\u00e9rio\u00a0 superior na Universidade Federal do Paran\u00e1, fixando a tabela de pontua\u00e7\u00e3o para avalia\u00e7\u00e3o de curr\u00edculo nos termos dos artigos 9\u00ba e 36 da citada Resolu\u00e7\u00e3o.<\/div>\n<div><strong>Carreira do Magist\u00e9rio do Ensino B\u00e1sico, T\u00e9cnico e Tecnol\u00f3gico<\/strong><\/div>\n<div><a href=\"http:\/\/localhost\/wp-content\/uploads\/2012\/11\/resolucao_cepe_75-13.pdf\">Resolu\u00e7\u00e3o 75\/13 -CEPE &#8211;\u00a0<\/a> Estabelece normas de concurso p\u00fablico para a carreira do Magist\u00e9rio do Ensino B\u00e1sico, T\u00e9cnico e Tecnol\u00f3gico na Universidade Federal do Paran\u00e1, complementares \u00e0s do Estatuto e Regimento Geral.<\/div>\n<div><strong>Programa Professor Visitante da UFPR<\/strong><\/div>\n<div><a href=\"http:\/\/localhost\/wp-content\/uploads\/2012\/11\/resolucao_cepe_19-97.pdf\">Resolu\u00e7\u00e3o_19\/97-CEPE &#8211;<\/a> Estabelece normas para o Programa Professor Visitante da UFPR. (alterada pela Res. 06\/99-CEPE)<\/div>\n<div>\n<p><a href=\"http:\/\/localhost\/wp-content\/uploads\/2012\/11\/resolucao_cepe_06-99.pdf\">Resolu\u00e7\u00e3o_06\/99-CEPE &#8211; <\/a>Altera o artigo 3\u00ba da Resolu\u00e7\u00e3o 19\/97-CEPE que estabelece normas para o Programa Professor Visitante da UFPR.<\/p>\n<div>\n<div>\n<div><a href=\"http:\/\/localhost\/wp-content\/uploads\/2012\/11\/resolucao_cepe_09-11.pdf\">Resolu\u00e7\u00e3o_09\/11-CEPE &#8211;\u00a0 <\/a>Altera o art.6\u00ba da Resolu\u00e7\u00e3o 19\/97-CEPE que estabelece normas para o Programa Professor Visitante da Universidade Federal do Paran\u00e1.<\/div>\n<\/div>\n<\/div>\n<p><a href=\"http:\/\/localhost\/wp-content\/uploads\/2012\/11\/resolucao_cepe_76-11.pdf\">Resolu\u00e7\u00e3o_76\/11- CEPE &#8211; <\/a>Altera a Resolu\u00e7\u00e3o 19\/97-CEPE que estabelece normas para o Programa Professor Visitante da Universidade Federal do Paran\u00e1.<\/p>\n<\/div>\n<div><\/div>\n<div><span style=\"text-decoration: underline\"><span style=\"color: #3366ff;text-decoration: underline\">Concursos Abertos<\/span> <\/span><\/div>\n<p><strong>Professor Adjunto A n\u00edvel 1\u00a0 do Departamento: Engenharia e Tecnologia Florestal<br \/>\n<\/strong><\/p>\n<p>\u00c1rea de Conhecimento: Tecnologia e Utiliza\u00e7\u00e3o de Produtos Florestais<\/p>\n<p>01\/06\/2017 &#8211; <a href=\"http:\/\/localhost\/wp-content\/uploads\/2012\/11\/edital200-17.pdf\">Edital 200-17-PROGEPE<\/a><\/p>\n<p>05\/06\/2017 &#8211;\u00a0 <a href=\"http:\/\/localhost\/wp-content\/uploads\/2012\/11\/Programa-DETF.pdf\">Programa do concurso -DETF<\/a><\/p>\n<p><span style=\"color: #ff0000\">Per\u00edodo de Inscri\u00e7\u00f5es: 02\/06\/2017 at\u00e9 01\/07\/2017<\/span><\/p>\n<p><strong>Professor Titular-Livre do Magist\u00e9rio Superior para\u00a0 Departamento de Fitotecnia e Fitossanitarismo<\/strong><\/p>\n<p>\u00c1rea de Conhecimento: Agronomia, Agricultura, Produ\u00e7\u00e3o Vegetal, Fitotecnia,\u00a0Biotecnologia Vegetal.<\/p>\n<p>22\/03\/2017 &#8211;\u00a0<a href=\"http:\/\/localhost\/wp-content\/uploads\/2012\/11\/edital93-17.pdf\">Edital 93-17-PROGEPE<\/a><\/p>\n<p><span style=\"color: #ff0000\"><em>Inscri\u00e7\u00f5es: 22\/03\/2017 a 19\/06\/2017<\/em><\/span><\/p>\n<p><span style=\"text-decoration: underline\"><span style=\"color: #3366ff;text-decoration: underline\">Concursos em andamento<\/span> <\/span><\/p>\n<p><strong>Professor Substituto do Departamento de Solos e Engenharia Agr\u00edcola<\/strong><\/p>\n<p>\u00c1rea de Conhecimento: Engenharia Agr\u00edcola<br \/>\nMat\u00e9ria Espec\u00edfica: Constru\u00e7\u00f5es Rurais<\/p>\n<p>19\/05\/2017 &#8211; <a href=\"http:\/\/localhost\/wp-content\/uploads\/2012\/11\/edital188-17.pdf\">Edital 188-17-PROGEPE<\/a><\/p>\n<p>24\/05\/2017 &#8211; <a href=\"http:\/\/localhost\/wp-content\/uploads\/2012\/11\/Pontos-DSEA.pdf\">Pontos do Teste Seletivo para Mat\u00e9ria Espec\u00edfica de Constru\u00e7\u00f5es Rurais<\/a><\/p>\n<p>NORMAS de Concurso P\u00fablico na UFPR &#8211; <a href=\"http:\/\/localhost\/wp-content\/uploads\/2012\/11\/resolucao_cepe_92-06.pdf\">Resolu\u00e7\u00e3o_92-06- CEPE<\/a><\/p>\n<p><em>Inscri\u00e7\u00f5es:<\/em>22\/05\/2017 at\u00e9 02\/06\/2017 &#8211; (encerradas)<span style=\"color: #ff0000\"><br \/>\n<\/span><\/p>\n<p>05\/06\/2017 &#8211;\u00a0Homologa\u00e7\u00e3o das inscri\u00e7\u00f5es \u00a0&#8211;\u00a0<a href=\"http:\/\/localhost\/wp-content\/uploads\/2012\/11\/infroma\u00e7\u00e3o-DSEA.pdf\">informa\u00e7\u00e3o-DSEA<\/a><\/p>\n<p><strong>Professor Substituto do Departamento de Medicina Veterin\u00e1ria<br \/>\n<\/strong><\/p>\n<div>\u00c1rea de Conhecimento: Medicina Veterin\u00e1ria<\/div>\n<div>Mat\u00e9ria Espec\u00edfica: Tecnologia dos Produtos de Origem Animal<\/div>\n<p>28\/04\/2017 &#8211; <a href=\"http:\/\/localhost\/wp-content\/uploads\/2012\/11\/edital161-17.pdf\">Edital 161-17-PROGEPE &#8211; In\u00edcio de inscri\u00e7\u00f5es<\/a><\/p>\n<p>Per\u00edodo de Inscri\u00e7\u00f5es: 02\/05\/2017 at\u00e9 08\/05\/2017 (encerradas)<\/p>\n<p>11\/05\/2017 &#8211; INSCRI\u00c7\u00d5ES DEFERIDAS E INDEFERIDAS &#8211; <a href=\"http:\/\/localhost\/wp-content\/uploads\/2012\/11\/Infoma\u00e7\u00e3o-DMV.pdf\">Infoma\u00e7\u00e3o-DMV<\/a><\/p>\n<p>15\/05\/2017 &#8211; INSCRI\u00c7\u00d5ES DEFERIDAS E INDEFERIDAS AP\u00d3S AN\u00c1LISE DOS RECURSOS &#8211; <a href=\"http:\/\/localhost\/wp-content\/uploads\/2012\/11\/Edital-01-2017.pdf\">Edital-01\/2017- AG.<\/a><\/p>\n<p>NORMAS de Concurso P\u00fablico na UFPR &#8211; <a href=\"http:\/\/localhost\/wp-content\/uploads\/2012\/11\/resolucao_cepe_92-06.pdf\">Resolu\u00e7\u00e3o_92-06- CEPE<\/a><\/p>\n<p><strong>Professor Substituto do Departamento de Medicina Veterin\u00e1ria<br \/>\n<\/strong><\/p>\n<div>\u00c1rea de Conhecimento: Medicina Veterin\u00e1ria<\/div>\n<div>Mat\u00e9ria Espec\u00edfica: Cl\u00ednica M\u00e9dica de Pequenos Animais<\/div>\n<div>13\/04\/2017 &#8211; <a href=\"http:\/\/localhost\/wp-content\/uploads\/2012\/11\/edital134-17.pdf\">Edital 134-17-PROGEPE<\/a><\/div>\n<div>Per\u00edodo de Inscri\u00e7\u00f5es: 17\/04\/2017 at\u00e9 24\/04\/2017 (encerradas)<\/div>\n<div>NORMAS de Concurso P\u00fablico na UFPR &#8211; <a href=\"http:\/\/localhost\/wp-content\/uploads\/2012\/11\/resolucao_cepe_92-06.pdf\">Resolu\u00e7\u00e3o_92-06- CEPE<\/a><\/div>\n<div>\n<p><strong>Professor Substituto do Departamento de Medicina Veterin\u00e1ria<br \/>\n<\/strong><\/p>\n<div>\u00c1rea de Conhecimento: Medicina Veterin\u00e1ria<\/div>\n<div>Mat\u00e9ria Espec\u00edfica: T\u00e9cnica Cir\u00fargica Veterin\u00e1ria<\/div>\n<div>13\/04\/2017 &#8211; <a href=\"http:\/\/localhost\/wp-content\/uploads\/2012\/11\/edital134-17.pdf\">Edital 134-17-PROGEPE<\/a><\/div>\n<div>Per\u00edodo de Inscri\u00e7\u00f5es: 17\/04\/2017 at\u00e9 24\/04\/2017 (encerradas)<\/div>\n<\/div>\n<div>NORMAS de Concurso P\u00fablico na UFPR &#8211; <a href=\"http:\/\/localhost\/wp-content\/uploads\/2012\/11\/resolucao_cepe_92-06.pdf\">Resolu\u00e7\u00e3o_92-06- CEPE<\/a><\/div>\n<p><strong>Programa de Resid\u00eancia em \u00e1rea Profissional da Sa\u00fade em Medicina Veterin\u00e1ria &#8211; \u00c1REA PATOLOGIA VETERIN\u00c1RIA<\/strong><\/p>\n<p>07\/03\/2017 &#8211; <a href=\"http:\/\/localhost\/wp-content\/uploads\/2017\/03\/2o_chamada_edital_coremu_2017_vagas_remanecentes.pdf\">EDITAL N\u00ba 2017 de vagas remanescentes referente ao Edital N0 31 de 2016\/2017<\/a><\/p>\n<p>07\/03\/2017 &#8211; <a href=\"http:\/\/localhost\/wp-content\/uploads\/2017\/03\/ficha_de_inscricao55318.doc\">Ficha de Inscri\u00e7\u00e3o\u00a0<\/a><\/p>\n<p><strong>Professor Substituto do Departamento de Zootecnia\u00a0<\/strong><\/p>\n<p>Mat\u00e9ria Espec\u00edfica: Zootecnia de Ruminantes<\/p>\n<p>31\/03\/2017 &#8211;<a href=\"http:\/\/localhost\/wp-content\/uploads\/2017\/03\/DEPARTAMENTO-DE-ZOOTECNIA-TESTE-SELETIVO-PARA-PROFESSOR-SUBSTITUTO-ZOOTECNIA-DE-RUMINANTES56499.pdf\"> Edital n\u00ba 003\/2017 <\/a>&#8211; Resultado Final do Teste Seletivo<\/p>\n<p>24\/03\/2017 &#8211; <a href=\"http:\/\/localhost\/wp-content\/uploads\/2017\/03\/Edital-0072017-comunica\u00e7\u00e3o-do-in\u00edcio-do-Teste-Seletivo-para-Professor-Substituto-Zootecnia-de-Ruminantes.pdf\">Edital n\u00ba 007\/2017<\/a> &#8211; Inscri\u00e7\u00f5es Deferidas e hor\u00e1rio para \u00a0realiza\u00e7\u00e3o do Teste Seletivo<\/p>\n<p>24\/03\/2017 &#8211; <a href=\"http:\/\/localhost\/wp-content\/uploads\/2017\/03\/Edital-0062017-Comiss\u00e3o-Julgadora-para-o-Teste-Seletivo-para-Professor-Substituto-Zootecnia-de-Ruminantes.pdf\">Edital n\u00ba 006\/2017 <\/a>&#8211; AG\/DZ &#8211; Comiss\u00e3o Julgadora<\/p>\n<p>17\/03\/2017 &#8211; <a href=\"http:\/\/localhost\/wp-content\/uploads\/2017\/03\/image2017-03-17-091757.pdf\">Edital n\u00ba 51\/2017<\/a> &#8211; Homologa\u00e7\u00e3o das Inscri\u00e7\u00f5es<\/p>\n<p>07\/03\/2017 &#8211;<a href=\"http:\/\/localhost\/wp-content\/uploads\/2017\/03\/Dep.-de-ZootecniaEdital-51-17-Prof.-Substituto-Zootecnia-de-Ruminantes.pdf\"> n\u00ba 51-2017 <\/a>&#8211; Abertura das de inscri\u00e7\u00f5es<\/p>\n<p>07\/03\/2017 &#8211;<a href=\"http:\/\/localhost\/wp-content\/uploads\/2017\/03\/Professor-Substituto-ZOOTECNIA-DE-RUMINANTES55314.pdf\">\u00a0Programa Para Teste Seletivo<\/a><\/p>\n<p><span style=\"text-decoration: underline\"><span style=\"color: #3366ff;text-decoration: underline\">Concursos encerrados<\/span><\/span><\/p>\n<p><strong>Concurso P\u00fablico: Melhoramento Florestal, Sementes Florestais e Viveiros(mudas)Florestais<\/strong><\/p>\n<p>06\/09\/2016 &#8211;\u00a0<a href=\"http:\/\/localhost\/wp-content\/uploads\/2016\/09\/Edital322-2016-.pdf\">Edital n\u00ba 322\/16-PROGEPE\u00a0<\/a><\/p>\n<p><a href=\"http:\/\/localhost\/wp-content\/uploads\/2012\/11\/Pontos-Concurso-Melhoramento-Florestal-Semntes-Florestais-e-Viveiros-mudas-florestais.pdf\">Pontos para a \u00c1rea de Conhecimento: Melhoramento Florestal, Sementes Florestais\u00a0 e Viveiros (mudas)Florestais<\/a><\/p>\n<p>11\/10\/2016 &#8211; \u00a0\u00a0<a href=\"http:\/\/localhost\/wp-content\/uploads\/2016\/10\/Edital-01-2016.pdf\" rel=\"\">Edital 01-2016<\/a>\u00a0&#8211; Resultado das homologa\u00e7\u00f5es das inscri\u00e7\u00f5es<\/p>\n<p>18\/10\/2016 &#8211; \u00a0<a href=\"http:\/\/localhost\/wp-content\/uploads\/2016\/10\/Edital-03-2016.pdf\">Edital 03-2016<\/a>\u00a0de 18\/10\/2016 &#8211; Resultado do Recurso \u00e0s inscri\u00e7\u00f5es indeferidas.<\/p>\n<p>26\/10\/2016 &#8211; \u00a0<a href=\"http:\/\/localhost\/wp-content\/uploads\/2016\/10\/Edital-05-2016.pdf\">Edital 05-2016<\/a>\u00a0<strong>&#8211;\u00a0<\/strong>Comiss\u00e3o julgadora e data de in\u00edcio das provas do concurso<\/p>\n<p>04\/11\/2016 &#8211; \u00a0<a href=\"http:\/\/localhost\/wp-content\/uploads\/2016\/10\/Edital-07-2016.pdf\">Edital 07-2016<\/a>\u00a0&#8211; Altera\u00e7\u00e3o de membros da comiss\u00e3o julgadora e hor\u00e1rio de provas<\/p>\n<p>17\/11\/2016 &#8211; \u00a0 <a href=\"http:\/\/localhost\/wp-content\/uploads\/2012\/11\/image2016-11-17-131108.pdf\">Edital 09-2016<\/a> \u00a0&#8211; \u00a0Resultado da An\u00e1lise dos \u00a0Recursos<\/p>\n<p>23\/11\/2016 &#8211; \u00a0<a href=\"http:\/\/localhost\/wp-content\/uploads\/2016\/11\/image2016-11-23-082708.pdf\">Edital 11\/2016<\/a> &#8211; Ser\u00e3o abertos os envelopes lacrados, referente ao Concurso P\u00fablico<\/p>\n<p>25\/11\/2016 &#8211; <a href=\"http:\/\/localhost\/wp-content\/uploads\/2016\/11\/Edital-n-13-final-1.pdf\">Edital 12\/2016<\/a> &#8211; Aprovados no Concurso P\u00fablico para Professor Adjunto<\/p>\n<p><strong>Concurso P\u00fablico: Engenharia Florestal para Disciplina de Estat\u00edstica<\/strong><\/p>\n<p>06\/09\/2016 &#8211;\u00a0<a href=\"http:\/\/localhost\/blog\/noticias\/concurso-publico-edital-no-32216-progepe\">Edital n\u00ba 322\/16-PROGEPE\u00a0<\/a><\/p>\n<p><a href=\"http:\/\/localhost\/wp-content\/uploads\/2012\/11\/Pontos-Concurso-Engenharia-Florestal-para-a-Disciplina-de-Estat\u00edstica.pdf\">Pontos para a \u00c1rea de Conhecimento: Engenharia Florestal para a Disciplina de Estat\u00edstica<\/a><\/p>\n<p>11\/10\/2016 &#8211;\u00a0<a href=\"http:\/\/localhost\/wp-content\/uploads\/2016\/10\/Edital-02-2016.pdf\" rel=\"\">Edital 02-2016<\/a>\u00a0 &#8211; Resultado das homologa\u00e7\u00f5es das inscri\u00e7\u00f5es<\/p>\n<p>18\/10\/2016 &#8211;\u00a0<a href=\"http:\/\/localhost\/wp-content\/uploads\/2016\/10\/Edital-04-2016.pdf\">Edital 04-2016<\/a>\u00a0de 18\/10\/016 -Resultado de recurso \u00e0s inscri\u00e7\u00f5es indeferidas<\/p>\n<p>26\/10\/2016 &#8211;\u00a0<a href=\"http:\/\/localhost\/wp-content\/uploads\/2016\/10\/Edital-06-2016.pdf\">Edital 06-2016<\/a>\u00a0&#8211;\u00a0Comiss\u00e3o julgadora e data de in\u00edcio das provas do concurso<\/p>\n<p>04\/11\/2016 &#8211;\u00a0<a href=\"http:\/\/localhost\/wp-content\/uploads\/2016\/10\/Edital-08-2016.pdf\">Edital 08-2016<\/a>\u00a0&#8211; Altera\u00e7\u00e3o de membros da comiss\u00e3o julgadora<\/p>\n<p>&nbsp;<\/p>\n<p><strong>Teste seletivo para contrata\u00e7\u00e3o de Prof. Substituto &#8211; \u00a0Conserva\u00e7\u00e3o e F\u00edsica do Solo<\/strong><\/p>\n<p>07\/11\/2016 &#8211; <a href=\"http:\/\/www.progepe.ufpr.br\/progepe\/concursos\/docente\/concursos_publicos\/editais\/edital407-16.pdf\">Edital<\/a><\/p>\n<p>07\/11\/2016 &#8211;\u00a0<a href=\"http:\/\/localhost\/wp-content\/uploads\/2016\/11\/001.jpg\">Lista de Pontos para Teste Seletivo Professor Substituto<\/a><\/p>\n<p>22\/11\/2016 &#8211; <a href=\"http:\/\/localhost\/wp-content\/uploads\/2016\/11\/image2016-11-23-200655.pdf\">Edital 01\/2016 &#8211; Comiss\u00e3o do Concurso<\/a><\/p>\n<p>01\/12\/2016 &#8211; <a href=\"http:\/\/localhost\/wp-content\/uploads\/2016\/12\/image2016-12-01-014624.pdf\">Edital 02\/2016<\/a> &#8211; Parecer Conclusivo<\/p>\n<p><strong>Professor Adjunto do Departamento de\u00a0Solos e Engenharia Agr\u00edcola<\/strong><\/p>\n<p>22\/01\/2014 &#8211;\u00a0<a href=\"http:\/\/localhost\/wp-content\/uploads\/2012\/11\/edital012-14.pdf\">Edital<\/a><\/p>\n<p>30\/01\/2014 &#8211;\u00a0<a href=\"http:\/\/localhost\/wp-content\/uploads\/2012\/11\/Pontua\u00e7\u00e3oSolos.pdf\">Pontua\u00e7\u00e3o<\/a><\/p>\n<p>&nbsp;<\/p>\n<p><strong>Professor Adjunto do Departamento de Engenharia e Tecnologia Florestal<\/strong><\/p>\n<p>22\/01\/2014 &#8211;\u00a0<a href=\"http:\/\/localhost\/wp-content\/uploads\/2012\/11\/edital011-14.pdf\">Edital<\/a><\/p>\n<p>30\/01\/2014 &#8211;\u00a0<a href=\"http:\/\/localhost\/wp-content\/uploads\/2012\/11\/ProgramaDEF.pdf\">Programa<\/a><\/p>\n<p>&nbsp;<\/p>\n<div><strong>Professor Adjunto do Departamento de Medicina Veterin\u00e1ria<\/strong><\/div>\n<p>22\/01\/2014 &#8211;\u00a0<a href=\"http:\/\/localhost\/wp-content\/uploads\/2012\/11\/edital011-14.pdf\">Edital<\/a><\/p>\n<p>&nbsp;<\/p>\n<p><strong>Professor Adjunto do Departamento de Fitotecnia e Fitossanitarismo:<\/strong><\/p>\n<p>21\/08\/2013-\u00a0<a href=\"http:\/\/localhost\/wp-content\/uploads\/2012\/11\/Editaln0213DFF.pdf\">Comiss\u00e3o Julgadora<\/a><\/p>\n<p>26\/07\/2013-\u00a0<a href=\"http:\/\/localhost\/wp-content\/uploads\/2012\/11\/homologafitotecnia.pdf\">Homologa\u00e7\u00e3o das Inscri\u00e7\u00f5es<\/a><\/p>\n<p>17\/06\/2013-\u00a0<a href=\"http:\/\/localhost\/wp-content\/uploads\/2012\/11\/edital145-13.pdf\">Edital<\/a><\/p>\n<p>&nbsp;<\/p>\n<p><strong>Professor Substituto do Departamento de Economia Rural e Extens\u00e3o:<\/strong><\/p>\n<p>08\/07\/2013-\u00a0<a href=\"http:\/\/localhost\/wp-content\/uploads\/2012\/11\/derehomologa.pdf\">Homologa\u00e7\u00e3o das Inscri\u00e7\u00f5es<\/a><\/p>\n<p>01\/07\/2013- <a href=\"http:\/\/localhost\/wp-content\/uploads\/2012\/11\/Edital16113.pdf\">Edital <\/a><\/p>\n<p>01\/07\/2013-\u00a0<a href=\"http:\/\/localhost\/wp-content\/uploads\/2012\/11\/programadere.pdf\">Programa do Concurso<\/a><\/p>\n<p>&nbsp;<\/p>\n<p><strong>Professor Assistente do Departamento de Solos e Engenharia Agr\u00edcola:<\/strong><\/p>\n<p>12\/11\/2012- <a href=\"http:\/\/localhost\/wp-content\/uploads\/2012\/06\/edital112012.pdf\" target=\"_blank\">Comiss\u00e3o Julgadora<\/a><\/p>\n<p>02\/11\/2012- <a href=\"http:\/\/localhost\/wp-content\/uploads\/2012\/06\/defsolos1.pdf\" target=\"_blank\">Homologa\u00e7\u00e3o das Inscri\u00e7\u00f5es<\/a><\/p>\n<p>09\/10\/2012- <a href=\"http:\/\/localhost\/wp-content\/uploads\/2012\/06\/consolos3.pdf\" target=\"_blank\">Programa do Concurso<\/a><\/p>\n<p>&nbsp;<\/p>\n<p><strong>Professor Assistente do Departamento de Fitotecnia e Fitossanitarismo:<\/strong><\/p>\n<p>07\/11\/2012- <a href=\"http:\/\/localhost\/wp-content\/uploads\/2012\/06\/edital102012.pdf\" target=\"_blank\">Comiss\u00e3o Julgadora<\/a><\/p>\n<p>25\/10\/2012- <a href=\"http:\/\/localhost\/wp-content\/uploads\/2012\/06\/deferidosdff.pdf\" target=\"_blank\">Homologa\u00e7\u00e3o das Inscri\u00e7\u00f5es<\/a><\/p>\n<p>25\/09\/2012- <a href=\"http:\/\/localhost\/wp-content\/uploads\/2012\/06\/ConcursoFito1.pdf\" target=\"_blank\">Programa do Concurso<\/a><\/p>\n<p>&nbsp;<\/p>\n<p><strong>Professor adjunto do Departamento de Ci\u00eancias Florestais:<\/strong><\/p>\n<p>24\/10\/2012- <a href=\"http:\/\/localhost\/wp-content\/uploads\/2012\/06\/edital0712.pdf\" target=\"_blank\">Comiss\u00e3o Julgadora<\/a><\/p>\n<p>03\/10\/2012- <a href=\"http:\/\/localhost\/wp-content\/uploads\/2012\/06\/depflohom.pdf\" target=\"_blank\">Homologa\u00e7\u00e3o das Inscri\u00e7\u00f5es<\/a><\/p>\n<p>24\/09\/2012- <a href=\"http:\/\/localhost\/wp-content\/uploads\/2012\/06\/concursodcf.pdf\" target=\"_blank\">Programa do Concurso<\/a><\/p>\n<p>&nbsp;<\/p>\n<p>&nbsp;<\/p>\n","protected":false},"excerpt":{"rendered":"<p>Normas e regulamentos Decreto-n\u00ba-6944 de 21 de AGOSTO de 2009 &#8211; Estabelece medidas organizacionais para o aprimoramento da administra\u00e7\u00e3o p\u00fablica federal direta, aut\u00e1rquica e fundacional, disp\u00f5e sobre normas gerais relativas a concursos p\u00fablicos, organiza sob a forma de sistema as atividades de organiza\u00e7\u00e3o e inova\u00e7\u00e3o institucional do Governo Federal, e d\u00e1 outras provid\u00eancias. Professor substituto [&hellip;]<\/p>\n","protected":false},"author":3,"featured_media":0,"parent":0,"menu_order":0,"comment_status":"open","ping_status":"open","template":"","meta":{"footnotes":""},"class_list":["post-5284","page","type-page","status-publish","hentry"],"_links":{"self":[{"href":"https:\/\/agrarias.ufpr.br\/detf\/wp-json\/wp\/v2\/pages\/5284","targetHints":{"allow":["GET"]}}],"collection":[{"href":"https:\/\/agrarias.ufpr.br\/detf\/wp-json\/wp\/v2\/pages"}],"about":[{"href":"https:\/\/agrarias.ufpr.br\/detf\/wp-json\/wp\/v2\/types\/page"}],"author":[{"embeddable":true,"href":"https:\/\/agrarias.ufpr.br\/detf\/wp-json\/wp\/v2\/users\/3"}],"replies":[{"embeddable":true,"href":"https:\/\/agrarias.ufpr.br\/detf\/wp-json\/wp\/v2\/comments?post=5284"}],"version-history":[{"count":0,"href":"https:\/\/agrarias.ufpr.br\/detf\/wp-json\/wp\/v2\/pages\/5284\/revisions"}],"wp:attachment":[{"href":"https:\/\/agrarias.ufpr.br\/detf\/wp-json\/wp\/v2\/media?parent=5284"}],"curies":[{"name":"wp","href":"https:\/\/api.w.org\/{rel}","templated":true}]}}