{"id":4450,"date":"2016-11-08T10:05:40","date_gmt":"2016-11-08T12:05:40","guid":{"rendered":"http:\/\/localhost\/?page_id=4450"},"modified":"2016-11-08T10:05:40","modified_gmt":"2016-11-08T12:05:40","slug":"pos-graduacao","status":"publish","type":"page","link":"https:\/\/agrarias.ufpr.br\/detf\/pos-graduacao\/","title":{"rendered":"P\u00f3s-gradua\u00e7\u00e3o"},"content":{"rendered":"<p><a href=\"http:\/\/localhost\/mestrado-doutorado\"><strong>Mestrado e Doutorado<\/strong><\/a><\/p>\n<p><a href=\"http:\/\/localhost\/especializacao\"><strong>Cursos de Especializa\u00e7\u00e3o<\/strong><\/a><\/p>\n<h4><\/h4>\n","protected":false},"excerpt":{"rendered":"<p>Mestrado e Doutorado Cursos de Especializa\u00e7\u00e3o<\/p>\n","protected":false},"author":3,"featured_media":0,"parent":0,"menu_order":0,"comment_status":"closed","ping_status":"closed","template":"","meta":{"footnotes":""},"class_list":["post-4450","page","type-page","status-publish","hentry"],"_links":{"self":[{"href":"https:\/\/agrarias.ufpr.br\/detf\/wp-json\/wp\/v2\/pages\/4450","targetHints":{"allow":["GET"]}}],"collection":[{"href":"https:\/\/agrarias.ufpr.br\/detf\/wp-json\/wp\/v2\/pages"}],"about":[{"href":"https:\/\/agrarias.ufpr.br\/detf\/wp-json\/wp\/v2\/types\/page"}],"author":[{"embeddable":true,"href":"https:\/\/agrarias.ufpr.br\/detf\/wp-json\/wp\/v2\/users\/3"}],"replies":[{"embeddable":true,"href":"https:\/\/agrarias.ufpr.br\/detf\/wp-json\/wp\/v2\/comments?post=4450"}],"version-history":[{"count":0,"href":"https:\/\/agrarias.ufpr.br\/detf\/wp-json\/wp\/v2\/pages\/4450\/revisions"}],"wp:attachment":[{"href":"https:\/\/agrarias.ufpr.br\/detf\/wp-json\/wp\/v2\/media?parent=4450"}],"curies":[{"name":"wp","href":"https:\/\/api.w.org\/{rel}","templated":true}]}}