{"id":4440,"date":"2016-11-08T10:02:45","date_gmt":"2016-11-08T12:02:45","guid":{"rendered":"http:\/\/localhost\/?page_id=4440"},"modified":"2016-11-08T10:02:45","modified_gmt":"2016-11-08T12:02:45","slug":"comites","status":"publish","type":"page","link":"https:\/\/agrarias.ufpr.br\/detf\/comites\/","title":{"rendered":"Comit\u00eas"},"content":{"rendered":"<p><a href=\"http:\/\/localhost\/comite-de-etica-animal\"><strong>Comit\u00ea de \u00c9tica Animal<\/strong><\/a><\/p>\n<p><strong><a href=\"http:\/\/localhost\/meio-ambiente\">Comit\u00ea de Meio Ambiente<\/a><\/strong><\/p>\n<p><strong><a href=\"http:\/\/localhost\/projetos-de-pesquisa\">Comit\u00ea de Pesquisa<\/a><\/strong><\/p>\n<p><strong><a href=\"http:\/\/localhost\/projetos-de-extensao\">Comit\u00ea de Extens\u00e3o\u00a0<\/a><\/strong><\/p>\n<p>&nbsp;<\/p>\n","protected":false},"excerpt":{"rendered":"<p>Comit\u00ea de \u00c9tica Animal Comit\u00ea de Meio Ambiente Comit\u00ea de Pesquisa Comit\u00ea de Extens\u00e3o\u00a0 &nbsp;<\/p>\n","protected":false},"author":3,"featured_media":0,"parent":0,"menu_order":0,"comment_status":"closed","ping_status":"closed","template":"","meta":{"footnotes":""},"class_list":["post-4440","page","type-page","status-publish","hentry"],"_links":{"self":[{"href":"https:\/\/agrarias.ufpr.br\/detf\/wp-json\/wp\/v2\/pages\/4440","targetHints":{"allow":["GET"]}}],"collection":[{"href":"https:\/\/agrarias.ufpr.br\/detf\/wp-json\/wp\/v2\/pages"}],"about":[{"href":"https:\/\/agrarias.ufpr.br\/detf\/wp-json\/wp\/v2\/types\/page"}],"author":[{"embeddable":true,"href":"https:\/\/agrarias.ufpr.br\/detf\/wp-json\/wp\/v2\/users\/3"}],"replies":[{"embeddable":true,"href":"https:\/\/agrarias.ufpr.br\/detf\/wp-json\/wp\/v2\/comments?post=4440"}],"version-history":[{"count":0,"href":"https:\/\/agrarias.ufpr.br\/detf\/wp-json\/wp\/v2\/pages\/4440\/revisions"}],"wp:attachment":[{"href":"https:\/\/agrarias.ufpr.br\/detf\/wp-json\/wp\/v2\/media?parent=4440"}],"curies":[{"name":"wp","href":"https:\/\/api.w.org\/{rel}","templated":true}]}}