{"id":4437,"date":"2016-11-08T10:01:43","date_gmt":"2016-11-08T12:01:43","guid":{"rendered":"http:\/\/localhost\/?page_id=4437"},"modified":"2016-11-08T10:01:43","modified_gmt":"2016-11-08T12:01:43","slug":"estacoes-experimentais-2","status":"publish","type":"page","link":"https:\/\/agrarias.ufpr.br\/detf\/estacoes-experimentais-2\/","title":{"rendered":"Esta\u00e7\u00f5es Experimentais"},"content":{"rendered":"<p><a href=\"http:\/\/localhost\/fazendas-florestais\"><strong>Centro de Esta\u00e7\u00f5es Experimentais Florestais<\/strong><\/a><\/p>\n<p><strong><a href=\"http:\/\/localhost\/fazendas-agricolas\">Esta\u00e7\u00f5es Agricolas\u00a0<\/a><\/strong><\/p>\n<p><strong><a href=\"http:\/\/localhost\/fazenda-canguiri\">Fazenda Canguiri\u00a0<\/a><\/strong><\/p>\n<p>&nbsp;<\/p>\n<p>&nbsp;<\/p>\n<p>&nbsp;<\/p>\n","protected":false},"excerpt":{"rendered":"<p>Centro de Esta\u00e7\u00f5es Experimentais Florestais Esta\u00e7\u00f5es Agricolas\u00a0 Fazenda Canguiri\u00a0 &nbsp; &nbsp; &nbsp;<\/p>\n","protected":false},"author":3,"featured_media":0,"parent":0,"menu_order":0,"comment_status":"closed","ping_status":"closed","template":"","meta":{"footnotes":""},"class_list":["post-4437","page","type-page","status-publish","hentry"],"_links":{"self":[{"href":"https:\/\/agrarias.ufpr.br\/detf\/wp-json\/wp\/v2\/pages\/4437","targetHints":{"allow":["GET"]}}],"collection":[{"href":"https:\/\/agrarias.ufpr.br\/detf\/wp-json\/wp\/v2\/pages"}],"about":[{"href":"https:\/\/agrarias.ufpr.br\/detf\/wp-json\/wp\/v2\/types\/page"}],"author":[{"embeddable":true,"href":"https:\/\/agrarias.ufpr.br\/detf\/wp-json\/wp\/v2\/users\/3"}],"replies":[{"embeddable":true,"href":"https:\/\/agrarias.ufpr.br\/detf\/wp-json\/wp\/v2\/comments?post=4437"}],"version-history":[{"count":0,"href":"https:\/\/agrarias.ufpr.br\/detf\/wp-json\/wp\/v2\/pages\/4437\/revisions"}],"wp:attachment":[{"href":"https:\/\/agrarias.ufpr.br\/detf\/wp-json\/wp\/v2\/media?parent=4437"}],"curies":[{"name":"wp","href":"https:\/\/api.w.org\/{rel}","templated":true}]}}