{"id":3658,"date":"2016-04-08T14:14:29","date_gmt":"2016-04-08T17:14:29","guid":{"rendered":"http:\/\/localhost\/?page_id=3658"},"modified":"2016-04-08T14:14:29","modified_gmt":"2016-04-08T17:14:29","slug":"empresas-juniores-do-sca","status":"publish","type":"page","link":"https:\/\/agrarias.ufpr.br\/detf\/empresas-juniores-do-sca\/","title":{"rendered":"EMPRESAS JUNIORES DO SCA"},"content":{"rendered":"<div><\/div>\n<div><a href=\"http:\/\/localhost\/wp-content\/uploads\/2016\/04\/cepe6816-empresa-juniores.pdf\">Resolu\u00e7\u00e3o 68\/16-CEPE &#8211;<\/a> Estabelece normas para a cria\u00e7\u00e3o e organiza\u00e7\u00e3o das Empresas Juniores na Universidade Federal do Paran\u00e1.<\/div>\n<div><img loading=\"lazy\" decoding=\"async\" class=\"alignleft size-thumbnail wp-image-3774\" src=\"http:\/\/localhost\/wp-content\/uploads\/2016\/04\/semear-150x150.jpg\" alt=\"semear\" width=\"150\" height=\"150\" \/><\/div>\n<div><\/div>\n<div><\/div>\n<div><\/div>\n<div><\/div>\n<div><\/div>\n<div><\/div>\n<div><span style=\"color: #339966\"><strong>Semear Consultoria Jr &#8211; UFPR<\/strong><\/span><\/div>\n<div>Curso: <span id=\"DWT1167\" class=\"ZmSearchResult\">Ag<\/span>ronomia<\/div>\n<div>Telefone:\u00a0<span id=\"OBJ_PREFIX_DWT1168_com_zimbra_phone\" class=\"Object\">(41) 9914-8877<\/span><\/div>\n<div>P\u00e1gina\/Site: <span id=\"OBJ_PREFIX_DWT1169_com_zimbra_url\" class=\"Object\"><a href=\"http:\/\/www.facebook.com\/semearconsultoriajr\" target=\"_blank\">www.facebook.com\/semearconsultoriajr<\/a><\/span><\/div>\n<div><span id=\"OBJ_PREFIX_DWT1170_com_zimbra_email\" class=\"Object\"><a href=\"mailto:E-mail%3Asemear@ufpr.br\" target=\"_blank\">E-mail:semear@ufpr.br<\/a><\/span><\/div>\n<div><\/div>\n<div>\n<div><strong><span style=\"color: #339966\">COPLAF &#8211; Empresa Junior<\/span><\/strong><\/div>\n<div>Curso: Engenharia Florestal<\/div>\n<div>Telefone: <span id=\"OBJ_PREFIX_DWT1171_com_zimbra_phone\" class=\"Object\">(41) 3360-4207<\/span><\/div>\n<div>P\u00e1gina\/Site: <span id=\"OBJ_PREFIX_DWT1172_com_zimbra_url\" class=\"Object\"><a href=\"http:\/\/www.coplafufpr.br\" target=\"_blank\">www.coplafufpr.br<\/a><\/span><\/div>\n<div>E-mail: <span id=\"OBJ_PREFIX_DWT1173_com_zimbra_email\" class=\"Object\"><a href=\"mailto:coplaf.ufpr@gmail.com\" target=\"_blank\">coplaf.ufpr@gmail.com<\/a><\/span><\/div>\n<\/div>\n","protected":false},"excerpt":{"rendered":"<p>Resolu\u00e7\u00e3o 68\/16-CEPE &#8211; Estabelece normas para a cria\u00e7\u00e3o e organiza\u00e7\u00e3o das Empresas Juniores na Universidade Federal do Paran\u00e1. Semear Consultoria Jr &#8211; UFPR Curso: Agronomia Telefone:\u00a0(41) 9914-8877 P\u00e1gina\/Site: www.facebook.com\/semearconsultoriajr E-mail:semear@ufpr.br COPLAF &#8211; Empresa Junior Curso: Engenharia Florestal Telefone: (41) 3360-4207 P\u00e1gina\/Site: www.coplafufpr.br E-mail: coplaf.ufpr@gmail.com<\/p>\n","protected":false},"author":3,"featured_media":0,"parent":0,"menu_order":0,"comment_status":"closed","ping_status":"closed","template":"","meta":{"footnotes":""},"class_list":["post-3658","page","type-page","status-publish","hentry"],"_links":{"self":[{"href":"https:\/\/agrarias.ufpr.br\/detf\/wp-json\/wp\/v2\/pages\/3658","targetHints":{"allow":["GET"]}}],"collection":[{"href":"https:\/\/agrarias.ufpr.br\/detf\/wp-json\/wp\/v2\/pages"}],"about":[{"href":"https:\/\/agrarias.ufpr.br\/detf\/wp-json\/wp\/v2\/types\/page"}],"author":[{"embeddable":true,"href":"https:\/\/agrarias.ufpr.br\/detf\/wp-json\/wp\/v2\/users\/3"}],"replies":[{"embeddable":true,"href":"https:\/\/agrarias.ufpr.br\/detf\/wp-json\/wp\/v2\/comments?post=3658"}],"version-history":[{"count":0,"href":"https:\/\/agrarias.ufpr.br\/detf\/wp-json\/wp\/v2\/pages\/3658\/revisions"}],"wp:attachment":[{"href":"https:\/\/agrarias.ufpr.br\/detf\/wp-json\/wp\/v2\/media?parent=3658"}],"curies":[{"name":"wp","href":"https:\/\/api.w.org\/{rel}","templated":true}]}}