{"id":2164,"date":"2015-03-16T17:15:57","date_gmt":"2015-03-16T17:15:57","guid":{"rendered":"http:\/\/localhost\/?page_id=2164"},"modified":"2015-03-16T17:15:57","modified_gmt":"2015-03-16T17:15:57","slug":"cifloma","status":"publish","type":"page","link":"https:\/\/agrarias.ufpr.br\/detf\/cifloma\/","title":{"rendered":"CIFLOMA"},"content":{"rendered":"<p style=\"text-align: JUSTIFY\">O SCA estabeleceu <strong>EQUIPE ADMINISTRATIVA <\/strong>e <strong>CONSELHO DE GERENCIAMENTO<\/strong>\u00a0 para EXECUTAR A\u00c7\u00d5ES de Gerenciamento do CIFLOMA e estabelecer v\u00ednculo, como unidade, com a Dire\u00e7\u00e3o do SCA.<\/p>\n<p style=\"text-align: center\"><a href=\"mailto:cifloma.adm@gmail.com\">cifloma.adm@gmail.com<\/a><\/p>\n<p><a href=\"http:\/\/localhost\/wp-content\/uploads\/2016\/03\/Portaria-04-2017.pdf\">Portaria 04-2017<\/a>\u00a0&#8211; Designa\u00e7\u00e3o de servidores da EQUIPE ADMINISTRATIVA do CIFLOMA.( (Retifica a <a href=\"http:\/\/localhost\/wp-content\/uploads\/2015\/03\/14-Equipe-Administrativa-Cifloma1.docx\">Portaria 14\/2015 , Portaria 31\/ 2016) <\/a><\/p>\n<p><a href=\"http:\/\/localhost\/wp-content\/uploads\/2015\/03\/CIFLOMA_e_mails_telefones_Equipe_Conselho.docx\">CIFLOMA_e_mails_telefones_Equipe_Conselho<\/a><br \/>\n<a href=\"http:\/\/localhost\/wp-content\/uploads\/2015\/03\/CIFLOMA_e_mails_PROFESSORES_T\u00c9CNICOS.xls\">CIFLOMA_e_mails_PROFESSORES_T\u00c9CNICOS<\/a><br \/>\n<a href=\"http:\/\/localhost\/wp-content\/uploads\/2015\/03\/CIFLOMA-alunos-de-p\u00f3s-gradua\u00e7\u00e3o-Floresta.doc\">CIFLOMA alunos de p\u00f3s gradua\u00e7\u00e3o Floresta<\/a><\/p>\n<p><a href=\"http:\/\/localhost\/wp-content\/uploads\/2015\/12\/Regimento-CIFLOMA.pdf\" rel=\"\">Regimento CIFLOMA<\/a><\/p>\n<p style=\"text-align: center\"><strong><span style=\"color: #339966\"><span style=\"text-decoration: underline\">EQUIPE ADMINISTRATIVA<\/span><\/span><\/strong><\/p>\n<p style=\"text-align: center\">Prof. Dr. Rui Andre Maggi Dos Anjos (Presidente)<\/p>\n<p style=\"text-align: center\">T\u00e9cnico- Administrativo: Reinaldo de Souza Mendes (Secret\u00e1rio Executivo)<\/p>\n<p style=\"text-align: center\">\u00a0\u00a0\u00a0\u00a0\u00a0\u00a0\u00a0\u00a0\u00a0\u00a0\u00a0 Prof. Dr. Christopher Thomas Blum<\/p>\n<p style=\"text-align: center\">\u00a0 \u00a0 \u00a0 \u00a0 \u00a0 T\u00e9cnico- Administrativo: Dion\u00e9ia Romero Calixto<\/p>\n<p style=\"text-align: center\"><span style=\"color: #339966\"><strong><span style=\"text-decoration: underline\">CONSELHO DE GERENCIAMENTO<\/span><\/strong><\/span><\/p>\n<p style=\"text-align: center\">Integrantes da Equipe Administrativa<br \/>\nVice-Diretor do SCA<br \/>\nSecret\u00e1rio do SCA<br \/>\nCoordenador do Curso de Gradua\u00e7\u00e3o em Engenharia Florestal<br \/>\nCoordenador do Curso de Gradua\u00e7\u00e3o em Engenharia Industrial Madeireira<br \/>\nChefe do Departamento de Engenharia e Tecnologia Florestal \u2013 DETF<br \/>\nChefe do Departamento de Ci\u00eancias Florestais \u2013 DECIF<br \/>\nChefe do Departamento de Economia e Extens\u00e3o Rural\u00a0 \u2013 DERE<br \/>\nCoordenador do Programa de P\u00f3s-Gradua\u00e7\u00e3o em Engenharia Florestal<br \/>\nUm representante dos alunos de Gradua\u00e7\u00e3o indicado em comum acordo pelos Centros Acad\u00eamicos<br \/>\nUm representante dos alunos de p\u00f3s-gradua\u00e7\u00e3o em Engenharia Florestal<\/p>\n<p style=\"text-align: center\"><strong><span style=\"text-decoration: underline\"><span style=\"color: #339966;text-decoration: underline\">ATRIBUI\u00c7\u00d5ES<\/span><br \/>\n<\/span><\/strong><\/p>\n<p style=\"text-align: JUSTIFY\">A <strong>Equipe Administrativa<\/strong> ter\u00e1 a fun\u00e7\u00e3o manter a infraestrutura do CIFLOMA atendendo demandas da comunidade bem como manter a qualidade dos espa\u00e7os de uso interno e externo do CIFLOMA (salas de aula, espa\u00e7os de alunos, cantinas, estacionamento, circula\u00e7\u00e3o interna e externa, etc). Manter di\u00e1logo constante com a comunidade acad\u00eamica (professores, alunos e t\u00e9cnicos) para que as a\u00e7\u00f5es de conserva\u00e7\u00e3o e melhoria dos espa\u00e7os f\u00edsicos sejam de uso satisfat\u00f3rio de toda a comunidade, sem distin\u00e7\u00e3o. Primar por manter di\u00e1logo de constru\u00e7\u00e3o de rela\u00e7\u00f5es acad\u00eamicas compat\u00edveis com o conceito de Universidade P\u00fablica, de forma democr\u00e1tica e participativa atendendo as diretrizes emanadas do Conselho de Gerenciamento. Os integrantes da Equipe Administrativa, em comum acordo com o Conselho de Gerenciamento, definir\u00e3o o Secret\u00e1rio Executivo de coordena\u00e7\u00e3o geral.<\/p>\n<p style=\"text-align: JUSTIFY\">O <strong>Conselho de Gerenciamento<\/strong> ser\u00e1 inst\u00e2ncia consultiva e deliberativa de a\u00e7\u00f5es a serem implementadas pela Equipe Administrativa e se reunir\u00e1 frequentemente (m\u00ednimo uma vez por m\u00eas), visando estabelecer harmonia did\u00e1tico- pedag\u00f3gica e administrativa da comunidade usu\u00e1ria da infraestrutura do CIFLOMA, definindo Diretrizes para utiliza\u00e7\u00e3o do espa\u00e7o interno e externo do CIFLOMA, incluindo as Fazendas Florestais vinculadas.<\/p>\n<p>&nbsp;<\/p>\n","protected":false},"excerpt":{"rendered":"<p>O SCA estabeleceu EQUIPE ADMINISTRATIVA e CONSELHO DE GERENCIAMENTO\u00a0 para EXECUTAR A\u00c7\u00d5ES de Gerenciamento do CIFLOMA e estabelecer v\u00ednculo, como unidade, com a Dire\u00e7\u00e3o do SCA. cifloma.adm@gmail.com Portaria 04-2017\u00a0&#8211; Designa\u00e7\u00e3o de servidores da EQUIPE ADMINISTRATIVA do CIFLOMA.( (Retifica a Portaria 14\/2015 , Portaria 31\/ 2016) CIFLOMA_e_mails_telefones_Equipe_Conselho CIFLOMA_e_mails_PROFESSORES_T\u00c9CNICOS CIFLOMA alunos de p\u00f3s gradua\u00e7\u00e3o Floresta Regimento CIFLOMA [&hellip;]<\/p>\n","protected":false},"author":3,"featured_media":0,"parent":0,"menu_order":0,"comment_status":"open","ping_status":"open","template":"","meta":{"footnotes":""},"class_list":["post-2164","page","type-page","status-publish","hentry"],"_links":{"self":[{"href":"https:\/\/agrarias.ufpr.br\/detf\/wp-json\/wp\/v2\/pages\/2164","targetHints":{"allow":["GET"]}}],"collection":[{"href":"https:\/\/agrarias.ufpr.br\/detf\/wp-json\/wp\/v2\/pages"}],"about":[{"href":"https:\/\/agrarias.ufpr.br\/detf\/wp-json\/wp\/v2\/types\/page"}],"author":[{"embeddable":true,"href":"https:\/\/agrarias.ufpr.br\/detf\/wp-json\/wp\/v2\/users\/3"}],"replies":[{"embeddable":true,"href":"https:\/\/agrarias.ufpr.br\/detf\/wp-json\/wp\/v2\/comments?post=2164"}],"version-history":[{"count":0,"href":"https:\/\/agrarias.ufpr.br\/detf\/wp-json\/wp\/v2\/pages\/2164\/revisions"}],"wp:attachment":[{"href":"https:\/\/agrarias.ufpr.br\/detf\/wp-json\/wp\/v2\/media?parent=2164"}],"curies":[{"name":"wp","href":"https:\/\/api.w.org\/{rel}","templated":true}]}}