{"id":21,"date":"2017-06-07T12:14:37","date_gmt":"2017-06-07T12:14:37","guid":{"rendered":"https:\/\/agrarias.ufpr.br\/detf\/?page_id=21"},"modified":"2021-07-13T20:00:03","modified_gmt":"2021-07-13T20:00:03","slug":"ensino-e-pesquisa","status":"publish","type":"page","link":"https:\/\/agrarias.ufpr.br\/detf\/ensino-e-pesquisa\/","title":{"rendered":"Ensino e Pesquisa"},"content":{"rendered":"<p><a href=\"https:\/\/agrarias.ufpr.br\/detf\/ensino-de-graduacao\/\"><strong>Ensino de Gradua\u00e7\u00e3o<\/strong><\/a><\/p>\n<p><a href=\"https:\/\/agrarias.ufpr.br\/detf\/posgrad\/\"><strong>Ensino de P\u00f3s-Gradua\u00e7\u00e3o&nbsp;<\/strong><\/a><\/p>\n<p><a href=\"https:\/\/agrarias.ufpr.br\/detf\/atividades-de-pesquisa\/\"><strong>Atividades de Pesquisa&nbsp;<\/strong><\/a><\/p>\n<p><a href=\"https:\/\/agrarias.ufpr.br\/detf\/atividades-de-extensao\/\"><strong>Atividades de Extens\u00e3o<\/strong><\/a><\/p>\n<p><a href=\"https:\/\/agrarias.ufpr.br\/detf\/5529-2\/\"><strong>Atividades Administrativas<\/strong><\/a><\/p>\n<p>&nbsp;<\/p>\n","protected":false},"excerpt":{"rendered":"<p>Ensino de Gradua\u00e7\u00e3o Ensino de P\u00f3s-Gradua\u00e7\u00e3o&nbsp; Atividades de Pesquisa&nbsp; Atividades de Extens\u00e3o Atividades Administrativas &nbsp;<\/p>\n","protected":false},"author":3,"featured_media":0,"parent":0,"menu_order":0,"comment_status":"closed","ping_status":"closed","template":"","meta":{"footnotes":""},"class_list":["post-21","page","type-page","status-publish","hentry"],"_links":{"self":[{"href":"https:\/\/agrarias.ufpr.br\/detf\/wp-json\/wp\/v2\/pages\/21","targetHints":{"allow":["GET"]}}],"collection":[{"href":"https:\/\/agrarias.ufpr.br\/detf\/wp-json\/wp\/v2\/pages"}],"about":[{"href":"https:\/\/agrarias.ufpr.br\/detf\/wp-json\/wp\/v2\/types\/page"}],"author":[{"embeddable":true,"href":"https:\/\/agrarias.ufpr.br\/detf\/wp-json\/wp\/v2\/users\/3"}],"replies":[{"embeddable":true,"href":"https:\/\/agrarias.ufpr.br\/detf\/wp-json\/wp\/v2\/comments?post=21"}],"version-history":[{"count":15,"href":"https:\/\/agrarias.ufpr.br\/detf\/wp-json\/wp\/v2\/pages\/21\/revisions"}],"predecessor-version":[{"id":5534,"href":"https:\/\/agrarias.ufpr.br\/detf\/wp-json\/wp\/v2\/pages\/21\/revisions\/5534"}],"wp:attachment":[{"href":"https:\/\/agrarias.ufpr.br\/detf\/wp-json\/wp\/v2\/media?parent=21"}],"curies":[{"name":"wp","href":"https:\/\/api.w.org\/{rel}","templated":true}]}}