{"id":2018,"date":"2015-03-11T18:12:48","date_gmt":"2015-03-11T18:12:48","guid":{"rendered":"http:\/\/localhost\/?page_id=2018"},"modified":"2015-03-11T18:12:48","modified_gmt":"2015-03-11T18:12:48","slug":"museu-virtual","status":"publish","type":"page","link":"https:\/\/agrarias.ufpr.br\/detf\/museu-virtual\/","title":{"rendered":"Museu Virtual"},"content":{"rendered":"<p>Caso voc\u00ea tenha alguma informa\u00e7\u00e3o sobre as fotos entre em contato conosco!<\/p>\n<p>&nbsp;<\/p>\n<p>[Best_Wordpress_Gallery id=&#8221;3&#8243; gal_title=&#8221;Museu&#8221;] <\/p>\n","protected":false},"excerpt":{"rendered":"<p>Caso voc\u00ea tenha alguma informa\u00e7\u00e3o sobre as fotos entre em contato conosco! &nbsp; [Best_Wordpress_Gallery id=&#8221;3&#8243; gal_title=&#8221;Museu&#8221;]<\/p>\n","protected":false},"author":3,"featured_media":0,"parent":0,"menu_order":0,"comment_status":"open","ping_status":"open","template":"","meta":{"footnotes":""},"class_list":["post-2018","page","type-page","status-publish","hentry"],"_links":{"self":[{"href":"https:\/\/agrarias.ufpr.br\/detf\/wp-json\/wp\/v2\/pages\/2018","targetHints":{"allow":["GET"]}}],"collection":[{"href":"https:\/\/agrarias.ufpr.br\/detf\/wp-json\/wp\/v2\/pages"}],"about":[{"href":"https:\/\/agrarias.ufpr.br\/detf\/wp-json\/wp\/v2\/types\/page"}],"author":[{"embeddable":true,"href":"https:\/\/agrarias.ufpr.br\/detf\/wp-json\/wp\/v2\/users\/3"}],"replies":[{"embeddable":true,"href":"https:\/\/agrarias.ufpr.br\/detf\/wp-json\/wp\/v2\/comments?post=2018"}],"version-history":[{"count":0,"href":"https:\/\/agrarias.ufpr.br\/detf\/wp-json\/wp\/v2\/pages\/2018\/revisions"}],"wp:attachment":[{"href":"https:\/\/agrarias.ufpr.br\/detf\/wp-json\/wp\/v2\/media?parent=2018"}],"curies":[{"name":"wp","href":"https:\/\/api.w.org\/{rel}","templated":true}]}}