{"id":1814,"date":"2015-02-24T14:03:39","date_gmt":"2015-02-24T14:03:39","guid":{"rendered":"http:\/\/localhost\/?page_id=1814"},"modified":"2015-02-24T14:03:39","modified_gmt":"2015-02-24T14:03:39","slug":"meio-ambiente","status":"publish","type":"page","link":"https:\/\/agrarias.ufpr.br\/detf\/meio-ambiente\/","title":{"rendered":"Meio Ambiente"},"content":{"rendered":"<p style=\"text-align: center\"><a href=\"http:\/\/localhost\/wp-content\/uploads\/2016\/03\/Portaria-03-2015.pdf\" rel=\"\">Portaria 03-2015<\/a><a href=\"http:\/\/localhost\/wp-content\/uploads\/2015\/02\/03-Comit\u00ea-de-Meio-Ambiente.doc\"> &#8211;<\/a>Portaria de Institucionaliza\u00e7\u00e3o do Comit\u00ea de Meio Ambiente. Altera\u00e7\u00f5es <a href=\"http:\/\/localhost\/wp-content\/uploads\/2015\/02\/Portaria-29-2017.pdf\">Portaria 29-2017<\/a> e <a href=\"http:\/\/localhost\/wp-content\/uploads\/2015\/02\/Portaria-35-2017.pdf\">Portaria 35-2017<\/a><\/p>\n<p style=\"text-align: center\">O Comit\u00ea de Meio Ambiente do Setor de Ci\u00eancias Agr\u00e1rias est\u00e1 encarregado de organizar debates e elaborar documentos sobre quest\u00f5es t\u00e9cnicas de temas relacionados com as \u00c1reas de Conhecimento do Setor de Ci\u00eancias Agr\u00e1rias, os quais ser\u00e3o divulgados para a comunidade interna e externa a UFPR.<br \/>\n<strong><span style=\"text-decoration: underline\">Membros do Comit\u00ea de Meio Ambiente<\/span><\/strong><br \/>\nProf. Wilson Loureiro &#8211; DFF &#8211; Coordenador do Comit\u00ea<br \/>\nProf\u00aa Eloana Janice Bonfleur DSEA<br \/>\nProf. Marco Aur\u00e9lio de Mello Machado DSEA<br \/>\nProf. Rog\u00e9rio Ribas Lange \u2013 DMV<br \/>\nProf. Dimas Agostinho da Silva \u2013 DETF<br \/>\nProf. Rom\u00e1n Carlos R\u00edos &#8211; DECIF<br \/>\nProf. Carlos Firkowski &#8211; DECIF<br \/>\nProf. Jos\u00e9 Milton Andriguetto Filho \u2013 DZ<br \/>\nProf. Paulo de Tarso de Lara Pires \u2013 DERE<\/p>\n<p style=\"text-align: left\">\n","protected":false},"excerpt":{"rendered":"<p>Portaria 03-2015 &#8211;Portaria de Institucionaliza\u00e7\u00e3o do Comit\u00ea de Meio Ambiente. Altera\u00e7\u00f5es Portaria 29-2017 e Portaria 35-2017 O Comit\u00ea de Meio Ambiente do Setor de Ci\u00eancias Agr\u00e1rias est\u00e1 encarregado de organizar debates e elaborar documentos sobre quest\u00f5es t\u00e9cnicas de temas relacionados com as \u00c1reas de Conhecimento do Setor de Ci\u00eancias Agr\u00e1rias, os quais ser\u00e3o divulgados para [&hellip;]<\/p>\n","protected":false},"author":3,"featured_media":0,"parent":0,"menu_order":0,"comment_status":"open","ping_status":"open","template":"","meta":{"footnotes":""},"class_list":["post-1814","page","type-page","status-publish","hentry"],"_links":{"self":[{"href":"https:\/\/agrarias.ufpr.br\/detf\/wp-json\/wp\/v2\/pages\/1814","targetHints":{"allow":["GET"]}}],"collection":[{"href":"https:\/\/agrarias.ufpr.br\/detf\/wp-json\/wp\/v2\/pages"}],"about":[{"href":"https:\/\/agrarias.ufpr.br\/detf\/wp-json\/wp\/v2\/types\/page"}],"author":[{"embeddable":true,"href":"https:\/\/agrarias.ufpr.br\/detf\/wp-json\/wp\/v2\/users\/3"}],"replies":[{"embeddable":true,"href":"https:\/\/agrarias.ufpr.br\/detf\/wp-json\/wp\/v2\/comments?post=1814"}],"version-history":[{"count":0,"href":"https:\/\/agrarias.ufpr.br\/detf\/wp-json\/wp\/v2\/pages\/1814\/revisions"}],"wp:attachment":[{"href":"https:\/\/agrarias.ufpr.br\/detf\/wp-json\/wp\/v2\/media?parent=1814"}],"curies":[{"name":"wp","href":"https:\/\/api.w.org\/{rel}","templated":true}]}}