{"id":17,"date":"2017-06-07T12:13:59","date_gmt":"2017-06-07T12:13:59","guid":{"rendered":"https:\/\/agrarias.ufpr.br\/detf\/?page_id=17"},"modified":"2021-07-13T14:30:02","modified_gmt":"2021-07-13T14:30:02","slug":"fazendas","status":"publish","type":"page","link":"https:\/\/agrarias.ufpr.br\/detf\/fazendas\/","title":{"rendered":"Fazendas"},"content":{"rendered":"<h4><strong>FAZENDA CANGUIRI<\/strong><\/h4>\n<p><strong>Centro de Esta\u00e7\u00f5es Experimentais&nbsp; \u2013 CEEx<\/strong><br \/>\nDire\u00e7\u00e3o: Prof. Dr. Marcos Vinicius Ferrari<br \/>\nvargasferrari@gmail.com<br \/>\nTelefones: (41) 3301-8901<br \/>\nEndere\u00e7o: Fazenda Canguiri, rua Ivone Pimentel, 19 \u2013 CEP 83.327-000 \u2013 Pinhais \u2013 Paran\u00e1<\/p>\n<p><iframe loading=\"lazy\" style=\"border: 0;\" src=\"https:\/\/www.google.com\/maps\/embed?pb=!1m18!1m12!1m3!1d17590.924875406567!2d-49.12608689724988!3d-25.38660034690301!2m3!1f0!2f0!3f0!3m2!1i1024!2i768!4f13.1!3m3!1m2!1s0x94dcee9c029bb773%3A0x40b7ca2a46523eb4!2sExperimental%20Farm%20Canguiri!5e1!3m2!1sen!2sbr!4v1626186538121!5m2!1sen!2sbr\" width=\"600\" height=\"450\" allowfullscreen=\"allowfullscreen\"><\/iframe><br \/>\n&nbsp;<\/p>\n<p><strong>Esta\u00e7\u00e3o Experimental de Rio Negro<\/strong><br \/>\nDire\u00e7\u00e3o: prof. Carlos&nbsp;Firkowski<br \/>\nContato local: eng. agr\u00f4nomo Gilson Machado Rosa<br \/>\nTelefones:(41) 3360-4234, (41)9175-3216 e (47)9957-6343<br \/>\nE_mail: carlos.firkowski@gmail.com<\/p>\n<p><iframe loading=\"lazy\" src=\"https:\/\/maps.google.com\/maps?t=h&amp;ie=UTF8&amp;ll=-26.07363,-49.758421&amp;spn=0.008587,0.012757&amp;z=17&amp;output=embed\" width=\"425\" height=\"350\" frameborder=\"0\" marginwidth=\"0\" marginheight=\"0\" scrolling=\"no\" data-mce-fragment=\"1\"><\/iframe><\/p>\n","protected":false},"excerpt":{"rendered":"<p>FAZENDA CANGUIRI Centro de Esta\u00e7\u00f5es Experimentais&nbsp; \u2013 CEEx Dire\u00e7\u00e3o: Prof. Dr. Marcos Vinicius Ferrari vargasferrari@gmail.com Telefones: (41) 3301-8901 Endere\u00e7o: Fazenda Canguiri, rua Ivone Pimentel, 19 \u2013 CEP 83.327-000 \u2013 Pinhais \u2013 Paran\u00e1 &nbsp; Esta\u00e7\u00e3o Experimental de Rio Negro Dire\u00e7\u00e3o: prof. Carlos&nbsp;Firkowski Contato local: eng. agr\u00f4nomo Gilson Machado Rosa Telefones:(41) 3360-4234, (41)9175-3216 e (47)9957-6343 E_mail: carlos.firkowski@gmail.com<\/p>\n","protected":false},"author":3,"featured_media":0,"parent":0,"menu_order":0,"comment_status":"closed","ping_status":"closed","template":"","meta":{"footnotes":""},"class_list":["post-17","page","type-page","status-publish","hentry"],"_links":{"self":[{"href":"https:\/\/agrarias.ufpr.br\/detf\/wp-json\/wp\/v2\/pages\/17","targetHints":{"allow":["GET"]}}],"collection":[{"href":"https:\/\/agrarias.ufpr.br\/detf\/wp-json\/wp\/v2\/pages"}],"about":[{"href":"https:\/\/agrarias.ufpr.br\/detf\/wp-json\/wp\/v2\/types\/page"}],"author":[{"embeddable":true,"href":"https:\/\/agrarias.ufpr.br\/detf\/wp-json\/wp\/v2\/users\/3"}],"replies":[{"embeddable":true,"href":"https:\/\/agrarias.ufpr.br\/detf\/wp-json\/wp\/v2\/comments?post=17"}],"version-history":[{"count":4,"href":"https:\/\/agrarias.ufpr.br\/detf\/wp-json\/wp\/v2\/pages\/17\/revisions"}],"predecessor-version":[{"id":5447,"href":"https:\/\/agrarias.ufpr.br\/detf\/wp-json\/wp\/v2\/pages\/17\/revisions\/5447"}],"wp:attachment":[{"href":"https:\/\/agrarias.ufpr.br\/detf\/wp-json\/wp\/v2\/media?parent=17"}],"curies":[{"name":"wp","href":"https:\/\/api.w.org\/{rel}","templated":true}]}}