{"id":15,"date":"2017-06-07T12:13:43","date_gmt":"2017-06-07T12:13:43","guid":{"rendered":"https:\/\/agrarias.ufpr.br\/detf\/?page_id=15"},"modified":"2017-06-07T12:45:55","modified_gmt":"2017-06-07T12:45:55","slug":"laboratorios","status":"publish","type":"page","link":"https:\/\/agrarias.ufpr.br\/detf\/laboratorios\/","title":{"rendered":"Laborat\u00f3rios"},"content":{"rendered":"<p><strong>Laborat\u00f3rio de Manejo de Bacias Hidrogr\u00e1ficas e Qualidade de \u00c1gua.\u00a0<\/strong><br \/>\nNeste laborat\u00f3rio, se determina par\u00e2metros f\u00edsicos, qu\u00edmicos e biol\u00f3gicos de qualidade de \u00e1gua in natura, de \u00e1gua residual urbana, de \u00e1gua residual industrial (ind\u00fastrias florestais) e de l\u00edquidos percolados de aterros sanit\u00e1rios. Pode ser conceituado como um laborat\u00f3rio b\u00e1sico de Qualidade de \u00c1gua (f\u00edsico-qu\u00edmico)<br \/>\nRespons\u00e1vel: Prof. Dr. Nivaldo Eduardo Rizzi<br \/>\nTelefone: 3360-4257 \/ 3360-4246<br \/>\nE-mail <a href=\"mailto:niva@ufpr.br\">niva@ufpr.br<\/a><br \/>\nP\u00e1gina: http:\/\/<a href=\"http:\/\/www.hidrologia.ufpr.br\">www.hidrologia.ufpr.br<\/a><\/p>\n<p><strong>Laborat\u00f3rio de Anatomia e qualidade da madeira (LANAQM)<br \/>\n<\/strong>O Laborat\u00f3rio de Anatomia e Qualidade da Madeira \u2013 LANAQM atua na caracteriza\u00e7\u00e3o da estrutura anat\u00f4mica da madeira, bem como sua influ\u00eancia na aplica\u00e7\u00e3o e processamento deste material. Tamb\u00e9m na identifica\u00e7\u00e3o de esp\u00e9cies atrav\u00e9s de amostras de madeira e carv\u00e3o, al\u00e9m da caracteriza\u00e7\u00e3o n\u00e3o destrutiva de diferentes materiais lignocelul\u00f3sicos.<br \/>\nRespons\u00e1vel:\u00a0Profa. Silvana Nisgoski\u00a0e Profa. Graciela In\u00e9s Bolzon de Mu\u00f1iz.<br \/>\nT\u00e9cnico administrativo vinculado: Eliane Lopes da Silva<br \/>\nTelefone: \u00a03360-4272<br \/>\nE-mail:\u00a0<a href=\"mailto:nisgoski@ufpr.br\">nisgoski@ufpr.br\u00a0<\/a><br \/>\nP\u00e1gina:\u00a0<a href=\"http:\/\/www.lanaqm.ufpr.br\/\">http:\/\/www.lanaqm.ufpr.br\/<\/a><\/p>\n<p><strong>Atelier de Pequenos Objetos em Madeiras<br \/>\n<\/strong>O atelier transforma res\u00edduos de madeira em objetos de decora\u00e7\u00e3o, jogos pedag\u00f3gicos (inclusive j\u00e1 fizemos doa\u00e7\u00e3o para escolas da prefeitura), jogos l\u00f3gicos. Tamb\u00e9m s\u00e3o desenvolvidas atividades de marchetaria em l\u00e2mina e madeira s\u00f3lida.\u00a0O laborat\u00f3rio tamb\u00e9m serve de apoio para as aulas pr\u00e1ticas de propriedades f\u00edsicas da madeira. Em uma das pr\u00e1ticas o estudante tem que construir dois objetos: um com madeira densa e outro com madeira leve e dever\u00e1 relatar as diferen\u00e7as encontradas nas opera\u00e7\u00f5es de corte, colagem, lixamento, torneamento, etc.<br \/>\nRespons\u00e1vel: Profa. Ghislaine Miranda Bonduelle<br \/>\nE-mail:\u00a0<a href=\"mailto:ghislaine@ufpr.br\">ghislaine@ufpr.br<\/a><br \/>\nTelefone: \u00a03360 \u2013 4271 \/ 4295<\/p>\n<p><strong>Laborat\u00f3rio de Biodegrada\u00e7\u00e3o e Preserva\u00e7\u00e3o da Madeira<\/strong><br \/>\nDr. Rui Andr\u00e9 Maggi dos Anjos\u00a0 e Dr. Jo\u00e3o Carlos Moreschi<br \/>\nTelefone: (41) 3360 \u2013 4294 \/ 4276<\/p>\n<p><strong>Laborat\u00f3rio de Energia de Biomassa Florestal e Bioenergia<\/strong><br \/>\nDr. Dimas Agostinho da Silva<br \/>\nDr. Fernando Augusto Ferraz<br \/>\nTelefone: (41) 3360 \u2013 4292 \/4223<br \/>\nemail:fernando.ferraz@ufpr.br<br \/>\ndimass@ufpr.br<\/p>\n<p><strong>Laborat\u00f3rio de Log\u00edstica Industrial<\/strong><br \/>\nDra. Mayara Elita Carneiro<br \/>\nTelefone: (41) 3360 \u2013 4223<\/p>\n<p><strong>Laborat\u00f3rio de Mecaniza\u00e7\u00e3o Florestal<\/strong><br \/>\nDr. Renato Cesar Gon\u00e7alves Robert (Coordenador)<br \/>\nTelefone: (41) 3360 \u2013 4273<\/p>\n<p><strong>Laborat\u00f3rio de Pain\u00e9is de Madeira<\/strong><br \/>\nDr. Setsuo Iwakiri (Coordenador) e Dr\u00aa. Rosilani Trianoski<br \/>\nTelefone: (41) 3360 \u2013 4305 \/ 4270<\/p>\n<p><strong>Laborat\u00f3rio de Polpa e Papel<\/strong><br \/>\nO laborat\u00f3rio se dedica exclusivamente ao ensino, \u00e0 pesquisa e \u00e0 assessoria t\u00e9cnica na \u00e1rea de produ\u00e7\u00e3o de polpa celulose e papel. Oferece disciplinas na gradua\u00e7\u00e3o e p\u00f3s-gradua\u00e7\u00e3o. Por interm\u00e9dio de pesquisas, pode promover a caracteriza\u00e7\u00e3o de mat\u00e9rias primas convencionais ou alternativas, an\u00e1lise de processos de obten\u00e7\u00e3o de polpa celul\u00f3sica, testes de aditivos, produ\u00e7\u00e3o e caracteriza\u00e7\u00e3o de pap\u00e9is, cart\u00f5es e biofilmes. Por meio de coopera\u00e7\u00f5es, desenvolve relat\u00f3rios t\u00e9cnicos cient\u00edficos que visam solucionar problemas t\u00e9cnicos relativos a empresas do ramo. Temos por objetivo formar profissionais em n\u00edvel de gradua\u00e7\u00e3o, mestrado, doutorado e p\u00f3s-doutorado bem como realiza\u00e7\u00e3o de pesquisas b\u00e1sicas e aplicadas necess\u00e1rias ao desenvolvimento tecnol\u00f3gico do segmento industrial produtor de polpa celul\u00f3sica e papel.<br \/>\nRespons\u00e1vel: Prof. Umberto Klock, Prof. Alan Sulato de Andrade e Prof. Ivan Venson<br \/>\nTelefone: 3360-4291<br \/>\nE-mail: <a href=\"mailto:klockuer@gmail.com\">klockuer@gmail.com<\/a>, <a href=\"mailto:alansulato@gmail.com\">alansulato@gmail.com<\/a>,\u00a0<a href=\"mailto:venson.ivan@gmail.com\">venson.ivan@gmail.com<\/a><br \/>\nP\u00e1gina: <a href=\"http:\/\/www.madeira.ufpr.br\/\">www.madeira.ufpr.br<\/a><\/p>\n<p><strong>Laborat\u00f3rio de Secagem de Madeiras<\/strong><br \/>\nDr. Ricardo Jorge Klitzke<br \/>\nTelefone: (41) 3360 \u2013 4324 \/ 4267<\/p>\n<p><strong>Laborat\u00f3rio de Seguran\u00e7a do Trabalho<\/strong><br \/>\nDr. Renato Cesar Gon\u00e7alves Robert<br \/>\nDr. Sandro Jos\u00e9 Andrioli Bittencourt<br \/>\nTelefone: (41) 3360 \u2013 4223<\/p>\n<p><strong>Laborat\u00f3rio de Qu\u00edmica da Madeira<br \/>\n<\/strong>O laborat\u00f3rio se dedica exclusivamente ao ensino, \u00e0 pesquisa e \u00e0 assessoria t\u00e9cnica na \u00e1rea de qu\u00edmica da madeira e processos qu\u00edmicos de obten\u00e7\u00e3o de produtos. Oferece disciplinas na gradua\u00e7\u00e3o e p\u00f3s-gradua\u00e7\u00e3o. Por interm\u00e9dio de pesquisas, pode promover a caracteriza\u00e7\u00e3o qu\u00edmica quantitativa de mat\u00e9rias primas convencionais ou alternativas, an\u00e1lise de processos qu\u00edmicos de obten\u00e7\u00e3o de produtos madeireiros e n\u00e3o madeir\u00e1veis. Por meio de coopera\u00e7\u00f5es, pode desenvolver relat\u00f3rios t\u00e9cnicos cient\u00edficos que visam solucionar problemas t\u00e9cnicos relativos a empresas do ramo. Temos por objetivo formar profissionais em n\u00edvel de gradua\u00e7\u00e3o, mestrado, doutorado e p\u00f3s-doutorado bem como realiza\u00e7\u00e3o de pesquisas b\u00e1sicas e aplicadas necess\u00e1rias ao desenvolvimento tecnol\u00f3gico do segmento industrial qu\u00edmico de recursos florestais.<br \/>\nRespons\u00e1vel: Prof. Umberto Klock, Prof. Alan Sulato de Andrade<br \/>\nTelefone: 3360-4291<br \/>\nE-mail: <a href=\"mailto:klockuer@gmail.com\">klockuer@gmail.com<\/a>, <a href=\"mailto:alansulato@gmail.com\">alansulato@gmail.com<\/a><br \/>\nP\u00e1gina : <a href=\"http:\/\/www.madeira.ufpr.br\/\">www.madeira.ufpr.br<\/a><\/p>\n<p><strong>Laborat\u00f3rio de Tecnologia da Madeira \u2013 Propriedades F\u00edsicas e Mec\u00e2nicas<\/strong><br \/>\nDr. Jorge Luis Monteiro de Matos e Dr. Jos\u00e9 Guilherme Prata<br \/>\nTelefone: (41) 3360 \u2013 4313 \/ 4312<\/p>\n<p><strong>Laborat\u00f3rio de Tecnologia Industrial<\/strong><br \/>\nO laborat\u00f3rio se dedica exclusivamente ao ensino, \u00e0 pesquisa e \u00e0 assessoria t\u00e9cnica na \u00e1rea de automa\u00e7\u00e3o e equipamentos industriais. Oferece disciplinas na gradua\u00e7\u00e3o. Por interm\u00e9dio de pesquisas, pode promover o desenvolvimento de sistemas el\u00e9tricos, pneum\u00e1ticos e hidr\u00e1ulicos, sistemas t\u00e9rmicos bem como an\u00e1lise de equipamentos de fluxo e projeto de equipamentos industriais. Por meio de coopera\u00e7\u00f5es, pode desenvolver relat\u00f3rios t\u00e9cnicos cient\u00edficos que visam solucionar problemas t\u00e9cnicos relativos a empresas do ramo. Temos por objetivo formar profissionais em n\u00edvel de gradua\u00e7\u00e3o, mestrado, doutorado e p\u00f3s-doutorado bem como realiza\u00e7\u00e3o de pesquisas b\u00e1sicas e aplicadas necess\u00e1rias ao desenvolvimento tecnol\u00f3gico do segmento industrial madeireiro.<br \/>\nRespons\u00e1vel: Prof. Ivan Venson, Prof. Alan Sulato de Andrade<br \/>\nTelefone: 41-3360-4314<br \/>\nE-mail: <a href=\"mailto:venson.ivan@gmail.com\">venson.ivan@gmail.com<\/a>, <a href=\"mailto:alansulato@gmail.com\">alansulato@gmail.com<\/a><br \/>\nP\u00e1gina: <a href=\"http:\/\/www.madeira.ufpr.br\/\">www.madeira.ufpr.br<\/a><\/p>\n<p><strong>Laborat\u00f3rio de Usinagem de Madeiras<\/strong><br \/>\nDr. Ricardo Jorge Klitzke<br \/>\nTelefone: (41) 3360 \u2013 4292 \/ 4245<\/p>\n","protected":false},"excerpt":{"rendered":"<p>Laborat\u00f3rio de Manejo de Bacias Hidrogr\u00e1ficas e Qualidade de \u00c1gua.\u00a0 Neste laborat\u00f3rio, se determina par\u00e2metros f\u00edsicos, qu\u00edmicos e biol\u00f3gicos de qualidade de \u00e1gua in natura, de \u00e1gua residual urbana, de \u00e1gua residual industrial (ind\u00fastrias florestais) e de l\u00edquidos percolados de aterros sanit\u00e1rios. Pode ser conceituado como um laborat\u00f3rio b\u00e1sico de Qualidade de \u00c1gua (f\u00edsico-qu\u00edmico) Respons\u00e1vel: [&hellip;]<\/p>\n","protected":false},"author":3,"featured_media":0,"parent":0,"menu_order":0,"comment_status":"closed","ping_status":"closed","template":"","meta":{"footnotes":""},"class_list":["post-15","page","type-page","status-publish","hentry"],"_links":{"self":[{"href":"https:\/\/agrarias.ufpr.br\/detf\/wp-json\/wp\/v2\/pages\/15","targetHints":{"allow":["GET"]}}],"collection":[{"href":"https:\/\/agrarias.ufpr.br\/detf\/wp-json\/wp\/v2\/pages"}],"about":[{"href":"https:\/\/agrarias.ufpr.br\/detf\/wp-json\/wp\/v2\/types\/page"}],"author":[{"embeddable":true,"href":"https:\/\/agrarias.ufpr.br\/detf\/wp-json\/wp\/v2\/users\/3"}],"replies":[{"embeddable":true,"href":"https:\/\/agrarias.ufpr.br\/detf\/wp-json\/wp\/v2\/comments?post=15"}],"version-history":[{"count":7,"href":"https:\/\/agrarias.ufpr.br\/detf\/wp-json\/wp\/v2\/pages\/15\/revisions"}],"predecessor-version":[{"id":51,"href":"https:\/\/agrarias.ufpr.br\/detf\/wp-json\/wp\/v2\/pages\/15\/revisions\/51"}],"wp:attachment":[{"href":"https:\/\/agrarias.ufpr.br\/detf\/wp-json\/wp\/v2\/media?parent=15"}],"curies":[{"name":"wp","href":"https:\/\/api.w.org\/{rel}","templated":true}]}}