{"id":1189,"date":"2014-12-18T18:24:54","date_gmt":"2014-12-18T18:24:54","guid":{"rendered":"http:\/\/localhost\/?page_id=1189"},"modified":"2014-12-18T18:24:54","modified_gmt":"2014-12-18T18:24:54","slug":"fazendas-agricolas","status":"publish","type":"page","link":"https:\/\/agrarias.ufpr.br\/detf\/fazendas-agricolas\/","title":{"rendered":"ESTA\u00c7\u00d5ES AGR\u00cdCOLAS"},"content":{"rendered":"<h4><span style=\"color: #000080\"><strong>CENTRO DE ENSINO E PESQUISA DA CANA DE A\u00c7\u00daCAR &#8211; CEPCA &#8211; PARANAVA\u00cd<br \/>\n<\/strong><\/span><\/h4>\n<p>Respons\u00e1vel: Prof. Edelclaiton Daros<br \/>\nTelefones: (41) 3350-5606<br \/>\nE-mail: ededaros@ufpr.br<\/p>\n","protected":false},"excerpt":{"rendered":"<p>CENTRO DE ENSINO E PESQUISA DA CANA DE A\u00c7\u00daCAR &#8211; CEPCA &#8211; PARANAVA\u00cd Respons\u00e1vel: Prof. Edelclaiton Daros Telefones: (41) 3350-5606 E-mail: ededaros@ufpr.br<\/p>\n","protected":false},"author":3,"featured_media":0,"parent":0,"menu_order":0,"comment_status":"open","ping_status":"open","template":"","meta":{"footnotes":""},"class_list":["post-1189","page","type-page","status-publish","hentry"],"_links":{"self":[{"href":"https:\/\/agrarias.ufpr.br\/detf\/wp-json\/wp\/v2\/pages\/1189","targetHints":{"allow":["GET"]}}],"collection":[{"href":"https:\/\/agrarias.ufpr.br\/detf\/wp-json\/wp\/v2\/pages"}],"about":[{"href":"https:\/\/agrarias.ufpr.br\/detf\/wp-json\/wp\/v2\/types\/page"}],"author":[{"embeddable":true,"href":"https:\/\/agrarias.ufpr.br\/detf\/wp-json\/wp\/v2\/users\/3"}],"replies":[{"embeddable":true,"href":"https:\/\/agrarias.ufpr.br\/detf\/wp-json\/wp\/v2\/comments?post=1189"}],"version-history":[{"count":0,"href":"https:\/\/agrarias.ufpr.br\/detf\/wp-json\/wp\/v2\/pages\/1189\/revisions"}],"wp:attachment":[{"href":"https:\/\/agrarias.ufpr.br\/detf\/wp-json\/wp\/v2\/media?parent=1189"}],"curies":[{"name":"wp","href":"https:\/\/api.w.org\/{rel}","templated":true}]}}