{"id":1126,"date":"2014-12-15T18:37:07","date_gmt":"2014-12-15T18:37:07","guid":{"rendered":"http:\/\/localhost\/?page_id=1126"},"modified":"2014-12-15T18:37:07","modified_gmt":"2014-12-15T18:37:07","slug":"orcamento-e-financas","status":"publish","type":"page","link":"https:\/\/agrarias.ufpr.br\/detf\/orcamento-e-financas\/","title":{"rendered":"Or\u00e7amento\/Finan\u00e7as"},"content":{"rendered":"<p><a href=\"http:\/\/localhost\/wp-content\/uploads\/2014\/12\/Di\u00e1rias-Internacionais.pdf\">Di\u00e1rias internacionais<\/a><\/p>\n<p><a href=\"http:\/\/localhost\/wp-content\/uploads\/2014\/12\/Di\u00e1rias-Nacionais.pdf\">Di\u00e1rias nacionais<\/a><\/p>\n<p><a href=\"http:\/\/localhost\/wp-content\/uploads\/2014\/12\/modelo-solicitacao-diarias-passagens.pdf\">Solicita\u00e7\u00e3o de di\u00e1rias e passagens -modelo<\/a><\/p>\n<p><a href=\"http:\/\/localhost\/wp-content\/uploads\/2014\/12\/N.E.O.F.pdf\">NEOF<\/a>\u00a0&#8211;\u00a0NORMAS DE EXECU\u00c7\u00c3O OR\u00c7AMENT\u00c1RIA E FINANCEIRA<\/p>\n<p><a href=\"http:\/\/localhost\/wp-content\/uploads\/2014\/12\/Ordem-de-Servi\u00e7o-004_2009.pdf\">Ordem de servi\u00e7o 004\/2009-GR<\/a><\/p>\n<p><a href=\"http:\/\/localhost\/wp-content\/uploads\/2014\/12\/relatorio-viagem-modelo.pdf\">Relat\u00f3rio de viagem- modelo<\/a><\/p>\n<p>&nbsp;<\/p>\n","protected":false},"excerpt":{"rendered":"<p>Di\u00e1rias internacionais Di\u00e1rias nacionais Solicita\u00e7\u00e3o de di\u00e1rias e passagens -modelo NEOF\u00a0&#8211;\u00a0NORMAS DE EXECU\u00c7\u00c3O OR\u00c7AMENT\u00c1RIA E FINANCEIRA Ordem de servi\u00e7o 004\/2009-GR Relat\u00f3rio de viagem- modelo &nbsp;<\/p>\n","protected":false},"author":3,"featured_media":0,"parent":0,"menu_order":0,"comment_status":"open","ping_status":"open","template":"","meta":{"footnotes":""},"class_list":["post-1126","page","type-page","status-publish","hentry"],"_links":{"self":[{"href":"https:\/\/agrarias.ufpr.br\/detf\/wp-json\/wp\/v2\/pages\/1126","targetHints":{"allow":["GET"]}}],"collection":[{"href":"https:\/\/agrarias.ufpr.br\/detf\/wp-json\/wp\/v2\/pages"}],"about":[{"href":"https:\/\/agrarias.ufpr.br\/detf\/wp-json\/wp\/v2\/types\/page"}],"author":[{"embeddable":true,"href":"https:\/\/agrarias.ufpr.br\/detf\/wp-json\/wp\/v2\/users\/3"}],"replies":[{"embeddable":true,"href":"https:\/\/agrarias.ufpr.br\/detf\/wp-json\/wp\/v2\/comments?post=1126"}],"version-history":[{"count":0,"href":"https:\/\/agrarias.ufpr.br\/detf\/wp-json\/wp\/v2\/pages\/1126\/revisions"}],"wp:attachment":[{"href":"https:\/\/agrarias.ufpr.br\/detf\/wp-json\/wp\/v2\/media?parent=1126"}],"curies":[{"name":"wp","href":"https:\/\/api.w.org\/{rel}","templated":true}]}}