{"id":1120,"date":"2014-12-15T18:36:19","date_gmt":"2014-12-15T18:36:19","guid":{"rendered":"http:\/\/localhost\/?page_id=1120"},"modified":"2014-12-15T18:36:19","modified_gmt":"2014-12-15T18:36:19","slug":"assessoria-de-imprensa","status":"publish","type":"page","link":"https:\/\/agrarias.ufpr.br\/detf\/assessoria-de-imprensa\/","title":{"rendered":"Assessoria de Imprensa"},"content":{"rendered":"<p style=\"text-align: justify\">Assessoria de Comunica\u00e7\u00e3o Social<\/p>\n<p style=\"text-align: justify\">A Assessoria de Comunica\u00e7\u00e3o Social da UFPR mant\u00e9m uma sucursal no campus Agr\u00e1rias, no Juvev\u00ea. O objetivo \u00e9 divulgar para a imprensa e tamb\u00e9m internamente atrav\u00e9s dos ve\u00edculos de comunica\u00e7\u00e3o pr\u00f3prios da UFPR todas as a\u00e7\u00f5es relevantes desenvolvidas no campus. Contatos podem ser feitos com a jornalista Simone Meirelles, atrav\u00e9s do fone 3350-5799 ou e-mail <a href=\"mailto:simonerm@ufpr.br\">simonerm@ufpr.br<\/a>. A sala da assessoria fica no pr\u00e9dio da Dire\u00e7\u00e3o do Setor de Ci\u00eancias Agr\u00e1rias, no t\u00e9rreo.<\/p>\n<p>Professores, t\u00e9cnicos administrativos e estudantes tamb\u00e9m podem solicitar divulga\u00e7\u00e3o de cursos e eventos atrav\u00e9s do \u00a0Sistema de Apoio \u00e0 Comunica\u00e7\u00e3o Integrada \u2013 SACI . Para acess\u00e1-lo basta entrar no site <a href=\"http:\/\/www.ufpr.br\">www.ufpr.br<\/a> e clicar em Comunica\u00e7\u00e3o (acima, \u00e0 direita) e em seguida em Solicita\u00e7\u00e3o de divulga\u00e7\u00e3o. Por este sistema \u00e9 poss\u00edvel acompanhar de perto o encaminhamento dado, atrav\u00e9s de consulta do andamento da solicita\u00e7\u00e3o.<\/p>\n<h4><strong>Assessoria de Comunica\u00e7\u00e3o<\/strong><\/h4>\n<p>Simone Meirelles<br \/>\nTelefones: (41) 3350.5799<br \/>\ne_mail: simonerm@ufpr.br<\/p>\n","protected":false},"excerpt":{"rendered":"<p>Assessoria de Comunica\u00e7\u00e3o Social A Assessoria de Comunica\u00e7\u00e3o Social da UFPR mant\u00e9m uma sucursal no campus Agr\u00e1rias, no Juvev\u00ea. O objetivo \u00e9 divulgar para a imprensa e tamb\u00e9m internamente atrav\u00e9s dos ve\u00edculos de comunica\u00e7\u00e3o pr\u00f3prios da UFPR todas as a\u00e7\u00f5es relevantes desenvolvidas no campus. Contatos podem ser feitos com a jornalista Simone Meirelles, atrav\u00e9s do [&hellip;]<\/p>\n","protected":false},"author":3,"featured_media":0,"parent":0,"menu_order":0,"comment_status":"open","ping_status":"open","template":"","meta":{"footnotes":""},"class_list":["post-1120","page","type-page","status-publish","hentry"],"_links":{"self":[{"href":"https:\/\/agrarias.ufpr.br\/detf\/wp-json\/wp\/v2\/pages\/1120","targetHints":{"allow":["GET"]}}],"collection":[{"href":"https:\/\/agrarias.ufpr.br\/detf\/wp-json\/wp\/v2\/pages"}],"about":[{"href":"https:\/\/agrarias.ufpr.br\/detf\/wp-json\/wp\/v2\/types\/page"}],"author":[{"embeddable":true,"href":"https:\/\/agrarias.ufpr.br\/detf\/wp-json\/wp\/v2\/users\/3"}],"replies":[{"embeddable":true,"href":"https:\/\/agrarias.ufpr.br\/detf\/wp-json\/wp\/v2\/comments?post=1120"}],"version-history":[{"count":0,"href":"https:\/\/agrarias.ufpr.br\/detf\/wp-json\/wp\/v2\/pages\/1120\/revisions"}],"wp:attachment":[{"href":"https:\/\/agrarias.ufpr.br\/detf\/wp-json\/wp\/v2\/media?parent=1120"}],"curies":[{"name":"wp","href":"https:\/\/api.w.org\/{rel}","templated":true}]}}