{"id":1116,"date":"2014-12-15T18:35:42","date_gmt":"2014-12-15T18:35:42","guid":{"rendered":"http:\/\/localhost\/?page_id=1116"},"modified":"2014-12-15T18:35:42","modified_gmt":"2014-12-15T18:35:42","slug":"indicadores-academicos","status":"publish","type":"page","link":"https:\/\/agrarias.ufpr.br\/detf\/indicadores-academicos\/","title":{"rendered":"Indicadores Acad\u00eamicos"},"content":{"rendered":"<div class=\"titulonoticia\">\n<h3>Estudantes da gradua\u00e7\u00e3o e educa\u00e7\u00e3o profissional podem avaliar disciplinas at\u00e9 10 de junho<\/h3>\n<\/div>\n<div class=\"post_autor\">Por Assessoria de Comunica\u00e7\u00e3o Social<\/div>\n<div id=\"noticias\" class=\"hide-for-small-only\">\n<p>A Pr\u00f3-Reitoria de Gradua\u00e7\u00e3o (Prograd) criou um portal especialmente destinado aos formul\u00e1rios para Avalia\u00e7\u00e3o de Disciplinas, o<a href=\"http:\/\/www.avaliacao.ufpr.br\/\"> http:\/\/www.avaliacao.ufpr.br\/<\/a>. A avalia\u00e7\u00e3o pode ser feita pelos estudantes de gradua\u00e7\u00e3o e educa\u00e7\u00e3o profissional e diz respeito \u00e0s disciplinas anuais de 2015 e \u00e0s do segundo semestre do mesmo ano. O formul\u00e1rio estar\u00e1 dispon\u00edvel at\u00e9 o dia 10 de junho.<\/p>\n<p>A a\u00e7\u00e3o \u00e9 promovida pela Coordena\u00e7\u00e3o de Pol\u00edticas de Avalia\u00e7\u00e3o Institucional de Ensino (Copaie), vinculada \u00e0 Pr\u00f3-Reitoria de Gradua\u00e7\u00e3o e Educa\u00e7\u00e3o Profissional (Prograd), e tem como objetivo avaliar as estrat\u00e9gias de ensino, o corpo docente e demais condi\u00e7\u00f5es dos cursos. A iniciativa d\u00e1 aos alunos a oportunidade de contribuir no aperfei\u00e7oamento da qualidade de ensino na Institui\u00e7\u00e3o.<\/p>\n<p>Para participar, basta clicar em \u201cAvalie\u201d no portal e fazer login com o n\u00famero da matr\u00edcula. O participante deve estar com os dados cadastrais atualizados para eventual necessidade de recebimento de nova senha. As avalia\u00e7\u00f5es s\u00e3o an\u00f4nimas.<\/p>\n<\/div>\n<p>&nbsp;<\/p>\n<p>&nbsp;<\/p>\n","protected":false},"excerpt":{"rendered":"<p>Estudantes da gradua\u00e7\u00e3o e educa\u00e7\u00e3o profissional podem avaliar disciplinas at\u00e9 10 de junho Por Assessoria de Comunica\u00e7\u00e3o Social A Pr\u00f3-Reitoria de Gradua\u00e7\u00e3o (Prograd) criou um portal especialmente destinado aos formul\u00e1rios para Avalia\u00e7\u00e3o de Disciplinas, o http:\/\/www.avaliacao.ufpr.br\/. A avalia\u00e7\u00e3o pode ser feita pelos estudantes de gradua\u00e7\u00e3o e educa\u00e7\u00e3o profissional e diz respeito \u00e0s disciplinas anuais de [&hellip;]<\/p>\n","protected":false},"author":3,"featured_media":0,"parent":0,"menu_order":0,"comment_status":"open","ping_status":"open","template":"","meta":{"footnotes":""},"class_list":["post-1116","page","type-page","status-publish","hentry"],"_links":{"self":[{"href":"https:\/\/agrarias.ufpr.br\/detf\/wp-json\/wp\/v2\/pages\/1116","targetHints":{"allow":["GET"]}}],"collection":[{"href":"https:\/\/agrarias.ufpr.br\/detf\/wp-json\/wp\/v2\/pages"}],"about":[{"href":"https:\/\/agrarias.ufpr.br\/detf\/wp-json\/wp\/v2\/types\/page"}],"author":[{"embeddable":true,"href":"https:\/\/agrarias.ufpr.br\/detf\/wp-json\/wp\/v2\/users\/3"}],"replies":[{"embeddable":true,"href":"https:\/\/agrarias.ufpr.br\/detf\/wp-json\/wp\/v2\/comments?post=1116"}],"version-history":[{"count":0,"href":"https:\/\/agrarias.ufpr.br\/detf\/wp-json\/wp\/v2\/pages\/1116\/revisions"}],"wp:attachment":[{"href":"https:\/\/agrarias.ufpr.br\/detf\/wp-json\/wp\/v2\/media?parent=1116"}],"curies":[{"name":"wp","href":"https:\/\/api.w.org\/{rel}","templated":true}]}}