{"id":1114,"date":"2014-12-15T18:35:05","date_gmt":"2014-12-15T18:35:05","guid":{"rendered":"http:\/\/localhost\/?page_id=1114"},"modified":"2014-12-15T18:35:05","modified_gmt":"2014-12-15T18:35:05","slug":"fazendas-florestais","status":"publish","type":"page","link":"https:\/\/agrarias.ufpr.br\/detf\/fazendas-florestais\/","title":{"rendered":"CENTRO DE ESTA\u00c7\u00d5ES EXPERIMENTAIS\u00a0FLORESTAIS"},"content":{"rendered":"<h3><\/h3>\n<p><strong><span style=\"color: #000080\">Esta\u00e7\u00e3o Experimental de Rio Negro<\/span><\/strong><br \/>\nDire\u00e7\u00e3o: prof. Carlos\u00a0Firkowski<br \/>\nContato local: eng. agr\u00f4nomo Gilson Machado Rosa<br \/>\nTelefones:(41) 3360-4234, (41)9175-3216 e (47)9957-6343<br \/>\nE_mail: carlos.firkowski@gmail.com<\/p>\n<p><a href=\"http:\/\/localhost\/wp-content\/uploads\/2014\/12\/Apresenta\u00e7\u00e3o-EERNegro-p\u00e1gina-site.pdf\">Apresenta\u00e7\u00e3o da E. Ex de Rio Negro<\/a><\/p>\n<p>&nbsp;<\/p>\n<p><strong><span style=\"color: #000080\">Esta\u00e7\u00e3o Experimental prof. dr. Rudi Arno Seitz \u2013 S\u00e3o Jo\u00e3o do Triunfo<\/span><\/strong><br \/>\nDire\u00e7\u00e3o: prof. Carlos Firkowski<br \/>\nContato local: sr. Deon\u00edzio Kieras<br \/>\nTelefones: (41) 3360-4234, (41) 9175-3216 e (42) 8826-1343<br \/>\nE_mail: carlos.firkowski@gmail.com<\/p>\n<div><\/div>\n<p><a href=\"http:\/\/localhost\/wp-content\/uploads\/2014\/12\/EExSJT.pdf\">Apresenta\u00e7\u00e3o da E. Ex prof. \u00a0dr. Rudi A Seitz<\/a><\/p>\n<p>&nbsp;<\/p>\n<p>&nbsp;<\/p>\n<p>&nbsp;<\/p>\n<div dir=\"ltr\"><\/div>\n","protected":false},"excerpt":{"rendered":"<p>Esta\u00e7\u00e3o Experimental de Rio Negro Dire\u00e7\u00e3o: prof. Carlos\u00a0Firkowski Contato local: eng. agr\u00f4nomo Gilson Machado Rosa Telefones:(41) 3360-4234, (41)9175-3216 e (47)9957-6343 E_mail: carlos.firkowski@gmail.com Apresenta\u00e7\u00e3o da E. Ex de Rio Negro &nbsp; Esta\u00e7\u00e3o Experimental prof. dr. Rudi Arno Seitz \u2013 S\u00e3o Jo\u00e3o do Triunfo Dire\u00e7\u00e3o: prof. Carlos Firkowski Contato local: sr. Deon\u00edzio Kieras Telefones: (41) 3360-4234, (41) [&hellip;]<\/p>\n","protected":false},"author":3,"featured_media":0,"parent":0,"menu_order":0,"comment_status":"open","ping_status":"open","template":"","meta":{"footnotes":""},"class_list":["post-1114","page","type-page","status-publish","hentry"],"_links":{"self":[{"href":"https:\/\/agrarias.ufpr.br\/detf\/wp-json\/wp\/v2\/pages\/1114","targetHints":{"allow":["GET"]}}],"collection":[{"href":"https:\/\/agrarias.ufpr.br\/detf\/wp-json\/wp\/v2\/pages"}],"about":[{"href":"https:\/\/agrarias.ufpr.br\/detf\/wp-json\/wp\/v2\/types\/page"}],"author":[{"embeddable":true,"href":"https:\/\/agrarias.ufpr.br\/detf\/wp-json\/wp\/v2\/users\/3"}],"replies":[{"embeddable":true,"href":"https:\/\/agrarias.ufpr.br\/detf\/wp-json\/wp\/v2\/comments?post=1114"}],"version-history":[{"count":0,"href":"https:\/\/agrarias.ufpr.br\/detf\/wp-json\/wp\/v2\/pages\/1114\/revisions"}],"wp:attachment":[{"href":"https:\/\/agrarias.ufpr.br\/detf\/wp-json\/wp\/v2\/media?parent=1114"}],"curies":[{"name":"wp","href":"https:\/\/api.w.org\/{rel}","templated":true}]}}