{"id":1112,"date":"2014-12-15T18:34:51","date_gmt":"2014-12-15T18:34:51","guid":{"rendered":"http:\/\/localhost\/?page_id=1112"},"modified":"2014-12-15T18:34:51","modified_gmt":"2014-12-15T18:34:51","slug":"fazenda-canguiri","status":"publish","type":"page","link":"https:\/\/agrarias.ufpr.br\/detf\/fazenda-canguiri\/","title":{"rendered":"FAZENDA CANGUIRI"},"content":{"rendered":"<h4><span style=\"color: #339966\"><strong>FAZENDA CANGUIRI<\/strong><\/span><\/h4>\n<p><strong>Centro de Esta\u00e7\u00f5es Experimentais\u00a0 \u2013 CEEx<\/strong><br \/>\nDire\u00e7\u00e3o: Prof. Dr. Marcos Vinicius Ferrari<br \/>\nvargasferrari@gmail.com<br \/>\nTelefones: (41) 3301-8901<br \/>\nEndere\u00e7o: Fazenda Canguiri, rua Ivone Pimentel, 19 &#8211; CEP 83.327-000 \u2013 Pinhais &#8211; Paran\u00e1<br \/>\n<a href=\"https:\/\/www.google.com.br\/maps\/@-25.3866003,-49.1260869,3a,75y,38.34h,90t\/data=%213m5%211e1%213m3%211sGPMDeISxdvAmvYWOzossag%212e0%213e5?hl=en\">https:\/\/www.google.com.br\/maps\/@-25.3866003,-49.1260869,3a,75y,38.34h,90t\/data=!3m5!1e1!3m3!1sGPMDeISxdvAmvYWOzossag!2e0!3e5?hl=en<\/a><\/p>\n<p><a href=\"https:\/\/www.google.com.br\/maps\/place\/25%C2%B023'12.3%22S+49%C2%B007'33.2%22W\/@-25.3878,-49.1220316,1603m\/data=!3m1!1e3!4m2!3m1!1s0x0:0x0?hl=pt-BR\">https:\/\/www.google.com.br\/maps\/place\/25%C2%B023&#8217;12.3%22S+49%C2%B007&#8217;33.2%22W\/@-25.3878,-49.1220316,1603m\/data=!3m1!1e3!4m2!3m1!1s0x0:0x0?hl=pt-BR<\/a><\/p>\n<p>&nbsp;<\/p>\n<p>&nbsp;<\/p>\n<p>&nbsp;<\/p>\n<p>&nbsp;<\/p>\n<p>&nbsp;<\/p>\n","protected":false},"excerpt":{"rendered":"<p>FAZENDA CANGUIRI Centro de Esta\u00e7\u00f5es Experimentais\u00a0 \u2013 CEEx Dire\u00e7\u00e3o: Prof. Dr. Marcos Vinicius Ferrari vargasferrari@gmail.com Telefones: (41) 3301-8901 Endere\u00e7o: Fazenda Canguiri, rua Ivone Pimentel, 19 &#8211; CEP 83.327-000 \u2013 Pinhais &#8211; Paran\u00e1 https:\/\/www.google.com.br\/maps\/@-25.3866003,-49.1260869,3a,75y,38.34h,90t\/data=!3m5!1e1!3m3!1sGPMDeISxdvAmvYWOzossag!2e0!3e5?hl=en https:\/\/www.google.com.br\/maps\/place\/25%C2%B023&#8217;12.3%22S+49%C2%B007&#8217;33.2%22W\/@-25.3878,-49.1220316,1603m\/data=!3m1!1e3!4m2!3m1!1s0x0:0x0?hl=pt-BR &nbsp; &nbsp; &nbsp; &nbsp; &nbsp;<\/p>\n","protected":false},"author":3,"featured_media":0,"parent":0,"menu_order":0,"comment_status":"open","ping_status":"open","template":"","meta":{"footnotes":""},"class_list":["post-1112","page","type-page","status-publish","hentry"],"_links":{"self":[{"href":"https:\/\/agrarias.ufpr.br\/detf\/wp-json\/wp\/v2\/pages\/1112","targetHints":{"allow":["GET"]}}],"collection":[{"href":"https:\/\/agrarias.ufpr.br\/detf\/wp-json\/wp\/v2\/pages"}],"about":[{"href":"https:\/\/agrarias.ufpr.br\/detf\/wp-json\/wp\/v2\/types\/page"}],"author":[{"embeddable":true,"href":"https:\/\/agrarias.ufpr.br\/detf\/wp-json\/wp\/v2\/users\/3"}],"replies":[{"embeddable":true,"href":"https:\/\/agrarias.ufpr.br\/detf\/wp-json\/wp\/v2\/comments?post=1112"}],"version-history":[{"count":0,"href":"https:\/\/agrarias.ufpr.br\/detf\/wp-json\/wp\/v2\/pages\/1112\/revisions"}],"wp:attachment":[{"href":"https:\/\/agrarias.ufpr.br\/detf\/wp-json\/wp\/v2\/media?parent=1112"}],"curies":[{"name":"wp","href":"https:\/\/api.w.org\/{rel}","templated":true}]}}