{"id":11,"date":"2017-06-07T12:11:34","date_gmt":"2017-06-07T12:11:34","guid":{"rendered":"https:\/\/agrarias.ufpr.br\/detf\/?page_id=11"},"modified":"2021-07-13T17:14:22","modified_gmt":"2021-07-13T17:14:22","slug":"historico","status":"publish","type":"page","link":"https:\/\/agrarias.ufpr.br\/detf\/historico\/","title":{"rendered":"Hist\u00f3rico"},"content":{"rendered":"<h4>Hist\u00f3ria da Cria\u00e7\u00e3o do Departamento de Engenharia e Tecnologia FLORESTAL \u2013 ANTIGO DEPARTAMENTO DE ENEGNHARIA E TECNOLOGIA RURAL<\/h4>\n<p>&nbsp;<\/p>\n<p>Quando da funda\u00e7\u00e3o da Universidade do Paran\u00e1 em 1912, a agronomia fazia parte dos planos, mas na sua funda\u00e7\u00e3o contava apenas com os cursos de Direito, Engenharia Civil, Com\u00e9rcio, Odontologia, Farm\u00e1cia e Obstetr\u00edcia. Para funcionar no ano seguinte tamb\u00e9m o de Medicina e Cirurgia, sendo que o curso de agronomia ficou para fevereiro de 1915. Pelos registros que constam do curso \u201cHist\u00f3ria da Escola Agron\u00f4mica do Paran\u00e1\u201d 1918-1993 entre os eleitos Lentes Catedr\u00e1ticos surgiam as figuras de adotar Hegreville Hintz, Heitor Soares Gomes, Eduardo Leite Leal Ferreira, Lys\u00edmaco Ferreira da Costa, Jos\u00e9 Maria de Paula, Guilherme Barbosa Bezerril Fonteneli, David de Sousa Camargo, Manoel Francisco Correa, Adelino de Benedito, Te\u00f3filo Garcez Duarte e Haroldo de Figueiredo, sem que possamos identificar claramente entre estes qual deles seria inicialmente o semeador do futuro Departamento de Engenharia e Tecnologia Rurais da UFPR, pois o Curso de Agronomia da ent\u00e3o Universidade do Paran\u00e1 foi extinto em 1918 deixando somente uma turma de cinco agr\u00f4nomos graduados.<\/p>\n<p>J\u00e1 em 1\/7\/1918, \u00e9 instalada a Escola Agron\u00f4mica do Paran\u00e1 e a\u00ed ent\u00e3o surge a semente do Departamento de Engenharia e Tecnologia Rurais na figura do engenheiro civil Luiz Renot respons\u00e1vel pela 1\u00aa cadeira, ou seja, revis\u00e3o de matem\u00e1ticas, agrimensura, drenagem, irriga\u00e7\u00e3o, mec\u00e2nica agr\u00edcola e constru\u00e7\u00e3o rural.<\/p>\n<p>Da\u00ed para frente, a hist\u00f3ria \u00e9 recente e a mudan\u00e7a do nome do Departamento ocorre um pouco antes da mudan\u00e7a da sede do bairro Juvev\u00ea para o atual bairro Jardim Bot\u00e2nico (Campus III) no in\u00edcio do ano 2.000 onde j\u00e1 havia alguns cursos como Farm\u00e1cia e Odontologia.<\/p>\n<p>&nbsp;<\/p>\n<h2>A mudan\u00e7a para o Jardim Bot\u00e2nico<\/h2>\n<p>&nbsp;&nbsp;&nbsp;&nbsp;&nbsp;&nbsp;&nbsp;&nbsp;&nbsp;&nbsp;&nbsp;<\/p>\n<p>Em 1999 os cursos de Engenharia Floresta e Engenharia Industrial madeireira s\u00e3o transferidos do Juvev\u00ea para Campus do Jardim Bot\u00e2nico, quando a \u00e1rea do departamento foi ampliada para 960 m2 com a cria\u00e7\u00e3o de 13 laborat\u00f3rios.<\/p>\n<p>&nbsp;<\/p>\n<p>Nesta fase os chefes de departamento foram:<\/p>\n<p>Setsuo Ikari 2000-2004<\/p>\n<p>Jorge Monteiro de Mattos 2004-2006<\/p>\n<p>Carlos Eduardo Camargo de Albuquerque 2006-2010<\/p>\n<p>Dimas Agostinho da Silva 2010-2012<\/p>\n<p>Ghislaine Miranda Bonduele 2012-2014<\/p>\n<p>Dimas Agostinho da Silva 2014-2020<\/p>\n<p>&nbsp;<\/p>\n<p>Refer\u00eancias Bibliogr\u00e1ficas Utilizadas:<\/p>\n<p>&nbsp;<\/p>\n<p>DONI, L. F. Hist\u00f3ria da Escola Agron\u00f4mica do Paran\u00e1 \u2013 1918-1993. Editora UFPR. 150p. Curitiba. 1995.<\/p>\n<p>MACEDO, J. H. P. \u2013 A Engenharia Florestal da UFPR: hist\u00f3ria e evolu\u00e7\u00e3o da primeira do Brasil. 513p. Curitiba. 2003.<\/p>\n<p>WALHOWICZ, R. C. Universidade do Mate, Hist\u00f3ria da UFPR. APUFPR. 189p. Curitiba. 1983<\/p>\n","protected":false},"excerpt":{"rendered":"<p>Hist\u00f3ria da Cria\u00e7\u00e3o do Departamento de Engenharia e Tecnologia FLORESTAL \u2013 ANTIGO DEPARTAMENTO DE ENEGNHARIA E TECNOLOGIA RURAL &nbsp; Quando da funda\u00e7\u00e3o da Universidade do Paran\u00e1 em 1912, a agronomia fazia parte dos planos, mas na sua funda\u00e7\u00e3o contava apenas com os cursos de Direito, Engenharia Civil, Com\u00e9rcio, Odontologia, Farm\u00e1cia e Obstetr\u00edcia. Para funcionar no [&hellip;]<\/p>\n","protected":false},"author":3,"featured_media":0,"parent":0,"menu_order":0,"comment_status":"closed","ping_status":"closed","template":"","meta":{"footnotes":""},"class_list":["post-11","page","type-page","status-publish","hentry"],"_links":{"self":[{"href":"https:\/\/agrarias.ufpr.br\/detf\/wp-json\/wp\/v2\/pages\/11","targetHints":{"allow":["GET"]}}],"collection":[{"href":"https:\/\/agrarias.ufpr.br\/detf\/wp-json\/wp\/v2\/pages"}],"about":[{"href":"https:\/\/agrarias.ufpr.br\/detf\/wp-json\/wp\/v2\/types\/page"}],"author":[{"embeddable":true,"href":"https:\/\/agrarias.ufpr.br\/detf\/wp-json\/wp\/v2\/users\/3"}],"replies":[{"embeddable":true,"href":"https:\/\/agrarias.ufpr.br\/detf\/wp-json\/wp\/v2\/comments?post=11"}],"version-history":[{"count":5,"href":"https:\/\/agrarias.ufpr.br\/detf\/wp-json\/wp\/v2\/pages\/11\/revisions"}],"predecessor-version":[{"id":5459,"href":"https:\/\/agrarias.ufpr.br\/detf\/wp-json\/wp\/v2\/pages\/11\/revisions\/5459"}],"wp:attachment":[{"href":"https:\/\/agrarias.ufpr.br\/detf\/wp-json\/wp\/v2\/media?parent=11"}],"curies":[{"name":"wp","href":"https:\/\/api.w.org\/{rel}","templated":true}]}}