{"id":1091,"date":"2014-12-15T18:31:25","date_gmt":"2014-12-15T18:31:25","guid":{"rendered":"http:\/\/localhost\/?page_id=1091"},"modified":"2014-12-15T18:31:25","modified_gmt":"2014-12-15T18:31:25","slug":"residencia-em-medicina-veterinaria","status":"publish","type":"page","link":"https:\/\/agrarias.ufpr.br\/detf\/residencia-em-medicina-veterinaria\/","title":{"rendered":"Resid\u00eancia em Medicina Veterin\u00e1ria"},"content":{"rendered":"<p><strong>Resid\u00eancia em Medicina Veterin\u00e1ria<\/strong><\/p>\n<p>Coordenador: Profa. Rita de Cassia Maria Garcia<br \/>\nSecretaria: Andr\u00e9a Fonseca Esp\u00ednola Guglielmin<br \/>\nTelefones: (41) 3350-5784<br \/>\nE-mail: <a href=\"mailto:prmh@ufpr.br\">prmhvcuritiba@gmail.com<\/a><\/p>\n<p style=\"text-align: center\"><strong>PROGRAMA DE RESID\u00caNCIA EM \u00c1REA PROFISSIONAL DA SA\u00daDE EM MEDICINA VETERIN\u00c1RIA <\/strong><\/p>\n<p style=\"text-align: justify\">O Departamento de Medicina Veterin\u00e1ria e o Hospital Veterin\u00e1rio do Setor de Ci\u00eancias Agr\u00e1rias da UFPR oferecem o Programa de Resid\u00eancia em \u00c1rea Profissional da Sa\u00fade em Medicina Veterin\u00e1ria (PRAPS\/MV), o qual constitui modalidade de ensino de p\u00f3s-gradua\u00e7\u00e3o <em>lato sensu<\/em>, sob forma de especializa\u00e7\u00e3o, caracterizado por ensino em servi\u00e7o. Regulamentado pela Lei n\u00ba 11.129, de 30 de junho de 2005 e pela Portaria Interministerial n\u00ba 2.117, de 03 de novembro de 2005 que define diretrizes e estrat\u00e9gias para a implementa\u00e7\u00e3o da Comiss\u00e3o Nacional de Resid\u00eancia Multiprofissional em Sa\u00fade &#8211; CNRMS (<a href=\"http:\/\/www.cnrms.mec.gov.br\">www.cnrms.mec.gov.br<\/a>).<\/p>\n<p>O Programa de Resid\u00eancia tem dura\u00e7\u00e3o m\u00ednima de dois anos, equivalente a uma carga hor\u00e1ria m\u00ednima total de 5.760 horas.<\/p>\n<p style=\"text-align: justify\">Para ingressar no Programa de Resid\u00eancia em \u00c1rea Profissional da Sa\u00fade em Medicina Veterin\u00e1ria do SCA\/DMV\/HV, \u00e9 preciso que o candidato seja graduado em Medicina Veterin\u00e1ria e aprovado em processo seletivo promovido pela Coordena\u00e7\u00e3o do Programa e Comiss\u00e3o de Resid\u00eancia Multiprofissional e em \u00c1rea Profissional da Sa\u00fade (COREMU) da UFPR. Informa\u00e7\u00f5es acerca do processo de sele\u00e7\u00e3o, matr\u00edcula e in\u00edcio do Programa s\u00e3o disponibilizadas anualmente no sitio eletr\u00f4nico do N\u00facleo de Concurso da UFPR (<a href=\"http:\/\/www.nc.ufpr.br\">www.nc.ufpr.br<\/a>).<\/p>\n<p>As seguintes \u00e1reas de concentra\u00e7\u00e3o s\u00e3o ofertadas no Programa de Resid\u00eancia:<\/p>\n<ol>\n<li style=\"text-align: center\">Cl\u00ednica M\u00e9dica de Pequenos Animais.<\/li>\n<li style=\"text-align: center\">Cl\u00ednica Cir\u00fargica de Pequenos Animais.<\/li>\n<li style=\"text-align: center\">Cl\u00ednica M\u00e9dica e Cir\u00fargica de Grandes Animais.<\/li>\n<li style=\"text-align: center\">Cl\u00ednica M\u00e9dica e Cir\u00fargica de Animais Selvagens.<\/li>\n<li style=\"text-align: center\">Diagn\u00f3stico por Imagem.<\/li>\n<li style=\"text-align: center\">Ornitopatologia.<\/li>\n<li style=\"text-align: center\">Anestesiologia Veterin\u00e1ria.<\/li>\n<li style=\"text-align: center\">Odontologia Veterin\u00e1ria.<\/li>\n<li style=\"text-align: center\">Oncologia Veterin\u00e1ria.<\/li>\n<li style=\"text-align: center\">Oftalmologia Veterin\u00e1ria.<\/li>\n<li style=\"text-align: center\">Medicina Veterin\u00e1ria do Coletivo.<\/li>\n<li style=\"text-align: center\">Patologia Veterin\u00e1ria.<\/li>\n<li style=\"text-align: center\">Patologia Cl\u00ednica Veterin\u00e1ria.<\/li>\n<li style=\"text-align: center\">Patologia Cl\u00ednica Veterin\u00e1ria &#8211; \u00e1rea de atua\u00e7\u00e3o em Biologia Molecular.<\/li>\n<\/ol>\n<p>&nbsp;<\/p>\n<p>&nbsp;<\/p>\n","protected":false},"excerpt":{"rendered":"<p>Resid\u00eancia em Medicina Veterin\u00e1ria Coordenador: Profa. Rita de Cassia Maria Garcia Secretaria: Andr\u00e9a Fonseca Esp\u00ednola Guglielmin Telefones: (41) 3350-5784 E-mail: prmhvcuritiba@gmail.com PROGRAMA DE RESID\u00caNCIA EM \u00c1REA PROFISSIONAL DA SA\u00daDE EM MEDICINA VETERIN\u00c1RIA O Departamento de Medicina Veterin\u00e1ria e o Hospital Veterin\u00e1rio do Setor de Ci\u00eancias Agr\u00e1rias da UFPR oferecem o Programa de Resid\u00eancia em \u00c1rea [&hellip;]<\/p>\n","protected":false},"author":3,"featured_media":0,"parent":0,"menu_order":0,"comment_status":"open","ping_status":"open","template":"","meta":{"footnotes":""},"class_list":["post-1091","page","type-page","status-publish","hentry"],"_links":{"self":[{"href":"https:\/\/agrarias.ufpr.br\/detf\/wp-json\/wp\/v2\/pages\/1091","targetHints":{"allow":["GET"]}}],"collection":[{"href":"https:\/\/agrarias.ufpr.br\/detf\/wp-json\/wp\/v2\/pages"}],"about":[{"href":"https:\/\/agrarias.ufpr.br\/detf\/wp-json\/wp\/v2\/types\/page"}],"author":[{"embeddable":true,"href":"https:\/\/agrarias.ufpr.br\/detf\/wp-json\/wp\/v2\/users\/3"}],"replies":[{"embeddable":true,"href":"https:\/\/agrarias.ufpr.br\/detf\/wp-json\/wp\/v2\/comments?post=1091"}],"version-history":[{"count":0,"href":"https:\/\/agrarias.ufpr.br\/detf\/wp-json\/wp\/v2\/pages\/1091\/revisions"}],"wp:attachment":[{"href":"https:\/\/agrarias.ufpr.br\/detf\/wp-json\/wp\/v2\/media?parent=1091"}],"curies":[{"name":"wp","href":"https:\/\/api.w.org\/{rel}","templated":true}]}}