{"id":1087,"date":"2014-12-15T18:30:42","date_gmt":"2014-12-15T18:30:42","guid":{"rendered":"http:\/\/localhost\/?page_id=1087"},"modified":"2014-12-15T18:30:42","modified_gmt":"2014-12-15T18:30:42","slug":"mestrado-doutorado","status":"publish","type":"page","link":"https:\/\/agrarias.ufpr.br\/detf\/mestrado-doutorado\/","title":{"rendered":"Programas de Mestrado e Doutorado"},"content":{"rendered":"<h4><span style=\"color: #000080\"><strong>AGRONOMIA &#8211; CI\u00caNCIAS DO SOLO<\/strong><\/span><\/h4>\n<p>Coordenador: Prof. Dr. Volnei Pauletti<br \/>\nVice-coordenador: Dr. Jorge Luiz Moretti de Souza<br \/>\nSecret\u00e1ria: Denise De Conti<br \/>\nTelefone: (41) 3350-5648<br \/>\n<a href=\"mailto:pgcisolo@ufpr.br\">pgcisolo@ufpr.br<\/a><br \/>\n<a href=\"http:\/\/www.pgcisolo.agrarias.ufpr.br\/\" target=\"_blank\">http:\/\/www.pgcisolo.agrarias.ufpr.br\/<\/a><\/p>\n<h4><span style=\"color: #000080\"><strong>AGRONOMIA \u2013 PRODU\u00c7\u00c3O VEGETAL<\/strong><\/span><\/h4>\n<p>Coordenador: Prof. Dr. C\u00edcero Deschamps<br \/>\nVice-coordenador: Prof.\u00a0 Dr. Anibal de Moraes<br \/>\nSecret\u00e1ria: Lucimara Antunes<br \/>\nTelefone: (41) 3350-5601<br \/>\n<a href=\"mailto:pgapv@ufpr.br\">pgapv@ufpr.br<\/a><br \/>\n<a href=\"http:\/\/www.pgapv.agrarias.ufpr.br\/\" target=\"_blank\">http:\/\/www.pgapv.agrarias.ufpr.br\/<\/a><\/p>\n<h4><span style=\"color: #000080\"><strong>CI\u00caNCIAS VETERIN\u00c1RIAS<\/strong><\/span><\/h4>\n<p>Coordenador: Professor Dr. Fabiano Montiani Ferreira<br \/>\nVice-Coordenador: Professor Dr. Marlos Gon\u00e7alves Sousa<br \/>\nSecret\u00e1ria:<br \/>\nTelefone: (41) 3350-5621<br \/>\n<a href=\"mailto:cpgcv@ufpr.br\">cpgcv@ufpr.br<\/a><br \/>\n<a href=\"http:\/\/www.cpgcv.agrarias.ufpr.br\/\" target=\"_blank\">http:\/\/www.cpgcv.agrarias.ufpr.br\/<\/a><\/p>\n<h4><span style=\"color: #000080\"><strong>ENGENHARIA FLORESTAL<\/strong><\/span><\/h4>\n<p>Coordenador: Prof. Dr. M\u00e1rcio Pereira da Rocha<strong> \u00a0<\/strong><br \/>\nVice-coordenador: Prof. Dr. Romano Timofeiczyk Junior<br \/>\nSecret\u00e1rio: Reinaldo de Mendes de Souza e David Teixeira de Ara\u00fajo<br \/>\nTelefone: (41) 3360-4212<br \/>\n<a href=\"mailto:pgflorestas@ufpr.br\">pgflorestas@ufpr.br<\/a><br \/>\n<a href=\"http:\/\/www.floresta.ufpr.br\/pos-graduacao\/\" target=\"_blank\">http:\/\/www.floresta.ufpr.br\/pos-graduacao\/<\/a><\/p>\n<h4><span style=\"color: #000080\"><strong>ZOOTECNIA<\/strong><\/span><\/h4>\n<p>Coordenador: Prof. Dr. Patrick Schmidt<br \/>\nVice-coordenadora: Profa. Dra. Maity Zopollatto<br \/>\nSecret\u00e1ria:<br \/>\nTelefone: (41) 3350-5781 \u2013 (41) 3350.5639<br \/>\n<a href=\"mailto:ppgz@ufpr.br\">ppgz@ufpr.br<\/a><br \/>\n<a href=\"http:\/\/www.zootecnia.ufpr.br\/\" target=\"_blank\">http:\/\/www.zootecnia.ufpr.br\/<\/a><\/p>\n","protected":false},"excerpt":{"rendered":"<p>AGRONOMIA &#8211; CI\u00caNCIAS DO SOLO Coordenador: Prof. Dr. Volnei Pauletti Vice-coordenador: Dr. Jorge Luiz Moretti de Souza Secret\u00e1ria: Denise De Conti Telefone: (41) 3350-5648 pgcisolo@ufpr.br http:\/\/www.pgcisolo.agrarias.ufpr.br\/ AGRONOMIA \u2013 PRODU\u00c7\u00c3O VEGETAL Coordenador: Prof. Dr. C\u00edcero Deschamps Vice-coordenador: Prof.\u00a0 Dr. Anibal de Moraes Secret\u00e1ria: Lucimara Antunes Telefone: (41) 3350-5601 pgapv@ufpr.br http:\/\/www.pgapv.agrarias.ufpr.br\/ CI\u00caNCIAS VETERIN\u00c1RIAS Coordenador: Professor Dr. Fabiano [&hellip;]<\/p>\n","protected":false},"author":3,"featured_media":0,"parent":0,"menu_order":0,"comment_status":"open","ping_status":"open","template":"","meta":{"footnotes":""},"class_list":["post-1087","page","type-page","status-publish","hentry"],"_links":{"self":[{"href":"https:\/\/agrarias.ufpr.br\/detf\/wp-json\/wp\/v2\/pages\/1087","targetHints":{"allow":["GET"]}}],"collection":[{"href":"https:\/\/agrarias.ufpr.br\/detf\/wp-json\/wp\/v2\/pages"}],"about":[{"href":"https:\/\/agrarias.ufpr.br\/detf\/wp-json\/wp\/v2\/types\/page"}],"author":[{"embeddable":true,"href":"https:\/\/agrarias.ufpr.br\/detf\/wp-json\/wp\/v2\/users\/3"}],"replies":[{"embeddable":true,"href":"https:\/\/agrarias.ufpr.br\/detf\/wp-json\/wp\/v2\/comments?post=1087"}],"version-history":[{"count":0,"href":"https:\/\/agrarias.ufpr.br\/detf\/wp-json\/wp\/v2\/pages\/1087\/revisions"}],"wp:attachment":[{"href":"https:\/\/agrarias.ufpr.br\/detf\/wp-json\/wp\/v2\/media?parent=1087"}],"curies":[{"name":"wp","href":"https:\/\/api.w.org\/{rel}","templated":true}]}}