{"id":1077,"date":"2014-12-15T18:29:13","date_gmt":"2014-12-15T18:29:13","guid":{"rendered":"http:\/\/localhost\/?page_id=1077"},"modified":"2014-12-15T18:29:13","modified_gmt":"2014-12-15T18:29:13","slug":"conselho-setorial-2","status":"publish","type":"page","link":"https:\/\/agrarias.ufpr.br\/detf\/conselho-setorial-2\/","title":{"rendered":"Conselho Setorial"},"content":{"rendered":"<p><strong><a href=\"http:\/\/localhost\/wp-content\/uploads\/2014\/12\/Reolu\u00e7\u00e3o-COPLAD-24_15-Regimento-do-Setor-de-Ci\u00eancias-Agr\u00e1rias.pdf\">Resolu\u00e7\u00e3o COPLAD 24_15 &#8211; Regimento do Setor de Ci\u00eancias Agr\u00e1rias<\/a><br \/>\n<\/strong><\/p>\n<p><strong>MEMBROS DO CONSELHO SETORIAL<\/strong><\/p>\n<p><strong><span style=\"color: #000080\">DIRE\u00c7\u00c3O<\/span><\/strong><\/p>\n<p>Amadeu Bona Filho (Diretor)<br \/>\nNivaldo Eduardo Rizzi (Vice-Diretor)<\/p>\n<p><span style=\"color: #000080\"><strong>CHEFES DE DEPARTAMENTOS<\/strong><\/span><br \/>\nMarcelo Ricardo de Lima (titular) &#8211; Renato Marques (suplente) DSEA<br \/>\nChristopher Thomas Blum (titular) &#8211; Willian Thomaz Wendling (suplente) DECIF<br \/>\nCristina Gon\u00e7alves de Mendon\u00e7a\u00a0(titular) &#8211; DFF &#8211; Mauro Brasil Dias Tofanelli (suplente) DFF<br \/>\nPaulo Rossi Junior (titular) DZ &#8211; Antonio Jo\u00e3o Scandolera (suplente)\u00a0DZ<br \/>\nElizabeth Santin (titular) &#8211; DMV &#8211; \u00a0Juan Carlos Duque Moreno\u00a0&#8211;\u00a0(suplente) DMV<br \/>\nDimas Agostinho da Silva (titular) &#8211; Ricardo Jorge Klitzke (suplente) DETF<br \/>\nPaulo de Tarso de Lara Pires (titular) &#8211; Jos\u00e9 Roberto Fernandes Canziani (suplente) DERE<\/p>\n<p><strong><span style=\"color: #000080\">COORDENADORES DE CURSOS DE GRADUA\u00c7\u00c3O<\/span><\/strong><br \/>\nRodrigo de A. Teixeira ( Titular)- Marcos Martinez do Vale (suplente) CCZ<br \/>\nJo\u00e3o Carlos Bespalhok Filho &#8211; Jo\u00e3o Batista Padilha J\u00fanior (suplente) CCEA<br \/>\nRicardo Guilherme de Castro Vilani (titular) &#8211; Carla Forte Maiolino Molento (suplente) CCMV<br \/>\nSimone Morrone(titular) &#8211; Alan Sulato de Andrade (suplente) CCEIM<br \/>\nUmberto Klock (titular) &#8211;\u00a0Ana Paula Dalla Corte (suplente) CCEF<\/p>\n<p><span style=\"color: #000080\"><strong>COORDENADORES DE PROGRAMAS DE P\u00d3S-GRADUA\u00c7\u00c3O<\/strong><\/span><br \/>\nM\u00e1rcio Pereira da Rocha (titular) &#8211; Romano Timofeiczyk Junior (suplente) P\u00f3s-Floresta<br \/>\nVolnei Pauletti (titular) &#8211; Renato Marques (suplente) P\u00f3s-Solos<br \/>\nC\u00edcero Deschamps (titular) &#8211; Anibal de Moraes (suplente) P\u00f3s-Fitotecnia<br \/>\nFabiano Montiani Ferreira (titular) &#8211; Marlos Gon\u00e7alves Sousa (suplente) P\u00f3s-Veterin\u00e1ria<br \/>\nPatrick Schmidt (titular) &#8211; Maity Zopollatto (suplente) P\u00f3s-Zootecnia<\/p>\n<p><span style=\"color: #000080\"><strong>REPRESENTANTES DOS T\u00c9CNICOS ADMINISTRATIVOS<\/strong> <\/span><br \/>\nIvone Costa Fran\u00e7a (titular) &#8211; Reinaldo de Souza (suplente) &#8211; CIFLOMA<\/p>\n<p>Ilisete Maria Soares ( titular) &#8211; Marinez de Oliveira\u00a0(suplente) SEDE<\/p>\n<p><span style=\"color: #000080\"><strong>REPRESENTANTES DOS CENTROS ACAD\u00caMICOS<\/strong><\/span><\/p>\n<p><strong>CENTRO ACAD\u00caMICO\u00a0 AGRONOMIA Lycio Vellozo \u2013 CAALV<\/strong><\/p>\n<p>Titular: Stepan Rapachi<br \/>\nSuplente: Pedro Henrique Busto<\/p>\n<p><strong>CENTRO ACAD\u00caMICO\u00a0 DE MEDICINA VETERIN\u00c1RIA \u2013 CAMV<\/strong><\/p>\n<p>Titular: Ana Paula Rossa<br \/>\nSuplente:\u00a0Ligia Azolini Campos<\/p>\n<p><strong>CENTRO ACAD\u00caMICO\u00a0 DE ZOOTECNIA \u2013 CAZOO<\/strong><\/p>\n<p>Titular: Tiago Mateus da Silva Leal<br \/>\nSuplente: Victoria Yasmin Domingues<\/p>\n<p><strong>CENTRO ACAD\u00caMICO\u00a0 DE ENGENHARIA FLORESTAL \u2013 CAEF<\/strong><\/p>\n<p>Titular: Lian Voigt Lara<br \/>\nSuplente: Fernando Augusto Rodrigues de Castro<\/p>\n<p><strong>CENTRO ACAD\u00caMICO\u00a0 DE ENGENHARIA INDUSTRIAL MADEIREIRA \u2013 CAEIM<\/strong><\/p>\n<p>Titular: Leonardo Jos\u00e9 Pivova da Rosa<br \/>\nSuplente: Cristina Victoria Pepe<\/p>\n<p><span style=\"color: #0000ff\"><strong>Reuni\u00e3o 2017<\/strong><\/span><\/p>\n<p><a href=\"http:\/\/localhost\/wp-content\/uploads\/2014\/12\/Calend\u00e1rio-de-Reuni\u00f5es-do-Conselho-Setorial-2017.pdf\">Calend\u00e1rio de reuni\u00f5es do conselho setorial do ano 2017<\/a><\/p>\n<p><strong><span style=\"color: #ff0000\">Ordin\u00e1rias<\/span><\/strong><\/p>\n<p><strong><span style=\"color: #339966\">1\u00aa Reuni\u00e3o Ordin\u00e1ria do Conselho Setorial do SCA <span style=\"text-decoration: underline\">10 de abril de 2017<\/span> &#8211; Processo SEI n\u00ba 23075.166742\/2017-85<\/span><\/strong><\/p>\n<p><a href=\"http:\/\/localhost\/wp-content\/uploads\/2014\/12\/Pauta-1\u00aa-Reuni\u00e3o-Ordin\u00e1ria-Setorial-10.04.17-Abril-2017-atualiza\u00e7\u00e3o-1.pdf\">Pauta da 1\u00aa reuni\u00e3o ordin\u00e1ria do conselho setorial de 10\/04\/17<\/a><\/p>\n<p><strong><span style=\"color: #339966\">2\u00aa Reuni\u00e3o Ordin\u00e1ria do Conselho Setorial do SCA <span style=\"text-decoration: underline\">15 de maio de 2017<\/span> &#8211; Processo SEI n\u00ba 23075.169939\/2017-76<\/span><\/strong><\/p>\n<p><a href=\"http:\/\/localhost\/wp-content\/uploads\/2014\/12\/Pauta-2\u00aa-Setorial-Abril-2017-15.05.17.pdf\">Pauta da 2\u00aa reuni\u00e3o ordin\u00e1ria do conselho setorial de 15-05-17<\/a><\/p>\n<p><strong><span style=\"color: #339966\">3\u00aa Reuni\u00e3o do ordin\u00e1ria Conselho Setorial do SCA <span style=\"text-decoration: underline\">12 de junho de 2017<\/span> &#8211; Processo SEI n\u00ba 23075.173446\/2017-31<br \/>\n<\/span><\/strong><\/p>\n<p><a href=\"http:\/\/localhost\/wp-content\/uploads\/2014\/12\/Pauta-3\u00aa-Setorial-Junhol-2017-12.06.17.pdf\">Pauta da 3\u00aa reuni\u00e3o ordin\u00e1ria setorial de 12-06-17<\/a><\/p>\n<p><strong><span style=\"color: #339966\">4\u00aa Reuni\u00e3o do ordin\u00e1ria Conselho Setorial do SCA <span style=\"text-decoration: underline\">10 de julho de 2017<\/span> &#8211;\u00a0 Processo SEI n\u00ba <\/span><span style=\"color: #339966\">23075.178902\/2017-39\u00a0\u00a0<\/span><\/strong><\/p>\n<form id=\"frmProcedimentoHistorico\" action=\"controlador.php?acao=procedimento_consultar_historico&amp;acao_origem=procedimento_consultar_historico&amp;arvore=1&amp;id_procedimento=244676&amp;infra_sistema=100000100&amp;infra_unidade_atual=42&amp;infra_hash=29743a83fb5abbfb0866e1723a23023e54b6ed7e441c155fd3b8da5938826cea\" method=\"post\">\n<div id=\"divInfraBarraComandosSuperior\" class=\"infraBarraComandos\">\u00a0<strong><span style=\"color: #339966\"><br \/>\n<\/span><\/strong><\/div>\n<\/form>\n<p><strong><span style=\"color: #ff0000\">Extraordin\u00e1rias<\/span><\/strong><\/p>\n<p><strong><span style=\"color: #339966\">1\u00aa Reuni\u00e3o Extraordin\u00e1ria do Conselho Setorial do SCA <span style=\"text-decoration: underline\">16 de maio de 2017<\/span> &#8211; Processo n\u00ba 23075.173890\/2017-56<br \/>\n<\/span><\/strong><\/p>\n<p><a href=\"http:\/\/localhost\/wp-content\/uploads\/2014\/12\/Pauta-1\u00aa-Reuni\u00e3o-Extraordin\u00e1ria-Setorial-Maio-2017-16.05.17.pdf\">Pauta-1\u00aa-reuni\u00e3o-extraordin\u00e1ria-do conselho setorial de 16-05-17<\/a><\/p>\n<p><strong><span style=\"color: #339966\">2\u00aa Reuni\u00e3o Extraordin\u00e1ria do Conselho Setorial do SCA <span style=\"text-decoration: underline\">18 de maio de 2017<\/span> &#8211; Processo n\u00ba 23075.173813\/2017-04<br \/>\n<\/span><\/strong><\/p>\n<p><a href=\"http:\/\/localhost\/wp-content\/uploads\/2014\/12\/Pauta-2\u00aa-Reuni\u00e3o-Extraordin\u00e1ria-Setorial-Maio-2017-18.05.17.pdf\">Pauta-2\u00aaa-reuni\u00e3o-extraordin\u00e1riado conselho setorial-de-2017-18-05-17<\/a><\/p>\n","protected":false},"excerpt":{"rendered":"<p>Resolu\u00e7\u00e3o COPLAD 24_15 &#8211; Regimento do Setor de Ci\u00eancias Agr\u00e1rias MEMBROS DO CONSELHO SETORIAL DIRE\u00c7\u00c3O Amadeu Bona Filho (Diretor) Nivaldo Eduardo Rizzi (Vice-Diretor) CHEFES DE DEPARTAMENTOS Marcelo Ricardo de Lima (titular) &#8211; Renato Marques (suplente) DSEA Christopher Thomas Blum (titular) &#8211; Willian Thomaz Wendling (suplente) DECIF Cristina Gon\u00e7alves de Mendon\u00e7a\u00a0(titular) &#8211; DFF &#8211; Mauro Brasil [&hellip;]<\/p>\n","protected":false},"author":3,"featured_media":0,"parent":0,"menu_order":0,"comment_status":"open","ping_status":"open","template":"","meta":{"footnotes":""},"class_list":["post-1077","page","type-page","status-publish","hentry"],"_links":{"self":[{"href":"https:\/\/agrarias.ufpr.br\/detf\/wp-json\/wp\/v2\/pages\/1077","targetHints":{"allow":["GET"]}}],"collection":[{"href":"https:\/\/agrarias.ufpr.br\/detf\/wp-json\/wp\/v2\/pages"}],"about":[{"href":"https:\/\/agrarias.ufpr.br\/detf\/wp-json\/wp\/v2\/types\/page"}],"author":[{"embeddable":true,"href":"https:\/\/agrarias.ufpr.br\/detf\/wp-json\/wp\/v2\/users\/3"}],"replies":[{"embeddable":true,"href":"https:\/\/agrarias.ufpr.br\/detf\/wp-json\/wp\/v2\/comments?post=1077"}],"version-history":[{"count":0,"href":"https:\/\/agrarias.ufpr.br\/detf\/wp-json\/wp\/v2\/pages\/1077\/revisions"}],"wp:attachment":[{"href":"https:\/\/agrarias.ufpr.br\/detf\/wp-json\/wp\/v2\/media?parent=1077"}],"curies":[{"name":"wp","href":"https:\/\/api.w.org\/{rel}","templated":true}]}}