{"id":1075,"date":"2014-12-15T18:28:58","date_gmt":"2014-12-15T18:28:58","guid":{"rendered":"http:\/\/localhost\/?page_id=1075"},"modified":"2014-12-15T18:28:58","modified_gmt":"2014-12-15T18:28:58","slug":"adminstracao","status":"publish","type":"page","link":"https:\/\/agrarias.ufpr.br\/detf\/adminstracao\/","title":{"rendered":"Administra\u00e7\u00e3o"},"content":{"rendered":"<div id=\"conteudo\">\n<div>\n<h4>(41) 3350-5800 \/3350-5620<\/h4>\n<h4><a href=\"mailto:diragrarias@ufpr.br\">diragrarias@ufpr.br<\/a><\/h4>\n<p>Diretor:\u00a0Prof. Dr. Amadeu Bona Filho<\/p>\n<p>Vice-Diretor: Prof. Dr. Nivaldo Eduardo Rizzi<br \/>\nTelefones: (41) 3350-5792 &#8211; (41) 99965-0814<br \/>\n<a href=\"mailto:niva@ufpr.br\">niva@ufpr.br<\/a><\/p>\n<h4>Secretaria do Setor<\/h4>\n<p><strong><a href=\"mailto:diragrarias@ufpr.br\">diragrarias@ufpr.br<\/a><\/strong><\/p>\n<\/div>\n<div>Secret\u00e1rio: Jos\u00e9 Cl\u00f3vis Pereira Borges (<a href=\"mailto:clovis@ufpr.br\">clovis@ufpr.br<\/a>)<br \/>\nVera Lucia L\u00f6schner (<a href=\"mailto:loschner@ufpr.br\">loschner@ufpr.br<\/a>)<br \/>\nAlessandra Schosloski Alves Coutinho Apolin\u00e1rio (<a href=\"mailto:alessandrasacoutinho@ufpr.br\">alessandrasacoutinho@ufpr.br<\/a>)<\/div>\n<div>Karine Koga &#8211; (<a href=\"mailto:karine.koga@ufpr.br\">karine.koga@ufpr.br)<\/a><\/div>\n<div>Marinez de Oliveira -(<a href=\"mailto:mari-oliv@ufpr.br\">mari-oliv@ufpr.br<\/a>)<br \/>\nTelefones: (41) 3350-5800 \/ 3350-5620<\/p>\n<h4>Se\u00e7\u00e3o de Controle e Execu\u00e7\u00e3o Or\u00e7ament\u00e1ria<\/h4>\n<p>Edilson Pina Pinto (Chefia) &#8211; <a href=\"mailto:edilson@ufpr.br\">edilson@ufpr.br<\/a><br \/>\nAureo Filgueira Neto<br \/>\nMauro Alberto de Witt<br \/>\nJosiane Tezolin<br \/>\nTelefones: (41) 3350-5626 \/3350-5798<\/p>\n<h4>Se\u00e7\u00e3o de Inform\u00e1tica<\/h4>\n<p><strong><span id=\"OBJ_PREFIX_DWT104_com_zimbra_email\"><a href=\"mailto:informatica.agr@ufpr.br\">informatica.agr@ufpr.br<\/a> <\/span><\/strong><br \/>\nEvandro Reis de Souza (<a href=\"mailto:evandro@ufpr.br\">evandro@ufpr.br<\/a>) (Chefia)<br \/>\nLuiz Tomoyochi Tonegawa (<a href=\"mailto:ltg@ufpr.br\">ltg@ufpr.br<\/a>)<br \/>\nTelefones: (41) 3350-5653<\/p>\n<h4>Se\u00e7\u00e3o de Almoxarifado\/Patrim\u00f4nio<\/h4>\n<p>Elin\u00e9ia do Rocio P. Frohlich (chefia) <a href=\"mailto:eli@ufpr.br\">eli@ufpr.br<\/a><br \/>\nIlizete Maria Soares<br \/>\nTelefones: (41) 3350-5691<br \/>\n<strong>Central de Log\u00edstica e Mecanografia<\/strong><\/p>\n<p>Luiz Fernando Altvater (<a href=\"mailto:altvalter@ufpr.br\">altvalter@ufpr.br<\/a>)<\/p>\n<p>Luiz Hamilton Coutinho (<a href=\"mailto:gringolhc@hotmail.com\">gringolhc@hotmail.com<\/a>)<br \/>\nJanete Cenoski (<a href=\"mailto:jacenoski@ufpr.br\">jacenoski@ufpr.br<\/a>)<\/p>\n<p>Moacir Freitas (<a href=\"mailto:freitas@ufpr.br\">freitas@ufpr.br<\/a>)<br \/>\nTelefone: (41) 3350-5637<\/p>\n<p><strong>Assessoria de Comunica\u00e7\u00e3o Social<\/strong><\/p>\n<p>A Assessoria de Comunica\u00e7\u00e3o Social da UFPR mant\u00e9m uma sucursal no campus Agr\u00e1rias, no Juvev\u00ea. O objetivo \u00e9 divulgar para a imprensa e tamb\u00e9m internamente atrav\u00e9s dos ve\u00edculos de comunica\u00e7\u00e3o pr\u00f3prios da UFPR todas as a\u00e7\u00f5es relevantes desenvolvidas no campus. Contatos podem ser feitos com a jornalista Simone Meirelles, atrav\u00e9s do fone 3350-5799 ou e-mail abaixo. A sala da assessoria fica no pr\u00e9dio da Dire\u00e7\u00e3o do Setor de Ci\u00eancias Agr\u00e1rias, no t\u00e9rreo.<\/p>\n<p>Professores, t\u00e9cnicos administrativos e estudantes tamb\u00e9m podem solicitar divulga\u00e7\u00e3o de cursos e eventos atrav\u00e9s do \u00a0Sistema de Apoio \u00e0 Comunica\u00e7\u00e3o Integrada \u2013 SACI . Para acess\u00e1-lo basta entrar no site <a href=\"http:\/\/www.ufpr.br\">www.ufpr.br<\/a> e clicar em Comunica\u00e7\u00e3o (acima, \u00e0 direita) e em seguida em Solicita\u00e7\u00e3o de divulga\u00e7\u00e3o. Por este sistema \u00e9 poss\u00edvel acompanhar de perto o encaminhamento dado, atrav\u00e9s de consulta do andamento da solicita\u00e7\u00e3o.<\/p>\n<p>Simone Meirelles &#8211;\u00a0<a href=\"mailto:simonerm@ufpr.br\">simonerm@ufpr.br<\/a><br \/>\nTelefones: (41) 3350-5799<\/p>\n<h4>\u00a0Psicologia<\/h4>\n<p>Teresa Daros ( em licen\u00e7a para doutorado)<br \/>\nTelefones: (41) 3350-5783<\/p>\n<h3>REGIMENTO DO SETOR<\/h3>\n<p><a href=\"http:\/\/localhost\/wp-content\/uploads\/2015\/12\/Regimento-do-Setor-de-Ci\u00eancias-Agr\u00e1rias-Resolu\u00e7\u00e3o-COPLAD-24-15.pdf\" rel=\"\">Regimento do Setor de Ci\u00eancias Agr\u00e1rias &#8211; Resolu\u00e7\u00e3o COPLAD 24-15<\/a><\/p>\n<\/div>\n<\/div>\n<p>&nbsp;<\/p>\n","protected":false},"excerpt":{"rendered":"<p>(41) 3350-5800 \/3350-5620 diragrarias@ufpr.br Diretor:\u00a0Prof. Dr. Amadeu Bona Filho Vice-Diretor: Prof. Dr. Nivaldo Eduardo Rizzi Telefones: (41) 3350-5792 &#8211; (41) 99965-0814 niva@ufpr.br Secretaria do Setor diragrarias@ufpr.br Secret\u00e1rio: Jos\u00e9 Cl\u00f3vis Pereira Borges (clovis@ufpr.br) Vera Lucia L\u00f6schner (loschner@ufpr.br) Alessandra Schosloski Alves Coutinho Apolin\u00e1rio (alessandrasacoutinho@ufpr.br) Karine Koga &#8211; (karine.koga@ufpr.br) Marinez de Oliveira -(mari-oliv@ufpr.br) Telefones: (41) 3350-5800 \/ 3350-5620 [&hellip;]<\/p>\n","protected":false},"author":3,"featured_media":0,"parent":0,"menu_order":0,"comment_status":"open","ping_status":"open","template":"","meta":{"footnotes":""},"class_list":["post-1075","page","type-page","status-publish","hentry"],"_links":{"self":[{"href":"https:\/\/agrarias.ufpr.br\/detf\/wp-json\/wp\/v2\/pages\/1075","targetHints":{"allow":["GET"]}}],"collection":[{"href":"https:\/\/agrarias.ufpr.br\/detf\/wp-json\/wp\/v2\/pages"}],"about":[{"href":"https:\/\/agrarias.ufpr.br\/detf\/wp-json\/wp\/v2\/types\/page"}],"author":[{"embeddable":true,"href":"https:\/\/agrarias.ufpr.br\/detf\/wp-json\/wp\/v2\/users\/3"}],"replies":[{"embeddable":true,"href":"https:\/\/agrarias.ufpr.br\/detf\/wp-json\/wp\/v2\/comments?post=1075"}],"version-history":[{"count":0,"href":"https:\/\/agrarias.ufpr.br\/detf\/wp-json\/wp\/v2\/pages\/1075\/revisions"}],"wp:attachment":[{"href":"https:\/\/agrarias.ufpr.br\/detf\/wp-json\/wp\/v2\/media?parent=1075"}],"curies":[{"name":"wp","href":"https:\/\/api.w.org\/{rel}","templated":true}]}}