{"id":1071,"date":"2014-12-15T18:28:29","date_gmt":"2014-12-15T18:28:29","guid":{"rendered":"http:\/\/localhost\/?page_id=1071"},"modified":"2014-12-15T18:28:29","modified_gmt":"2014-12-15T18:28:29","slug":"historia","status":"publish","type":"page","link":"https:\/\/agrarias.ufpr.br\/detf\/historia\/","title":{"rendered":"Hist\u00f3ria"},"content":{"rendered":"<p style=\"text-align: justify\">O Setor de Ci\u00eancias Agr\u00e1rias, institu\u00eddo em 12 de setembro de 1973, \u00e9 constitu\u00eddo por sete Departamentos Economia Rural e Extens\u00e3o (DERE), Fitotecnia Fitossanitarismo (DFF), Solos e Engenharia Agr\u00edcola (DSEA), Ci\u00eancias Florestais (DECIF), Engenharia e Tecnologia Florestal (DETF), Medicina Veterin\u00e1ria (DMV) e Zootecnia (DZ), e oferece cinco cursos de gradua\u00e7\u00e3o interdependentes: Engenharia Agron\u00f4mica, Engenharia Florestal, Engenharia Industrial Madeireira, Zootecnia \u00a0e Medicina Veterin\u00e1ria. Conta com 150 professores que lecionam para 1400 alunos.<\/p>\n<p style=\"text-align: justify\">Atualmente o setor oferta cinco cursos de gradua\u00e7\u00e3o \u2013 Engenharia Agron\u00f4mica, Engenharia Florestal, Engenharia Industrial Madeireira, Medicina Veterin\u00e1ria e Zootecnia.<\/p>\n<p style=\"text-align: justify\">Os cursos de p\u00f3s-gradua\u00e7\u00e3o est\u00e3o distribu\u00eddos em quatro programas \u2013 Ci\u00eancias do Solo, Produ\u00e7\u00e3o Vegetal, Medicina Veterin\u00e1ria e Engenharia Florestal.<\/p>\n<p style=\"text-align: justify\">O Setor conta com professores que exercem a doc\u00eancia para aproximadamente 2000 alunos, distribu\u00eddos nos campi \u2013 Juvev\u00ea e Jardim Bot\u00e2nico.<\/p>\n<p style=\"text-align: center\"><strong><span style=\"color: #ff0000\">\u00a0OBS: estamos em constru\u00e7\u00e3o do site&#8230; Vamos melhorar o texto sobre a hist\u00f3ria do SCA.<\/span><\/strong><\/p>\n","protected":false},"excerpt":{"rendered":"<p>O Setor de Ci\u00eancias Agr\u00e1rias, institu\u00eddo em 12 de setembro de 1973, \u00e9 constitu\u00eddo por sete Departamentos Economia Rural e Extens\u00e3o (DERE), Fitotecnia Fitossanitarismo (DFF), Solos e Engenharia Agr\u00edcola (DSEA), Ci\u00eancias Florestais (DECIF), Engenharia e Tecnologia Florestal (DETF), Medicina Veterin\u00e1ria (DMV) e Zootecnia (DZ), e oferece cinco cursos de gradua\u00e7\u00e3o interdependentes: Engenharia Agron\u00f4mica, Engenharia Florestal, [&hellip;]<\/p>\n","protected":false},"author":3,"featured_media":0,"parent":0,"menu_order":0,"comment_status":"open","ping_status":"open","template":"","meta":{"footnotes":""},"class_list":["post-1071","page","type-page","status-publish","hentry"],"_links":{"self":[{"href":"https:\/\/agrarias.ufpr.br\/detf\/wp-json\/wp\/v2\/pages\/1071","targetHints":{"allow":["GET"]}}],"collection":[{"href":"https:\/\/agrarias.ufpr.br\/detf\/wp-json\/wp\/v2\/pages"}],"about":[{"href":"https:\/\/agrarias.ufpr.br\/detf\/wp-json\/wp\/v2\/types\/page"}],"author":[{"embeddable":true,"href":"https:\/\/agrarias.ufpr.br\/detf\/wp-json\/wp\/v2\/users\/3"}],"replies":[{"embeddable":true,"href":"https:\/\/agrarias.ufpr.br\/detf\/wp-json\/wp\/v2\/comments?post=1071"}],"version-history":[{"count":0,"href":"https:\/\/agrarias.ufpr.br\/detf\/wp-json\/wp\/v2\/pages\/1071\/revisions"}],"wp:attachment":[{"href":"https:\/\/agrarias.ufpr.br\/detf\/wp-json\/wp\/v2\/media?parent=1071"}],"curies":[{"name":"wp","href":"https:\/\/api.w.org\/{rel}","templated":true}]}}