{"id":1069,"date":"2014-12-15T18:28:07","date_gmt":"2014-12-15T18:28:07","guid":{"rendered":"http:\/\/localhost\/?page_id=1069"},"modified":"2014-12-15T18:28:07","modified_gmt":"2014-12-15T18:28:07","slug":"palavras-da-direcao","status":"publish","type":"page","link":"https:\/\/agrarias.ufpr.br\/detf\/palavras-da-direcao\/","title":{"rendered":"Palavra da Dire\u00e7\u00e3o"},"content":{"rendered":"<p style=\"text-align: justify\">N\u00f3s sabemos que a Universidade P\u00fablica \u00e9 o espa\u00e7o do cultivo da diversidade, da pluralidade intelectual, quer no exerc\u00edcio cidad\u00e3 da pol\u00edtica, quer no exerc\u00edcio do desenvolvimento livre da ci\u00eancia e da produ\u00e7\u00e3o do conhecimento.<\/p>\n<p style=\"text-align: justify\">O Setor de Ci\u00eancias Agr\u00e1rias como Unidade desta Universidade vai, na nossa administra\u00e7\u00e3o, primar por esta concep\u00e7\u00e3o e exercitar, no \u00e2mbito de suas \u00e1reas de conhecimento, a m\u00e1xima de representatividade setorial, buscando at\u00e9 a exaust\u00e3o o consenso de opini\u00f5es nas diretrizes de pol\u00edticas educacionais.<\/p>\n<p style=\"text-align: justify\">Vamos fortalecer o espa\u00e7o acad\u00eamico do Setor e isto se far\u00e1, com a participa\u00e7\u00e3o serena, solid\u00e1ria, democr\u00e1tica e transparente de todos. Teremos claro nosso horizonte de atua\u00e7\u00e3o, a produ\u00e7\u00e3o do conhecimento sem perder de vista a inser\u00e7\u00e3o social, atrav\u00e9s da extens\u00e3o, BUSCANDO sem tr\u00e9guas, a forma\u00e7\u00e3o cidad\u00e3 dos profissionais aqui formados, pois sabemos que \u00e9 isto que o Brasil necessita.<\/p>\n<p style=\"text-align: justify\">\u00a0Sabemos que o Setor ser\u00e1 parceiro da Reitoria (&#8230; e da mesma forma a Reitoria o ser\u00e1 parceira do Setor &#8230;) e contribuir\u00e1 com formula\u00e7\u00e3o de pol\u00edticas educacionais que possam ampliar os horizontes das Ci\u00eancia Agr\u00e1rias com pr\u00e1ticas e a\u00e7\u00f5es de moderniza\u00e7\u00e3o administrativa, atualiza\u00e7\u00e3o de conhecimentos e, o mais importante, fortalecimento efetivo de uma Universidade P\u00fablica. Sabemos que poderemos contar com esta parceria com a Administra\u00e7\u00e3o da Universidade Federal do Paran\u00e1, at\u00e9 porque, nossos sonhos s\u00e3o os sonhos de todos n\u00f3s da comunidade Universit\u00e1ria. Agora, n\u00f3s vamos consolidar nossas promessas de campanha, que registramos com o lema \u201crepensar coletivamente\u201d tudo o que nos propusermos fazer.<\/p>\n<p style=\"text-align: justify\">Por sua import\u00e2ncia na produ\u00e7\u00e3o de conhecimento, o Setor pode sim, ser referencial institucional, sem com isto estar concorrendo ou competindo com outros Setores que pautam suas a\u00e7\u00f5es com esta perspectiva. A nossa competi\u00e7\u00e3o se dar\u00e1 no respeito da import\u00e2ncia da produ\u00e7\u00e3o do conhecimento de todos os Cursos dos Setores da UFPR.<\/p>\n<p style=\"text-align: justify\">Podem ter certeza, que nossos esfor\u00e7os ser\u00e3o muito grandes, neste per\u00edodo na Administra\u00e7\u00e3o do Setor de Ci\u00eancias Agr\u00e1rias, para dar vaz\u00e3o \u00e0s aspira\u00e7\u00f5es acad\u00eamicas, de ensino, de pesquisa e de atividades de extens\u00e3o. Estaremos presentes nas unidades acad\u00eamicas\/administrativas e saberemos respeitar as propostas institucionais que da\u00ed surgirem. Registramos que teremos especial aten\u00e7\u00e3o para o Ensino de Gradua\u00e7\u00e3o, sem l\u00f3gico, negligenciarmos com outros n\u00edveis de ensino e forma\u00e7\u00e3o profissional, como a P\u00f3s-Gradua\u00e7\u00e3o de Mestrado, Doutorado e Cursos de Especializa\u00e7\u00e3o.<\/p>\n<p style=\"text-align: justify\">Sabemos que a integra\u00e7\u00e3o da gradua\u00e7\u00e3o\/pos-gradua\u00e7\u00e3o proporciona uma via de \u201cm\u00e3o dupla\u201d de cria\u00e7\u00e3o e aplica\u00e7\u00e3o do conhecimento e consequente titula\u00e7\u00e3o de profissionais das \u00e1reas t\u00e9cnicas das Ci\u00eancias Agr\u00e1rias. E para vencer <em>o grande desafio de repensar o Setor,<\/em> vamos incentivar a abordagem te\u00f3rico\/conceitual integrada de ensino, pesquisa e extens\u00e3o, atrav\u00e9s do apoio \u00e0s Coordena\u00e7\u00f5es de Cursos de Gradua\u00e7\u00e3o e P\u00f3s-Gradua\u00e7\u00e3o no aperfei\u00e7oamento de seus modelos did\u00e1ticos\/pedag\u00f3gicos que ampliem os horizontes para a forma\u00e7\u00e3o cidad\u00e3 dos futuros profissionais.<\/p>\n<p style=\"text-align: justify\">A cultura cidad\u00e3, libert\u00e1ria, com inclus\u00e3o, estar\u00e1 permeando nossas a\u00e7\u00f5es. A Administra\u00e7\u00e3o do Setor vai estar presente no apoio a atividades s\u00f3cio-culturais e de extens\u00e3o de iniciativas dos alunos. Teremos sim especial aten\u00e7\u00e3o para as manifesta\u00e7\u00f5es de produ\u00e7\u00e3o da cultura.<\/p>\n<p style=\"text-align: justify\">Temos certeza que teremos, nesta empreitada, a participa\u00e7\u00e3o dos acad\u00eamicos pois sabemos que a vida acad\u00eamica tamb\u00e9m precisa de m\u00fasica, teatro, pintura, artes ou qualquer manifesta\u00e7\u00e3o popular de cultura. Nosso sonho \u00e9 fazer deste espa\u00e7o Setorial um \u201cespa\u00e7o de cultura\u201d.<\/p>\n<p style=\"text-align: justify\">O espa\u00e7o do Setor de Ci\u00eancias Agr\u00e1rias ser\u00e1 de integra\u00e7\u00e3o social, de transfer\u00eancia de conhecimentos MAS tamb\u00e9m intera\u00e7\u00e3o com a comunidade. Vamos criar o espa\u00e7o de Feiras. Feiras t\u00e9cnicas, culturais e de extens\u00e3o, com o fortalecimento de atividades, tipo Feira de Org\u00e2nicos, de Ci\u00eancias Agr\u00e1rias, de apoio a ONGs de ado\u00e7\u00e3o de animais&#8230; etc. S\u00e3o exemplos, tantos que poder\u00edamos elencar aqui, desta amplitude de inser\u00e7\u00e3o social que queremos e podemos fazer do Setor.<\/p>\n<p style=\"text-align: justify\">Estaremos atentos para iniciativas de melhoria da pr\u00e1tica administrativa e, nesta quest\u00e3o, o grande desafio \u00e9, se poss\u00edvel, repensar a estrutura\u00e7\u00e3o atual da administra\u00e7\u00e3o, independentemente de conflitos de ordenamento institucional, mas que, at\u00e9, sirvam para a moderniza\u00e7\u00e3o da gest\u00e3o.<\/p>\n<p style=\"text-align: justify\">Vamos buscar fazer do Setor um Espa\u00e7o de Di\u00e1logo para que toda a comunidade participe na resolu\u00e7\u00e3o de problemas conjunturais relacionadas ao ensino, pesquisa, extens\u00e3o e participa\u00e7\u00e3o cidad\u00e3 democr\u00e1tica.<\/p>\n<p style=\"text-align: justify\">N\u00f3s temos a certeza que teremos uma comunidade de parceiros de \u201cm\u00e3os que nos ajudar\u00e3o\u201d nos nossos sonhos, nas nossas aspira\u00e7\u00f5es porque sabemos que acima de tudo est\u00e1 a dedica\u00e7\u00e3o a esta Universidade P\u00fablica que \u00e9 nosso espa\u00e7o de vida.<\/p>\n<p style=\"text-align: justify\">A Universidade Federal do Paran\u00e1, al\u00e9m de ser o nosso espa\u00e7o de vida \u00e9 tamb\u00e9m o sustento de nossas vidas acad\u00eamicas \u00e9 aquela coisa que os poetas dizem \u201cde sangue que corre em nossas veias\u201d.<\/p>\n<p style=\"text-align: justify\">Independentemente de estarmos todo dia dialogando com a comunidade, com nossos Gabinetes da Administra\u00e7\u00e3o abertos para quem quer que esteja interessado em colaborar ou de fazer a cr\u00edtica, vamos fazer de nossa administra\u00e7\u00e3o um constante processo participativo de ensino\/pesquisa\/extens\u00e3o, atrav\u00e9s de F\u00f3runs Permanentes que j\u00e1 adiantamos quais sejam: F\u00f3rum de Coordenadores\/Professores de Gradua\u00e7\u00e3o, F\u00f3rum de Coordenadores\/Professores de P\u00f3s-Gradua\u00e7\u00e3o, F\u00f3rum de Centros Acad\u00eamicos com participa\u00e7\u00e3o de todos os acad\u00eamicos, F\u00f3rum de T\u00e9cnicos do SCA.<\/p>\n<p style=\"text-align: justify\">Enfim, temos consci\u00eancia de que, n\u00e3o podemos ser detentores de conhecimento, somos antes de tudo, disseminadores de conhecimentos, na constru\u00e7\u00e3o de uma sociedade mais justa e solid\u00e1ria. Queremos, como administradores, no m\u00ednimo, induzir \u00e0 esta constru\u00e7\u00e3o coletiva de pol\u00edticas universit\u00e1rias de universaliza\u00e7\u00e3o dos conhecimentos.<\/p>\n<p style=\"text-align: justify\">Porque, Senhores, o Setor de Ci\u00eancias Agr\u00e1rias, como a Universidade Federal do Paran\u00e1 deve saber do seu papel hist\u00f3rico neste pa\u00eds.<\/p>\n<p style=\"text-align: justify\">E para dar um sinal po\u00e9tico a esta nossa palavra, encerramos com um verso da poesia \u201cOs Estatutos do Homem\u201d Thiago de Mello que diz, em seu Artigo Final:<\/p>\n<p style=\"text-align: center\">Fica proibido o uso da palavra liberdade,<br \/>\na qual ser\u00e1 suprimida dos dicion\u00e1rios<br \/>\ne do p\u00e2ntano enganoso das bocas.<br \/>\nA partir deste instante<br \/>\na liberdade ser\u00e1 algo vivo e transparente<br \/>\ncomo um fogo ou um rio,<br \/>\ne a sua morada ser\u00e1 sempre<br \/>\no cora\u00e7\u00e3o do homem.<\/p>\n<p style=\"text-align: center\"><span style=\"color: #0000ff\"><strong>Prof. Dr. Amadeu Bona Filho<\/strong><\/span><\/p>\n<p style=\"text-align: center\"><span style=\"color: #0000ff\"><strong>Prof. Dr. Nivaldo Eduardo Rizzi<\/strong><\/span><\/p>\n<p style=\"text-align: center\"><span style=\"color: #0000ff\"><strong>Gest\u00e3o 2014\/2018<\/strong><\/span><\/p>\n","protected":false},"excerpt":{"rendered":"<p>N\u00f3s sabemos que a Universidade P\u00fablica \u00e9 o espa\u00e7o do cultivo da diversidade, da pluralidade intelectual, quer no exerc\u00edcio cidad\u00e3 da pol\u00edtica, quer no exerc\u00edcio do desenvolvimento livre da ci\u00eancia e da produ\u00e7\u00e3o do conhecimento. O Setor de Ci\u00eancias Agr\u00e1rias como Unidade desta Universidade vai, na nossa administra\u00e7\u00e3o, primar por esta concep\u00e7\u00e3o e exercitar, no [&hellip;]<\/p>\n","protected":false},"author":3,"featured_media":0,"parent":0,"menu_order":0,"comment_status":"open","ping_status":"open","template":"","meta":{"footnotes":""},"class_list":["post-1069","page","type-page","status-publish","hentry"],"_links":{"self":[{"href":"https:\/\/agrarias.ufpr.br\/detf\/wp-json\/wp\/v2\/pages\/1069","targetHints":{"allow":["GET"]}}],"collection":[{"href":"https:\/\/agrarias.ufpr.br\/detf\/wp-json\/wp\/v2\/pages"}],"about":[{"href":"https:\/\/agrarias.ufpr.br\/detf\/wp-json\/wp\/v2\/types\/page"}],"author":[{"embeddable":true,"href":"https:\/\/agrarias.ufpr.br\/detf\/wp-json\/wp\/v2\/users\/3"}],"replies":[{"embeddable":true,"href":"https:\/\/agrarias.ufpr.br\/detf\/wp-json\/wp\/v2\/comments?post=1069"}],"version-history":[{"count":0,"href":"https:\/\/agrarias.ufpr.br\/detf\/wp-json\/wp\/v2\/pages\/1069\/revisions"}],"wp:attachment":[{"href":"https:\/\/agrarias.ufpr.br\/detf\/wp-json\/wp\/v2\/media?parent=1069"}],"curies":[{"name":"wp","href":"https:\/\/api.w.org\/{rel}","templated":true}]}}