{"id":8957,"date":"2021-03-08T15:34:26","date_gmt":"2021-03-08T15:34:26","guid":{"rendered":"https:\/\/agrarias.ufpr.br\/dere\/?page_id=8957"},"modified":"2025-08-07T13:15:49","modified_gmt":"2025-08-07T13:15:49","slug":"bolsas-2024","status":"publish","type":"page","link":"https:\/\/agrarias.ufpr.br\/dere\/bolsas\/bolsas-2024\/","title":{"rendered":"Bolsas 2024"},"content":{"rendered":"\n<p><strong>BOLSAS DE EXTENS\u00c3O:<\/strong> visam apoiar a participa\u00e7\u00e3o de estudantes em Programas e Projetos de Extens\u00e3o, contribuindo para o desenvolvimento de cidad\u00e3os e de futuros profissionais, bem como a integra\u00e7\u00e3o do ensino e da pesquisa com as demandas sociais.<\/p>\n\n\n\n<p><strong>BOLSAS MONITORIA &#8211; PIM:<\/strong> O Programa Institucional de Monitoria (PIM) tem como finalidade o aprimoramento do processo de ensino e aprendizagem, promovendo tanto a forma\u00e7\u00e3o complementar do (a) estudante, que desempenha a fun\u00e7\u00e3o de monitor, quanto o cumprimento dos objetivos estrat\u00e9gicos do ensino de gradua\u00e7\u00e3o contidos no Projeto Pedag\u00f3gico Institucional (PPI), em conformidade com o disposto no Plano de Desenvolvimento Institucional (PDI) da UFPR.<\/p>\n\n\n\n<p><strong>BOLSAS PIBIC:<\/strong> O PIBIC UFPR \u00e9 o Programa Institucional de Bolsas de Inicia\u00e7\u00e3o Cient\u00edfica da Universidade Federal do Paran\u00e1. Ele oferece bolsas para estudantes de gradua\u00e7\u00e3o participarem de projetos de pesquisa, visando despertar o interesse pela ci\u00eancia e estimular o desenvolvimento de novas habilidades e conhecimentos.<\/p>\n\n\n\n<h1 class=\"wp-block-heading has-text-align-center\"><strong>EDITAIS ENCERRADOS:<\/strong><\/h1>\n\n\n\n<h4 class=\"wp-block-heading\">EDITAL N\u00ba 36\/2024 &#8211; UFPR\/CI\u00caNCIAS AGR\u00c1RIAS EM A\u00c7\u00c3O NA ONG COLETIVO INCLUS\u00c3O \u2013 USF\/SETI SELE\u00c7\u00c3O DE BOLSISTA DE EXTENS\u00c3O \u2013 REC\u00c9M-GRADUADO(A)  (<span style=\"background-color: #ff9900\">encerrado<\/span>)<\/h4>\n\n\n\n<p>O Projeto de Extens\u00e3o \u201cCi\u00eancias Agr\u00e1rias em A\u00e7\u00e3o na Ong Coletivo Inclus\u00e3o\u201d, do Departamento de Economia Rural e Extens\u00e3o do Setor de Ci\u00eancias Agr\u00e1rias da Universidade Federal do Paran\u00e1, torna p\u00fablico o presente edital com as normas do processo seletivo de bolsistas <strong>Rec\u00e9m-graduado(a)<\/strong> em \u00e1reas de forma\u00e7\u00e3o de Agronomia, Medicina Veterin\u00e1ria ou Zootecnia.<\/p>\n\n\n\n<p class=\"has-text-align-center\"><strong><a title=\"\" href=\"https:\/\/agrarias.ufpr.br\/dere\/wp-content\/uploads\/sites\/47\/2024\/09\/2024_agrariasemacao_bolsista_edital_36_abertura_bolsista.pdf\" target=\"_blank\" rel=\"noopener\"><mark style=\"background-color:#ffffff\" class=\"has-inline-color has-vivid-cyan-blue-color\">Edital 36\/2024<\/mark><\/a><\/strong> &#8211; Abertura (09\/09\/24)<br><strong><a title=\"\" href=\"https:\/\/agrarias.ufpr.br\/dere\/wp-content\/uploads\/sites\/47\/2024\/09\/2024_agrariasemacao_bolsista_edital_36_abertura_bolsista.pdf\" target=\"_blank\" rel=\"noopener\"><mark style=\"background-color:#ffffff\" class=\"has-inline-color has-vivid-cyan-blue-color\">Anexos 1 e 2<\/mark><\/a><\/strong> do edital (09\/09\/24)<br><strong><a title=\"\" href=\"https:\/\/agrarias.ufpr.br\/dere\/wp-content\/uploads\/sites\/47\/2024\/09\/2024_agrariasemacao_bolsista_edital_37_homologacao.pdf\" target=\"_blank\" rel=\"noopener\"><mark style=\"background-color:#ffffff\" class=\"has-inline-color has-vivid-cyan-blue-color\">Edital 37\/2024<\/mark><\/a><\/strong> &#8211; Homologa\u00e7\u00e3o das Inscri\u00e7\u00f5es (17\/09\/24)<br><strong><a title=\"\" href=\"https:\/\/agrarias.ufpr.br\/dere\/wp-content\/uploads\/sites\/47\/2024\/09\/2024_agrariasemacao_bolsista_edital_38_resultado_parc.pdf\" target=\"_blank\" rel=\"noopener\"><mark style=\"background-color:#ffffff\" class=\"has-inline-color has-vivid-cyan-blue-color\">Edital 38\/2024<\/mark><\/a><\/strong> &#8211; Resultado Parcial (19\/09\/24)<br><strong><a title=\"\" href=\"https:\/\/agrarias.ufpr.br\/dere\/wp-content\/uploads\/sites\/47\/2024\/09\/2024_agrariasemacao_bolsista_edital_39_resultado.pdf\" target=\"_blank\" rel=\"noopener\"><mark style=\"background-color:#ffffff\" class=\"has-inline-color has-vivid-cyan-blue-color\">Edital 39\/2024<\/mark><\/a><\/strong> &#8211; Resultado (20\/09\/24)<\/p>\n\n\n\n<hr class=\"wp-block-separator has-alpha-channel-opacity\" \/>\n\n\n\n<h4 class=\"wp-block-heading\">EDITAL N\u00ba 17\/2024 &#8211; UFPR\/CI\u00caNCIAS AGR\u00c1RIAS EM A\u00c7\u00c3O NA ONG COLETIVO INCLUS\u00c3O \u2013 USF\/SETI SELE\u00c7\u00c3O DE BOLSISTA DE EXTENS\u00c3O \u2013 INICIA\u00c7\u00c3O \u00c0 PESQUISA E EXTENS\u00c3O (<span style=\"background-color: #ff9900\">encerrado<\/span>)<\/h4>\n\n\n\n<p>O Projeto de Extens\u00e3o \u201cCi\u00eancias Agr\u00e1rias em A\u00e7\u00e3o na Ong Coletivo Inclus\u00e3o\u201d, do Departamento de Economia Rural e Extens\u00e3o do Setor de Ci\u00eancias Agr\u00e1rias da Universidade Federal do Paran\u00e1, torna p\u00fablico o presente edital com as normas do processo seletivo de bolsistas em \u00e1reas de forma\u00e7\u00e3o de Agronomia, Medicina Veterin\u00e1ria ou Zootecnia.<\/p>\n\n\n\n<p class=\"has-text-align-center\"><a href=\"https:\/\/agrarias.ufpr.br\/dere\/wp-content\/uploads\/sites\/47\/2024\/07\/2024_agrariasemacao_bolsista_edital_17_edital.pdf\" target=\"_blank\" rel=\"noopener\"><span style=\"color: #0000ff\">Edital 17\/2024<\/span><\/a> (31\/07\/24) &#8211; Abertura<\/p>\n\n\n\n<p class=\"has-text-align-center\"><a href=\"https:\/\/agrarias.ufpr.br\/dere\/wp-content\/uploads\/sites\/47\/2024\/08\/2024_agrariasemacao_bolsista_edital_17_anexo.pdf\" target=\"_blank\" rel=\"noopener\"><span style=\"color: #0000ff\">Anexos 1 e 2<\/span><\/a> do Edital 17\/2024 (31\/07\/24)<\/p>\n\n\n\n<p class=\"has-text-align-center\"><span style=\"color: #0000ff\"><a style=\"color: #0000ff\" href=\"https:\/\/agrarias.ufpr.br\/dere\/wp-content\/uploads\/sites\/47\/2024\/08\/sei_6923613_edital_25_2024.pdf\" target=\"_blank\" rel=\"noopener\">Edital 25\/2024&nbsp;<\/a><\/span> (13\/08\/24) &#8211; Homologa\u00e7\u00e3o das Inscri\u00e7\u00f5es<\/p>\n\n\n\n<p class=\"has-text-align-center\"><span style=\"color: #0000ff\"><a style=\"color: #0000ff\" href=\"https:\/\/agrarias.ufpr.br\/dere\/wp-content\/uploads\/sites\/47\/2024\/08\/2024_agrariasemacao_bolsista_edital_26_homologa_inscr_retificacao.pdf\" target=\"_blank\" rel=\"noopener\">Edital 26\/2024&nbsp;<\/a><\/span> (14\/08\/24) &#8211; Homologa\u00e7\u00e3o das Inscri\u00e7\u00f5es (RETIFICA\u00c7\u00c3O)<\/p>\n\n\n\n<p class=\"has-text-align-center\"><span style=\"color: #0000ff\"><a style=\"color: #0000ff\" href=\"https:\/\/agrarias.ufpr.br\/dere\/wp-content\/uploads\/sites\/47\/2024\/08\/2024_agrariasemacao_bolsista_edital_27_resultado_parcial.pdf\" target=\"_blank\" rel=\"noopener\">Edital 27\/2024&nbsp;<\/a><\/span> (15\/08\/24) &#8211; Resultado Parcial<\/p>\n\n\n\n<p class=\"has-text-align-center\"><span style=\"color: #0000ff\"><a style=\"color: #0000ff\" href=\"https:\/\/agrarias.ufpr.br\/dere\/wp-content\/uploads\/sites\/47\/2024\/08\/2024_agrariasemacao_bolsista_edital_31_resultado_final.pdf\" target=\"_blank\" rel=\"noopener\">Edital 32\/2024&nbsp;<\/a><\/span> (19\/08\/24) &#8211; Resultado Final<\/p>\n\n\n\n<hr class=\"wp-block-separator has-alpha-channel-opacity\" \/>\n\n\n\n<p><strong>CONCURSO PARA SELE\u00c7\u00c3O DE PROPOSTA DA IDENTIDADE VISUAL DO PROJETO DE EXTENS\u00c3O \u201cCI\u00caNCIAS AGR\u00c1RIAS EM A\u00c7\u00c3O NA ONG COLETIVO INCLUS\u00c3O&#8221;<\/strong> (<strong><mark style=\"background-color:#fcb900\" class=\"has-inline-color\">encerrado<\/mark><\/strong>)<\/p>\n\n\n\n<p>O Projeto de Extens\u00e3o \u201cCi\u00eancias Agr\u00e1rias em A\u00e7\u00e3o na ONG Coletivo Inclus\u00e3o\u201d, do Departamento de Economia Rural e Extens\u00e3o do Setor de Ci\u00eancias Agr\u00e1rias da Universidade Federal do Paran\u00e1, torna p\u00fablico o presente edital com as normas do concurso para sele\u00e7\u00e3o de proposta para <strong><span style=\"text-decoration: underline\">identidade visual<\/span><\/strong> do projeto.<\/p>\n\n\n\n<ol class=\"wp-block-list\">\n<li><a href=\"https:\/\/agrarias.ufpr.br\/dere\/wp-content\/uploads\/sites\/47\/2024\/04\/2024_Edital_13_AgrariasEmAcao_IdentidadeVisual_Edital.pdf\" target=\"_blank\" rel=\"noopener\" title=\"\">Edital 13\/2024<\/a> &#8211; Edital de Abertura (12\/04\/2024)<\/li>\n\n\n\n<li><a href=\"https:\/\/agrarias.ufpr.br\/dere\/wp-content\/uploads\/sites\/47\/2024\/05\/SEI_6671071_Edital_16_2024.pdf\" target=\"_blank\" rel=\"noopener\" title=\"\">Edital 16\/2024<\/a> &#8211; Resultado (25\/05\/2024)<\/li>\n<\/ol>\n\n\n\n<hr class=\"wp-block-separator has-alpha-channel-opacity\" \/>\n\n\n\n<h4 class=\"wp-block-heading\">EDITAL DE SELE\u00c7\u00c3O DE ESTUDANTE PARA BOLSA EXTENS\u00c3O VINCULADO AO<br>PROJETO DE EXTENS\u00c3O: &#8220;CI\u00caNCIAS AGR\u00c1RIAS EM A\u00c7\u00c3O NA ONG COLETIVO INCLUS\u00c3O&#8221; (<span style=\"background-color: #ff9900\">encerrado<\/span>)<\/h4>\n\n\n\n<p>O Projeto de Extens\u00e3o \u201cCi\u00eancias Agr\u00e1rias em A\u00e7\u00e3o na Ong Coletivo Inclus\u00e3o\u201d, do Departamento de Economia Rural e Extens\u00e3o do Setor de Ci\u00eancias Agr\u00e1rias da Universidade Federal do Paran\u00e1, torna p\u00fablico o presente edital com as normas do processo seletivo de bolsistas em \u00e1reas de forma\u00e7\u00e3o de Agronomia, Medicina Veterin\u00e1ria ou Zootecnia.<\/p>\n\n\n\n<p class=\"has-text-align-center\"><a href=\"https:\/\/agrarias.ufpr.br\/dere\/wp-content\/uploads\/sites\/47\/2024\/04\/2024_AgrariasEmAcao_Bolsista_Edital_14_Edital.pdf\" target=\"_blank\" rel=\"noopener\"><span style=\"color: #0000ff\">Edital 14\/2024<\/span><\/a>-(17\/04\/24) &#8211; Abertura<\/p>\n\n\n\n<p class=\"has-text-align-center\"><a href=\"https:\/\/agrarias.ufpr.br\/dere\/wp-content\/uploads\/sites\/47\/2024\/04\/2024_AgrariasEmAcao_Bolsista_Edital_15_Resultado.pdf\" target=\"_blank\" rel=\"noopener\"><span style=\"color: #0000ff\">Edital 15\/2024<\/span><\/a>-(25\/04\/24) &#8211; Resultado<\/p>\n\n\n\n<p><\/p>\n\n\n\n<hr class=\"wp-block-separator has-alpha-channel-opacity\" \/>\n\n\n\n<h4 class=\"wp-block-heading\">UFPR\/CI\u00caNCIAS AGR\u00c1RIAS EM A\u00c7\u00c3O NA ONG COLETIVO INCLUS\u00c3O \u2013 USF\/SETI &#8211; SELE\u00c7\u00c3O DE BOLSISTAS DE EXTENS\u00c3O (<span style=\"background-color: #ff9900\">encerrado<\/span>)<\/h4>\n\n\n\n<p>O Projeto de Extens\u00e3o \u201cCi\u00eancias Agr\u00e1rias em A\u00e7\u00e3o na Ong Coletivo Inclus\u00e3o\u201d, do Departamento de Economia Rural e Extens\u00e3o do Setor de Ci\u00eancias Agr\u00e1rias da Universidade Federal do Paran\u00e1, torna p\u00fablico o presente edital com as normas do processo seletivo de bolsistas em \u00e1reas de forma\u00e7\u00e3o de Agronomia, Medicina Veterin\u00e1ria ou Zootecnia.<\/p>\n\n\n\n<h3 class=\"wp-block-heading has-text-align-center\"><strong>REC\u00c9M-GRADUADO(A)<\/strong><\/h3>\n\n\n\n<p class=\"has-text-align-center\"><a title=\"\" href=\"https:\/\/agrarias.ufpr.br\/dere\/wp-content\/uploads\/sites\/47\/2024\/02\/SEI_6380213_Edital_01_2024.pdf\" target=\"_blank\" rel=\"noopener\">Edital 01\/2024<\/a>&nbsp;(07\/02\/24)<\/p>\n\n\n\n<p class=\"has-text-align-center\"><a title=\"\" href=\"https:\/\/agrarias.ufpr.br\/dere\/wp-content\/uploads\/sites\/47\/2024\/02\/Edital-1-ANEXOS.pdf\" target=\"_blank\" rel=\"noopener\">Anexos 1 e 2 do Edital 01\/2024<\/a>&nbsp;(07\/02\/24)<\/p>\n\n\n\n<p class=\"has-text-align-center\"><a title=\"\" href=\"https:\/\/agrarias.ufpr.br\/dere\/wp-content\/uploads\/sites\/47\/2024\/02\/2024_Edital_04_AgrariasEmAcao.pdf\" target=\"_blank\" rel=\"noopener\">Edital 04\/2024 &#8211; Homologa\u00e7\u00e3o das Inscri\u00e7\u00f5es e Entrevistas<\/a>&nbsp;(20\/02\/24)<\/p>\n\n\n\n<p class=\"has-text-align-center\"><a title=\"\" href=\"https:\/\/agrarias.ufpr.br\/dere\/wp-content\/uploads\/sites\/47\/2024\/02\/2024_BolsaExtensao-Edital-07_24-ResultadoParcial.pdf\" target=\"_blank\" rel=\"noopener\">Edital 07\/2024 &#8211; Resultado Parcial<\/a>&nbsp;(22\/02\/24) &#8211; Prazo para recurso: 23\/02\/24 (12:00)<\/p>\n\n\n\n<p class=\"has-text-align-center\"><a title=\"\" href=\"https:\/\/agrarias.ufpr.br\/dere\/wp-content\/uploads\/sites\/47\/2024\/02\/2024_BolsaExtensao-Edital-10_24-ResultadoFinal.pdf\" target=\"_blank\" rel=\"noopener\">Edital 10\/2024 &#8211; Resultado Final<\/a>&nbsp;(23\/02\/24)<\/p>\n\n\n\n<h3 class=\"wp-block-heading has-text-align-center\"><strong>ESTUDANTES DE GRADUA\u00c7\u00c3O<\/strong><\/h3>\n\n\n\n<p class=\"has-text-align-center\"><a title=\"\" href=\"https:\/\/agrarias.ufpr.br\/dere\/wp-content\/uploads\/sites\/47\/2024\/02\/SEI_6380851_Edital_02_2024.pdf\" target=\"_blank\" rel=\"noopener\">Edital 02\/2024<\/a>&nbsp;(07\/02\/24)<\/p>\n\n\n\n<p class=\"has-text-align-center\"><a title=\"\" href=\"https:\/\/agrarias.ufpr.br\/dere\/wp-content\/uploads\/sites\/47\/2024\/02\/Edital-2-ANEXOS.pdf\" target=\"_blank\" rel=\"noopener\">Anexos 1 e 2 do Edital 02\/2024<\/a>&nbsp;(07\/02\/24)<\/p>\n\n\n\n<p class=\"has-text-align-center\"><a title=\"\" href=\"https:\/\/agrarias.ufpr.br\/dere\/wp-content\/uploads\/sites\/47\/2024\/02\/2024_Edital_05_AgrariasEmAcao.pdf\" target=\"_blank\" rel=\"noopener\">Edital 05\/2024 &#8211; Homologa\u00e7\u00e3o das Inscri\u00e7\u00f5es e Entrevistas<\/a> (20\/02\/24)<\/p>\n\n\n\n<p class=\"has-text-align-center\"><a title=\"\" href=\"https:\/\/agrarias.ufpr.br\/dere\/wp-content\/uploads\/sites\/47\/2024\/02\/2024_BolsaExtensao-Edital-08_24-ResultadoParcial.pdf\" target=\"_blank\" rel=\"noopener\">Edital 08\/2024 &#8211; Resultado Parcial<\/a>&nbsp;(22\/02\/24) &#8211; Prazo para recurso: 23\/02\/24 (12:00)<\/p>\n\n\n\n<p class=\"has-text-align-center\"><a title=\"\" href=\"https:\/\/agrarias.ufpr.br\/dere\/wp-content\/uploads\/sites\/47\/2024\/02\/2024_BolsaExtensao-Edital-11_24-ResultadoFinal.pdf\" target=\"_blank\" rel=\"noopener\">Edital 11\/2024 &#8211; Resultado Final<\/a>&nbsp;(23\/02\/24)<\/p>\n\n\n\n<h3 class=\"wp-block-heading has-text-align-center\"><strong style=\"font-size: inherit;color: var( --e-global-color-text );font-family: var( --e-global-typography-text-font-family ), Sans-serif;text-align: var(--text-align)\">INICIA\u00c7\u00c3O \u00c0 PESQUISA E EXTENS\u00c3O<\/strong><\/h3>\n\n\n\n<p class=\"has-text-align-center\"><a style=\"font-size: inherit;font-family: var( --e-global-typography-text-font-family ), Sans-serif;font-weight: var( --e-global-typography-text-font-weight );text-align: var(--text-align);background-color: #ffffff\" title=\"\" href=\"https:\/\/agrarias.ufpr.br\/dere\/wp-content\/uploads\/sites\/47\/2024\/02\/SEI_6381201_Edital_03_2024.pdf\" target=\"_blank\" rel=\"noopener\">Edital 03\/2024<\/a>&nbsp;(07\/02\/24)<\/p>\n\n\n\n<p class=\"has-text-align-center\"><a style=\"font-size: inherit;font-family: var( --e-global-typography-text-font-family ), Sans-serif;font-weight: var( --e-global-typography-text-font-weight );text-align: var(--text-align);background-color: #ffffff\" title=\"\" href=\"https:\/\/agrarias.ufpr.br\/dere\/wp-content\/uploads\/sites\/47\/2024\/02\/Edital-3-ANEXOS.pdf\" target=\"_blank\" rel=\"noopener\">Anexos 1 e 2 do Edital 03\/2024<\/a>&nbsp;(07\/02\/24)<\/p>\n\n\n\n<p class=\"has-text-align-center\"><a style=\"font-size: inherit;font-family: var( --e-global-typography-text-font-family ), Sans-serif;font-weight: var( --e-global-typography-text-font-weight );text-align: var(--text-align);background-color: #ffffff\" title=\"\" href=\"https:\/\/agrarias.ufpr.br\/dere\/wp-content\/uploads\/sites\/47\/2024\/02\/2024_Edital_06_AgrariasEmAcao.pdf\" target=\"_blank\" rel=\"noopener\">Edital 06\/2024 &#8211; Homologa\u00e7\u00e3o das Inscri\u00e7\u00f5es e Entrevistas<\/a>&nbsp;(20\/02\/24)<\/p>\n\n\n\n<p class=\"has-text-align-center\"><a style=\"font-size: inherit;font-family: var( --e-global-typography-text-font-family ), Sans-serif;font-weight: var( --e-global-typography-text-font-weight );text-align: var(--text-align);background-color: #ffffff\" title=\"\" href=\"https:\/\/agrarias.ufpr.br\/dere\/wp-content\/uploads\/sites\/47\/2024\/02\/2024_BolsaExtensao-Edital-09_24-ResultadoParcial.pdf\" target=\"_blank\" rel=\"noopener\">Edital 09\/2024 &#8211; Resultado Parcial<\/a>&nbsp;(22\/02\/24) &#8211; Prazo para recurso: 23\/02\/24 (12:00)<\/p>\n\n\n\n<p class=\"has-text-align-center\"><a style=\"font-size: inherit;font-family: var( --e-global-typography-text-font-family ), Sans-serif;font-weight: var( --e-global-typography-text-font-weight );text-align: var(--text-align);background-color: #ffffff\" title=\"\" href=\"https:\/\/agrarias.ufpr.br\/dere\/wp-content\/uploads\/sites\/47\/2024\/02\/2024_BolsaExtensao-Edital-12_24-ResultadoFinal.pdf\" target=\"_blank\" rel=\"noopener\">Edital 12\/2024 &#8211; Resultado Final<\/a>&nbsp;(23\/02\/24)<\/p>\n\n\n\n<p><\/p>\n\n\n\n<p><\/p>\n","protected":false},"excerpt":{"rendered":"<p>BOLSAS DE EXTENS\u00c3O: visam apoiar a participa\u00e7\u00e3o de estudantes em Programas e Projetos de Extens\u00e3o, contribuindo para o desenvolvimento de cidad\u00e3os e de futuros profissionais, bem como a integra\u00e7\u00e3o do ensino e da pesquisa com as demandas sociais. BOLSAS MONITORIA &#8211; PIM: O Programa Institucional de Monitoria (PIM) tem como finalidade o aprimoramento do processo [&hellip;]<\/p>\n","protected":false},"author":10289,"featured_media":0,"parent":8951,"menu_order":0,"comment_status":"closed","ping_status":"closed","template":"","meta":{"footnotes":""},"class_list":["post-8957","page","type-page","status-publish","hentry"],"_links":{"self":[{"href":"https:\/\/agrarias.ufpr.br\/dere\/wp-json\/wp\/v2\/pages\/8957","targetHints":{"allow":["GET"]}}],"collection":[{"href":"https:\/\/agrarias.ufpr.br\/dere\/wp-json\/wp\/v2\/pages"}],"about":[{"href":"https:\/\/agrarias.ufpr.br\/dere\/wp-json\/wp\/v2\/types\/page"}],"author":[{"embeddable":true,"href":"https:\/\/agrarias.ufpr.br\/dere\/wp-json\/wp\/v2\/users\/10289"}],"replies":[{"embeddable":true,"href":"https:\/\/agrarias.ufpr.br\/dere\/wp-json\/wp\/v2\/comments?post=8957"}],"version-history":[{"count":9,"href":"https:\/\/agrarias.ufpr.br\/dere\/wp-json\/wp\/v2\/pages\/8957\/revisions"}],"predecessor-version":[{"id":10022,"href":"https:\/\/agrarias.ufpr.br\/dere\/wp-json\/wp\/v2\/pages\/8957\/revisions\/10022"}],"up":[{"embeddable":true,"href":"https:\/\/agrarias.ufpr.br\/dere\/wp-json\/wp\/v2\/pages\/8951"}],"wp:attachment":[{"href":"https:\/\/agrarias.ufpr.br\/dere\/wp-json\/wp\/v2\/media?parent=8957"}],"curies":[{"name":"wp","href":"https:\/\/api.w.org\/{rel}","templated":true}]}}