{"id":8944,"date":"2021-03-08T15:31:05","date_gmt":"2021-03-08T15:31:05","guid":{"rendered":"https:\/\/agrarias.ufpr.br\/dere\/?page_id=8944"},"modified":"2023-03-09T19:36:01","modified_gmt":"2023-03-09T19:36:01","slug":"planejamento","status":"publish","type":"page","link":"https:\/\/agrarias.ufpr.br\/dere\/o-departamento\/planejamento\/","title":{"rendered":"Planejamento Estrat\u00e9gico"},"content":{"rendered":"\n<h2 class=\"wp-block-heading\">Apresenta\u00e7\u00e3o<\/h2>\n\n\n\n<p>Este documento apresenta a miss\u00e3o; os valores; o objetivo geral; e as diretrizes, metas e indicadores do Departamento de Economia Rural e Extens\u00e3o (DERE) da Universidade Federal do Paran\u00e1 (UFPR).<\/p>\n\n\n\n<p>O DERE est\u00e1 vinculado ao Setor de Ci\u00eancias Agr\u00e1rias da UFPR atuando como suporte para as a\u00e7\u00f5es de ensino, pesquisa e extens\u00e3o que se desenvolvem no \u00e2mbito da gradua\u00e7\u00e3o e da p\u00f3s-gradua\u00e7\u00e3o, em n\u00edvel de especializa\u00e7\u00e3o (lato sensu), mestrado e doutorado (stricto sensu).<\/p>\n\n\n\n<p>Atualmente o DERE \u00e9 composto por 16 docentes doutores e 02 t\u00e9cnicos-administrativos e oferta disciplinas para todos os Cursos de Gradua\u00e7\u00e3o do Setor de Ci\u00eancias Agr\u00e1rias: Engenharia Agron\u00f4mica, Engenharia Florestal, Engenharia Industrial Madeireira, Medicina Veterin\u00e1ria e Zootecnia. O Departamento atua, tamb\u00e9m, na produ\u00e7\u00e3o de conhecimento e forma\u00e7\u00e3o de pesquisadores junto aos Cursos de P\u00f3s-Gradua\u00e7\u00e3o ofertados pela Universidade Federal do Paran\u00e1 e realiza atividades extensionistas e atividades administrativas.<\/p>\n\n\n\n<h2 class=\"wp-block-heading\">Breve Hist\u00f3rico<\/h2>\n\n\n\n<ul class=\"wp-block-list\"><li>O Departamento de Economia Rural &#8211; DERE foi instalado em 04 de mar\u00e7o de 1965 e em 17 de mar\u00e7o do mesmo ano foi empossado seu primeiro chefe, o professor Agostinho Bernardo da Veiga.<\/li><li>Em 26 de abril de 1971, passou a chamar Departamento de Organiza\u00e7\u00e3o Rural, face \u00e0s mudan\u00e7as dentro da Universidade. A UFPR foi a primeira Universidade do Brasil a lecionar como mat\u00e9ria obrigat\u00f3ria aos cursos de gradua\u00e7\u00e3o a disciplina Extens\u00e3o Rural. Em 1973, devido \u00e0s mudan\u00e7as organizacionais dentro da Universidade, que culminaram com a cria\u00e7\u00e3o dos Setores, o departamento novamente mudou de nome passando a se chamar Departamento de Economia Rural e Extens\u00e3o.<\/li><\/ul>\n\n\n\n<p>O DERE tem como foco principal cinco linhas mestras de atua\u00e7\u00e3o: 1) Economia e Planejamento de Empreendimentos Rurais; 2) Administra\u00e7\u00e3o e Gest\u00e3o de Agroneg\u00f3cios; 3) Pol\u00edtica e Legisla\u00e7\u00e3o Rural; 4) Extens\u00e3o Rural e Desenvolvimento; e 5) Economia e Pol\u00edtica Florestal.<\/p>\n\n\n\n<p>A linha de Economia e Planejamento de Empreendimentos Rurais trata do estudo dos mercados agropecu\u00e1rios no tocante \u00e0 sua organiza\u00e7\u00e3o e forma\u00e7\u00e3o de pre\u00e7os nos diferentes segmentos. Num trabalho conjunto, a Administra\u00e7\u00e3o e a Gest\u00e3o de Agroneg\u00f3cios buscam um melhor planejamento, organiza\u00e7\u00e3o, dire\u00e7\u00e3o e controle da estrutura produtiva rural. A \u00e1rea de Pol\u00edtica e Legisla\u00e7\u00e3o Rural objetiva o acompanhamento da pol\u00edtica agr\u00edcola do Pa\u00eds e da legisla\u00e7\u00e3o agr\u00edcola. A linha Extens\u00e3o Rural e Desenvolvimento aplica estrat\u00e9gias de assessoramento, capacita\u00e7\u00e3o, socializa\u00e7\u00e3o de conhecimento e tecnologia junto \u00e0s popula\u00e7\u00f5es rurais, visando ao desenvolvimento rural. Nas \u00e1reas de Economia e Pol\u00edtica Florestal s\u00e3o avaliadas as diferentes metodologias de an\u00e1lise dos empreendimentos florestais e agroflorestais, assim como a adequada compreens\u00e3o dos instrumentos de pol\u00edtica florestal e ambiental, associando-se estudos dos temas de economia dos recursos naturais e do meio ambiente.<\/p>\n\n\n\n<p>Dessa forma, o conjunto completo das linhas mestras de atua\u00e7\u00e3o do DERE fornece as ferramentas b\u00e1sicas para a compreens\u00e3o de toda a conjuntura agr\u00edcola e florestal nacional bem, como para o aprimoramento das atividades agrossilvipastoris.<\/p>\n\n\n\n<h2 class=\"wp-block-heading\">MISS\u00c3O<\/h2>\n\n\n\n<p>Em conson\u00e2ncia com o Plano de Desenvolvimento Institucional da UFPR, o Departamento de Economia Rural e Extens\u00e3o tem como miss\u00e3o formar profissionais para atuar nas diversas \u00e1reas das Ci\u00eancias Agr\u00e1rias por meio do ensino, pesquisa e extens\u00e3o em n\u00edveis de gradua\u00e7\u00e3o e de p\u00f3s-gradua\u00e7\u00e3o, com foco no desenvolvimento do saber cient\u00edfico e tecnol\u00f3gico para o desenvolvimento sustent\u00e1vel do meio rural, em benef\u00edcio da sociedade.<\/p>\n\n\n\n<h2 class=\"wp-block-heading\">VALORES<\/h2>\n\n\n\n<ul class=\"wp-block-list\"><li>Atuar de maneira \u00e9tica tanto no campo do Ensino, Pesquisa e Extens\u00e3o universit\u00e1ria, como na promo\u00e7\u00e3o de pr\u00e1ticas adequadas de gest\u00e3o e do relacionamento do servi\u00e7o p\u00fablico federal para com a sociedade.<\/li><li>Formar profissionais na \u00e1rea das Ci\u00eancias Agr\u00e1rias com metodologias e tecnologias de ponta.<\/li><li>Desenvolver pesquisas inovadoras, nas \u00e1reas do conhecimento das Ci\u00eancias Agr\u00e1rias e \u00e1reas correlatas.<\/li><li>Estender \u00e0 comunidade os benef\u00edcios criados no ambiente acad\u00eamico na forma de presta\u00e7\u00e3o dos servi\u00e7os e atividades extensionistas de forma \u00e9tica, segura e democr\u00e1tica.<\/li><li>Gest\u00e3o Participativa, Democr\u00e1tica e Transparente alinhada com a promo\u00e7\u00e3o de melhores condi\u00e7\u00f5es de trabalho e qualidade de vida.<\/li><li>Manter um forte v\u00ednculo entre as atividades acad\u00eamicas e a intera\u00e7\u00e3o com a iniciativa privada e empresas estatais.<\/li><\/ul>\n\n\n\n<h2 class=\"wp-block-heading\">OBJETIVO GERAL<\/h2>\n\n\n\n<p>Ampliar e aprimorar a atua\u00e7\u00e3o do DERE no ensino de gradua\u00e7\u00e3o e de p\u00f3s-gradua\u00e7\u00e3o, de forma indissociada com a pesquisa e a extens\u00e3o, com foco nas suas cinco linhas mestras de atua\u00e7\u00e3o: Economia e Planejamento de Empreendimentos Rurais; Administra\u00e7\u00e3o e Gest\u00e3o de Agroneg\u00f3cios; Pol\u00edtica e Legisla\u00e7\u00e3o Rural; Extens\u00e3o Rural e Desenvolvimento; e Economia e Pol\u00edtica Florestal.<\/p>\n\n\n\n<h2 class=\"wp-block-heading\">DIRETRIZES, METAS E INDICADORES<\/h2>\n\n\n\n<h2 class=\"wp-block-heading\">Ensino de Gradua\u00e7\u00e3o<\/h2>\n\n\n\n<ul class=\"wp-block-list\"><li>DIRETRIZ:&nbsp; Apoiar e fortalecer a estrutura de suporte de ensino aos cursos de gradua\u00e7\u00e3o que o departamento atende a fim de formar profissionais aptos e capacitados para atuar nas diversas \u00e1reas das Ci\u00eancias Agr\u00e1rias.<\/li><li>META: Melhorar o ensino nos cursos de Ci\u00eancias Agr\u00e1rias da UFPR, por meio de atualiza\u00e7\u00e3o curricular, capacita\u00e7\u00e3o de professores e com a inser\u00e7\u00e3o das novas tecnologias de m\u00eddias na educa\u00e7\u00e3o, bem como a melhoria da infraestrutura das salas de aula e espa\u00e7os de atendimento aos discentes.<\/li><li>INDICADOR: Aprova\u00e7\u00e3o no ENADE, redu\u00e7\u00e3o nos \u00edndices de evas\u00e3o, aumento do n\u00famero de ingressantes, n\u00famero de formandos.<\/li><\/ul>\n\n\n\n<h2 class=\"wp-block-heading\">Pesquisa e P\u00f3s-Gradua\u00e7\u00e3o<\/h2>\n\n\n\n<ul class=\"wp-block-list\"><li>DIRETRIZ:&nbsp; Apoiar e fortalecer o desenvolvimento de projetos de pesquisa (inicia\u00e7\u00e3o cient\u00edfica, mestrado e doutorado)<\/li><li>METAS:<ul><li>Dar suporte nas estrat\u00e9gias para melhoria qualitativa e quantitativa da produ\u00e7\u00e3o cient\u00edfica dos programas <em>stricto sensu <\/em>que os professores do DERE tenham atuado;<\/li><\/ul><ul><li>Manter os atuais e programar novos cursos de P\u00f3s-gradua\u00e7\u00e3o <em>lato sensu, <\/em>havendo demanda da comunidade.<\/li><\/ul><\/li><li>INDICADOR: N\u00famero de publica\u00e7\u00f5es acad\u00eamico-cient\u00edficas e n\u00famero de formandos\/especialistas.<\/li><\/ul>\n\n\n\n<h2 class=\"wp-block-heading\">Extens\u00e3o<\/h2>\n\n\n\n<ul class=\"wp-block-list\"><li>DIRETRIZ: Ampliar e qualificar a atua\u00e7\u00e3o das a\u00e7\u00f5es extensionistas existentes, com envolvimento de maior n\u00famero de servidores, docentes e t\u00e9cnicos, a fim de atender \u00e0s demandas da curriculariza\u00e7\u00e3o da extens\u00e3o.<\/li><li>META: Incentivar a continuidade e fomentar a elabora\u00e7\u00e3o de novos programas, projetos, eventos e cursos de extens\u00e3o.<\/li><li>INDICADOR: N\u00famero de participantes em atividades extensionistas (eventos, cursos, projetos e programas).<\/li><\/ul>\n\n\n\n<h2 class=\"wp-block-heading\">Gest\u00e3o<\/h2>\n\n\n\n<ul class=\"wp-block-list\"><li>DIRETRIZ: Planejar continuamente a\u00e7\u00f5es para garantir o uso eficiente dos recursos p\u00fablicos mantendo uma gest\u00e3o participativa, din\u00e2mica e transparente, comprometida com condi\u00e7\u00f5es de trabalho e conviv\u00eancia adequadas, visando a promo\u00e7\u00e3o do ensino, da pesquisa e da extens\u00e3o.<\/li><li>METAS:<ul><li>&nbsp;Utilizar os instrumentos de avalia\u00e7\u00e3o desenvolvidos e aplicados pela UFPR como subs\u00eddio para tomada de decis\u00f5es;<\/li><\/ul><ul><li>&nbsp;Mapear e desenvolver estrat\u00e9gias de redu\u00e7\u00e3o de riscos e melhoria dos fluxos de processos e procedimentos.<\/li><\/ul><\/li><li>INDICADOR: N\u00famero de processos mapeados.<\/li><\/ul>\n\n\n\n<h2 class=\"wp-block-heading\">Recursos Humanos<\/h2>\n\n\n\n<ul class=\"wp-block-list\"><li>DIRETRIZ: Estabelecer e implantar uma pol\u00edtica de amplia\u00e7\u00e3o e qualifica\u00e7\u00e3o dos servidores docentes e t\u00e9cnicos-administrativos.<\/li><li>META: Atualizar periodicamente o Plano de Desenvolvimento de Pessoas e usar os meios necess\u00e1rios para viabilizar a capacita\u00e7\u00e3o e qualifica\u00e7\u00e3o do corpo docente e t\u00e9cnico-administrativo por meio da participa\u00e7\u00e3o em eventos e estudos, nacionais e internacionais.<\/li><li>INDICADOR: N\u00famero de servidores qualificados no per\u00edodo.<\/li><\/ul>\n\n\n\n<h2 class=\"wp-block-heading\">Infraestrutura<\/h2>\n\n\n\n<ul class=\"wp-block-list\"><li>DIRETRIZ: Estabelecer e implantar uma pol\u00edtica de amplia\u00e7\u00e3o e qualifica\u00e7\u00e3o da infraestrutura f\u00edsica e equipamentos dispon\u00edveis \u00e0s a\u00e7\u00f5es de ensino, pesquisa, extens\u00e3o e administrativas.<\/li><li>META:<ul><li>Ampliar e qualificar os espa\u00e7os f\u00edsicos utilizados para as atividades administrativas e de ensino, pesquisa e extens\u00e3o;<\/li><\/ul><ul><li>Melhorar a estrutura existente nos laborat\u00f3rios did\u00e1ticos para o ensino de gradua\u00e7\u00e3o e p\u00f3s-gradua\u00e7\u00e3o, para a pesquisa e para as atividades extensionistas, atrav\u00e9s da aquisi\u00e7\u00e3o de equipamentos de tecnologia da informa\u00e7\u00e3o e garantir a manuten\u00e7\u00e3o dos existentes;<\/li><\/ul><ul><li>&nbsp;Buscar melhoria da infraestrutura das salas de aula e espa\u00e7os de atendimento aos discentes.<\/li><\/ul><\/li><li>INDICADOR: Reforma dos espa\u00e7os f\u00edsicos do DERE, n\u00famero de equipamentos novos instalados.<\/li><\/ul>\n\n\n\n<p><\/p>\n","protected":false},"excerpt":{"rendered":"<p>Apresenta\u00e7\u00e3o Este documento apresenta a miss\u00e3o; os valores; o objetivo geral; e as diretrizes, metas e indicadores do Departamento de Economia Rural e Extens\u00e3o (DERE) da Universidade Federal do Paran\u00e1 (UFPR). O DERE est\u00e1 vinculado ao Setor de Ci\u00eancias Agr\u00e1rias da UFPR atuando como suporte para as a\u00e7\u00f5es de ensino, pesquisa e extens\u00e3o que se [&hellip;]<\/p>\n","protected":false},"author":3,"featured_media":0,"parent":8888,"menu_order":0,"comment_status":"closed","ping_status":"closed","template":"","meta":{"footnotes":""},"class_list":["post-8944","page","type-page","status-publish","hentry"],"_links":{"self":[{"href":"https:\/\/agrarias.ufpr.br\/dere\/wp-json\/wp\/v2\/pages\/8944","targetHints":{"allow":["GET"]}}],"collection":[{"href":"https:\/\/agrarias.ufpr.br\/dere\/wp-json\/wp\/v2\/pages"}],"about":[{"href":"https:\/\/agrarias.ufpr.br\/dere\/wp-json\/wp\/v2\/types\/page"}],"author":[{"embeddable":true,"href":"https:\/\/agrarias.ufpr.br\/dere\/wp-json\/wp\/v2\/users\/3"}],"replies":[{"embeddable":true,"href":"https:\/\/agrarias.ufpr.br\/dere\/wp-json\/wp\/v2\/comments?post=8944"}],"version-history":[{"count":7,"href":"https:\/\/agrarias.ufpr.br\/dere\/wp-json\/wp\/v2\/pages\/8944\/revisions"}],"predecessor-version":[{"id":9045,"href":"https:\/\/agrarias.ufpr.br\/dere\/wp-json\/wp\/v2\/pages\/8944\/revisions\/9045"}],"up":[{"embeddable":true,"href":"https:\/\/agrarias.ufpr.br\/dere\/wp-json\/wp\/v2\/pages\/8888"}],"wp:attachment":[{"href":"https:\/\/agrarias.ufpr.br\/dere\/wp-json\/wp\/v2\/media?parent=8944"}],"curies":[{"name":"wp","href":"https:\/\/api.w.org\/{rel}","templated":true}]}}