{"id":8942,"date":"2021-03-08T15:30:55","date_gmt":"2021-03-08T15:30:55","guid":{"rendered":"https:\/\/agrarias.ufpr.br\/dere\/?page_id=8942"},"modified":"2024-07-25T12:29:37","modified_gmt":"2024-07-25T12:29:37","slug":"formularios","status":"publish","type":"page","link":"https:\/\/agrarias.ufpr.br\/dere\/formularios\/","title":{"rendered":"Formul\u00e1rios"},"content":{"rendered":"\n<p><strong>SEGUNDA CHAMADA<\/strong><\/p>\n\n<p><br \/>Se o\/a estudante n\u00e3o puder comparecer a uma determinada avalia\u00e7\u00e3o, poder\u00e1 solicitar uma segunda oportunidade para realiz\u00e1-la, mas precisa apresentar um motivo relevante (veja Art. 106, da Res. CEPE 37\/97) para o n\u00e3o comparecimento.<br \/>Para tanto, deve solicitar a segunda chamada ao\/\u00e0 docente ou ao departamento em at\u00e9 5 (cinco) \u00fateis ap\u00f3s a avalia\u00e7\u00e3o n\u00e3o realizada. \u00c9 preciso apresentar documentos comprobat\u00f3rios para justificar a solicita\u00e7\u00e3o de segunda chamada.<\/p>\n\n<p><strong><a href=\"https:\/\/agrarias.ufpr.br\/dere\/wp-content\/uploads\/sites\/47\/2023\/07\/segunda-chamada2.pdf\" target=\"_blank\" rel=\"noreferrer noopener\">Requerimento de 2\u00aa Chamada<\/a><\/strong> (formul\u00e1rio pdf preench\u00edvel no Desktop ou Notebook)<\/p>\n","protected":false},"excerpt":{"rendered":"<p>SEGUNDA CHAMADA Se o\/a estudante n\u00e3o puder comparecer a uma determinada avalia\u00e7\u00e3o, poder\u00e1 solicitar uma segunda oportunidade para realiz\u00e1-la, mas precisa apresentar um motivo relevante (veja Art. 106, da Res. CEPE 37\/97) para o n\u00e3o comparecimento.Para tanto, deve solicitar a segunda chamada ao\/\u00e0 docente ou ao departamento em at\u00e9 5 (cinco) \u00fateis ap\u00f3s a avalia\u00e7\u00e3o [&hellip;]<\/p>\n","protected":false},"author":3,"featured_media":0,"parent":0,"menu_order":0,"comment_status":"closed","ping_status":"closed","template":"","meta":{"footnotes":""},"class_list":["post-8942","page","type-page","status-publish","hentry"],"_links":{"self":[{"href":"https:\/\/agrarias.ufpr.br\/dere\/wp-json\/wp\/v2\/pages\/8942","targetHints":{"allow":["GET"]}}],"collection":[{"href":"https:\/\/agrarias.ufpr.br\/dere\/wp-json\/wp\/v2\/pages"}],"about":[{"href":"https:\/\/agrarias.ufpr.br\/dere\/wp-json\/wp\/v2\/types\/page"}],"author":[{"embeddable":true,"href":"https:\/\/agrarias.ufpr.br\/dere\/wp-json\/wp\/v2\/users\/3"}],"replies":[{"embeddable":true,"href":"https:\/\/agrarias.ufpr.br\/dere\/wp-json\/wp\/v2\/comments?post=8942"}],"version-history":[{"count":15,"href":"https:\/\/agrarias.ufpr.br\/dere\/wp-json\/wp\/v2\/pages\/8942\/revisions"}],"predecessor-version":[{"id":9397,"href":"https:\/\/agrarias.ufpr.br\/dere\/wp-json\/wp\/v2\/pages\/8942\/revisions\/9397"}],"wp:attachment":[{"href":"https:\/\/agrarias.ufpr.br\/dere\/wp-json\/wp\/v2\/media?parent=8942"}],"curies":[{"name":"wp","href":"https:\/\/api.w.org\/{rel}","templated":true}]}}