{"id":8928,"date":"2021-03-08T15:27:49","date_gmt":"2021-03-08T15:27:49","guid":{"rendered":"https:\/\/agrarias.ufpr.br\/dere\/?page_id=8928"},"modified":"2025-08-07T18:28:18","modified_gmt":"2025-08-07T18:28:18","slug":"projetos","status":"publish","type":"page","link":"https:\/\/agrarias.ufpr.br\/dere\/extensao\/projetos\/","title":{"rendered":"Projetos de Extens\u00e3o"},"content":{"rendered":"\n<br>\n\n\n\n<p>Um Projeto de Extens\u00e3o \u00e9 a a\u00e7\u00e3o processual e cont\u00ednua de car\u00e1ter educativo, social, art\u00edstico, cient\u00edfico ou tecnol\u00f3gico que contempla os cinco princ\u00edpios extensionistas e visa resultado de m\u00fatuo interesse para a sociedade e para a comunidade acad\u00eamica; pode estar vinculado a um Programa ou ser isolado.<\/p>\n\n\n\n<br>\n\n\n\n<p class=\"has-medium-font-size\"><span style=\"text-decoration: underline\" class=\"underline\"><strong>AGROECOLOGIA E PRODU\u00c7\u00c3O ORG\u00c2NICA: Conectando Extens\u00e3o, Ensino e Pesquisa<\/strong><\/span><\/p>\n\n\n\n<p>Coordenador: MOACIR ROBERTO DAROLT<\/p>\n\n\n\n<p> Setor de Ci\u00eancias Agr\u00e1rias &#8211; Departamento de Economia Rural e Extens\u00e3o <\/p>\n\n\n\n<p>contato: darolt@ufpr.br<\/p>\n\n\n\n<p class=\"has-small-font-size\">O Projeto tem o objetivo de divulgar, caracterizar, fortalecer e conectar a rede de atores que trabalham com o tema da agroecologia (AE) e produ\u00e7\u00e3o org\u00e2nica (PO) na Regi\u00e3o Metropolitana de Curitiba (RMC) visando consolidar a rela\u00e7\u00e3o entre a extens\u00e3o, o ensino e a pesquisa, bem como socializar conhecimentos e tecnologias geradas e validadas por institui\u00e7\u00f5es p\u00fablicas e privadas de pesquisa e extens\u00e3o em agroecologia. As a\u00e7\u00f5es realizadas por extensionistas, pesquisadores, professores, alunos, t\u00e9cnicos, empreendedores, agricultores e suas organiza\u00e7\u00f5es, e consumidores ser\u00e3o sistematizadas e socializadas visando apoiar o processo de transi\u00e7\u00e3o agroecol\u00f3gica na RMC por meio de uma abordagem sist\u00eamica e participativa. Parte das atividades de integra\u00e7\u00e3o entre Ensino, Pesquisa e Extens\u00e3o s\u00e3o realizadas na Fazenda da Esta\u00e7\u00e3o de Pesquisa em Agroecologia do Instituto de Desenvolvimento Rural do Paran\u00e1 (IDR-Paran\u00e1) de Pinhais-PR, numa \u00e1rea de 147 hectares certificada pelo Instituto de Tecnologia do Paran\u00e1 (Tecpar) desde 2009, envolvendo produ\u00e7\u00e3o vegetal, animal, agroflorestal, bioinsumos, recursos naturais, al\u00e9m de estudos em socioeconomia, comercializa\u00e7\u00e3o e agricultura urbana.<\/p>\n\n\n\n<p class=\"has-small-font-size\"><strong>Parceiros: <\/strong>Esta\u00e7\u00e3o de Pesquisa em Agroecologia do Instituto de Desenvolvimento Rural do Paran\u00e1-IDR; Secretaria da Agricultura e do Abastecimento do Paran\u00e1 (SEAB-PR); Cooperativa para o Desenvolvimento da Agroecologia e Produ\u00e7\u00e3o Org\u00e2nica (COAOPA); Associa\u00e7\u00e3o para o Desenvolvimento da Agroecologia (AOPA).<\/p>\n\n\n\n<p class=\"has-small-font-size\"><strong>Equipe envolvida no Projeto:<\/strong><\/p>\n\n\n\n<figure class=\"wp-block-table\"><table class=\"has-fixed-layout\"><tbody><tr><td>MOACIR ROBERTO DAROLT<\/td><td>Docente (UFPR)<\/td><td>Coordenador(a)<\/td><\/tr><tr><td>LUCIANO DE ALMEIDA<\/td><td>Docente (UFPR)<\/td><td>Vice coordenador(a)<\/td><\/tr><tr><td>MANOEL FLORES LESAMA<\/td><td>Docente (UFPR)<\/td><td>Orientador(a)<\/td><\/tr><tr><td>AFONSO TAKAO MURATA<\/td><td>Docente (UFPR)<\/td><td>Orientador(a)<\/td><\/tr><tr><td>ARTHUR FERRAZ DA SILVA<\/td><td>Discente Gradua\u00e7\u00e3o (UFPR)<\/td><td>Aluno(a) bolsista<\/td><\/tr><tr><td>ELIZA ANN MELVILLE FARFAN<\/td><td>Discente Gradua\u00e7\u00e3o (UFPR)<\/td><td>Aluno(a) volunt\u00e1rio(a)<\/td><\/tr><tr><td>GABRIEL VINICIUS FERRAZ<\/td><td>Discente Gradua\u00e7\u00e3o (UFPR)<\/td><td>Aluno(a) volunt\u00e1rio(a)<\/td><\/tr><tr><td>LETICIA FERNANDES DE CARVALHO<\/td><td>Discente Gradua\u00e7\u00e3o (UFPR)<\/td><td>Aluno(a) volunt\u00e1rio(a)<\/td><\/tr><tr><td>LUANA MARIA DE OLIVEIRA<\/td><td>Discente Gradua\u00e7\u00e3o (UFPR)<\/td><td>Aluno(a) bolsista<\/td><\/tr><\/tbody><\/table><\/figure>\n\n\n\n<p class=\"has-small-font-size\"><\/p>\n\n\n\n<br>\n\n\n\n<p class=\"has-medium-font-size\"><strong><span style=\"text-decoration: underline\" class=\"underline\">CI\u00caNCIAS AGR\u00c1RIAS EM A\u00c7\u00c3O NA ONG COLETIVO INCLUS\u00c3O<\/span><\/strong><\/p>\n\n\n\n<p>Coordenador: AMANDA MASSANEIRA DE SOUZA SCHUNTZEMBERGER<\/p>\n\n\n\n<p> Setor de Ci\u00eancias Agr\u00e1rias &#8211; Departamento de Economia Rural e Extens\u00e3o <\/p>\n\n\n\n<p>contato: amanda.mss@ufpr.br<\/p>\n\n\n\n<p>Instagram: <a href=\"https:\/\/www.instagram.com\/agrariasemacao\/#\" target=\"_blank\" rel=\"noopener\" title=\"\">https:\/\/www.instagram.com\/agrariasemacao\/#<\/a><\/p>\n\n\n\n<p class=\"has-small-font-size\"><strong>Objetivo geral: <\/strong>Possibilitar boa nutri\u00e7\u00e3o, sanidade e bem-estar dos equinos utilizados nas sess\u00f5es do Centro de Equoterapia da Ong Coletivo Inclus\u00e3o, localizado no munic\u00edpio de Fazenda Rio Grande &#8211; PR, visando \u00e0 express\u00e3o do potencial terap\u00eautico dos cavalos e, por consequ\u00eancia, a qualidade de vida, sa\u00fade e bem-estar das pessoas beneficiadas pelo projeto de equoterapia, atrav\u00e9s de suporte e orienta\u00e7\u00e3o t\u00e9cnica por meio de a\u00e7\u00f5es de ensino, pesquisa e extens\u00e3o promovidas por professores e alunos das Ci\u00eancias Agr\u00e1rias da UFPR, em um processo de integra\u00e7\u00e3o multidisciplinar e multiprofissional.<\/p>\n\n\n\n<p class=\"has-small-font-size\"><strong>Parceiros: <\/strong>Centro de Equoterapia da Ong Coletivo Inclus\u00e3o.<\/p>\n\n\n\n<p class=\"has-small-font-size\"><strong>Equipe envolvida no Projeto:<\/strong><\/p>\n\n\n\n<figure class=\"wp-block-table\"><table class=\"has-fixed-layout\"><tbody><tr><td>AMANDA MASSANEIRA DE SOUZA SCHUNTZEMBERGER<\/td><td>Docente (UFPR)<\/td><td>Coordenador(a)<\/td><\/tr><tr><td>MARCELO BELTRAO MOLENTO<\/td><td>Docente (UFPR)<\/td><td>Orientador(a)<\/td><\/tr><tr><td>ANNE CAROLINE JAREK FELICE<\/td><td>Discente Gradua\u00e7\u00e3o (UFPR)<\/td><td>Aluno(a) bolsista<\/td><\/tr><tr><td>EVELIN DAIANI GASPARIN KREUSCH<\/td><td>Discente Gradua\u00e7\u00e3o (UFPR)<\/td><td>Aluno(a) bolsista<\/td><\/tr><tr><td>FABIANA COLLACO<\/td><td>Discente Gradua\u00e7\u00e3o (UFPR)<\/td><td>Aluno(a) bolsista<\/td><\/tr><tr><td>GABRIELA CAMPI VOLTOLIN<\/td><td>Discente Gradua\u00e7\u00e3o (UFPR)<\/td><td>Aluno(a) bolsista<\/td><\/tr><tr><td>ISABELLA NASCIMENTO FEIO DE LEMOS GERHARD<\/td><td>Discente Gradua\u00e7\u00e3o (UFPR)<\/td><td>Aluno(a) bolsista<\/td><\/tr><tr><td>JULIA GABRIELLE STEFF<\/td><td>Discente Gradua\u00e7\u00e3o (UFPR)<\/td><td>Aluno(a) bolsista<\/td><\/tr><tr><td>JULIA QUINSLER FOGACA<\/td><td>Discente Gradua\u00e7\u00e3o (UFPR)<\/td><td>Aluno(a) bolsista<\/td><\/tr><tr><td>MELANIE CAMIENSKI<\/td><td>Discente Gradua\u00e7\u00e3o (UFPR)<\/td><td>Aluno(a) bolsista<\/td><\/tr><tr><td>VALENTINA SALLES CARVALHO<\/td><td>Discente Gradua\u00e7\u00e3o (UFPR)<\/td><td>Aluno(a) bolsista<\/td><\/tr><tr><td>JULIANA ANDRIANCZIK FERREIRA<\/td><td>Discente Gradua\u00e7\u00e3o (UFPR)<\/td><td>Aluno(a) volunt\u00e1rio(a)<\/td><\/tr><tr><td>Maur\u00edlio Costa Dias Tofanelli<\/td><td>Discente Gradua\u00e7\u00e3o (UFPR)<\/td><td>Aluno(a) volunt\u00e1rio(a)<\/td><\/tr><tr><td>PATRICK BORGES CORREIA<\/td><td>Discente Gradua\u00e7\u00e3o (UFPR)<\/td><td>Aluno(a) volunt\u00e1rio(a)<\/td><\/tr><tr><td>PAULO ROBERTO CUETO<\/td><td>Discente Gradua\u00e7\u00e3o (UFPR)<\/td><td>Aluno(a) volunt\u00e1rio(a)<\/td><\/tr><tr><td>THALES ROLLWAGEM CARNEIRO STERZELECKI<\/td><td>Discente Gradua\u00e7\u00e3o (UFPR)<\/td><td>Aluno(a) volunt\u00e1rio(a)<\/td><\/tr><tr><td>JULIANA APARECIDA DE ASSIS<\/td><td>Discente P\u00f3s-Gradua\u00e7\u00e3o (UFPR)<\/td><td>Aluno(a) volunt\u00e1rio(a)<\/td><\/tr><tr><td>LUANA SANTIAGO DE MAGALHAES<\/td><td>Discente P\u00f3s-Gradua\u00e7\u00e3o (UFPR)<\/td><td>Aluno(a) volunt\u00e1rio(a)<\/td><\/tr><tr><td>ANDR\u00c9 CARLOS AULER<\/td><td>Docente (UFPR)<\/td><td>Volunt\u00e1rio(a)<\/td><\/tr><tr><td>JO\u00c3O RICARDO DITTRICH<\/td><td>Docente (UFPR)<\/td><td>Volunt\u00e1rio(a)<\/td><\/tr><tr><td>RAFAEL HENRIQUE PRADO SILVA<\/td><td>Docente (UFPR)<\/td><td>Volunt\u00e1rio(a)<\/td><\/tr><tr><td>CAROLINE MARIA ROSSI<\/td><td>Externo Volunt\u00e1rio<\/td><td>Volunt\u00e1rio(a)<\/td><\/tr><tr><td>AD\u00c9LIA JUNGLOS ALVES<\/td><td>T\u00e9cnico administrativo (UFPR)<\/td><td>Volunt\u00e1rio(a)<\/td><\/tr><tr><td>CAROLINE REICHEN<\/td><td>T\u00e9cnico administrativo (UFPR)<\/td><td>Volunt\u00e1rio(a)<\/td><\/tr><tr><td>URSULA YAEKO YOSHITANI THOMAZ DE AQUINO<\/td><td>T\u00e9cnico administrativo (UFPR)<\/td><td>Volunt\u00e1rio(a)<\/td><\/tr><tr><td>AMELIA GONCALVES RIBEIRO<\/td><td>Discente P\u00f3s-Gradua\u00e7\u00e3o (UFPR)<\/td><td>Outro<\/td><\/tr><tr><td>JULIANA NAKATA VARGAS<\/td><td>Discente P\u00f3s-Gradua\u00e7\u00e3o (UFPR)<\/td><td>Outro<\/td><\/tr><\/tbody><\/table><\/figure>\n\n\n\n<br>\n\n\n\n<p class=\"has-medium-font-size\"><strong><span style=\"text-decoration: underline\" class=\"underline\">COOPERA\u00c7\u00c3O E INOVA\u00c7\u00c3O NO AGRONEG\u00d3CIO<\/span><\/strong><\/p>\n\n\n\n<p>Coordenador: GILSON MARTINS<\/p>\n\n\n\n<p>Setor de Ci\u00eancias Agr\u00e1rias &#8211; Departamento de Economia Rural e Extens\u00e3o <\/p>\n\n\n\n<p>contato: gilson.martins@ufpr.br<\/p>\n\n\n\n<p class=\"has-small-font-size\"><strong>Descri\u00e7\u00e3o:<\/strong><br>O CEA identificou a crescente demanda do setor produtivo por tecnologias e forma\u00e7\u00e3o profissional dirigida, por um lado, e por outro a necessidade da academia aproximar os estudantes ao mercado de trabalho, de forma a prepar\u00e1-los e pautar o desenvolvimento acad\u00eamico por demandas da sociedade. Atualmente, o desenvolvimento econ\u00f4mico demanda aprimoramento e ades\u00e3o aos novos modelos de produ\u00e7\u00e3o, que devem ser apropriados pela universidade como contrapartida \u00e0s comunidades.<\/p>\n\n\n\n<p class=\"has-small-font-size\"><strong>Parceiros:<\/strong><br>COOPERATIVA UNIVERSITARIA DAS CIENCIAS AGRARIAS DA UNIVERSIDADE FEDERAL DO PARANA<br>SERVI\u00c7O NACIONAL DE APRENDIZAGEM RURAL \u2013 SENAR \u2013 ADMINISTRA\u00c7\u00c3O REGIONAL DO ESTADO DO PARAN\u00c1<\/p>\n\n\n\n<p class=\"has-small-font-size\"><strong>Equipe envolvida no Projeto:<\/strong><\/p>\n\n\n\n<figure class=\"wp-block-table\"><table class=\"has-fixed-layout\"><tbody><tr><td>GILSON MARTINS<\/td><td>Docente (UFPR)<\/td><td>Coordenador(a)<\/td><\/tr><tr><td>AMANDA MASSANEIRA DE SOUZA SCHUNTZEMBERGER<\/td><td>Docente (UFPR)<\/td><td>Vice coordenador(a)<\/td><\/tr><tr><td>MAYARA ELITA BRAZ CARNEIRO<\/td><td>Docente (UFPR)<\/td><td>Vice coordenador(a)<\/td><\/tr><tr><td>ALEXSANDER CAIUT BEILNER<\/td><td>Discente Gradua\u00e7\u00e3o (UFPR)<\/td><td>Tutor(a)<\/td><\/tr><tr><td>JOAO CARLOS BESPALHOK FILHO<\/td><td>Docente (UFPR)<\/td><td>Orientador(a)<\/td><\/tr><tr><td>THAIZ MILENNA DIAS<\/td><td>Discente Gradua\u00e7\u00e3o (UFPR)<\/td><td>Aluno(a) volunt\u00e1rio(a)<\/td><\/tr><tr><td>EDUARDO GELINSKI JUNIOR<\/td><td>Docente (UFPR)<\/td><td>Autor(a)<\/td><\/tr><tr><td>ALISSON RANGEL STROTKAMP<\/td><td>Discente Gradua\u00e7\u00e3o (UFPR)<\/td><td>Outro<\/td><\/tr><tr><td>AILSON AUGUSTO LOPER<\/td><td>Docente (UFPR)<\/td><td>Outro<\/td><\/tr><tr><td>RUI ANDRE MAGGI DOS ANJOS<\/td><td>Docente (UFPR)<\/td><td>Outro<\/td><\/tr><tr><td>Ieda Maria de Lima Donada<\/td><td>Externo Volunt\u00e1rio<\/td><td>Outro<\/td><\/tr><tr><td>Jefrey Kleine Albers<\/td><td>Externo Volunt\u00e1rio<\/td><td>Outro<\/td><\/tr><tr><td>Murilo Barghouthi<\/td><td>Externo Volunt\u00e1rio<\/td><td>Outro<\/td><\/tr><tr><td>KARINE KOGA<\/td><td>T\u00e9cnico administrativo (UFPR)<\/td><td>Outro<\/td><\/tr><tr><td>MARINEZ DE OLIVEIRA<\/td><td>T\u00e9cnico administrativo (UFPR)<\/td><td>Outro<\/td><\/tr><\/tbody><\/table><\/figure>\n\n\n\n<p><\/p>\n\n\n\n<br>\n\n\n\n<p class=\"has-medium-font-size\"><strong><span class=\"underline\" style=\"text-decoration: underline\">FEIRAS DE PRODUTOS ORG\u00c2NICOS: APOIO AO DESENVOLVIMENTO DE AGRICULTURAS DE BASE ECOL\u00d3GICA. 4\u00ba EDI\u00c7\u00c3O<\/span><\/strong><\/p>\n\n\n\n<p>Coordenador: LUCIANO DE ALMEIDA<\/p>\n\n\n\n<p>Setor de Ci\u00eancias Agr\u00e1rias &#8211; Departamento de Economia Rural e Extens\u00e3o <\/p>\n\n\n\n<p>contato: lucianoalmeida@ufpr.br<\/p>\n\n\n\n<p class=\"has-small-font-size\"><strong>Descri\u00e7\u00e3o:<\/strong><br>Este projeto tem por objetivo o fortalecimento das agriculturas de base ecol\u00f3gica, em especial da agricultura org\u00e2nica. Busca alternativas de produ\u00e7\u00e3o e comercializa\u00e7\u00e3o para os pequenos agricultores familiares e, para os consumidores, o direito ao acesso a uma alimenta\u00e7\u00e3o saud\u00e1vel e livre de contaminantes qu\u00edmicos. Visa tamb\u00e9m criar um espa\u00e7o de viv\u00eancia e aprendizado para estudantes e docentes de diversos cursos. Prioriza suas a\u00e7\u00f5es junto a pequenos agricultores familiares do Vale do Ribeira e munic\u00edpios pr\u00f3ximos \u00e0 Curitiba, bem como dedica-se a estimular o consumo de produtos org\u00e2nicos pela popula\u00e7\u00e3o em geral. Desenvolvemos um trabalho cont\u00ednuo de orienta\u00e7\u00e3o aos agricultores para a viabilizar estrat\u00e9gias de comercializa\u00e7\u00e3o com a venda direta aos consumidores atrav\u00e9s da realiza\u00e7\u00e3o de feiras de produtos org\u00e2nicos, grupos de consumo, venda direta individual e a acesso a outros pontos de comercializa\u00e7\u00e3o. Trabalha-se no fortalecimento da organiza\u00e7\u00e3o dos agricultores, na permanente capacita\u00e7\u00e3o destes para o planejamento individual e coletivo da produ\u00e7\u00e3o, na gera\u00e7\u00e3o e troca de conhecimentos t\u00e9cnicos na produ\u00e7\u00e3o org\u00e2nica.<\/p>\n\n\n\n<p class=\"has-small-font-size\"><strong>Parceiros:<\/strong><br>Associa\u00e7\u00e3o para o desenvolvimento da Agroecologia &#8211; Rede Ecovida de Agroecologia<br>Cooperativa Central da Reforma Agr\u00e1ria do Paran\u00e1<br><br><strong><strong>Equipe envolvida no Projeto:<\/strong><\/strong><\/p>\n\n\n\n<figure class=\"wp-block-table\"><table class=\"has-fixed-layout\"><tbody><tr><td>LUCIANO DE ALMEIDA<\/td><td>Docente (UFPR)<\/td><td>Coordenador(a)<\/td><\/tr><tr><td>MOACIR ROBERTO DAROLT<\/td><td>Docente (UFPR)<\/td><td>Vice coordenador(a)<\/td><\/tr><tr><td>AFONSO TAKAO MURATA<\/td><td>Docente (UFPR)<\/td><td>Orientador(a)<\/td><\/tr><tr><td>JASON ANDRADE RUSSI<\/td><td>Discente Gradua\u00e7\u00e3o (UFPR)<\/td><td>Aluno(a) bolsista<\/td><\/tr><\/tbody><\/table><\/figure>\n\n\n\n<p><\/p>\n\n\n\n<br>\n\n\n\n<p class=\"has-medium-font-size\"><strong><span class=\"underline\" style=\"text-decoration: underline\">SUSTENTABILIDADE AGROFLORESTAL PARA O DESENVOLVIMENTO RURAL &#8211; Etapa 2<\/span><\/strong><\/p>\n\n\n\n<p>Coordenador: AILSON AUGUSTO LOPER<\/p>\n\n\n\n<p>Contato: ailsonloper@ufpr.br<\/p>\n\n\n\n<p>Instagram: <a href=\"https:\/\/www.instagram.com\/sustentabilidade_ufpr\/\" target=\"_blank\" rel=\"noreferrer noopener\">https:\/\/www.instagram.com\/sustentabilidade_ufpr\/<\/a><\/p>\n\n\n\n<p>Facebook: <a href=\"https:\/\/www.facebook.com\/BeneficiosdaFloresta\/\" target=\"_blank\" rel=\"noreferrer noopener\">https:\/\/www.facebook.com\/BeneficiosdaFloresta\/<\/a> <\/p>\n\n\n\n<p class=\"has-small-font-size\">O projeto tem como objetivo principal disseminar informa\u00e7\u00f5es sobre contribui\u00e7\u00f5es tecnol\u00f3gicas e pol\u00edticas p\u00fablicas relacionadas ao desenvolvimento rural sustent\u00e1vel. Os objetivos espec\u00edficos incluem oferecer informa\u00e7\u00f5es sobre os benef\u00edcios das florestas naturais e planta\u00e7\u00f5es florestais, informar os setores da sociedade sobre as fun\u00e7\u00f5es das florestas e oportunidades de mercado, apresentar as oportunidades e contribui\u00e7\u00f5es do manejo florestal, esclarecer mitos e promover a compreens\u00e3o adequada sobre as florestas, e fornecer contribui\u00e7\u00f5es t\u00e9cnico-cient\u00edficas para o desenvolvimento florestal sustent\u00e1vel.<\/p>\n\n\n\n<p class=\"has-small-font-size\">O projeto utilizar\u00e1 a metodologia da extens\u00e3o rural, envolvendo atividades como visitas, reuni\u00f5es t\u00e9cnicas, cursos, exposi\u00e7\u00f5es e palestras. Alunos, professores, profissionais e t\u00e9cnicos desempenhar\u00e3o pap\u00e9is ativos no planejamento, elabora\u00e7\u00e3o de relat\u00f3rios t\u00e9cnicos, cria\u00e7\u00e3o de pain\u00e9is e palestras, contribuindo para a forma\u00e7\u00e3o dos alunos e promovendo a participa\u00e7\u00e3o social nos processos de formula\u00e7\u00e3o e implementa\u00e7\u00e3o de pol\u00edticas florestais e ambientais. O acompanhamento e a avalia\u00e7\u00e3o cont\u00ednua das a\u00e7\u00f5es tamb\u00e9m ser\u00e3o realizados pelos diversos atores envolvidos no projeto.<\/p>\n\n\n\n<p class=\"has-small-font-size\"> <strong>Equipe envolvida no Projeto:<\/strong> <\/p>\n\n\n\n<figure class=\"wp-block-table\"><table class=\"has-fixed-layout\"><tbody><tr><td>AILSON AUGUSTO LOPER<\/td><td>Docente (UFPR)<\/td><td>Coordenador(a)<\/td><\/tr><tr><td>VITOR AFONSO HOEFLICH<\/td><td>Docente (UFPR)<\/td><td>Vice coordenador(a)<\/td><\/tr><tr><td>EDUARDO TRAJANO DE BARROS<\/td><td>Discente Gradua\u00e7\u00e3o (UFPR)<\/td><td>Aluno(a) volunt\u00e1rio(a)<\/td><\/tr><tr><td>GABRIELLA VITORIA TROYAN<\/td><td>Discente Gradua\u00e7\u00e3o (UFPR)<\/td><td>Aluno(a) volunt\u00e1rio(a)<\/td><\/tr><tr><td>GUILHERME DOS ANJOS VALASKI<\/td><td>Discente Gradua\u00e7\u00e3o (UFPR)<\/td><td>Aluno(a) volunt\u00e1rio(a)<\/td><\/tr><tr><td>JOAO SELEME BREHMER<\/td><td>Discente Gradua\u00e7\u00e3o (UFPR)<\/td><td>Aluno(a) volunt\u00e1rio(a)<\/td><\/tr><tr><td>LUCAS ANTON BATTISTELLA<\/td><td>Externo Volunt\u00e1rio<\/td><td>Aluno(a) volunt\u00e1rio(a)<\/td><\/tr><tr><td>MARIA LUCIA MARQUES SIQUEIRA<\/td><td>Discente P\u00f3s-Gradua\u00e7\u00e3o (UFPR)<\/td><td>Aluno(a) volunt\u00e1rio(a)<\/td><\/tr><tr><td>ERIKA DE OLIVEIRA DOS SANTOS<\/td><td>Discente Gradua\u00e7\u00e3o (UFPR)<\/td><td>Volunt\u00e1rio(a)<\/td><\/tr><tr><td>LUIZ ANSELMO MERLIN TOURINHO<\/td><td>Externo Volunt\u00e1rio<\/td><td>Volunt\u00e1rio(a)<\/td><\/tr><tr><td>PAULO CEZAR GOMES PEREIRA<\/td><td>Discente P\u00f3s-Gradua\u00e7\u00e3o (UFPR)<\/td><td>Volunt\u00e1rio(a)<\/td><\/tr><\/tbody><\/table><\/figure>\n\n\n\n<p class=\"has-small-font-size\"><\/p>\n\n\n\n<br>\n\n\n\n<p class=\"has-medium-font-size\"><strong><span style=\"text-decoration: underline\" class=\"underline\">CL\u00cdNICA DE DIREITO FLORESTAL, AMBIENTAL E AGR\u00c1RIO<\/span><\/strong><\/p>\n\n\n\n<p>Coordenador: PAULO DE TARSO DE LARA PIRES<\/p>\n\n\n\n<p>Setor de Ci\u00eancias Agr\u00e1rias &#8211; Departamento de Economia Rural e Extens\u00e3o<\/p>\n\n\n\n<p>Contato: ptlpires@gmail.com<\/p>\n\n\n\n<p class=\"has-small-font-size\">A&nbsp;<strong>Cl\u00ednica Direito Florestal, Ambiental e Agr\u00e1rio<\/strong>&nbsp;\u00e9 um projeto de pesquisa e extens\u00e3o vinculado ao Departamento de Economia Rural e Extens\u00e3o Curso de Gradua\u00e7\u00e3o em Ci\u00eancias Agr\u00e1rias e ao Programa de P\u00f3s-Gradua\u00e7\u00e3o em Engenharia Florestal da Universidade Federal do Paran\u00e1 \u2013 UFPR. Na gradua\u00e7\u00e3o o projeto atua como Cl\u00ednica Jur\u00eddica, cuja estrat\u00e9gia implica na ado\u00e7\u00e3o do m\u00e9todo cl\u00ednico de forma\u00e7\u00e3o em Direito, baseado na conex\u00e3o do ensino com a realidade social e jur\u00eddica florestal e ambiental. No \u00e2mbito da p\u00f3s-gradua\u00e7\u00e3o, a Cl\u00ednica atua como Grupo de Pesquisa nas \u00e1reas de Direito Florestal e Meio Ambiente, sendo voltada aos acad\u00eamicos dos 4\u00ba e 5\u00ba anos dos Cursos de Engenharia Florestal, Agronomia e Direito da UFPR.<\/p>\n\n\n\n<p class=\"has-small-font-size\">O projeto da&nbsp;<strong>Cl\u00ednica<\/strong>&nbsp;tem tripla miss\u00e3o:&nbsp; a pedag\u00f3gica, t\u00e9cnica e a social. A miss\u00e3o pedag\u00f3gica \u00e9 concretizada na promo\u00e7\u00e3o do ensino atrav\u00e9s de uma experi\u00eancia real com a popula\u00e7\u00e3o em geral e produtores rurais. A social, por sua vez, est\u00e1 presente na constru\u00e7\u00e3o de alternativas e cria\u00e7\u00e3o de leis e pol\u00edticas de impacto. Assim, o ensino cl\u00ednico possibilita aos alunos a oportunidade de intera\u00e7\u00e3o entre pesquisa, aplica\u00e7\u00e3o da ci\u00eancias agr\u00e1rias e pr\u00e1tica jur\u00eddica.<\/p>\n\n\n\n<p class=\"has-small-font-size\">A proposta de inova\u00e7\u00e3o em educa\u00e7\u00e3o em Meio Ambiente e Direito integra atividades de Ensino, Pesquisa e Extens\u00e3o. Al\u00e9m disso, tem perspectiva interdisciplinar em temas de Direito Florestal, Ambiental e Agr\u00e1rio; bem como interdisciplinar, integrando a \u00e1rea de Direito Florestal como aliada ao conhecimento t\u00e9cnico florestal, agr\u00e1rio a ambiental \u2014 tanto do p\u00fablico-alvo do trabalho quanto da popula\u00e7\u00e3o em geral.<\/p>\n","protected":false},"excerpt":{"rendered":"<p>Um Projeto de Extens\u00e3o \u00e9 a a\u00e7\u00e3o processual e cont\u00ednua de car\u00e1ter educativo, social, art\u00edstico, cient\u00edfico ou tecnol\u00f3gico que contempla os cinco princ\u00edpios extensionistas e visa resultado de m\u00fatuo interesse para a sociedade e para a comunidade acad\u00eamica; pode estar vinculado a um Programa ou ser isolado. AGROECOLOGIA E PRODU\u00c7\u00c3O ORG\u00c2NICA: Conectando Extens\u00e3o, Ensino e [&hellip;]<\/p>\n","protected":false},"author":3,"featured_media":0,"parent":8924,"menu_order":0,"comment_status":"closed","ping_status":"closed","template":"","meta":{"footnotes":""},"class_list":["post-8928","page","type-page","status-publish","hentry"],"_links":{"self":[{"href":"https:\/\/agrarias.ufpr.br\/dere\/wp-json\/wp\/v2\/pages\/8928","targetHints":{"allow":["GET"]}}],"collection":[{"href":"https:\/\/agrarias.ufpr.br\/dere\/wp-json\/wp\/v2\/pages"}],"about":[{"href":"https:\/\/agrarias.ufpr.br\/dere\/wp-json\/wp\/v2\/types\/page"}],"author":[{"embeddable":true,"href":"https:\/\/agrarias.ufpr.br\/dere\/wp-json\/wp\/v2\/users\/3"}],"replies":[{"embeddable":true,"href":"https:\/\/agrarias.ufpr.br\/dere\/wp-json\/wp\/v2\/comments?post=8928"}],"version-history":[{"count":21,"href":"https:\/\/agrarias.ufpr.br\/dere\/wp-json\/wp\/v2\/pages\/8928\/revisions"}],"predecessor-version":[{"id":10057,"href":"https:\/\/agrarias.ufpr.br\/dere\/wp-json\/wp\/v2\/pages\/8928\/revisions\/10057"}],"up":[{"embeddable":true,"href":"https:\/\/agrarias.ufpr.br\/dere\/wp-json\/wp\/v2\/pages\/8924"}],"wp:attachment":[{"href":"https:\/\/agrarias.ufpr.br\/dere\/wp-json\/wp\/v2\/media?parent=8928"}],"curies":[{"name":"wp","href":"https:\/\/api.w.org\/{rel}","templated":true}]}}