{"id":8926,"date":"2021-03-08T15:27:41","date_gmt":"2021-03-08T15:27:41","guid":{"rendered":"https:\/\/agrarias.ufpr.br\/dere\/?page_id=8926"},"modified":"2023-07-05T14:11:48","modified_gmt":"2023-07-05T14:11:48","slug":"programas","status":"publish","type":"page","link":"https:\/\/agrarias.ufpr.br\/dere\/extensao\/programas\/","title":{"rendered":"Programas de Extens\u00e3o"},"content":{"rendered":"\n<br>\n\n\n\n<p>Programas de Extens\u00e3o s\u00e3o os conjuntos articulados de atividades que contemplam os cinco princ\u00edpios da Extens\u00e3o, das quais participam servidores, servidoras (docentes e t\u00e9cnicos administrativos ou t\u00e9cnicas administrativas) e discentes de diferentes forma\u00e7\u00f5es e \u00e1reas de conhecimento, integradas ao Ensino e Pesquisa e com parcerias comprovadas com a comunidade.<\/p>\n","protected":false},"excerpt":{"rendered":"<p>Programas de Extens\u00e3o s\u00e3o os conjuntos articulados de atividades que contemplam os cinco princ\u00edpios da Extens\u00e3o, das quais participam servidores, servidoras (docentes e t\u00e9cnicos administrativos ou t\u00e9cnicas administrativas) e discentes de diferentes forma\u00e7\u00f5es e \u00e1reas de conhecimento, integradas ao Ensino e Pesquisa e com parcerias comprovadas com a comunidade.<\/p>\n","protected":false},"author":3,"featured_media":0,"parent":8924,"menu_order":0,"comment_status":"closed","ping_status":"closed","template":"","meta":{"footnotes":""},"class_list":["post-8926","page","type-page","status-publish","hentry"],"_links":{"self":[{"href":"https:\/\/agrarias.ufpr.br\/dere\/wp-json\/wp\/v2\/pages\/8926","targetHints":{"allow":["GET"]}}],"collection":[{"href":"https:\/\/agrarias.ufpr.br\/dere\/wp-json\/wp\/v2\/pages"}],"about":[{"href":"https:\/\/agrarias.ufpr.br\/dere\/wp-json\/wp\/v2\/types\/page"}],"author":[{"embeddable":true,"href":"https:\/\/agrarias.ufpr.br\/dere\/wp-json\/wp\/v2\/users\/3"}],"replies":[{"embeddable":true,"href":"https:\/\/agrarias.ufpr.br\/dere\/wp-json\/wp\/v2\/comments?post=8926"}],"version-history":[{"count":5,"href":"https:\/\/agrarias.ufpr.br\/dere\/wp-json\/wp\/v2\/pages\/8926\/revisions"}],"predecessor-version":[{"id":9132,"href":"https:\/\/agrarias.ufpr.br\/dere\/wp-json\/wp\/v2\/pages\/8926\/revisions\/9132"}],"up":[{"embeddable":true,"href":"https:\/\/agrarias.ufpr.br\/dere\/wp-json\/wp\/v2\/pages\/8924"}],"wp:attachment":[{"href":"https:\/\/agrarias.ufpr.br\/dere\/wp-json\/wp\/v2\/media?parent=8926"}],"curies":[{"name":"wp","href":"https:\/\/api.w.org\/{rel}","templated":true}]}}