{"id":8924,"date":"2021-03-08T15:27:07","date_gmt":"2021-03-08T15:27:07","guid":{"rendered":"https:\/\/agrarias.ufpr.br\/dere\/?page_id=8924"},"modified":"2025-08-07T14:49:13","modified_gmt":"2025-08-07T14:49:13","slug":"extensao","status":"publish","type":"page","link":"https:\/\/agrarias.ufpr.br\/dere\/extensao\/","title":{"rendered":"Extens\u00e3o"},"content":{"rendered":"<p><a href=\"https:\/\/agrarias.ufpr.br\/dere\/programas\/\"><strong>Programas de Extens\u00e3o<\/strong><\/a><\/p>\n<p><a href=\"https:\/\/agrarias.ufpr.br\/dere\/projetos\/\"><strong>Projetos de Extens\u00e3o<\/strong><\/a><\/p>\n<p><a href=\"https:\/\/agrarias.ufpr.br\/dere\/cursos\/\"><strong>Cursos de Extens\u00e3o<\/strong><\/a><\/p>\n<p><a href=\"https:\/\/agrarias.ufpr.br\/dere\/eventos\/\"><strong>Eventos de Extens\u00e3o<\/strong><\/a><\/p>\n","protected":false},"excerpt":{"rendered":"<p>Programas de Extens\u00e3o Projetos de Extens\u00e3o Cursos de Extens\u00e3o Eventos de Extens\u00e3o<\/p>\n","protected":false},"author":3,"featured_media":0,"parent":0,"menu_order":0,"comment_status":"closed","ping_status":"closed","template":"","meta":{"footnotes":""},"class_list":["post-8924","page","type-page","status-publish","hentry"],"_links":{"self":[{"href":"https:\/\/agrarias.ufpr.br\/dere\/wp-json\/wp\/v2\/pages\/8924","targetHints":{"allow":["GET"]}}],"collection":[{"href":"https:\/\/agrarias.ufpr.br\/dere\/wp-json\/wp\/v2\/pages"}],"about":[{"href":"https:\/\/agrarias.ufpr.br\/dere\/wp-json\/wp\/v2\/types\/page"}],"author":[{"embeddable":true,"href":"https:\/\/agrarias.ufpr.br\/dere\/wp-json\/wp\/v2\/users\/3"}],"replies":[{"embeddable":true,"href":"https:\/\/agrarias.ufpr.br\/dere\/wp-json\/wp\/v2\/comments?post=8924"}],"version-history":[{"count":8,"href":"https:\/\/agrarias.ufpr.br\/dere\/wp-json\/wp\/v2\/pages\/8924\/revisions"}],"predecessor-version":[{"id":10038,"href":"https:\/\/agrarias.ufpr.br\/dere\/wp-json\/wp\/v2\/pages\/8924\/revisions\/10038"}],"wp:attachment":[{"href":"https:\/\/agrarias.ufpr.br\/dere\/wp-json\/wp\/v2\/media?parent=8924"}],"curies":[{"name":"wp","href":"https:\/\/api.w.org\/{rel}","templated":true}]}}