{"id":8917,"date":"2021-03-08T15:24:44","date_gmt":"2021-03-08T15:24:44","guid":{"rendered":"https:\/\/agrarias.ufpr.br\/dere\/?page_id=8917"},"modified":"2025-08-07T19:02:28","modified_gmt":"2025-08-07T19:02:28","slug":"projetos-de-pesquisa","status":"publish","type":"page","link":"https:\/\/agrarias.ufpr.br\/dere\/pesquisa\/projetos-de-pesquisa\/","title":{"rendered":"Projetos de Pesquisa"},"content":{"rendered":"\n<figure class=\"wp-block-table\"><table class=\"has-fixed-layout\"><tbody><tr><td><strong>Nome do Respons\u00e1vel<\/strong><\/td><td>AILSON AUGUSTO LOPER<\/td><\/tr><tr><td><strong>Registro Siga<\/strong><\/td><td>202143150<\/td><\/tr><tr><td><strong>T\u00edtulo<\/strong><\/td><td>Divulga\u00e7\u00e3o cient\u00edfica sobre os aspectos hist\u00f3ricos, econ\u00f4micos e humanos em rela\u00e7\u00e3o \u00e0 floresta-\u00e1rvore-madeira<\/td><\/tr><tr><td><strong>Descri\u00e7\u00e3o<\/strong><\/td><td>Este estudo apresenta como objetivos principais: levantamento, an\u00e1lise e compila\u00e7\u00e3o de informa\u00e7\u00f5es, abordando a evolu\u00e7\u00e3o dos aspectos hist\u00f3ricos, culturais e a pr\u00f3pria rela\u00e7\u00e3o humana com floresta-\u00e1rvore-madeira, no formato de um livro; e a produ\u00e7\u00e3o de um banco de imagens.<\/td><\/tr><tr><td><strong>Ano in\u00edcio<\/strong><\/td><td>2021<\/td><\/tr><tr><td><strong>Situa\u00e7\u00e3o<\/strong><\/td><td>EM_ANDAMENTO<\/td><\/tr><\/tbody><\/table><\/figure>\n\n\n\n<figure class=\"wp-block-table\"><table class=\"has-fixed-layout\"><tbody><tr><td><strong>Nome do Respons\u00e1vel<\/strong><\/td><td>AMANDA MASSANEIRA DE SOUZA SCHUNTZEMBERGER<\/td><\/tr><tr><td><strong>Registro Siga<\/strong><\/td><td>202254499<\/td><\/tr><tr><td><strong>T\u00edtulo<\/strong><\/td><td>Profissionais das Ci\u00eancias Agr\u00e1rias: quem o mercado busca atualmente?<\/td><\/tr><tr><td><strong>Descri\u00e7\u00e3o<\/strong><\/td><td>O objetivo deste estudo consiste em analisar o perfil dos profissionais de Ci\u00eancias Agr\u00e1rias que buscam inser\u00e7\u00e3o no mercado de trabalho, destacando quais s\u00e3o as caracter\u00edsticas buscadas pelas empresas nesses profissionais no momento da contrata\u00e7\u00e3o e quais s\u00e3o as car\u00eancias identificadas por elas, com a finalidade de analisar o atual perfil profissional que \u00e9 demandado nesse setor e se (e como), de modo geral, ele tem sido abordado nas institui\u00e7\u00f5es brasileiras de ensino superior. Para tanto, ser\u00e1 realizado um estudo descritivo com abordagem qualitativa, analisando as respostas obtidas atrav\u00e9s de question\u00e1rios enviados a diversas empresas que contratam profissionais das Ci\u00eancias Agr\u00e1rias, bem como a coordenadores, docentes e alunos egressos dos cursos de gradua\u00e7\u00e3o das Ci\u00eancias Agr\u00e1rias de institui\u00e7\u00f5es brasileiras de ensino superior. Com esse levantamento de dados ser\u00e1 poss\u00edvel tra\u00e7ar o perfil dos profissionais das Ci\u00eancias Agr\u00e1rias buscado pelas empresas atualmente e discutir a import\u00e2ncia do ensino e desenvolvimento de compet\u00eancias\/habilidades pessoais nos cursos de gradua\u00e7\u00e3o das Ci\u00eancias Agr\u00e1rias.<\/td><\/tr><tr><td><strong>Ano in\u00edcio<\/strong><\/td><td>2022<\/td><\/tr><tr><td><strong>Situa\u00e7\u00e3o<\/strong><\/td><td>EM_ANDAMENTO<\/td><\/tr><\/tbody><\/table><\/figure>\n\n\n\n<figure class=\"wp-block-table\"><table class=\"has-fixed-layout\"><tbody><tr><td><strong>Nome do Respons\u00e1vel<\/strong><\/td><td>ANADALVO JUAZEIRO DOS SANTOS<\/td><\/tr><tr><td><strong>Registro Siga<\/strong><\/td><td>202363985<\/td><\/tr><tr><td><strong>T\u00edtulo<\/strong><\/td><td>COMPORTAMENTO DE MERCADO DOS PRINCIPAIS PRODUTOS FLORESTAIS N\u00c3O MADEIREIROS EXTRATIVOS DO BRASIL<\/td><\/tr><tr><td><strong>Descri\u00e7\u00e3o<\/strong><\/td><td>Al\u00e9m da produ\u00e7\u00e3o madeireira, as florestas naturais produzem uma gama de outros produtos tais como frutas, cogumelos, materiais arom\u00e1ticos, medicinais, decorativos, nozes, seiva e resinas denominados como Produtos Florestais N\u00e3o Madeireiros (PFNMs). Segundo a publica\u00e7\u00e3o Produ\u00e7\u00e3o Extrativa Vegetal e da Silvicultura do PEVS do Instituto Brasileiro de Geografia e Estat\u00edstica &#8211; BGE, no Brasil, o Valor Bruto da Produ\u00e7\u00e3o ? VBP dos principais PFNMs das florestas naturais atingiu R$ 2,14 bilh\u00f5es em 2021 o que significa aproximadamente 8% do VBP da produ\u00e7\u00e3o florestal prim\u00e1ria. Apesar desta import\u00e2ncia as informa\u00e7\u00f5es de mercado para esses produtos s\u00e3o relativamente escassas embora se verifique um crescente interesse do mercado nacional por PFNMs, influenciado pelo mercado internacional. Com o prop\u00f3sito de sanar esta defici\u00eancia esta pesquisa tem como objetivo analisar o comportamento deste mercado no Brasil. Para tanto, ser\u00e3o utilizados m\u00e9todo quantitativo de pesquisa apoiado em dados estat\u00edsticos coletados junto ao IBGE e estruturado a partir da aplica\u00e7\u00e3o dos conhecimentos de estat\u00edstica e econometria, segundo metodologia espec\u00edfica j\u00e1 testada.&#010;Os resultados da mesma ser\u00e3o utilizados para a orienta\u00e7\u00e3o de Trabalho de Conclus\u00e3o de Curso ? TCC, bem como para a elabora\u00e7\u00e3o e submiss\u00e3o de artigo cient\u00edfico em revista especializada. Espera-se tamb\u00e9m que possam contribuir para a formula\u00e7\u00e3o e\/ou adequa\u00e7\u00e3o das Pol\u00edticas P\u00fablicas voltadas para o desenvolvimento dos mercados de Produtos Florestais N\u00e3o Madeireiros no Brasil.&#010;Palavras-chave: Produtos Florestais N\u00e3o Madeireiros, mercado de PFNM no Brasil, extrativismo<\/td><\/tr><tr><td><strong>Ano in\u00edcio<\/strong><\/td><td>2023<\/td><\/tr><tr><td><strong>Situa\u00e7\u00e3o<\/strong><\/td><td>EM_ANDAMENTO<\/td><\/tr><\/tbody><\/table><\/figure>\n\n\n\n<figure class=\"wp-block-table\"><table class=\"has-fixed-layout\"><tbody><tr><td><strong>Nome do Respons\u00e1vel<\/strong><\/td><td>DAVID ALEXANDRE BURATTO<\/td><\/tr><tr><td><strong>Registro Siga<\/strong><\/td><td>202581041<\/td><\/tr><tr><td><strong>T\u00edtulo<\/strong><\/td><td>DIMENSIONAMENTO DA OFERTA E DEMANDA DE PRODUTOS DE BASE FLORESTAL NA REGI\u00c3O SUL DO BRASIL, A PARTIR DO ANO DE 2013<\/td><\/tr><tr><td><strong>Descri\u00e7\u00e3o<\/strong><\/td><td>O objetivo geral deste trabalho \u00e9 realizar um estudo de oferta e demanda de produtos de base florestal de florestas plantadas na regi\u00e3o Sul do Brasil.<\/td><\/tr><tr><td><strong>Ano in\u00edcio<\/strong><\/td><td>2025<\/td><\/tr><tr><td><strong>Situa\u00e7\u00e3o<\/strong><\/td><td>EM_ANDAMENTO<\/td><\/tr><\/tbody><\/table><\/figure>\n\n\n\n<figure class=\"wp-block-table\"><table class=\"has-fixed-layout\"><tbody><tr><td><strong>Nome do Respons\u00e1vel<\/strong><\/td><td>GILSON MARTINS<\/td><\/tr><tr><td><strong>Registro Siga<\/strong><\/td><td>202580278<\/td><\/tr><tr><td><strong>T\u00edtulo<\/strong><\/td><td>Projeto de Pesquisa: Gest\u00e3o de Riscos Agr\u00edcolas no Brasil<\/td><\/tr><tr><td><strong>Descri\u00e7\u00e3o<\/strong><\/td><td>A proposta visa desenvolver um estudo abrangente sobre a gest\u00e3o de riscosagr\u00edcolas no Brasil, abordando quatro dimens\u00f5es principais: produ\u00e7\u00e3o, mercado,ambiente de neg\u00f3cios e fatores ambientais, sociais e de governan\u00e7a (ESG). Oestudo combina abordagens qualitativas e quantitativas para suprir lacunas naavalia\u00e7\u00e3o e monitoramento dos riscos do agroneg\u00f3cio, contribuindo para oaprimoramento de pol\u00edticas p\u00fablicas e estrat\u00e9gias privadas de mitiga\u00e7\u00e3o.Inicialmente, ser\u00e1 conduzida uma revis\u00e3o de literatura para mapear os principaisriscos e suas implica\u00e7\u00f5es econ\u00f4micas, ambientais e institucionais. Em seguida,ser\u00e3o organizados grupos focais com especialistas para validar e refinar ascategorias de risco, seguidos por uma pesquisa nacional, utilizando escalas dotipo Likert, para capturar as percep\u00e7\u00f5es dos stakeholders do setor agropecu\u00e1riosobre os riscos mais relevantes. A an\u00e1lise estat\u00edstica dos dados coletadossubsidiar\u00e1 a constru\u00e7\u00e3o do \u00cdndice de Percep\u00e7\u00e3o de Risco Agropecu\u00e1rio (IPRA),permitindo comparar riscos em diferentes regi\u00f5es e segmentos do agroneg\u00f3cio efornecer informa\u00e7\u00f5es estrat\u00e9gicas para a formula\u00e7\u00e3o de pol\u00edticas e tomada dedecis\u00e3o. Espera-se que o estudo resulte em um diagn\u00f3stico detalhado dos riscosrurais, promovendo melhorias na formula\u00e7\u00e3o de pol\u00edticas p\u00fablicas e nacoordena\u00e7\u00e3o entre institui\u00e7\u00f5es p\u00fablicas e privadas, al\u00e9m de aumentar aconscientiza\u00e7\u00e3o e capacita\u00e7\u00e3o de produtores rurais e agentes do setor. Por fim,busca-se contribuir para um arcabou\u00e7o robusto de gest\u00e3o de riscos agr\u00edcolas noBrasil, combinando an\u00e1lises t\u00e9cnicas avan\u00e7adas, ampla participa\u00e7\u00e3o do setor erecomenda\u00e7\u00f5es estrat\u00e9gicas baseadas em evid\u00eancias, favorecendo um ambientede neg\u00f3cios mais resiliente e sustent\u00e1vel.<\/td><\/tr><tr><td><strong>Ano in\u00edcio<\/strong><\/td><td>2025<\/td><\/tr><tr><td><strong>Situa\u00e7\u00e3o<\/strong><\/td><td>EM_ANDAMENTO<\/td><\/tr><\/tbody><\/table><\/figure>\n\n\n\n<figure class=\"wp-block-table\"><table class=\"has-fixed-layout\"><tbody><tr><td><strong>Nome do Respons\u00e1vel<\/strong><\/td><td>JO\u00c3O BATISTA PADILHA JUNIOR<\/td><\/tr><tr><td><strong>Registro Siga<\/strong><\/td><td>202143037<\/td><\/tr><tr><td><strong>T\u00edtulo<\/strong><\/td><td>Constru\u00e7\u00e3o de \u00cdndices Setoriais de Pre\u00e7os para a Agropecu\u00e1ria Paranaense<\/td><\/tr><tr><td><strong>Descri\u00e7\u00e3o<\/strong><\/td><td>No ambiente da economia brasileira, a agropecu\u00e1ria representa o \u00fanico setor que funciona em uma estrutura de mercado dita concorr\u00eancia pura ou perfeita. A agricultura em si \u00e9 perfeitamente competitiva, uma vez que qualquer produto agropecu\u00e1rio, al\u00e9m de ser homog\u00eaneo, \u00e9 produzido por um grande n\u00famero de empresas rurais, sem barreiras \u00e0 entrada de novos produtores e com perfeito conhecimento das informa\u00e7\u00f5es de mercado. Na decis\u00e3o de produzir, apesar de ser um processo multivariado, o produtor normalmente procede a uma simplifica\u00e7\u00e3o e avalia apenas aquela vari\u00e1vel que para ele tem maior signific\u00e2ncia: o pre\u00e7o. Em outras palavras, o produtor rural \u00e9 um tomador de pre\u00e7os. Uma forma indireta de se proceder \u00e0 gest\u00e3o da produ\u00e7\u00e3o seria por meio da an\u00e1lise de um conjunto de pre\u00e7os coletados periodicamente no mercado, que ir\u00e3o gerar \u00edndices de paridade. Tais \u00edndices, constru\u00eddos com base nos pre\u00e7os reais (deflacionados) recebidos na venda da produ\u00e7\u00e3o e nos pagos pelos produtores na aquisi\u00e7\u00e3o dos principais insumos utilizados na produ\u00e7\u00e3o, fornecem informa\u00e7\u00f5es sobre as rela\u00e7\u00f5es de trocas entre insumos e produtos, proporcionando, desta forma, um importante indicador de conjuntura e gest\u00e3o aos produtores paranaenses, dada a inexist\u00eancia de deflatores de pre\u00e7os e de \u00edndices setoriais espec\u00edficos.&#010;&#010;Objetivo Geral: o objetivo principal desta pesquisa consiste em se elaborar \u00edndices setoriais de pre\u00e7os para a agropecu\u00e1ria paranaense, divulgando-os mensalmente de forma eletr\u00f4nica para orientar o processo decis\u00f3rio dos produtores rurais do Estado do Paran\u00e1.&#010;&#010;Objetivos Espec\u00edficos:&#010;&#010;a)&#009;Elaborar o \u00edndice de pre\u00e7os recebidos (IPR) para os produtores paranaenses;&#010;&#010;b)&#009;Elaborar o \u00edndice de pre\u00e7os pagos (IPP) pelos produtores paranaenses;&#010;&#010;c)&#009;Elaborar um deflator de pre\u00e7os espec\u00edfico para a agropecu\u00e1ria paranaense e,&#010;&#010;d)&#009;Proceder a divulga\u00e7\u00e3o destes indicadores para orientar o processo decis\u00f3rio dos produtores rurais paranaenses.&#010;&#010;e)&#009;Elaborar um banco de dados para apoiar pesquisas de gradua\u00e7\u00e3o e p\u00f3s-gradua\u00e7\u00e3o no Departamento de Economia Rural e Extens\u00e3o.<\/td><\/tr><tr><td><strong>Ano in\u00edcio<\/strong><\/td><td>2021<\/td><\/tr><tr><td><strong>Situa\u00e7\u00e3o<\/strong><\/td><td>Concluido<\/td><\/tr><\/tbody><\/table><\/figure>\n\n\n\n<figure class=\"wp-block-table\"><table class=\"has-fixed-layout\"><tbody><tr><td><strong>Nome do Respons\u00e1vel<\/strong><\/td><td>JO\u00c3O CARLOS GARZEL LEODORO DA SILVA<\/td><\/tr><tr><td><strong>Registro Siga<\/strong><\/td><td>202572451<\/td><\/tr><tr><td><strong>T\u00edtulo<\/strong><\/td><td>Avalia\u00e7\u00e3o da Competitividade de Produtos da Bioeconomia Florestal Brasileira<\/td><\/tr><tr><td><strong>Descri\u00e7\u00e3o<\/strong><\/td><td>A bioeconomia alavanca as inova\u00e7\u00f5es nas ci\u00eancias e nas bioind\u00fastrias para alcan\u00e7ar o crescimento sustent\u00e1vel ecol\u00f3gico e social e o emprego com base na riqueza dos recursos biol\u00f3gicos. Sua utilidade e benef\u00edcios potenciais \u00e9 reconhecida e adotada por dezenas de pa\u00edses em todo o mundo. O Brasil \u00e9 carente de vantagens competitivas em grande parte de produtos da bioeconomia florestal, mas conta com importantes vantagens comparativas, capazes de proporcionar excelentes oportunidades nesse campo com sua enorme biodiversidade, que \u00e9 fonte importante para a obten\u00e7\u00e3o de v\u00e1rios materiais para a produ\u00e7\u00e3o, como biomassa, corantes, \u00f3leos vegetais, gorduras, fitoter\u00e1picos, antioxidantes, \u00f3leos essenciais, entre outros. Esses itens s\u00e3o mat\u00e9rias-primas para diversos setores industriais, a exemplo de produtos de higiene e limpeza, alimentos, bebidas, f\u00e1rmacos e cosm\u00e9ticos.O maior n\u00edvel de exig\u00eancia do consumidor, ampliando o espectro da mera busca por pre\u00e7o nos produtos que adquire para quest\u00f5es de sa\u00fade, qualidade, responsabilidade social e sustentabilidade, poder\u00e1 impactar os sistemas bioecon\u00f4micos, demandando mat\u00e9ria-prima com requisitos aderentes a estes produtos. O objetivo desta pesquisa \u00e9 realizar estudos para verificar as vantagens e desvantagens dos produtos da bioeconomia florestal para incrementar sua competitividade.<\/td><\/tr><tr><td><strong>Ano in\u00edcio<\/strong><\/td><td>2025<\/td><\/tr><tr><td><strong>Situa\u00e7\u00e3o<\/strong><\/td><td>EM_ANDAMENTO<\/td><\/tr><\/tbody><\/table><\/figure>\n\n\n\n<figure class=\"wp-block-table\"><table class=\"has-fixed-layout\"><tbody><tr><td><strong>Nome do Respons\u00e1vel<\/strong><\/td><td>JO\u00c3O CARLOS GARZEL LEODORO DA SILVA<\/td><\/tr><tr><td><strong>Registro Siga<\/strong><\/td><td>202581628<\/td><\/tr><tr><td><strong>T\u00edtulo<\/strong><\/td><td>DIMENSIONAMENTO DA OFERTA E DEMANDA DE PRODUTOS DE BASE FLORESTAL NA REGI\u00c3O SUL DO BRASIL, A PARTIR DO ANO DE 2013<\/td><\/tr><tr><td><strong>Descri\u00e7\u00e3o<\/strong><\/td><td>A proposta \u00e9 a realiza\u00e7\u00e3o de an\u00e1lises, via modelos econom\u00e9trico da oferta e demanda de produtos florestas de base florestal da regi\u00e3o Sul do Brasil<\/td><\/tr><tr><td><strong>Ano in\u00edcio<\/strong><\/td><td>2025<\/td><\/tr><tr><td><strong>Situa\u00e7\u00e3o<\/strong><\/td><td>EM_ANDAMENTO<\/td><\/tr><\/tbody><\/table><\/figure>\n\n\n\n<figure class=\"wp-block-table\"><table class=\"has-fixed-layout\"><tbody><tr><td><strong>Nome do Respons\u00e1vel<\/strong><\/td><td>JOSE ROBERTO FERNANDES CANZIANI<\/td><\/tr><tr><td><strong>Registro Siga<\/strong><\/td><td>202480452<\/td><\/tr><tr><td><strong>T\u00edtulo<\/strong><\/td><td>An\u00e1lise de recentes mudan\u00e7as estruturais no setor l\u00e1cteo brasileiro<\/td><\/tr><tr><td><strong>Descri\u00e7\u00e3o<\/strong><\/td><td>O objetivo geral da pesquisa \u00e9 analisar as mudan\u00e7as ocorridas no setorl\u00e1cteo brasileiro nesse in\u00edcio do s\u00e9culo XXI e suas consequ\u00eancias nos sistemasde produ\u00e7\u00e3o de leite e derivados l\u00e1cteos; das rela\u00e7\u00f5es comerciais e sociais einstitucionais entre elos da cadeia produtiva do leite no Brasil e o desempenhot\u00e9cnico e econ\u00f4mico do setor como um todo.<\/td><\/tr><tr><td><strong>Ano in\u00edcio<\/strong><\/td><td>2024<\/td><\/tr><tr><td><strong>Situa\u00e7\u00e3o<\/strong><\/td><td>EM_ANDAMENTO<\/td><\/tr><\/tbody><\/table><\/figure>\n\n\n\n<figure class=\"wp-block-table\"><table class=\"has-fixed-layout\"><tbody><tr><td><strong>Nome do Respons\u00e1vel<\/strong><\/td><td>MELISSA WATANABE<\/td><\/tr><tr><td><strong>Registro Siga<\/strong><\/td><td>202581296<\/td><\/tr><tr><td><strong>T\u00edtulo<\/strong><\/td><td>Potencial Econ\u00f4mico, Ambiental e Sustentabilidade na Bioeconomia Circular: Valoriza\u00e7\u00e3o de Res\u00edduos Agr\u00edcolas em Bioprodutos<\/td><\/tr><tr><td><strong>Descri\u00e7\u00e3o<\/strong><\/td><td>investigar os direcionamentos e desafios relacionados \u00e0 ado\u00e7\u00e3o eimplementa\u00e7\u00e3o da bioeconomia circular e dos modelos de neg\u00f3cios a ela associados.Os objetivos espec\u00edficos incluem: (1) analisar o conceito de bioeconomia circular,destacando suas especificidades e aplicabilidade; (2) mapear a legisla\u00e7\u00e3o brasileira sobrebioprodutos; (3) sistematizar congru\u00eancias e diverg\u00eancias na legisla\u00e7\u00e3o vigente,avaliando sua coer\u00eancia; e (4) compreender as percep\u00e7\u00f5es de especialistas e stakeholderssobre a valoriza\u00e7\u00e3o de res\u00edduos agr\u00edcolas e seu potencial para bioprodutos.<\/td><\/tr><tr><td><strong>Ano in\u00edcio<\/strong><\/td><td>2025<\/td><\/tr><tr><td><strong>Situa\u00e7\u00e3o<\/strong><\/td><td>EM_ANDAMENTO<\/td><\/tr><\/tbody><\/table><\/figure>\n\n\n\n<figure class=\"wp-block-table\"><table class=\"has-fixed-layout\"><tbody><tr><td><strong>Nome do Respons\u00e1vel<\/strong><\/td><td>VANIA DI ADDARIO GUIMAR\u00c3ES<\/td><\/tr><tr><td><strong>Registro Siga<\/strong><\/td><td>202477433<\/td><\/tr><tr><td><strong>T\u00edtulo<\/strong><\/td><td>An\u00e1lises de recentes mudan\u00e7as estruturais no setor l\u00e1cteo brasileiro<\/td><\/tr><tr><td><strong>Descri\u00e7\u00e3o<\/strong><\/td><td>O objetivo geral da pesquisa \u00e9 analisar as mudan\u00e7as ocorridas no setorl\u00e1cteo brasileiro nesse in\u00edcio do s\u00e9culo XXI e suas consequ\u00eancias nos sistemasde produ\u00e7\u00e3o de leite e derivados l\u00e1cteos; das rela\u00e7\u00f5es comerciais e sociais einstitucionais entre elos da cadeia produtiva do leite no Brasil e o desempenhot\u00e9cnico e econ\u00f4mico do setor como um todo.<\/td><\/tr><tr><td><strong>Ano in\u00edcio<\/strong><\/td><td>2024<\/td><\/tr><tr><td><strong>Situa\u00e7\u00e3o<\/strong><\/td><td>EM_ANDAMENTO<\/td><\/tr><\/tbody><\/table><\/figure>\n","protected":false},"excerpt":{"rendered":"<p>Nome do Respons\u00e1vel AILSON AUGUSTO LOPER Registro Siga 202143150 T\u00edtulo Divulga\u00e7\u00e3o cient\u00edfica sobre os aspectos hist\u00f3ricos, econ\u00f4micos e humanos em rela\u00e7\u00e3o \u00e0 floresta-\u00e1rvore-madeira Descri\u00e7\u00e3o Este estudo apresenta como objetivos principais: levantamento, an\u00e1lise e compila\u00e7\u00e3o de informa\u00e7\u00f5es, abordando a evolu\u00e7\u00e3o dos aspectos hist\u00f3ricos, culturais e a pr\u00f3pria rela\u00e7\u00e3o humana com floresta-\u00e1rvore-madeira, no formato de um livro; [&hellip;]<\/p>\n","protected":false},"author":3,"featured_media":0,"parent":8902,"menu_order":0,"comment_status":"closed","ping_status":"closed","template":"","meta":{"footnotes":""},"class_list":["post-8917","page","type-page","status-publish","hentry"],"_links":{"self":[{"href":"https:\/\/agrarias.ufpr.br\/dere\/wp-json\/wp\/v2\/pages\/8917","targetHints":{"allow":["GET"]}}],"collection":[{"href":"https:\/\/agrarias.ufpr.br\/dere\/wp-json\/wp\/v2\/pages"}],"about":[{"href":"https:\/\/agrarias.ufpr.br\/dere\/wp-json\/wp\/v2\/types\/page"}],"author":[{"embeddable":true,"href":"https:\/\/agrarias.ufpr.br\/dere\/wp-json\/wp\/v2\/users\/3"}],"replies":[{"embeddable":true,"href":"https:\/\/agrarias.ufpr.br\/dere\/wp-json\/wp\/v2\/comments?post=8917"}],"version-history":[{"count":3,"href":"https:\/\/agrarias.ufpr.br\/dere\/wp-json\/wp\/v2\/pages\/8917\/revisions"}],"predecessor-version":[{"id":10059,"href":"https:\/\/agrarias.ufpr.br\/dere\/wp-json\/wp\/v2\/pages\/8917\/revisions\/10059"}],"up":[{"embeddable":true,"href":"https:\/\/agrarias.ufpr.br\/dere\/wp-json\/wp\/v2\/pages\/8902"}],"wp:attachment":[{"href":"https:\/\/agrarias.ufpr.br\/dere\/wp-json\/wp\/v2\/media?parent=8917"}],"curies":[{"name":"wp","href":"https:\/\/api.w.org\/{rel}","templated":true}]}}