{"id":8905,"date":"2021-03-08T15:21:53","date_gmt":"2021-03-08T15:21:53","guid":{"rendered":"https:\/\/agrarias.ufpr.br\/dere\/?page_id=8905"},"modified":"2023-07-05T11:35:27","modified_gmt":"2023-07-05T11:35:27","slug":"especializacao","status":"publish","type":"page","link":"https:\/\/agrarias.ufpr.br\/dere\/ensino\/pos-graduacao\/especializacao\/","title":{"rendered":"Especializa\u00e7\u00e3o"},"content":{"rendered":"\n<p><strong><a href=\"https:\/\/ufpr.pecca.com.br\/\">PECCA &#8211; Programa de Educa\u00e7\u00e3o Continuada em Ci\u00eancias Agr\u00e1rias da Universidade Federal do Paran\u00e1<\/a><\/strong><\/p>\n","protected":false},"excerpt":{"rendered":"<p>PECCA &#8211; Programa de Educa\u00e7\u00e3o Continuada em Ci\u00eancias Agr\u00e1rias da Universidade Federal do Paran\u00e1<\/p>\n","protected":false},"author":3,"featured_media":0,"parent":8899,"menu_order":0,"comment_status":"closed","ping_status":"closed","template":"","meta":{"footnotes":""},"class_list":["post-8905","page","type-page","status-publish","hentry"],"_links":{"self":[{"href":"https:\/\/agrarias.ufpr.br\/dere\/wp-json\/wp\/v2\/pages\/8905","targetHints":{"allow":["GET"]}}],"collection":[{"href":"https:\/\/agrarias.ufpr.br\/dere\/wp-json\/wp\/v2\/pages"}],"about":[{"href":"https:\/\/agrarias.ufpr.br\/dere\/wp-json\/wp\/v2\/types\/page"}],"author":[{"embeddable":true,"href":"https:\/\/agrarias.ufpr.br\/dere\/wp-json\/wp\/v2\/users\/3"}],"replies":[{"embeddable":true,"href":"https:\/\/agrarias.ufpr.br\/dere\/wp-json\/wp\/v2\/comments?post=8905"}],"version-history":[{"count":2,"href":"https:\/\/agrarias.ufpr.br\/dere\/wp-json\/wp\/v2\/pages\/8905\/revisions"}],"predecessor-version":[{"id":9020,"href":"https:\/\/agrarias.ufpr.br\/dere\/wp-json\/wp\/v2\/pages\/8905\/revisions\/9020"}],"up":[{"embeddable":true,"href":"https:\/\/agrarias.ufpr.br\/dere\/wp-json\/wp\/v2\/pages\/8899"}],"wp:attachment":[{"href":"https:\/\/agrarias.ufpr.br\/dere\/wp-json\/wp\/v2\/media?parent=8905"}],"curies":[{"name":"wp","href":"https:\/\/api.w.org\/{rel}","templated":true}]}}