{"id":8897,"date":"2021-03-08T15:05:16","date_gmt":"2021-03-08T15:05:16","guid":{"rendered":"https:\/\/agrarias.ufpr.br\/dere\/?page_id=8897"},"modified":"2023-07-13T11:46:40","modified_gmt":"2023-07-13T11:46:40","slug":"graduacao-disciplinas","status":"publish","type":"page","link":"https:\/\/agrarias.ufpr.br\/dere\/ensino\/graduacao-disciplinas\/","title":{"rendered":"Gradua\u00e7\u00e3o &#8211; Disciplinas"},"content":{"rendered":"\n<p class=\"has-medium-font-size\"><strong><span style=\"text-decoration: underline\" class=\"underline\">ENGENHARIA AGRON\u00d4MICA<\/span><\/strong><\/p>\n\n\n\n<figure class=\"wp-block-table is-style-stripes\"><table><thead><tr><th class=\"has-text-align-center\" data-align=\"center\">C\u00f3digo<\/th><th class=\"has-text-align-left\" data-align=\"left\">Nome<\/th><th class=\"has-text-align-center\" data-align=\"center\">CH<\/th><th class=\"has-text-align-center\" data-align=\"center\">Tipo<\/th><\/tr><\/thead><tbody><tr><td class=\"has-text-align-center\" data-align=\"center\">AE001<\/td><td class=\"has-text-align-left\" data-align=\"left\">ECONOMIA RURAL<\/td><td class=\"has-text-align-center\" data-align=\"center\">45<\/td><td class=\"has-text-align-center\" data-align=\"center\">Obrigat\u00f3ria<\/td><\/tr><tr><td class=\"has-text-align-center\" data-align=\"center\">AE002<\/td><td class=\"has-text-align-left\" data-align=\"left\">EXTENSAO RURAL<\/td><td class=\"has-text-align-center\" data-align=\"center\">45<\/td><td class=\"has-text-align-center\" data-align=\"center\">Obrigat\u00f3ria<\/td><\/tr><tr><td class=\"has-text-align-center\" data-align=\"center\">AE018<\/td><td class=\"has-text-align-left\" data-align=\"left\">PLANEJ E ADMIN RURAL<\/td><td class=\"has-text-align-center\" data-align=\"center\">45<\/td><td class=\"has-text-align-center\" data-align=\"center\">Obrigat\u00f3ria<\/td><\/tr><tr><td class=\"has-text-align-center\" data-align=\"center\">AE019<\/td><td class=\"has-text-align-left\" data-align=\"left\">COMERCIALIZACAO AGRICOLA<\/td><td class=\"has-text-align-center\" data-align=\"center\">45<\/td><td class=\"has-text-align-center\" data-align=\"center\">Obrigat\u00f3ria<\/td><\/tr><tr><td class=\"has-text-align-center\" data-align=\"center\">AE020<\/td><td class=\"has-text-align-left\" data-align=\"left\">POLITICA AGRARIA<\/td><td class=\"has-text-align-center\" data-align=\"center\">45<\/td><td class=\"has-text-align-center\" data-align=\"center\">Obrigat\u00f3ria<\/td><\/tr><tr><td class=\"has-text-align-center\" data-align=\"center\">AE021<\/td><td class=\"has-text-align-left\" data-align=\"left\">LEGISLACAO AGRARIA<\/td><td class=\"has-text-align-center\" data-align=\"center\">45<\/td><td class=\"has-text-align-center\" data-align=\"center\">Obrigat\u00f3ria<\/td><\/tr><tr><td class=\"has-text-align-center\" data-align=\"center\">AE071<\/td><td class=\"has-text-align-left\" data-align=\"left\">ASSOCIATIVISMO E COOPERATIVISMO RURAL<\/td><td class=\"has-text-align-center\" data-align=\"center\">45<\/td><td class=\"has-text-align-center\" data-align=\"center\">Optativa<\/td><\/tr><tr><td class=\"has-text-align-center\" data-align=\"center\">AE072<\/td><td class=\"has-text-align-left\" data-align=\"left\">EXTENS\u00c3O RURAL<\/td><td class=\"has-text-align-center\" data-align=\"center\">30<\/td><td class=\"has-text-align-center\" data-align=\"center\">Obrigat\u00f3ria<\/td><\/tr><tr><td class=\"has-text-align-center\" data-align=\"center\">AE073<\/td><td class=\"has-text-align-left\" data-align=\"left\">LEGISLA\u00c7\u00c3O RURAL, PER\u00cdCIA E AVALIA\u00c7\u00c3O<\/td><td class=\"has-text-align-center\" data-align=\"center\">45<\/td><td class=\"has-text-align-center\" data-align=\"center\">Obrigat\u00f3ria<\/td><\/tr><tr><td class=\"has-text-align-center\" data-align=\"center\">AE074<\/td><td class=\"has-text-align-left\" data-align=\"left\">ECONOMIA RURAL<\/td><td class=\"has-text-align-center\" data-align=\"center\">45<\/td><td class=\"has-text-align-center\" data-align=\"center\">Obrigat\u00f3ria<\/td><\/tr><tr><td class=\"has-text-align-center\" data-align=\"center\">AE075<\/td><td class=\"has-text-align-left\" data-align=\"left\">PLANEJAMENTO E ADMINISTRA\u00c7\u00c3O RURAL<\/td><td class=\"has-text-align-center\" data-align=\"center\">45<\/td><td class=\"has-text-align-center\" data-align=\"center\">Obrigat\u00f3ria<\/td><\/tr><tr><td class=\"has-text-align-center\" data-align=\"center\">AE076<\/td><td class=\"has-text-align-left\" data-align=\"left\">POL\u00cdTICA E DESENVOLVIMENTO RURAL<\/td><td class=\"has-text-align-center\" data-align=\"center\">45<\/td><td class=\"has-text-align-center\" data-align=\"center\">Obrigat\u00f3ria<\/td><\/tr><tr><td class=\"has-text-align-center\" data-align=\"center\">AE077<\/td><td class=\"has-text-align-left\" data-align=\"left\">COMERCIALIZA\u00c7\u00c3O E SISTEMAS AGROINDUSTRIAIS<\/td><td class=\"has-text-align-center\" data-align=\"center\">30<\/td><td class=\"has-text-align-center\" data-align=\"center\">Obrigat\u00f3ria<\/td><\/tr><tr><td class=\"has-text-align-center\" data-align=\"center\">AE078<\/td><td class=\"has-text-align-left\" data-align=\"left\">MARKETING DE PRDUTOS AGROPECU\u00c1RIOS<\/td><td class=\"has-text-align-center\" data-align=\"center\">45<\/td><td class=\"has-text-align-center\" data-align=\"center\">Optativa<\/td><\/tr><tr><td class=\"has-text-align-center\" data-align=\"center\">AE079<\/td><td class=\"has-text-align-left\" data-align=\"left\">AGRONEG\u00d3CIOS<\/td><td class=\"has-text-align-center\" data-align=\"center\">45<\/td><td class=\"has-text-align-center\" data-align=\"center\">Optativa<\/td><\/tr><tr><td class=\"has-text-align-center\" data-align=\"center\">AE080<\/td><td class=\"has-text-align-left\" data-align=\"left\">PROJETOS AGR\u00cdCOLAS<\/td><td class=\"has-text-align-center\" data-align=\"center\">45<\/td><td class=\"has-text-align-center\" data-align=\"center\">Optativa<\/td><\/tr><tr><td class=\"has-text-align-center\" data-align=\"center\">AE081<\/td><td class=\"has-text-align-left\" data-align=\"left\">EXTENS\u00c3O RURAL APLICADA<\/td><td class=\"has-text-align-center\" data-align=\"center\">60<\/td><td class=\"has-text-align-center\" data-align=\"center\">Optativa<\/td><\/tr><tr><td class=\"has-text-align-center\" data-align=\"center\">AE082<\/td><td class=\"has-text-align-left\" data-align=\"left\">ASSOCIATIVISMO E COOPERATIVISMO<\/td><td class=\"has-text-align-center\" data-align=\"center\">45<\/td><td class=\"has-text-align-center\" data-align=\"center\">Optativa<\/td><\/tr><tr><td class=\"has-text-align-center\" data-align=\"center\">AE083<\/td><td class=\"has-text-align-left\" data-align=\"left\">PROGRAMA\u00c7\u00c3O LINEAR<\/td><td class=\"has-text-align-center\" data-align=\"center\">30<\/td><td class=\"has-text-align-center\" data-align=\"center\">Optativa<\/td><\/tr><tr><td class=\"has-text-align-center\" data-align=\"center\">AE084<\/td><td class=\"has-text-align-left\" data-align=\"left\">INTRODU\u00c7\u00c3O AO ESTUDO DE CADEIAS PRODUTIVAS AGROPECU\u00c1RIAS E FLORESTAIS<\/td><td class=\"has-text-align-center\" data-align=\"center\">45<\/td><td class=\"has-text-align-center\" data-align=\"center\">Optativa<\/td><\/tr><tr><td class=\"has-text-align-center\" data-align=\"center\">AE085<\/td><td class=\"has-text-align-left\" data-align=\"left\">BASIC CONCEPTS OF RURAL SCIENCE<\/td><td class=\"has-text-align-center\" data-align=\"center\">30<\/td><td class=\"has-text-align-center\" data-align=\"center\">Optativa<\/td><\/tr><tr><td class=\"has-text-align-center\" data-align=\"center\">AE089<\/td><td class=\"has-text-align-left\" data-align=\"left\">CR\u00c9DITO E GEST\u00c3O DE RISCO RURAL<\/td><td class=\"has-text-align-center\" data-align=\"center\">45<\/td><td class=\"has-text-align-center\" data-align=\"center\">Optativa<\/td><\/tr><\/tbody><\/table><\/figure>\n\n\n\n<p class=\"has-medium-font-size\"><strong><span style=\"text-decoration: underline\" class=\"underline\">MEDICINA VETERIN\u00c1RIA<\/span><\/strong><\/p>\n\n\n\n<figure class=\"wp-block-table is-style-stripes\"><table><thead><tr><th class=\"has-text-align-center\" data-align=\"center\">C\u00f3digo  <\/th><th class=\"has-text-align-left\" data-align=\"left\">Nome <\/th><th class=\"has-text-align-center\" data-align=\"center\">CH<\/th><th class=\"has-text-align-center\" data-align=\"center\">Tipo  <\/th><\/tr><\/thead><tbody><tr><td class=\"has-text-align-center\" data-align=\"center\">AE071<\/td><td class=\"has-text-align-left\" data-align=\"left\">ASSOCIATIVISMO E COOPERATIVISMO RURAL<\/td><td class=\"has-text-align-center\" data-align=\"center\">45<\/td><td class=\"has-text-align-center\" data-align=\"center\">Optativa<\/td><\/tr><tr><td class=\"has-text-align-center\" data-align=\"center\">AE086<\/td><td class=\"has-text-align-left\" data-align=\"left\">ECONOMIA RURAL<\/td><td class=\"has-text-align-center\" data-align=\"center\">54<\/td><td class=\"has-text-align-center\" data-align=\"center\">Obrigat\u00f3ria<\/td><\/tr><tr><td class=\"has-text-align-center\" data-align=\"center\">AE087<\/td><td class=\"has-text-align-left\" data-align=\"left\">EXTENS\u00c3O RURAL<\/td><td class=\"has-text-align-center\" data-align=\"center\">54<\/td><td class=\"has-text-align-center\" data-align=\"center\">Obrigat\u00f3ria<\/td><\/tr><tr><td class=\"has-text-align-center\" data-align=\"center\">AE088<\/td><td class=\"has-text-align-left\" data-align=\"left\">PLANEJAMENTO E ADMINISTRA\u00c7\u00c3O RURAL<\/td><td class=\"has-text-align-center\" data-align=\"center\">54<\/td><td class=\"has-text-align-center\" data-align=\"center\">Obrigat\u00f3ria<\/td><\/tr><tr><td class=\"has-text-align-center\" data-align=\"center\">AE1000<\/td><td class=\"has-text-align-left\" data-align=\"left\">EST\u00c1GIO EM PRODU\u00c7\u00c3O ANIMAL<\/td><td class=\"has-text-align-center\" data-align=\"center\">500<\/td><td class=\"has-text-align-center\" data-align=\"center\">Obrigat\u00f3ria<\/td><\/tr><\/tbody><\/table><\/figure>\n\n\n\n<p class=\"has-medium-font-size\"><strong><span style=\"text-decoration: underline\" class=\"underline\">ZOOTECNIA<\/span><\/strong><\/p>\n\n\n\n<figure class=\"wp-block-table is-style-stripes\"><table><thead><tr><th class=\"has-text-align-center\" data-align=\"center\">C\u00f3digo<\/th><th class=\"has-text-align-left\" data-align=\"left\">Nome<\/th><th class=\"has-text-align-center\" data-align=\"center\">CH<\/th><th class=\"has-text-align-center\" data-align=\"center\">Tipo<\/th><\/tr><\/thead><tbody><tr><td class=\"has-text-align-center\" data-align=\"center\">AE013<\/td><td class=\"has-text-align-left\" data-align=\"left\">EXTENSAO RURAL APLICADA<\/td><td class=\"has-text-align-center\" data-align=\"center\">60<\/td><td class=\"has-text-align-center\" data-align=\"center\">Optativa<\/td><\/tr><tr><td class=\"has-text-align-center\" data-align=\"center\">AE021<\/td><td class=\"has-text-align-left\" data-align=\"left\">LEGISLACAO AGRARIA<\/td><td class=\"has-text-align-center\" data-align=\"center\">45<\/td><td class=\"has-text-align-center\" data-align=\"center\">Optativa<\/td><\/tr><tr><td class=\"has-text-align-center\" data-align=\"center\">AE035<\/td><td class=\"has-text-align-left\" data-align=\"left\">ECONOMIA RURAL APLICADA A ZOOTECNIA<\/td><td class=\"has-text-align-center\" data-align=\"center\">45<\/td><td class=\"has-text-align-center\" data-align=\"center\">Obrigat\u00f3ria<\/td><\/tr><tr><td class=\"has-text-align-center\" data-align=\"center\">AE036<\/td><td class=\"has-text-align-left\" data-align=\"left\">PLANEJAMENTO E ADM DE EMPRESAS ZOOTECNICAS<\/td><td class=\"has-text-align-center\" data-align=\"center\">60<\/td><td class=\"has-text-align-center\" data-align=\"center\">Obrigat\u00f3ria<\/td><\/tr><tr><td class=\"has-text-align-center\" data-align=\"center\">AE037<\/td><td class=\"has-text-align-left\" data-align=\"left\">DESENVOLVIMENTO E EXTENSAO RURAL<\/td><td class=\"has-text-align-center\" data-align=\"center\">45<\/td><td class=\"has-text-align-center\" data-align=\"center\">Obrigat\u00f3ria<\/td><\/tr><tr><td class=\"has-text-align-center\" data-align=\"center\">AE038<\/td><td class=\"has-text-align-left\" data-align=\"left\">ELABORACAO E AVALIACAO DE PROJETOS ZOOTECNICOS<\/td><td class=\"has-text-align-center\" data-align=\"center\">45<\/td><td class=\"has-text-align-center\" data-align=\"center\">Obrigat\u00f3ria<\/td><\/tr><tr><td class=\"has-text-align-center\" data-align=\"center\">AE039<\/td><td class=\"has-text-align-left\" data-align=\"left\">MARKETING APLICADO A ZOOTECNIA<\/td><td class=\"has-text-align-center\" data-align=\"center\">60<\/td><td class=\"has-text-align-center\" data-align=\"center\">Optativa<\/td><\/tr><tr><td class=\"has-text-align-center\" data-align=\"center\">AE040<\/td><td class=\"has-text-align-left\" data-align=\"left\">COMERCIALIZACAO APLICADA A ZOOTECNIA<\/td><td class=\"has-text-align-center\" data-align=\"center\">45<\/td><td class=\"has-text-align-center\" data-align=\"center\">Optativa<\/td><\/tr><tr><td class=\"has-text-align-center\" data-align=\"center\">AE041<\/td><td class=\"has-text-align-left\" data-align=\"left\">AGRONEGOCIOS APLICADO A ZOOTECNIA<\/td><td class=\"has-text-align-center\" data-align=\"center\">45<\/td><td class=\"has-text-align-center\" data-align=\"center\">Optativa<\/td><\/tr><tr><td class=\"has-text-align-center\" data-align=\"center\">AE071<\/td><td class=\"has-text-align-left\" data-align=\"left\">ASSOCIATIVISMO E COOPERATIVISMO RURAL<\/td><td class=\"has-text-align-center\" data-align=\"center\">45<\/td><td class=\"has-text-align-center\" data-align=\"center\">Optativa<\/td><\/tr><\/tbody><\/table><\/figure>\n\n\n\n<p class=\"has-medium-font-size\"><strong><span style=\"text-decoration: underline\" class=\"underline\">ENGENHARIA FLORESTAL<\/span><\/strong><\/p>\n\n\n\n<figure class=\"wp-block-table is-style-stripes\"><table><thead><tr><th class=\"has-text-align-center\" data-align=\"center\"> C\u00f3digo<\/th><th class=\"has-text-align-left\" data-align=\"left\">Nome<\/th><th class=\"has-text-align-center\" data-align=\"center\">CH<\/th><th class=\"has-text-align-center\" data-align=\"center\">Tipo<\/th><\/tr><\/thead><tbody><tr><td class=\"has-text-align-center\" data-align=\"center\">AE042<\/td><td class=\"has-text-align-left\" data-align=\"left\">ECONOMIA DO MEIO AMBIENTE<\/td><td class=\"has-text-align-center\" data-align=\"center\">45<\/td><td class=\"has-text-align-center\" data-align=\"center\">Optativa<\/td><\/tr><tr><td class=\"has-text-align-center\" data-align=\"center\">AE052<\/td><td class=\"has-text-align-left\" data-align=\"left\">ECONOMIA FLORESTAL<\/td><td class=\"has-text-align-center\" data-align=\"center\">45<\/td><td class=\"has-text-align-center\" data-align=\"center\">Obrigat\u00f3ria<\/td><\/tr><tr><td class=\"has-text-align-center\" data-align=\"center\">AE053<\/td><td class=\"has-text-align-left\" data-align=\"left\">LEGISLA\u00c7\u00c3O FLORESTAL<\/td><td class=\"has-text-align-center\" data-align=\"center\">45<\/td><td class=\"has-text-align-center\" data-align=\"center\">Obrigat\u00f3ria<\/td><\/tr><tr><td class=\"has-text-align-center\" data-align=\"center\">AE054<\/td><td class=\"has-text-align-left\" data-align=\"left\">ADMINISTRA\u00c7\u00c3O FLORESTAL<\/td><td class=\"has-text-align-center\" data-align=\"center\">30<\/td><td class=\"has-text-align-center\" data-align=\"center\">Obrigat\u00f3ria<\/td><\/tr><tr><td class=\"has-text-align-center\" data-align=\"center\">AE055<\/td><td class=\"has-text-align-left\" data-align=\"left\">EXTENS\u00c3O E COMUNICA\u00c7\u00c3O RURAL<\/td><td class=\"has-text-align-center\" data-align=\"center\">45<\/td><td class=\"has-text-align-center\" data-align=\"center\">Obrigat\u00f3ria<\/td><\/tr><tr><td class=\"has-text-align-center\" data-align=\"center\">AE056<\/td><td class=\"has-text-align-left\" data-align=\"left\">POL\u00cdTICA FLORESTAL<\/td><td class=\"has-text-align-center\" data-align=\"center\">45<\/td><td class=\"has-text-align-center\" data-align=\"center\">Obrigat\u00f3ria<\/td><\/tr><tr><td class=\"has-text-align-center\" data-align=\"center\">AE057<\/td><td class=\"has-text-align-left\" data-align=\"left\">ECONOMIA FLORESTAL II<\/td><td class=\"has-text-align-center\" data-align=\"center\">60<\/td><td class=\"has-text-align-center\" data-align=\"center\">Obrigat\u00f3ria<\/td><\/tr><tr><td class=\"has-text-align-center\" data-align=\"center\">AE058<\/td><td class=\"has-text-align-left\" data-align=\"left\">GEST\u00c3O EMPRESARIAL<\/td><td class=\"has-text-align-center\" data-align=\"center\">30<\/td><td class=\"has-text-align-center\" data-align=\"center\">Obrigat\u00f3ria<\/td><\/tr><tr><td class=\"has-text-align-center\" data-align=\"center\">AE060<\/td><td class=\"has-text-align-left\" data-align=\"left\">MARKETING E MERCADOS DE PRODUTOS FLORESTAIS<\/td><td class=\"has-text-align-center\" data-align=\"center\">30<\/td><td class=\"has-text-align-center\" data-align=\"center\">Obrigat\u00f3ria<\/td><\/tr><tr><td class=\"has-text-align-center\" data-align=\"center\">AE061<\/td><td class=\"has-text-align-left\" data-align=\"left\">ELABORA\u00c7\u00c3O DE PROJETOS FLORESTAIS<\/td><td class=\"has-text-align-center\" data-align=\"center\">45<\/td><td class=\"has-text-align-center\" data-align=\"center\">Obrigat\u00f3ria<\/td><\/tr><tr><td class=\"has-text-align-center\" data-align=\"center\">AE062<\/td><td class=\"has-text-align-left\" data-align=\"left\">Comercializa\u00e7\u00e3o de Produtos Florestais<\/td><td class=\"has-text-align-center\" data-align=\"center\">45<\/td><td class=\"has-text-align-center\" data-align=\"center\">Optativa<\/td><\/tr><tr><td class=\"has-text-align-center\" data-align=\"center\">AE064<\/td><td class=\"has-text-align-left\" data-align=\"left\">Estrat\u00e9gias Para o Mercado Internacional de Produtos Florestais<\/td><td class=\"has-text-align-center\" data-align=\"center\">45<\/td><td class=\"has-text-align-center\" data-align=\"center\">Optativa<\/td><\/tr><tr><td class=\"has-text-align-center\" data-align=\"center\">AE065<\/td><td class=\"has-text-align-left\" data-align=\"left\">Introdu\u00e7\u00e3o ao Com\u00e9rcio Internacional de Produtos Florestais<\/td><td class=\"has-text-align-center\" data-align=\"center\">45<\/td><td class=\"has-text-align-center\" data-align=\"center\">Optativa<\/td><\/tr><tr><td class=\"has-text-align-center\" data-align=\"center\">AE066<\/td><td class=\"has-text-align-left\" data-align=\"left\">INTRODU\u00c7\u00c3O AO EMPREENDEDORISMO NO SETOR FLORESTAL<\/td><td class=\"has-text-align-center\" data-align=\"center\">45<\/td><td class=\"has-text-align-center\" data-align=\"center\">Optativa<\/td><\/tr><tr><td class=\"has-text-align-center\" data-align=\"center\">AE067<\/td><td class=\"has-text-align-left\" data-align=\"left\">Pol\u00edticas Ambientais para o Desenvolvimento Florestal Sustent\u00e1vel<\/td><td class=\"has-text-align-center\" data-align=\"center\">45<\/td><td class=\"has-text-align-center\" data-align=\"center\">Optativa<\/td><\/tr><tr><td class=\"has-text-align-center\" data-align=\"center\">AE068<\/td><td class=\"has-text-align-left\" data-align=\"left\">CADEIAS PRODUTIVAS FLORESTAIS<\/td><td class=\"has-text-align-center\" data-align=\"center\">45<\/td><td class=\"has-text-align-center\" data-align=\"center\">Optativa<\/td><\/tr><tr><td class=\"has-text-align-center\" data-align=\"center\">AE069<\/td><td class=\"has-text-align-left\" data-align=\"left\">INTRODU\u00c7\u00c3O \u00c0 POL\u00cdTICA INDUSTRIAL E TECNOL\u00d3GICA FLORESTAL<\/td><td class=\"has-text-align-center\" data-align=\"center\">45<\/td><td class=\"has-text-align-center\" data-align=\"center\">Optativa<\/td><\/tr><tr><td class=\"has-text-align-center\" data-align=\"center\">AE071<\/td><td class=\"has-text-align-left\" data-align=\"left\">ASSOCIATIVISMO E COOPERATIVISMO RURAL<\/td><td class=\"has-text-align-center\" data-align=\"center\">45<\/td><td class=\"has-text-align-center\" data-align=\"center\">Optativa<\/td><\/tr><tr><td class=\"has-text-align-center\" data-align=\"center\">AE090<\/td><td class=\"has-text-align-left\" data-align=\"left\">ECONOMIA DE PRODUTOS FLORESTAIS N\u00c3O MADEIREIROS<\/td><td class=\"has-text-align-center\" data-align=\"center\">30<\/td><td class=\"has-text-align-center\" data-align=\"center\">Obrigat\u00f3ria<\/td><\/tr><tr><td class=\"has-text-align-center\" data-align=\"center\">AE1001<\/td><td class=\"has-text-align-left\" data-align=\"left\">EST\u00c1GIO PROFISSIONALIZANTE EM ENGENHARIA FLORESTAL<\/td><td class=\"has-text-align-center\" data-align=\"center\">360<\/td><td class=\"has-text-align-center\" data-align=\"center\">Obrigat\u00f3ria<\/td><\/tr><tr><td class=\"has-text-align-center\" data-align=\"center\">AE1002<\/td><td class=\"has-text-align-left\" data-align=\"left\">TRABALHO DE CONCLUS\u00c3O DE CURSO<\/td><td class=\"has-text-align-center\" data-align=\"center\">60<\/td><td class=\"has-text-align-center\" data-align=\"center\">Obrigat\u00f3ria<\/td><\/tr><\/tbody><\/table><\/figure>\n\n\n\n<p class=\"has-medium-font-size\"><span style=\"text-decoration: underline\" class=\"underline\"><strong>ENGENHARIA INDUSTRIAL MADEIREIRA<\/strong><\/span><\/p>\n\n\n\n<figure class=\"wp-block-table is-style-stripes\"><table><thead><tr><th class=\"has-text-align-center\" data-align=\"center\">C\u00f3digo<\/th><th class=\"has-text-align-left\" data-align=\"left\">Nome<\/th><th class=\"has-text-align-center\" data-align=\"center\">CH<\/th><th class=\"has-text-align-center\" data-align=\"center\">Tipo<\/th><\/tr><\/thead><tbody><tr><td class=\"has-text-align-center\" data-align=\"center\">AE032<\/td><td class=\"has-text-align-left\" data-align=\"left\">ECONOMIA GERAL<\/td><td class=\"has-text-align-center\" data-align=\"center\">60<\/td><td class=\"has-text-align-center\" data-align=\"center\">Obrigat\u00f3ria<\/td><\/tr><tr><td class=\"has-text-align-center\" data-align=\"center\">AE044<\/td><td class=\"has-text-align-left\" data-align=\"left\">MARKETING DE PRODUTOS FLORESTAIS<\/td><td class=\"has-text-align-center\" data-align=\"center\">60<\/td><td class=\"has-text-align-center\" data-align=\"center\">Optativa<\/td><\/tr><tr><td class=\"has-text-align-center\" data-align=\"center\">AE046<\/td><td class=\"has-text-align-left\" data-align=\"left\">ADMINISTRACAO DA PROD. DE EMPRESAS IND. MADEIREIRA<\/td><td class=\"has-text-align-center\" data-align=\"center\">60<\/td><td class=\"has-text-align-center\" data-align=\"center\">Obrigat\u00f3ria<\/td><\/tr><tr><td class=\"has-text-align-center\" data-align=\"center\">AE049<\/td><td class=\"has-text-align-left\" data-align=\"left\">INTRODUCAO AO ESTUDO DE CADEIAS PRODUTIVAS FLOREST<\/td><td class=\"has-text-align-center\" data-align=\"center\">45<\/td><td class=\"has-text-align-center\" data-align=\"center\">Optativa<\/td><\/tr><tr><td class=\"has-text-align-center\" data-align=\"center\">AE050<\/td><td class=\"has-text-align-left\" data-align=\"left\">ENGENHARIA ECON\u00d4MICA<\/td><td class=\"has-text-align-center\" data-align=\"center\">60<\/td><td class=\"has-text-align-center\" data-align=\"center\">Obrigat\u00f3ria<\/td><\/tr><tr><td class=\"has-text-align-center\" data-align=\"center\">AE051<\/td><td class=\"has-text-align-left\" data-align=\"left\">INTRODU\u00c7\u00c3O \u00c0 POL\u00cdTICA INDUSTRIAL E TECNOL\u00d3GICA PARA O SETOR DE BASE FLORESTAL<\/td><td class=\"has-text-align-center\" data-align=\"center\">60<\/td><td class=\"has-text-align-center\" data-align=\"center\">Optativa<\/td><\/tr><tr><td class=\"has-text-align-center\" data-align=\"center\">AE060<\/td><td class=\"has-text-align-left\" data-align=\"left\">MARKETING E MERCADOS DE PRODUTOS FLORESTAIS<\/td><td class=\"has-text-align-center\" data-align=\"center\">30<\/td><td class=\"has-text-align-center\" data-align=\"center\">Optativa<\/td><\/tr><tr><td class=\"has-text-align-center\" data-align=\"center\">AE066<\/td><td class=\"has-text-align-left\" data-align=\"left\">INTRODU\u00c7\u00c3O AO EMPREENDEDORISMO NO SETOR FLORESTAL<\/td><td class=\"has-text-align-center\" data-align=\"center\">45<\/td><td class=\"has-text-align-center\" data-align=\"center\">Optativa<\/td><\/tr><tr><td class=\"has-text-align-center\" data-align=\"center\">AE068<\/td><td class=\"has-text-align-left\" data-align=\"left\">CADEIAS PRODUTIVAS FLORESTAIS<\/td><td class=\"has-text-align-center\" data-align=\"center\">45<\/td><td class=\"has-text-align-center\" data-align=\"center\">Optativa<\/td><\/tr><tr><td class=\"has-text-align-center\" data-align=\"center\">AE070<\/td><td class=\"has-text-align-left\" data-align=\"left\">INTRODU\u00c7\u00c3O \u00c0 METODOLOGIA DE PESQUISA<\/td><td class=\"has-text-align-center\" data-align=\"center\">60<\/td><td class=\"has-text-align-center\" data-align=\"center\">Optativa<\/td><\/tr><tr><td class=\"has-text-align-center\" data-align=\"center\">AE071<\/td><td class=\"has-text-align-left\" data-align=\"left\">ASSOCIATIVISMO E COOPERATIVISMO RURAL<\/td><td class=\"has-text-align-center\" data-align=\"center\">45<\/td><td class=\"has-text-align-center\" data-align=\"center\">Optativa<\/td><\/tr><\/tbody><\/table><\/figure>\n\n\n\n<p><\/p>\n","protected":false},"excerpt":{"rendered":"<p>ENGENHARIA AGRON\u00d4MICA C\u00f3digo Nome CH Tipo AE001 ECONOMIA RURAL 45 Obrigat\u00f3ria AE002 EXTENSAO RURAL 45 Obrigat\u00f3ria AE018 PLANEJ E ADMIN RURAL 45 Obrigat\u00f3ria AE019 COMERCIALIZACAO AGRICOLA 45 Obrigat\u00f3ria AE020 POLITICA AGRARIA 45 Obrigat\u00f3ria AE021 LEGISLACAO AGRARIA 45 Obrigat\u00f3ria AE071 ASSOCIATIVISMO E COOPERATIVISMO RURAL 45 Optativa AE072 EXTENS\u00c3O RURAL 30 Obrigat\u00f3ria AE073 LEGISLA\u00c7\u00c3O RURAL, PER\u00cdCIA E [&hellip;]<\/p>\n","protected":false},"author":3,"featured_media":0,"parent":8895,"menu_order":0,"comment_status":"closed","ping_status":"closed","template":"","meta":{"footnotes":""},"class_list":["post-8897","page","type-page","status-publish","hentry"],"_links":{"self":[{"href":"https:\/\/agrarias.ufpr.br\/dere\/wp-json\/wp\/v2\/pages\/8897","targetHints":{"allow":["GET"]}}],"collection":[{"href":"https:\/\/agrarias.ufpr.br\/dere\/wp-json\/wp\/v2\/pages"}],"about":[{"href":"https:\/\/agrarias.ufpr.br\/dere\/wp-json\/wp\/v2\/types\/page"}],"author":[{"embeddable":true,"href":"https:\/\/agrarias.ufpr.br\/dere\/wp-json\/wp\/v2\/users\/3"}],"replies":[{"embeddable":true,"href":"https:\/\/agrarias.ufpr.br\/dere\/wp-json\/wp\/v2\/comments?post=8897"}],"version-history":[{"count":5,"href":"https:\/\/agrarias.ufpr.br\/dere\/wp-json\/wp\/v2\/pages\/8897\/revisions"}],"predecessor-version":[{"id":9138,"href":"https:\/\/agrarias.ufpr.br\/dere\/wp-json\/wp\/v2\/pages\/8897\/revisions\/9138"}],"up":[{"embeddable":true,"href":"https:\/\/agrarias.ufpr.br\/dere\/wp-json\/wp\/v2\/pages\/8895"}],"wp:attachment":[{"href":"https:\/\/agrarias.ufpr.br\/dere\/wp-json\/wp\/v2\/media?parent=8897"}],"curies":[{"name":"wp","href":"https:\/\/api.w.org\/{rel}","templated":true}]}}