{"id":8895,"date":"2021-03-08T15:04:56","date_gmt":"2021-03-08T15:04:56","guid":{"rendered":"https:\/\/agrarias.ufpr.br\/dere\/?page_id=8895"},"modified":"2023-07-05T12:01:31","modified_gmt":"2023-07-05T12:01:31","slug":"ensino","status":"publish","type":"page","link":"https:\/\/agrarias.ufpr.br\/dere\/ensino\/","title":{"rendered":"Ensino"},"content":{"rendered":"<p><a href=\"https:\/\/agrarias.ufpr.br\/dere\/graduacao-disciplinas\/\"><strong>Gradua\u00e7\u00e3o &#8211; Disciplinas<\/strong><\/a><\/p>\n<p><strong><a href=\"https:\/\/agrarias.ufpr.br\/dere\/pos-graduacao\/\">P\u00f3s-Gradua\u00e7\u00e3o\u00a0<\/a><\/strong><\/p>\n\n\n<p><\/p>\n","protected":false},"excerpt":{"rendered":"<p>Gradua\u00e7\u00e3o &#8211; Disciplinas P\u00f3s-Gradua\u00e7\u00e3o\u00a0<\/p>\n","protected":false},"author":3,"featured_media":0,"parent":0,"menu_order":0,"comment_status":"closed","ping_status":"closed","template":"","meta":{"footnotes":""},"class_list":["post-8895","page","type-page","status-publish","hentry"],"_links":{"self":[{"href":"https:\/\/agrarias.ufpr.br\/dere\/wp-json\/wp\/v2\/pages\/8895","targetHints":{"allow":["GET"]}}],"collection":[{"href":"https:\/\/agrarias.ufpr.br\/dere\/wp-json\/wp\/v2\/pages"}],"about":[{"href":"https:\/\/agrarias.ufpr.br\/dere\/wp-json\/wp\/v2\/types\/page"}],"author":[{"embeddable":true,"href":"https:\/\/agrarias.ufpr.br\/dere\/wp-json\/wp\/v2\/users\/3"}],"replies":[{"embeddable":true,"href":"https:\/\/agrarias.ufpr.br\/dere\/wp-json\/wp\/v2\/comments?post=8895"}],"version-history":[{"count":4,"href":"https:\/\/agrarias.ufpr.br\/dere\/wp-json\/wp\/v2\/pages\/8895\/revisions"}],"predecessor-version":[{"id":9125,"href":"https:\/\/agrarias.ufpr.br\/dere\/wp-json\/wp\/v2\/pages\/8895\/revisions\/9125"}],"wp:attachment":[{"href":"https:\/\/agrarias.ufpr.br\/dere\/wp-json\/wp\/v2\/media?parent=8895"}],"curies":[{"name":"wp","href":"https:\/\/api.w.org\/{rel}","templated":true}]}}