{"id":8888,"date":"2021-03-08T14:47:28","date_gmt":"2021-03-08T14:47:28","guid":{"rendered":"https:\/\/agrarias.ufpr.br\/dere\/?page_id=8888"},"modified":"2024-07-18T18:33:41","modified_gmt":"2024-07-18T18:33:41","slug":"o-departamento","status":"publish","type":"page","link":"https:\/\/agrarias.ufpr.br\/dere\/o-departamento\/","title":{"rendered":"O Departamento"},"content":{"rendered":"<p><strong><a href=\"https:\/\/agrarias.ufpr.br\/dere\/apresentacao\/\">Apresenta\u00e7\u00e3o\u00a0<\/a><\/strong><\/p>\n<p><strong><a href=\"https:\/\/agrarias.ufpr.br\/dere\/gestao\/\">Gest\u00e3o<\/a><\/strong><\/p>\n<p><a href=\"https:\/\/agrarias.ufpr.br\/dere\/contato\"><strong>Docentes e Secretaria<\/strong><\/a><\/p>\n<p><a title=\"Planejamento Estrat\u00e9gico\" href=\"https:\/\/agrarias.ufpr.br\/dere\/o-departamento\/planejamento\/\"><strong>Planejamento Estrat\u00e9gico<\/strong><\/a><\/p>\n<p><a href=\"https:\/\/soc.ufpr.br\/wp-content\/uploads\/2019\/08\/RESOLU%C3%87%C3%83O-N%C2%BA-25-19-COPLAD-alt.-pelas-Res.55-19-08-20-18-20-04-21-05-21-18-21-09-22-10-22-20-22-22-22-23-22-29-30-31-32-e-33-COPLAD-1.pdf\" target=\"_blank\" rel=\"noopener\"><strong>Regimento do Setor de Ci\u00eancias Agr\u00e1rias<\/strong><\/a><\/p>\n<p><a href=\"https:\/\/soc.ufpr.br\/wp-content\/uploads\/2021\/02\/Reg-Geral-da-UFPR-atualizado.pdf\" target=\"_blank\" rel=\"noopener\"><strong>Regimento Geral da Universidade Federal do Paran\u00e1<\/strong><\/a><\/p>\n\n<p>\u00a0<\/p>\n","protected":false},"excerpt":{"rendered":"<p>Apresenta\u00e7\u00e3o\u00a0 Gest\u00e3o Docentes e Secretaria Planejamento Estrat\u00e9gico Regimento do Setor de Ci\u00eancias Agr\u00e1rias Regimento Geral da Universidade Federal do Paran\u00e1 \u00a0<\/p>\n","protected":false},"author":3,"featured_media":0,"parent":0,"menu_order":0,"comment_status":"closed","ping_status":"closed","template":"","meta":{"footnotes":""},"class_list":["post-8888","page","type-page","status-publish","hentry"],"_links":{"self":[{"href":"https:\/\/agrarias.ufpr.br\/dere\/wp-json\/wp\/v2\/pages\/8888","targetHints":{"allow":["GET"]}}],"collection":[{"href":"https:\/\/agrarias.ufpr.br\/dere\/wp-json\/wp\/v2\/pages"}],"about":[{"href":"https:\/\/agrarias.ufpr.br\/dere\/wp-json\/wp\/v2\/types\/page"}],"author":[{"embeddable":true,"href":"https:\/\/agrarias.ufpr.br\/dere\/wp-json\/wp\/v2\/users\/3"}],"replies":[{"embeddable":true,"href":"https:\/\/agrarias.ufpr.br\/dere\/wp-json\/wp\/v2\/comments?post=8888"}],"version-history":[{"count":15,"href":"https:\/\/agrarias.ufpr.br\/dere\/wp-json\/wp\/v2\/pages\/8888\/revisions"}],"predecessor-version":[{"id":9388,"href":"https:\/\/agrarias.ufpr.br\/dere\/wp-json\/wp\/v2\/pages\/8888\/revisions\/9388"}],"wp:attachment":[{"href":"https:\/\/agrarias.ufpr.br\/dere\/wp-json\/wp\/v2\/media?parent=8888"}],"curies":[{"name":"wp","href":"https:\/\/api.w.org\/{rel}","templated":true}]}}