{"id":8880,"date":"2021-03-08T14:44:44","date_gmt":"2021-03-08T14:44:44","guid":{"rendered":"https:\/\/agrarias.ufpr.br\/dere\/?page_id=8880"},"modified":"2025-08-06T18:28:04","modified_gmt":"2025-08-06T18:28:04","slug":"contato","status":"publish","type":"page","link":"https:\/\/agrarias.ufpr.br\/dere\/contato\/","title":{"rendered":"Contato"},"content":{"rendered":"\n<p><strong>Localiza\u00e7\u00e3o do DERE: Rua dos Funcion\u00e1rios, 1540 &#8211; Juvev\u00ea&nbsp;<\/strong>          <a href=\"https:\/\/maps.app.goo.gl\/E2snGaNrZ7KeARqu6\" target=\"_blank\" rel=\"noopener\" title=\"\"><img loading=\"lazy\" decoding=\"async\" width=\"380\" height=\"376\" class=\"wp-image-9294\" style=\"width: 150px\" src=\"https:\/\/agrarias.ufpr.br\/dere\/wp-content\/uploads\/sites\/47\/2024\/04\/mapa3-local.png\" alt=\"\" srcset=\"https:\/\/agrarias.ufpr.br\/dere\/wp-content\/uploads\/sites\/47\/2024\/04\/mapa3-local.png 380w, https:\/\/agrarias.ufpr.br\/dere\/wp-content\/uploads\/sites\/47\/2024\/04\/mapa3-local-300x297.png 300w, https:\/\/agrarias.ufpr.br\/dere\/wp-content\/uploads\/sites\/47\/2024\/04\/mapa3-local-250x247.png 250w, https:\/\/agrarias.ufpr.br\/dere\/wp-content\/uploads\/sites\/47\/2024\/04\/mapa3-local-121x120.png 121w, https:\/\/agrarias.ufpr.br\/dere\/wp-content\/uploads\/sites\/47\/2024\/04\/mapa3-local-200x198.png 200w\" sizes=\"auto, (max-width: 380px) 100vw, 380px\" \/><\/a><\/p>\n\n\n\n<figure class=\"wp-block-image size-large\"><img loading=\"lazy\" decoding=\"async\" width=\"1024\" height=\"473\" src=\"https:\/\/agrarias.ufpr.br\/dere\/wp-content\/uploads\/sites\/47\/2024\/04\/fotoCabana-1024x473.jpg\" alt=\"\" class=\"wp-image-9286\" srcset=\"https:\/\/agrarias.ufpr.br\/dere\/wp-content\/uploads\/sites\/47\/2024\/04\/fotoCabana-1024x473.jpg 1024w, https:\/\/agrarias.ufpr.br\/dere\/wp-content\/uploads\/sites\/47\/2024\/04\/fotoCabana-300x138.jpg 300w, https:\/\/agrarias.ufpr.br\/dere\/wp-content\/uploads\/sites\/47\/2024\/04\/fotoCabana-768x354.jpg 768w, https:\/\/agrarias.ufpr.br\/dere\/wp-content\/uploads\/sites\/47\/2024\/04\/fotoCabana-1536x709.jpg 1536w, https:\/\/agrarias.ufpr.br\/dere\/wp-content\/uploads\/sites\/47\/2024\/04\/fotoCabana-250x115.jpg 250w, https:\/\/agrarias.ufpr.br\/dere\/wp-content\/uploads\/sites\/47\/2024\/04\/fotoCabana-160x74.jpg 160w, https:\/\/agrarias.ufpr.br\/dere\/wp-content\/uploads\/sites\/47\/2024\/04\/fotoCabana-200x92.jpg 200w, https:\/\/agrarias.ufpr.br\/dere\/wp-content\/uploads\/sites\/47\/2024\/04\/fotoCabana.jpg 1920w\" sizes=\"auto, (max-width: 1024px) 100vw, 1024px\" \/><\/figure>\n\n\n\n<figure class=\"wp-block-image size-full\"><img loading=\"lazy\" decoding=\"async\" width=\"830\" height=\"827\" src=\"https:\/\/agrarias.ufpr.br\/dere\/wp-content\/uploads\/sites\/47\/2024\/04\/image-1.png\" alt=\"\" class=\"wp-image-9288\" srcset=\"https:\/\/agrarias.ufpr.br\/dere\/wp-content\/uploads\/sites\/47\/2024\/04\/image-1.png 830w, https:\/\/agrarias.ufpr.br\/dere\/wp-content\/uploads\/sites\/47\/2024\/04\/image-1-300x300.png 300w, https:\/\/agrarias.ufpr.br\/dere\/wp-content\/uploads\/sites\/47\/2024\/04\/image-1-150x150.png 150w, https:\/\/agrarias.ufpr.br\/dere\/wp-content\/uploads\/sites\/47\/2024\/04\/image-1-768x765.png 768w, https:\/\/agrarias.ufpr.br\/dere\/wp-content\/uploads\/sites\/47\/2024\/04\/image-1-250x249.png 250w, https:\/\/agrarias.ufpr.br\/dere\/wp-content\/uploads\/sites\/47\/2024\/04\/image-1-120x120.png 120w, https:\/\/agrarias.ufpr.br\/dere\/wp-content\/uploads\/sites\/47\/2024\/04\/image-1-200x199.png 200w\" sizes=\"auto, (max-width: 830px) 100vw, 830px\" \/><\/figure>\n\n\n\n<figure class=\"wp-block-image size-full\"><img loading=\"lazy\" decoding=\"async\" width=\"985\" height=\"810\" src=\"https:\/\/agrarias.ufpr.br\/dere\/wp-content\/uploads\/sites\/47\/2024\/04\/image-2.png\" alt=\"\" class=\"wp-image-9289\" srcset=\"https:\/\/agrarias.ufpr.br\/dere\/wp-content\/uploads\/sites\/47\/2024\/04\/image-2.png 985w, https:\/\/agrarias.ufpr.br\/dere\/wp-content\/uploads\/sites\/47\/2024\/04\/image-2-300x247.png 300w, https:\/\/agrarias.ufpr.br\/dere\/wp-content\/uploads\/sites\/47\/2024\/04\/image-2-768x632.png 768w, https:\/\/agrarias.ufpr.br\/dere\/wp-content\/uploads\/sites\/47\/2024\/04\/image-2-250x206.png 250w, https:\/\/agrarias.ufpr.br\/dere\/wp-content\/uploads\/sites\/47\/2024\/04\/image-2-146x120.png 146w, https:\/\/agrarias.ufpr.br\/dere\/wp-content\/uploads\/sites\/47\/2024\/04\/image-2-200x164.png 200w\" sizes=\"auto, (max-width: 985px) 100vw, 985px\" \/><\/figure>\n\n\n\n<figure class=\"wp-block-table\"><table class=\"has-fixed-layout\"><tbody><tr><td colspan=\"3\"><strong>SECRETARIA DO DEPARTAMENTO<\/strong><br><strong>Hor\u00e1rio de Expediente Externo: <\/strong>Segunda \u00e0 Sexta: 08:00 \u00e0s 12:00 e das 14:00 \u00e0s 17:00<\/td><\/tr><\/tbody><\/table><\/figure>\n\n\n\n<figure class=\"wp-block-table\"><table class=\"has-fixed-layout\"><tbody><tr><td><strong>T\u00c9CNICOS ADMINISTRATIVOS<\/strong><\/td><td><strong>E-MAIL<\/strong><\/td><td><strong>Curr\u00edculo Lattes<\/strong><\/td><\/tr><tr><td>Adelia Junglos Alves<\/td><td><a href=\"mailto:dere@ufpr.br\">dere@ufpr.br<\/a><br>+55(41) 3350-5764<br>TEAMS: adelia@ufpr.br<\/td><td><a href=\"http:\/\/lattes.cnpq.br\/5408981480052815\">http:\/\/lattes.cnpq.br\/5408981480052815<\/a><\/td><\/tr><tr><td>Paulo Roberto Cueto<\/td><td><a href=\"mailto:dere@ufpr.br\">dere@ufpr.br<\/a><br>+55(41) 3350-5764<br>TEAMS: paulo.cueto@ufpr.br<\/td><td><a href=\"http:\/\/lattes.cnpq.br\/8572401622408683\">http:\/\/lattes.cnpq.br\/8572401622408683<\/a><\/td><\/tr><\/tbody><\/table><\/figure>\n\n\n\n<figure class=\"wp-block-table\"><table class=\"has-fixed-layout\"><tbody><tr><td colspan=\"3\"><strong>CHEFIA DO DEPARTAMENTO<\/strong><\/td><\/tr><tr><td>Jo\u00e3o Batista Padilha Junior<\/td><td>jpadilha@ufpr.br<\/td><td><a href=\"http:\/\/lattes.cnpq.br\/9696450310145719\">http:\/\/lattes.cnpq.br\/9696450310145719<\/a><\/td><\/tr><tr><td>Eduardo Gelinski Junior<\/td><td>eduardo.gelinski@ufpr.br<\/td><td><a href=\"http:\/\/lattes.cnpq.br\/0269844993573971\">http:\/\/lattes.cnpq.br\/0269844993573971<\/a><\/td><\/tr><\/tbody><\/table><\/figure>\n\n\n\n<figure class=\"wp-block-table\"><table class=\"has-fixed-layout\"><tbody><tr><td><strong>DOCENTES<\/strong><\/td><td><strong>E-MAIL<\/strong><\/td><td><strong>Curr\u00edculo Lattes<\/strong><\/td><\/tr><tr><td>Ailson Augusto Loper<\/td><td>ailsonloper@ufpr.br<\/td><td><a href=\"http:\/\/lattes.cnpq.br\/3432395588956983\">http:\/\/lattes.cnpq.br\/3432395588956983<\/a><\/td><\/tr><tr><td>Amanda Massaneira de Souza Schuntzemberger<\/td><td>amanda.mss@ufpr.br<\/td><td><a href=\"http:\/\/lattes.cnpq.br\/8795459404930340\">http:\/\/lattes.cnpq.br\/8795459404930340<\/a><\/td><\/tr><tr><td>Anadalvo Juazeiro dos Santos<\/td><td>ajsantos@ufpr.br<\/td><td><a href=\"http:\/\/lattes.cnpq.br\/2524379849256022\">http:\/\/lattes.cnpq.br\/2524379849256022<\/a><\/td><\/tr><tr><td>David Alexandre Buratto<br><\/td><td>davidburatto@ufpr.br<\/td><td><a href=\"http:\/\/lattes.cnpq.br\/4185577231185731\">http:\/\/lattes.cnpq.br\/4185577231185731<\/a><\/td><\/tr><tr><td>Eduardo Gelinski Junior<\/td><td>eduardo.gelinski@ufpr.br<\/td><td><a href=\"http:\/\/lattes.cnpq.br\/0269844993573971\">http:\/\/lattes.cnpq.br\/0269844993573971<\/a><\/td><\/tr><tr><td>Gilson Martins<\/td><td>gilson.martins@ufpr.br<\/td><td><a href=\"http:\/\/lattes.cnpq.br\/4695539842700897\">http:\/\/lattes.cnpq.br\/4695539842700897<\/a><\/td><\/tr><tr><td>Jaqueline de Paula Heimann<\/td><td>jaquelineheimann@ufpr.br<\/td><td><a href=\"http:\/\/lattes.cnpq.br\/3313329773760259\">http:\/\/lattes.cnpq.br\/3313329773760259<\/a><\/td><\/tr><tr><td>Jo\u00e3o Batista Padilha Junior<\/td><td>jpadilha@ufpr.br<\/td><td><a href=\"http:\/\/lattes.cnpq.br\/9696450310145719\">http:\/\/lattes.cnpq.br\/9696450310145719<\/a><\/td><\/tr><tr><td>Jo\u00e3o Carlos Garzel Leodoro da Silva<\/td><td>garzel@ufpr.br<\/td><td><a href=\"http:\/\/lattes.cnpq.br\/6838645217683720\">http:\/\/lattes.cnpq.br\/6838645217683720<\/a><\/td><\/tr><tr><td>Jos\u00e9 Roberto Fernandes Canziani<\/td><td>canziani@ufpr.br<\/td><td><a href=\"http:\/\/lattes.cnpq.br\/1779899712581651\">http:\/\/lattes.cnpq.br\/1779899712581651<\/a><\/td><\/tr><tr><td>Luciano de Almeida<\/td><td>lucianoalmeida@ufpr.br<\/td><td><a href=\"http:\/\/lattes.cnpq.br\/0995536046854547\">http:\/\/lattes.cnpq.br\/0995536046854547<\/a><\/td><\/tr><tr><td>Melissa Watanabe<br><\/td><td>melissawatanabe@ufpr.br<\/td><td><a href=\"http:\/\/lattes.cnpq.br\/7746217839819893\">http:\/\/lattes.cnpq.br\/7746217839819893<\/a><\/td><\/tr><tr><td>Moacir Roberto Darolt<\/td><td>darolt@ufpr.br<\/td><td><a href=\"http:\/\/lattes.cnpq.br\/6713560017983004\">http:\/\/lattes.cnpq.br\/6713560017983004<\/a><\/td><\/tr><tr><td>Paulo de Tarso&nbsp;de Lara Pires<\/td><td>ptlpires@ufpr.br<\/td><td><a href=\"http:\/\/lattes.cnpq.br\/0670032752534789\">http:\/\/lattes.cnpq.br\/0670032752534789<\/a><\/td><\/tr><tr><td>Romano Timofeiczyk Junior<\/td><td>romano@ufpr.br<\/td><td><a href=\"http:\/\/lattes.cnpq.br\/1246071381544725\">http:\/\/lattes.cnpq.br\/1246071381544725<\/a><\/td><\/tr><tr><td>Vania Di Addario&nbsp;Guimar\u00e3es<\/td><td>vania.di@ufpr.br<\/td><td><a href=\"http:\/\/lattes.cnpq.br\/5777397230467858\">http:\/\/lattes.cnpq.br\/5777397230467858<\/a><\/td><\/tr><\/tbody><\/table><\/figure>\n\n\n\n<p><\/p>\n\n\n\n<p><\/p>\n\n\n\n<p><\/p>\n","protected":false},"excerpt":{"rendered":"<p>Localiza\u00e7\u00e3o do DERE: Rua dos Funcion\u00e1rios, 1540 &#8211; Juvev\u00ea&nbsp; SECRETARIA DO DEPARTAMENTOHor\u00e1rio de Expediente Externo: Segunda \u00e0 Sexta: 08:00 \u00e0s 12:00 e das 14:00 \u00e0s 17:00 T\u00c9CNICOS ADMINISTRATIVOS E-MAIL Curr\u00edculo Lattes Adelia Junglos Alves dere@ufpr.br+55(41) 3350-5764TEAMS: adelia@ufpr.br http:\/\/lattes.cnpq.br\/5408981480052815 Paulo Roberto Cueto dere@ufpr.br+55(41) 3350-5764TEAMS: paulo.cueto@ufpr.br http:\/\/lattes.cnpq.br\/8572401622408683 CHEFIA DO DEPARTAMENTO Jo\u00e3o Batista Padilha Junior jpadilha@ufpr.br http:\/\/lattes.cnpq.br\/9696450310145719 Eduardo [&hellip;]<\/p>\n","protected":false},"author":3,"featured_media":0,"parent":0,"menu_order":0,"comment_status":"closed","ping_status":"closed","template":"","meta":{"footnotes":""},"class_list":["post-8880","page","type-page","status-publish","hentry"],"_links":{"self":[{"href":"https:\/\/agrarias.ufpr.br\/dere\/wp-json\/wp\/v2\/pages\/8880","targetHints":{"allow":["GET"]}}],"collection":[{"href":"https:\/\/agrarias.ufpr.br\/dere\/wp-json\/wp\/v2\/pages"}],"about":[{"href":"https:\/\/agrarias.ufpr.br\/dere\/wp-json\/wp\/v2\/types\/page"}],"author":[{"embeddable":true,"href":"https:\/\/agrarias.ufpr.br\/dere\/wp-json\/wp\/v2\/users\/3"}],"replies":[{"embeddable":true,"href":"https:\/\/agrarias.ufpr.br\/dere\/wp-json\/wp\/v2\/comments?post=8880"}],"version-history":[{"count":29,"href":"https:\/\/agrarias.ufpr.br\/dere\/wp-json\/wp\/v2\/pages\/8880\/revisions"}],"predecessor-version":[{"id":9996,"href":"https:\/\/agrarias.ufpr.br\/dere\/wp-json\/wp\/v2\/pages\/8880\/revisions\/9996"}],"wp:attachment":[{"href":"https:\/\/agrarias.ufpr.br\/dere\/wp-json\/wp\/v2\/media?parent=8880"}],"curies":[{"name":"wp","href":"https:\/\/api.w.org\/{rel}","templated":true}]}}