{"id":8874,"date":"2021-03-08T14:44:12","date_gmt":"2021-03-08T14:44:12","guid":{"rendered":"https:\/\/agrarias.ufpr.br\/dere\/?page_id=8874"},"modified":"2025-08-07T16:59:09","modified_gmt":"2025-08-07T16:59:09","slug":"gestao","status":"publish","type":"page","link":"https:\/\/agrarias.ufpr.br\/dere\/o-departamento\/gestao\/","title":{"rendered":"Gest\u00e3o"},"content":{"rendered":"\n<figure class=\"wp-block-table\"><table class=\"has-fixed-layout\"><tbody><tr><td class=\"has-text-align-center\" data-align=\"center\"><strong>2025 &#8211; 2027<\/strong><\/td><\/tr><tr><td class=\"has-text-align-center\" data-align=\"center\"><strong>Chefe de Departamento:<\/strong> Jo\u00e3o Batista Padilha Junior<br><strong>Suplente:<\/strong> Eduardo Gelinski junior<\/td><\/tr><\/tbody><\/table><\/figure>\n\n\n\n<div class=\"wp-block-group\"><div class=\"wp-block-group__inner-container is-layout-constrained wp-block-group-is-layout-constrained\">\n<figure class=\"wp-block-table\"><table class=\"has-fixed-layout\"><tbody><tr><td class=\"has-text-align-center\" data-align=\"center\"><strong>2024 &#8211; 2025<\/strong><\/td><\/tr><tr><td class=\"has-text-align-center\" data-align=\"center\"><strong>Chefe de Departamento:<\/strong> Jo\u00e3o Batista Padilha Junior<br><strong>Suplente:<\/strong> Jos\u00e9 Roberto Fernandes Canziani<\/td><\/tr><\/tbody><\/table><\/figure>\n\n\n\n<div class=\"wp-block-group\"><div class=\"wp-block-group__inner-container is-layout-constrained wp-block-group-is-layout-constrained\">\n<figure class=\"wp-block-table\"><table class=\"has-fixed-layout\"><tbody><tr><td class=\"has-text-align-center\" data-align=\"center\"><strong>2023 &#8211; 2024<\/strong><\/td><\/tr><tr><td class=\"has-text-align-center\" data-align=\"center\"><strong>Chefe de Departamento:<\/strong> Paulo de Tarso de Lara Pires<br><strong>Suplente:<\/strong>  Jo\u00e3o Batista Padilha Junior<\/td><\/tr><\/tbody><\/table><\/figure>\n<\/div><\/div>\n\n\n\n<figure class=\"wp-block-table\"><table class=\"has-fixed-layout\"><tbody><tr><td class=\"has-text-align-center\" data-align=\"center\"><strong>2022 &#8211; 2023<\/strong><\/td><\/tr><tr><td class=\"has-text-align-center\" data-align=\"center\"><strong>Chefe de Departamento:<\/strong> Vitor Afonso Hoeflich<br><strong>Suplente:<\/strong> <\/td><\/tr><\/tbody><\/table><\/figure>\n\n\n\n<div class=\"wp-block-group\"><div class=\"wp-block-group__inner-container is-layout-constrained wp-block-group-is-layout-constrained\">\n<figure class=\"wp-block-table\"><table class=\"has-fixed-layout\"><tbody><tr><td class=\"has-text-align-center\" data-align=\"center\"><strong>2020 &#8211; 2022<\/strong><\/td><\/tr><tr><td class=\"has-text-align-center\" data-align=\"center\"><strong>Chefe de Departamento:<\/strong> Vitor Afonso Hoeflich<br><strong>Suplente:<\/strong> Romano Timofeiczyk Junior<\/td><\/tr><\/tbody><\/table><\/figure>\n<\/div><\/div>\n<\/div><\/div>\n\n\n\n<figure class=\"wp-block-table\"><table class=\"has-fixed-layout\"><tbody><tr><td class=\"has-text-align-center\" data-align=\"center\"><strong>2019 &#8211; 2019<\/strong><\/td><\/tr><tr><td class=\"has-text-align-center\" data-align=\"center\"><strong>Chefe de Departamento:<\/strong> Vitor Afonso Hoeflich<br><strong>Suplente:<\/strong> <\/td><\/tr><\/tbody><\/table><\/figure>\n\n\n\n<figure class=\"wp-block-table\"><table class=\"has-fixed-layout\"><tbody><tr><td class=\"has-text-align-center\" data-align=\"center\"><strong>2018 &#8211; 2019<\/strong><\/td><\/tr><tr><td class=\"has-text-align-center\" data-align=\"center\"><strong>Chefe de Departamento:<\/strong> Paulo de Tarso de Lara Pires<br><strong>Suplente:<\/strong> Jos\u00e9 Roberto Fernandes Canziani<\/td><\/tr><\/tbody><\/table><\/figure>\n\n\n\n<figure class=\"wp-block-table\"><table class=\"has-fixed-layout\"><tbody><tr><td class=\"has-text-align-center\" data-align=\"center\"><strong>2016 &#8211; 2018<\/strong><\/td><\/tr><tr><td class=\"has-text-align-center\" data-align=\"center\"><strong>Chefe de Departamento:<\/strong> Paulo de Tarso de Lara Pires<br><strong>Suplente:<\/strong> Jos\u00e9 Roberto Fernandes Canziani<\/td><\/tr><\/tbody><\/table><\/figure>\n\n\n\n<figure class=\"wp-block-table\"><table class=\"has-fixed-layout\"><tbody><tr><td class=\"has-text-align-center\" data-align=\"center\"><strong>2014 &#8211; 2016<\/strong><\/td><\/tr><tr><td class=\"has-text-align-center\" data-align=\"center\"><strong>Chefe de Departamento:<\/strong> Vania Di Addario Guimar\u00e3es<br><strong>Suplente:<\/strong> Paulo de Tarso de Lara Pires<\/td><\/tr><\/tbody><\/table><\/figure>\n\n\n\n<figure class=\"wp-block-table\"><table class=\"has-fixed-layout\"><tbody><tr><td class=\"has-text-align-center\" data-align=\"center\"><strong>2012 &#8211; 2014<\/strong><\/td><\/tr><tr><td class=\"has-text-align-center\" data-align=\"center\"><strong>Chefe de Departamento:<\/strong> Vania Di Addario Guimar\u00e3es<br><strong>Suplente:<\/strong> Jo\u00e3o Carlos Garzel Leodoro da Silva<\/td><\/tr><\/tbody><\/table><\/figure>\n\n\n\n<figure class=\"wp-block-table\"><table class=\"has-fixed-layout\"><tbody><tr><td class=\"has-text-align-center\" data-align=\"center\"><strong>2012 &#8211; 2012<\/strong><\/td><\/tr><tr><td class=\"has-text-align-center\" data-align=\"center\"><strong>Chefe de Departamento:<\/strong> Jos\u00e9 Roberto Fernandes Canziani<br><strong>Suplente:<\/strong><\/td><\/tr><\/tbody><\/table><\/figure>\n\n\n\n<figure class=\"wp-block-table\"><table class=\"has-fixed-layout\"><tbody><tr><td class=\"has-text-align-center\" data-align=\"center\"><strong>2010 &#8211; 2012<\/strong><\/td><\/tr><tr><td class=\"has-text-align-center\" data-align=\"center\"><strong>Chefe de Departamento:<\/strong> Luciano de Almeida<br><strong>Suplente:<\/strong> Ricardo Berger<\/td><\/tr><\/tbody><\/table><\/figure>\n\n\n\n<figure class=\"wp-block-table\"><table class=\"has-fixed-layout\"><tbody><tr><td class=\"has-text-align-center\" data-align=\"center\"><strong>2008 &#8211; 2010<\/strong><\/td><\/tr><tr><td class=\"has-text-align-center\" data-align=\"center\"><strong>Chefe de Departamento:<\/strong> Luciano de Almeida<br><strong>Suplente:<\/strong> Ricardo Berger<\/td><\/tr><\/tbody><\/table><\/figure>\n\n\n\n<figure class=\"wp-block-table\"><table class=\"has-fixed-layout\"><tbody><tr><td class=\"has-text-align-center\" data-align=\"center\"><strong>2006 &#8211; 2008<\/strong><\/td><\/tr><tr><td class=\"has-text-align-center\" data-align=\"center\"><strong>Chefe de Departamento:<\/strong> Jos\u00e9 Roberto Fernandes Canziani<br><strong>Suplente:<\/strong> Ivo Luiz dos Santos<\/td><\/tr><\/tbody><\/table><\/figure>\n\n\n\n<figure class=\"wp-block-table\"><table class=\"has-fixed-layout\"><tbody><tr><td class=\"has-text-align-center\" data-align=\"center\"><strong>2004 &#8211; 2006<\/strong><\/td><\/tr><tr><td class=\"has-text-align-center\" data-align=\"center\"><strong>Chefe de Departamento:<\/strong> Ivo Luiz dos Santos<br><strong>Suplente:<\/strong> Jo\u00e3o Carlos Garzel Leodoro da Silva<\/td><\/tr><\/tbody><\/table><\/figure>\n\n\n\n<figure class=\"wp-block-table\"><table class=\"has-fixed-layout\"><tbody><tr><td class=\"has-text-align-center\" data-align=\"center\"><strong>2002 &#8211; 2004<\/strong><\/td><\/tr><tr><td class=\"has-text-align-center\" data-align=\"center\"><strong>Chefe de Departamento:<\/strong> Jo\u00e3o Carlos Garzel Leodoro da Silva<br><strong>Suplente:<\/strong> Ivo Luiz dos Santos<\/td><\/tr><\/tbody><\/table><\/figure>\n","protected":false},"excerpt":{"rendered":"<p>2025 &#8211; 2027 Chefe de Departamento: Jo\u00e3o Batista Padilha JuniorSuplente: Eduardo Gelinski junior 2024 &#8211; 2025 Chefe de Departamento: Jo\u00e3o Batista Padilha JuniorSuplente: Jos\u00e9 Roberto Fernandes Canziani 2023 &#8211; 2024 Chefe de Departamento: Paulo de Tarso de Lara PiresSuplente: Jo\u00e3o Batista Padilha Junior 2022 &#8211; 2023 Chefe de Departamento: Vitor Afonso HoeflichSuplente: 2020 &#8211; 2022 [&hellip;]<\/p>\n","protected":false},"author":3,"featured_media":0,"parent":8888,"menu_order":0,"comment_status":"closed","ping_status":"closed","template":"","meta":{"footnotes":""},"class_list":["post-8874","page","type-page","status-publish","hentry"],"_links":{"self":[{"href":"https:\/\/agrarias.ufpr.br\/dere\/wp-json\/wp\/v2\/pages\/8874","targetHints":{"allow":["GET"]}}],"collection":[{"href":"https:\/\/agrarias.ufpr.br\/dere\/wp-json\/wp\/v2\/pages"}],"about":[{"href":"https:\/\/agrarias.ufpr.br\/dere\/wp-json\/wp\/v2\/types\/page"}],"author":[{"embeddable":true,"href":"https:\/\/agrarias.ufpr.br\/dere\/wp-json\/wp\/v2\/users\/3"}],"replies":[{"embeddable":true,"href":"https:\/\/agrarias.ufpr.br\/dere\/wp-json\/wp\/v2\/comments?post=8874"}],"version-history":[{"count":6,"href":"https:\/\/agrarias.ufpr.br\/dere\/wp-json\/wp\/v2\/pages\/8874\/revisions"}],"predecessor-version":[{"id":10040,"href":"https:\/\/agrarias.ufpr.br\/dere\/wp-json\/wp\/v2\/pages\/8874\/revisions\/10040"}],"up":[{"embeddable":true,"href":"https:\/\/agrarias.ufpr.br\/dere\/wp-json\/wp\/v2\/pages\/8888"}],"wp:attachment":[{"href":"https:\/\/agrarias.ufpr.br\/dere\/wp-json\/wp\/v2\/media?parent=8874"}],"curies":[{"name":"wp","href":"https:\/\/api.w.org\/{rel}","templated":true}]}}