{"id":8872,"date":"2021-03-08T14:44:00","date_gmt":"2021-03-08T14:44:00","guid":{"rendered":"https:\/\/agrarias.ufpr.br\/dere\/?page_id=8872"},"modified":"2024-04-17T12:00:38","modified_gmt":"2024-04-17T12:00:38","slug":"apresentacao","status":"publish","type":"page","link":"https:\/\/agrarias.ufpr.br\/dere\/apresentacao\/","title":{"rendered":"Apresenta\u00e7\u00e3o"},"content":{"rendered":"<p style=\"text-align: justify\">O Departamento de Economia Rural e Extens\u00e3o (DERE) est\u00e1 vinculado ao Setor de Ci\u00eancias Agr\u00e1rias da UFPR atuando como suporte para as a\u00e7\u00f5es de ensino, pesquisa e extens\u00e3o que se desenvolvem no \u00e2mbito da gradua\u00e7\u00e3o e da p\u00f3s-gradua\u00e7\u00e3o, em n\u00edvel de especializa\u00e7\u00e3o (lato sensu), mestrado e doutorado (stricto sensu).<\/p>\n<p style=\"text-align: justify\">Atualmente o DERE \u00e9 composto por 15 docentes doutores e 02 t\u00e9cnicos-administrativos e oferta disciplinas para todos os Cursos de Gradua\u00e7\u00e3o do Setor de Ci\u00eancias Agr\u00e1rias: Engenharia Agron\u00f4mica, Engenharia Florestal, Engenharia Industrial Madeireira, Medicina Veterin\u00e1ria e Zootecnia. O Departamento atua, tamb\u00e9m, na produ\u00e7\u00e3o de conhecimento e forma\u00e7\u00e3o de pesquisadores junto aos Cursos de P\u00f3s-Gradua\u00e7\u00e3o ofertados pela Universidade Federal do Paran\u00e1 e realiza atividades extensionistas e atividades administrativas.<\/p>\n<h4 style=\"text-align: justify\">Breve Hist\u00f3rico<\/h4>\n<p style=\"text-align: justify\">O Departamento de Economia Rural \u2013 DERE foi instalado em 04 de mar\u00e7o de 1965 e em 17 de mar\u00e7o do mesmo ano foi empossado seu primeiro chefe, o professor Agostinho Bernardo da Veiga.<\/p>\n<p style=\"text-align: justify\">Em 26 de abril de 1971, passou a chamar Departamento de Organiza\u00e7\u00e3o Rural, face \u00e0s mudan\u00e7as dentro da Universidade. A UFPR foi a primeira Universidade do Brasil a lecionar como mat\u00e9ria obrigat\u00f3ria aos cursos de gradua\u00e7\u00e3o a disciplina Extens\u00e3o Rural. Em 1973, devido \u00e0s mudan\u00e7as organizacionais dentro da Universidade, que culminaram com a cria\u00e7\u00e3o dos Setores, o departamento novamente mudou de nome passando a se chamar Departamento de Economia Rural e Extens\u00e3o.<\/p>\n<h4 style=\"text-align: justify\">Objetivos<\/h4>\n<p style=\"text-align: justify\">O DERE tem como meta principal, a transmiss\u00e3o de conhecimentos na \u00e1rea socioecon\u00f4mica atrav\u00e9s de seu qualificado corpo docente, na oferta de disciplinas para os cursos de gradua\u00e7\u00e3o e de p\u00f3s-gradua\u00e7\u00e3o em ramos das ci\u00eancias agr\u00e1rias (Agronomia, Engenharia Florestal, Medicina Veterin\u00e1ria, Zootecnia e Engenharia Industrial Madeireira).<\/p>\n<p style=\"text-align: justify\">Paralelamente, os professores do Departamento v\u00eam desenvolvendo pesquisas aplicadas, fundamentais tanto para a melhoria da qualidade de vida da popula\u00e7\u00e3o e fortalecimento econ\u00f4mico dos Setores Agr\u00edcola e Florestal, quanto para o aprimoramento dos alunos, que sob a condu\u00e7\u00e3o de seus orientadores, t\u00eam a possibilidade de ver seus conhecimentos te\u00f3ricos aplicados \u00e0s pr\u00e1ticas de pesquisa cient\u00edfica. O Departamento tamb\u00e9m vem disponibilizando seus recursos humanos, com as especializa\u00e7\u00f5es de que disp\u00f5em, para importantes servi\u00e7os \u00e0 comunidade atrav\u00e9s de projetos de extens\u00e3o, em parceria com a iniciativa privada, \u00f3rg\u00e3os do governo e outros segmentos engajados da sociedade.<\/p>\n<h4 style=\"text-align: justify\">\u00c1reas de Abrang\u00eancia<\/h4>\n<p style=\"text-align: justify\">O Departamento de Economia Rural e Extens\u00e3o tem como foco principal seis linhas mestras de atua\u00e7\u00e3o: Economia e Planejamento de Empreendimentos Rurais; Administra\u00e7\u00e3o e Gest\u00e3o de Agroneg\u00f3cios; Pol\u00edtica e Legisla\u00e7\u00e3o Rural; Extens\u00e3o Rural e Desenvolvimento, Economia e Pol\u00edtica Florestal. A Economia Rural trata do estudo dos mercados agropecu\u00e1rios no tocante \u00e0 sua organiza\u00e7\u00e3o e forma\u00e7\u00e3o de pre\u00e7os nos diferentes segmentos.<\/p>\n<p style=\"text-align: justify\">Num trabalho conjunto, a Administra\u00e7\u00e3o e Gest\u00e3o de Agroneg\u00f3cios, busca um melhor planejamento, organiza\u00e7\u00e3o, dire\u00e7\u00e3o e controle da estrutura produtiva rural.<\/p>\n<p style=\"text-align: justify\">A \u00e1rea de Pol\u00edtica e Legisla\u00e7\u00e3o Rural objetiva o acompanhamento da pol\u00edtica agr\u00edcola do Pa\u00eds e da legisla\u00e7\u00e3o agr\u00edcola.<\/p>\n<p><a title=\"Planejamento Estrat\u00e9gico\" href=\"https:\/\/agrarias.ufpr.br\/dere\/o-departamento\/planejamento\/\">Planejamento Estrat\u00e9gico do DERE<\/a><\/p>\n","protected":false},"excerpt":{"rendered":"<p>O Departamento de Economia Rural e Extens\u00e3o (DERE) est\u00e1 vinculado ao Setor de Ci\u00eancias Agr\u00e1rias da UFPR atuando como suporte para as a\u00e7\u00f5es de ensino, pesquisa e extens\u00e3o que se desenvolvem no \u00e2mbito da gradua\u00e7\u00e3o e da p\u00f3s-gradua\u00e7\u00e3o, em n\u00edvel de especializa\u00e7\u00e3o (lato sensu), mestrado e doutorado (stricto sensu). Atualmente o DERE \u00e9 composto por [&hellip;]<\/p>\n","protected":false},"author":3,"featured_media":0,"parent":0,"menu_order":0,"comment_status":"closed","ping_status":"closed","template":"","meta":{"footnotes":""},"class_list":["post-8872","page","type-page","status-publish","hentry"],"_links":{"self":[{"href":"https:\/\/agrarias.ufpr.br\/dere\/wp-json\/wp\/v2\/pages\/8872","targetHints":{"allow":["GET"]}}],"collection":[{"href":"https:\/\/agrarias.ufpr.br\/dere\/wp-json\/wp\/v2\/pages"}],"about":[{"href":"https:\/\/agrarias.ufpr.br\/dere\/wp-json\/wp\/v2\/types\/page"}],"author":[{"embeddable":true,"href":"https:\/\/agrarias.ufpr.br\/dere\/wp-json\/wp\/v2\/users\/3"}],"replies":[{"embeddable":true,"href":"https:\/\/agrarias.ufpr.br\/dere\/wp-json\/wp\/v2\/comments?post=8872"}],"version-history":[{"count":8,"href":"https:\/\/agrarias.ufpr.br\/dere\/wp-json\/wp\/v2\/pages\/8872\/revisions"}],"predecessor-version":[{"id":9282,"href":"https:\/\/agrarias.ufpr.br\/dere\/wp-json\/wp\/v2\/pages\/8872\/revisions\/9282"}],"wp:attachment":[{"href":"https:\/\/agrarias.ufpr.br\/dere\/wp-json\/wp\/v2\/media?parent=8872"}],"curies":[{"name":"wp","href":"https:\/\/api.w.org\/{rel}","templated":true}]}}