{"id":5710,"date":"2025-03-31T16:42:57","date_gmt":"2025-03-31T16:42:57","guid":{"rendered":"https:\/\/agrarias.ufpr.br\/decif\/?page_id=5710"},"modified":"2026-03-18T17:03:20","modified_gmt":"2026-03-18T17:03:20","slug":"concursos","status":"publish","type":"page","link":"https:\/\/agrarias.ufpr.br\/decif\/concursos\/","title":{"rendered":"Concursos"},"content":{"rendered":"\n<p><strong>Concurso para Professor Adjunto A N\u00edvel 1 do Departamento de Ci\u00eancias Florestais<\/strong><br>\u00c1rea de Conhecimento: Conserva\u00e7\u00e3o da Natureza<\/p>\n\n\n\n<p><strong>Per\u00edodo das inscri\u00e7\u00f5es: 02\/02\/2025 a 03\/03\/2025<\/strong><\/p>\n\n\n\n<p>23\/10\/2024 &#8211; <a href=\"https:\/\/agrarias.ufpr.br\/decif\/wp-content\/uploads\/sites\/36\/2025\/04\/Edital_349_24_PROGEPE.pdf\">Edital n\u00b0 349\/24 &#8211; PROGEPE<\/a><\/p>\n\n\n\n<p>23\/10\/2024 &#8211; <a href=\"https:\/\/agrarias.ufpr.br\/decif\/wp-content\/uploads\/sites\/36\/2025\/04\/SEI_6996733_Informacao_11-2.pdf\">Programa das provas<\/a><\/p>\n\n\n\n<p>13\/02\/2025 &#8211; <a href=\"https:\/\/agrarias.ufpr.br\/decif\/wp-content\/uploads\/sites\/36\/2025\/04\/SEI_7493769_Edital_04_2025___AG-2.pdf\">Edital n\u00b0 02\/2025 &#8211; AG &#8211; Resultado dos pedidos de isen\u00e7\u00e3o da taxa de inscri\u00e7\u00e3o (doadores de medula \u00f3ssea)<\/a><\/p>\n\n\n\n<p>08\/03\/2025 &#8211; <a href=\"https:\/\/agrarias.ufpr.br\/decif\/wp-content\/uploads\/sites\/36\/2025\/04\/SEI_7555326_Portaria_11_2025___AG.pdf\">Portaria n\u00b0 11\/2025 &#8211; AG &#8211; Comiss\u00e3o respons\u00e1vel pela homologa\u00e7\u00e3o das inscri\u00e7\u00f5es<\/a><\/p>\n\n\n\n<p>12\/03\/2025 &#8211; <a href=\"https:\/\/agrarias.ufpr.br\/decif\/wp-content\/uploads\/sites\/36\/2025\/04\/Edital-01.2025_DECIF-1.pdf\">Edital n\u00b0 01\/2025 &#8211; DECIF &#8211; Homologa\u00e7\u00e3o das inscri\u00e7\u00f5es<\/a><\/p>\n\n\n\n<p>01\/04\/2025 &#8211; <a href=\"https:\/\/agrarias.ufpr.br\/decif\/wp-content\/uploads\/sites\/36\/2025\/04\/SEI_7646024_Portaria_16_2025___AG.pdf\">Portaria n\u00b0 16\/2025 &#8211; AG &#8211; Banca Examinadora<\/a><\/p>\n\n\n\n<p>08\/04\/2025 &#8211; <a href=\"https:\/\/agrarias.ufpr.br\/decif\/wp-content\/uploads\/sites\/36\/2025\/04\/SEI_7671750_Portaria_19_2025___AG-1.pdf\">Portaria n\u00b0 19\/2025 &#8211; AG &#8211; Banca Examinadora<\/a><a href=\"https:\/\/agrarias.ufpr.br\/wp-content\/uploads\/2025\/04\/SEI_7671750_Portaria_19_2025___AG.pdf\"> (Revoga a Portaria n\u00b0 16\/2025 &#8211; AG)<\/a><\/p>\n\n\n\n<p>08\/04\/2025 &#8211; <a href=\"https:\/\/agrarias.ufpr.br\/decif\/wp-content\/uploads\/sites\/36\/2025\/04\/doc00102420250408152508.pdf\">Edital n\u00b0 02\/2025 &#8211; DECIF &#8211; Cronograma Preliminar<\/a><\/p>\n\n\n\n<p>10\/04\/2025 &#8211; <a href=\"https:\/\/agrarias.ufpr.br\/decif\/wp-content\/uploads\/sites\/36\/2025\/04\/SEI_7683064_Portaria_22_2025___AG.pdf\">Portaria n\u00b0 22\/2025 &#8211; AG &#8211; Banca Examinadora (Revoga a Portaria n\u00b0 19\/2025 &#8211; AG)<\/a><\/p>\n\n\n\n<p>11\/04\/2025 &#8211; <a href=\"https:\/\/agrarias.ufpr.br\/decif\/wp-content\/uploads\/sites\/36\/2025\/04\/SEI_7687676_Portaria_23_2025___AG.pdf\">Portaria n\u00b0 23\/2025 &#8211; AG &#8211; Banca Examinadora (Revoga a Portaria n\u00b0 22\/2025 &#8211; AG)<\/a><\/p>\n\n\n\n<p>Os candidatos que queiram entrar com recursos, os pedidos dever\u00e3o ser enviados para decif@ufpr.br<\/p>\n\n\n\n<p>14\/04\/2025 \u2013\u00a0<a href=\"https:\/\/agrarias.ufpr.br\/decif\/wp-content\/uploads\/sites\/36\/2025\/04\/03-Edital-Definicao-dos-Pontos.pdf\">Edital n\u00b0 03\/2025 \u2013 DECIF \u2013 Defini\u00e7\u00e3o dos Pontos do Concurso<\/a><\/p>\n\n\n\n<p>14\/04\/2025 &#8211; <a href=\"https:\/\/agrarias.ufpr.br\/decif\/wp-content\/uploads\/sites\/36\/2025\/04\/04-Edital-Criterios-de-Avaliacao-da-Prova-Escrita.pdf\">Edital n\u00b0 04\/2025 &#8211; DECIF &#8211; Crit\u00e9rios de Avalia\u00e7\u00e3o da Prova Escrita<\/a><\/p>\n\n\n\n<p>14\/04\/2025 &#8211; <a href=\"https:\/\/agrarias.ufpr.br\/decif\/wp-content\/uploads\/sites\/36\/2025\/04\/05-Edital-Sorteio-de-Ponto-da-Prova-Escrita.pdf\">Edital n\u00b0 05\/2025 &#8211; DECIF &#8211; Hor\u00e1rio do Sorteio de Ponto da Prova Escrita<\/a><\/p>\n\n\n\n<p>14\/04\/2025 &#8211; <a href=\"https:\/\/agrarias.ufpr.br\/decif\/wp-content\/uploads\/sites\/36\/2025\/04\/06-Edital-Cronograma-Leitura-da-Prova-Escrita.pdf\">Edital n\u00b0 06\/2025 &#8211; DECIF &#8211; Cronograma para Leitura da Prova Escrita<\/a><\/p>\n\n\n\n<p>14\/04\/2025 &#8211; <a href=\"https:\/\/agrarias.ufpr.br\/decif\/wp-content\/uploads\/sites\/36\/2025\/04\/07-Edital-Resultado-Prova-Escrita.pdf\">Edital n\u00b0 07\/2025 &#8211; DECIF &#8211; Resultado da Prova Escrita (Edital Publicado \u00e0s 17:55)<\/a><\/p>\n\n\n\n<p>14\/04\/2025 &#8211; <a href=\"https:\/\/agrarias.ufpr.br\/decif\/wp-content\/uploads\/sites\/36\/2025\/04\/08-Edital-Criterios-de-Avaliacao-da-Prova-Didatica.pdf\">Edital n\u00b0 08\/2025 &#8211; DECIF &#8211; Crit\u00e9rios de Avalia\u00e7\u00e3o &#8211; Prova Did\u00e1tica<\/a><\/p>\n\n\n\n<p>14\/04\/2025 &#8211; <a href=\"https:\/\/agrarias.ufpr.br\/decif\/wp-content\/uploads\/sites\/36\/2025\/04\/09-Edital-Horario-de-Sorteio-dos-Pontos-da-Prova-Didatica.pdf\">Edital n\u00b0 09\/2025 &#8211; DECIF &#8211; Hor\u00e1rios de Sorteio dos Pontos &#8211; Prova Did\u00e1tica<\/a><\/p>\n\n\n\n<p>14\/04\/2025 &#8211; <a href=\"https:\/\/agrarias.ufpr.br\/decif\/wp-content\/uploads\/sites\/36\/2025\/04\/10-Edital-Cronograma-da-Prova-Didatica.pdf\">Edital n\u00b0 10\/2025 &#8211; DECIF &#8211; Cronograma da Prova Did\u00e1tica<\/a><\/p>\n\n\n\n<p>14\/04\/2025 &#8211; <a href=\"https:\/\/agrarias.ufpr.br\/decif\/wp-content\/uploads\/sites\/36\/2025\/04\/11-Edital-Convocacao-para-Entrega-de-Curriculo-e-Projeto-de-Pesquisa.pdf\">Edital n\u00b0 11\/2025 &#8211; DECIF &#8211; Convoca\u00e7\u00e3o para Entrega de Curr\u00edculo e Projeto de Pesquisa<\/a><\/p>\n\n\n\n<p>15\/04\/2025 &#8211; <a href=\"https:\/\/agrarias.ufpr.br\/decif\/wp-content\/uploads\/sites\/36\/2025\/04\/12-Edital-Retificacao-Cronograma-do-Concurso.pdf\">Edital n\u00b0 12\/2025 &#8211; DECIF &#8211; Retifica\u00e7\u00e3o de Cronograma<\/a><\/p>\n\n\n\n<p>16\/04\/2025 &#8211; <a href=\"https:\/\/agrarias.ufpr.br\/decif\/wp-content\/uploads\/sites\/36\/2025\/04\/doc00121420250416164221.pdf\">Edital n\u00b0 13\/2025 &#8211; DECIF &#8211; Resultado da Prova Did\u00e1tica (Edital Publicado \u00e0s 16:45)<\/a><\/p>\n\n\n\n<p>16\/04\/2025 &#8211; <a href=\"https:\/\/agrarias.ufpr.br\/decif\/wp-content\/uploads\/sites\/36\/2025\/04\/doc00123120250417081045.pdf\">Edital n\u00b0 14\/2025 &#8211; DECIF &#8211; Cronograma da Prova de Defesa do Curr\u00edculo e de Projeto de Pesquisa<\/a><\/p>\n\n\n\n<p>17\/04\/2025 &#8211; <a href=\"https:\/\/agrarias.ufpr.br\/decif\/wp-content\/uploads\/sites\/36\/2025\/04\/doc00123020250417081031.pdf\">Edital n\u00b0 15\/2025 &#8211; DECIF &#8211; Crit\u00e9rios para a Prova de An\u00e1lise de Curr\u00edculo<\/a><\/p>\n\n\n\n<p>17\/04\/2025 &#8211; <a href=\"https:\/\/agrarias.ufpr.br\/decif\/wp-content\/uploads\/sites\/36\/2025\/04\/doc00122920250417081016.pdf\">Edital n\u00b0 16\/2025 &#8211; DECIF &#8211; Crit\u00e9rios para a Prova de Defesa de Curr\u00edculo e de Projeto de Pesquisa<\/a><\/p>\n\n\n\n<p>17\/04\/2025 &#8211; <a href=\"https:\/\/agrarias.ufpr.br\/decif\/wp-content\/uploads\/sites\/36\/2025\/04\/doc00126520250417144610.pdf\">Edital n\u00b0 17\/2025 &#8211; DECIF &#8211; Resultado da Prova de An\u00e1lise de Curr\u00edculo<\/a><\/p>\n\n\n\n<p>17\/04\/2025 &#8211; <a href=\"https:\/\/agrarias.ufpr.br\/decif\/wp-content\/uploads\/sites\/36\/2025\/04\/doc00126620250417144914.pdf\">Edital n\u00b0 18\/2025 &#8211; DECIF &#8211; Resultado da Prova de Defesa de Curr\u00edculo e Projeto de Pesquisa<\/a><\/p>\n\n\n\n<p>17\/04\/2025 &#8211; <a href=\"https:\/\/agrarias.ufpr.br\/decif\/wp-content\/uploads\/sites\/36\/2025\/04\/doc00126320250417144327.pdf\">Edital n\u00b0 19\/2025 &#8211; DECIF &#8211; Convoca\u00e7\u00e3o para Sess\u00e3o P\u00fablica de Parecer Conclusivo<\/a><\/p>\n\n\n\n<p>17\/04\/2025 &#8211; <a href=\"https:\/\/agrarias.ufpr.br\/decif\/wp-content\/uploads\/sites\/36\/2025\/04\/20-Edital-Resultado-Final.pdf\">Edital n\u00b0 20\/2025 &#8211; DECIF &#8211; Resultado Final<\/a><\/p>\n","protected":false},"excerpt":{"rendered":"<p>Concurso para Professor Adjunto A N\u00edvel 1 do Departamento de Ci\u00eancias Florestais\u00c1rea de Conhecimento: Conserva\u00e7\u00e3o da Natureza Per\u00edodo das inscri\u00e7\u00f5es: 02\/02\/2025 a 03\/03\/2025 23\/10\/2024 &#8211; Edital n\u00b0 349\/24 &#8211; PROGEPE 23\/10\/2024 &#8211; Programa das provas 13\/02\/2025 &#8211; Edital n\u00b0 02\/2025 &#8211; AG &#8211; Resultado dos pedidos de isen\u00e7\u00e3o da taxa de inscri\u00e7\u00e3o (doadores de medula [&hellip;]<\/p>\n","protected":false},"author":3,"featured_media":0,"parent":0,"menu_order":0,"comment_status":"closed","ping_status":"closed","template":"","meta":{"footnotes":""},"class_list":["post-5710","page","type-page","status-publish","hentry"],"_links":{"self":[{"href":"https:\/\/agrarias.ufpr.br\/decif\/wp-json\/wp\/v2\/pages\/5710","targetHints":{"allow":["GET"]}}],"collection":[{"href":"https:\/\/agrarias.ufpr.br\/decif\/wp-json\/wp\/v2\/pages"}],"about":[{"href":"https:\/\/agrarias.ufpr.br\/decif\/wp-json\/wp\/v2\/types\/page"}],"author":[{"embeddable":true,"href":"https:\/\/agrarias.ufpr.br\/decif\/wp-json\/wp\/v2\/users\/3"}],"replies":[{"embeddable":true,"href":"https:\/\/agrarias.ufpr.br\/decif\/wp-json\/wp\/v2\/comments?post=5710"}],"version-history":[{"count":64,"href":"https:\/\/agrarias.ufpr.br\/decif\/wp-json\/wp\/v2\/pages\/5710\/revisions"}],"predecessor-version":[{"id":5856,"href":"https:\/\/agrarias.ufpr.br\/decif\/wp-json\/wp\/v2\/pages\/5710\/revisions\/5856"}],"wp:attachment":[{"href":"https:\/\/agrarias.ufpr.br\/decif\/wp-json\/wp\/v2\/media?parent=5710"}],"curies":[{"name":"wp","href":"https:\/\/api.w.org\/{rel}","templated":true}]}}